{"id":148,"date":"2020-07-18T00:49:17","date_gmt":"2020-07-18T00:49:17","guid":{"rendered":"https:\/\/edublog.educastur.es\/llingua\/?page_id=148"},"modified":"2022-11-09T18:29:36","modified_gmt":"2022-11-09T16:29:36","slug":"educallingua","status":"publish","type":"page","link":"https:\/\/edublog.educastur.es\/llingua\/educallingua\/","title":{"rendered":"EducaLLINGUA"},"content":{"rendered":"\n<!-- iframe plugin v.6.0 wordpress.org\/plugins\/iframe\/ -->\n<iframe loading=\"lazy\" style=\"position: absolute; width: 100%; height: 100%; top: 0; left: 0; border: none; padding: 0;margin: 0;\" src=\"https:\/\/www.canva.com\/design\/DAFDrnhKvZI\/toiiuGUlzXYzttKdNfLoLA\/view?embed\" allowfullscreen=\"allowfullscreen\" allow=\"fullscreen\" 0=\"\/iframe\" width=\"100%\" height=\"500\" scrolling=\"yes\" class=\"iframe-class\" frameborder=\"0\"><\/iframe>\n\n<ul>\n<li>https:\/\/www.canva.com\/design\/DAFDrnhKvZI\/toiiuGUlzXYzttKdNfLoLA\/view?utm_content=DAFDrnhKvZI&amp;utm_campaign=designshare&amp;utm_medium=link&amp;utm_source=viewer<\/li>\n<li><strong><a href=\"https:\/\/www.canva.com\/design\/DAFDrnhKvZI\/toiiuGUlzXYzttKdNfLoLA\/view?utm_content=DAFDrnhKvZI&amp;utm_campaign=designshare&amp;utm_medium=link&amp;utm_source=viewer\" target=\"_blank\" rel=\"noopener\">N\u00famero Xunu\/Xunio 2022<\/a>\u00a0(<a href=\"https:\/\/www.canva.com\/design\/DAFDrnhKvZI\/toiiuGUlzXYzttKdNfLoLA\/view\">Canva<\/a>)<\/strong><\/li>\n<\/ul>\n<hr \/>\n<p><img loading=\"lazy\" decoding=\"async\" class=\"alignnone size-medium wp-image-149\" src=\"http:\/\/edublog.educastur.es\/llingua\/files\/2020\/07\/boletin_Educallingua_700-300x78.jpg\" alt=\"\" width=\"300\" height=\"78\" srcset=\"https:\/\/edublog.educastur.es\/llingua\/files\/2020\/07\/boletin_Educallingua_700-300x78.jpg 300w, https:\/\/edublog.educastur.es\/llingua\/files\/2020\/07\/boletin_Educallingua_700-676x176.jpg 676w, https:\/\/edublog.educastur.es\/llingua\/files\/2020\/07\/boletin_Educallingua_700.jpg 700w\" sizes=\"auto, (max-width: 300px) 100vw, 300px\" \/><\/p>\n<p>El Serviciu d\u2019Ordenaci\u00f3n Acad\u00e9mica y Evaluaci\u00f3n Educativa de la Conseyer\u00eda d\u2019Educaci\u00f3n asoleya la revista dixital Educallingua, que percuerre la activid\u00e1 educativa en Llingua Asturiana y en Gallego-Asturianu o Eonaviego a lo llargo del segundu semestre del cursu con informaci\u00f3n sobre la Sestaferia, Selmana de les Lletres, exemplos d\u2019escelencia educativa am\u00e1s de secciones fixes como\u2019l Club de llectura o entrevistes a docentes que faen proyectos singulares.<\/p>\n<p><strong>Bolet\u00edn Informativu de les Ense\u00f1ances de Llingua Asturiana y Gallego-Asturianu.<br \/>\n<\/strong><\/p>\n<p>Recueye toles novedaes alredor de la Llingua Asturiana y Lliteratura y el Gallego-Asturianu nel \u00e1mbitu educativu, am\u00e1s d\u2019enllaces interesantes con materiales y\u00a0propuestes pa llevar al aula.<\/p>\n<ul>\n<li><a href=\"https:\/\/www.educastur.es\/documents\/10531\/93895\/2019-06_cen-ast_boletin-educallingua-06-19.pdf\/9dfd02bb-7a41-444a-a3b8-0c08f41944fa\" target=\"_blank\" rel=\"noopener noreferrer\">XUNU 2019\u00a0 Bolet\u00edn Educallingua<\/a> (pdf)<\/li>\n<\/ul>\n","protected":false},"excerpt":{"rendered":"<p>https:\/\/www.canva.com\/design\/DAFDrnhKvZI\/toiiuGUlzXYzttKdNfLoLA\/view?utm_content=DAFDrnhKvZI&amp;utm_campaign=designshare&amp;utm_medium=link&amp;utm_source=viewer N\u00famero Xunu\/Xunio 2022\u00a0(Canva) El Serviciu d\u2019Ordenaci\u00f3n Acad\u00e9mica y Evaluaci\u00f3n Educativa de la Conseyer\u00eda d\u2019Educaci\u00f3n asoleya la revista dixital Educallingua, que percuerre la activid\u00e1 educativa en Llingua Asturiana y en Gallego-Asturianu o Eonaviego a lo llargo del segundu semestre del cursu con informaci\u00f3n sobre la Sestaferia, Selmana de les Lletres, exemplos d\u2019escelencia educativa am\u00e1s de [&hellip;]<\/p>\n","protected":false},"author":117,"featured_media":0,"parent":0,"menu_order":0,"comment_status":"closed","ping_status":"closed","template":"","meta":{"footnotes":""},"class_list":["post-148","page","type-page","status-publish","hentry","post-preview"],"_links":{"self":[{"href":"https:\/\/edublog.educastur.es\/llingua\/wp-json\/wp\/v2\/pages\/148","targetHints":{"allow":["GET"]}}],"collection":[{"href":"https:\/\/edublog.educastur.es\/llingua\/wp-json\/wp\/v2\/pages"}],"about":[{"href":"https:\/\/edublog.educastur.es\/llingua\/wp-json\/wp\/v2\/types\/page"}],"author":[{"embeddable":true,"href":"https:\/\/edublog.educastur.es\/llingua\/wp-json\/wp\/v2\/users\/117"}],"replies":[{"embeddable":true,"href":"https:\/\/edublog.educastur.es\/llingua\/wp-json\/wp\/v2\/comments?post=148"}],"version-history":[{"count":4,"href":"https:\/\/edublog.educastur.es\/llingua\/wp-json\/wp\/v2\/pages\/148\/revisions"}],"predecessor-version":[{"id":848,"href":"https:\/\/edublog.educastur.es\/llingua\/wp-json\/wp\/v2\/pages\/148\/revisions\/848"}],"wp:attachment":[{"href":"https:\/\/edublog.educastur.es\/llingua\/wp-json\/wp\/v2\/media?parent=148"}],"curies":[{"name":"wp","href":"https:\/\/api.w.org\/{rel}","templated":true}]}}