{"id":286,"date":"2020-08-10T10:02:42","date_gmt":"2020-08-10T10:02:42","guid":{"rendered":"https:\/\/edublog.educastur.es\/llingua\/?page_id=286"},"modified":"2020-08-10T16:42:31","modified_gmt":"2020-08-10T16:42:31","slug":"asturlliones","status":"publish","type":"page","link":"https:\/\/edublog.educastur.es\/llingua\/variantes\/asturlliones\/","title":{"rendered":"AsturLlion\u00e9s"},"content":{"rendered":"<p><a href=\"https:\/\/scontent.fmad7-1.fna.fbcdn.net\/v\/t1.0-9\/117383138_777035879732735_1177325555289984040_o.jpg?_nc_cat=107&amp;_nc_sid=ca434c&amp;_nc_ohc=8f86svkWn6sAX9n27PG&amp;_nc_ht=scontent.fmad7-1.fna&amp;oh=1693d3482d74d5a97d94d59e91eb04df&amp;oe=5F54F995\"><img loading=\"lazy\" decoding=\"async\" class=\"alignnone wp-image-288\" src=\"http:\/\/edublog.educastur.es\/llingua\/files\/2020\/08\/LL.jpg\" alt=\"\" width=\"795\" height=\"596\" srcset=\"https:\/\/edublog.educastur.es\/llingua\/files\/2020\/08\/LL.jpg 1280w, https:\/\/edublog.educastur.es\/llingua\/files\/2020\/08\/LL-300x225.jpg 300w, https:\/\/edublog.educastur.es\/llingua\/files\/2020\/08\/LL-1024x768.jpg 1024w, https:\/\/edublog.educastur.es\/llingua\/files\/2020\/08\/LL-768x576.jpg 768w, https:\/\/edublog.educastur.es\/llingua\/files\/2020\/08\/LL-676x507.jpg 676w\" sizes=\"auto, (max-width: 795px) 100vw, 795px\" \/><\/a><\/p>\n<p><span class=\" UFICommentActorAndBody\"><span data-ft=\"{&quot;tn&quot;:&quot;K&quot;}\"><span class=\"UFICommentBody\">Si tienes el Gboard pues poner el tecl\u00e1u n&#8217;asturianu. <span style=\"font-size: 14pt\"><em><strong>Calti\u00e9n presion\u00e1u na tecla \u00abl\u00bb y t&#8217;amosar\u00e1 la \u00ab\u1e37\u1e37\u1e37\u1e37\u1e37\u00bb.<\/strong><\/em><\/span><\/span><\/span><\/span><\/p>\n<p>&nbsp;<\/p>\n<p>&nbsp;<\/p>\n","protected":false},"excerpt":{"rendered":"<p>Si tienes el Gboard pues poner el tecl\u00e1u n&#8217;asturianu. Calti\u00e9n presion\u00e1u na tecla \u00abl\u00bb y t&#8217;amosar\u00e1 la \u00ab\u1e37\u1e37\u1e37\u1e37\u1e37\u00bb. &nbsp; &nbsp;<\/p>\n","protected":false},"author":117,"featured_media":0,"parent":306,"menu_order":0,"comment_status":"closed","ping_status":"closed","template":"","meta":{"footnotes":""},"class_list":["post-286","page","type-page","status-publish","hentry","post-preview"],"_links":{"self":[{"href":"https:\/\/edublog.educastur.es\/llingua\/wp-json\/wp\/v2\/pages\/286","targetHints":{"allow":["GET"]}}],"collection":[{"href":"https:\/\/edublog.educastur.es\/llingua\/wp-json\/wp\/v2\/pages"}],"about":[{"href":"https:\/\/edublog.educastur.es\/llingua\/wp-json\/wp\/v2\/types\/page"}],"author":[{"embeddable":true,"href":"https:\/\/edublog.educastur.es\/llingua\/wp-json\/wp\/v2\/users\/117"}],"replies":[{"embeddable":true,"href":"https:\/\/edublog.educastur.es\/llingua\/wp-json\/wp\/v2\/comments?post=286"}],"version-history":[{"count":3,"href":"https:\/\/edublog.educastur.es\/llingua\/wp-json\/wp\/v2\/pages\/286\/revisions"}],"predecessor-version":[{"id":290,"href":"https:\/\/edublog.educastur.es\/llingua\/wp-json\/wp\/v2\/pages\/286\/revisions\/290"}],"up":[{"embeddable":true,"href":"https:\/\/edublog.educastur.es\/llingua\/wp-json\/wp\/v2\/pages\/306"}],"wp:attachment":[{"href":"https:\/\/edublog.educastur.es\/llingua\/wp-json\/wp\/v2\/media?parent=286"}],"curies":[{"name":"wp","href":"https:\/\/api.w.org\/{rel}","templated":true}]}}