{"id":335,"date":"2020-08-16T12:57:33","date_gmt":"2020-08-16T12:57:33","guid":{"rendered":"https:\/\/edublog.educastur.es\/llingua\/?page_id=335"},"modified":"2020-08-16T12:57:33","modified_gmt":"2020-08-16T12:57:33","slug":"2019-2","status":"publish","type":"page","link":"https:\/\/edublog.educastur.es\/llingua\/campanes\/2019-2\/","title":{"rendered":"2019"},"content":{"rendered":"<h3><span style=\"color: #333399\"><strong><em>Cursu 2019-2020 <\/em><\/strong><\/span><\/h3>\n<p><img loading=\"lazy\" decoding=\"async\" src=\"https:\/\/4.bp.blogspot.com\/-b58f6QKVQo4\/XN_QYl-uvgI\/AAAAAAAAPiA\/TawaE58buUI6zLlcLX5eO9O4qcNAlbYiQCLcBGAs\/s1600\/2019-05_cen_ast_matricula_800.jpg\" width=\"200\" height=\"94\" border=\"1\" \/><\/p>\n<ul>\n<li><a href=\"http:\/\/llinguanelaulamarin.blogspot.com\/2019\/05\/yoapuntome-llingua-asturiana-euapuntome.html\" target=\"_blank\" rel=\"noopener noreferrer\">Ver campa\u00f1a\u00a0<\/a><\/li>\n<\/ul>\n<p><img loading=\"lazy\" decoding=\"async\" src=\"https:\/\/4.bp.blogspot.com\/-5Z71-Ypybg4\/XN_RRQikIdI\/AAAAAAAAPiI\/rFv7Xekm_FoSJYOeTxIh2zx2SbvnivfFACLcBGAs\/s640\/60185538_1104285846441417_3195162416446963712_n.jpg\" width=\"453\" height=\"640\" border=\"1\" \/><\/p>\n<p><img loading=\"lazy\" decoding=\"async\" src=\"https:\/\/3.bp.blogspot.com\/-tGe70qOGBRU\/XN_RRdvWmeI\/AAAAAAAAPiM\/ozp_VRY9xYsop9kcA0EgGEq5P4UlKlPFgCLcBGAs\/s1600\/60342099_1104286543108014_2300708375811325952_n.jpg\" width=\"502\" height=\"803\" border=\"1\" \/><\/p>\n<p><img loading=\"lazy\" decoding=\"async\" src=\"https:\/\/1.bp.blogspot.com\/-XXMDR-CByl8\/WuSEbnTcI9I\/AAAAAAAAOLk\/9znuH29WWtECeGd68xjmSoZa4HqaadUoQCEwYBhgL\/s320\/yo%2Bap%25C3%25BAntome.jpg\" width=\"320\" height=\"195\" \/><\/p>\n<p><a href=\"https:\/\/www.asturias.es\/Asturias\/descargas\/PDF_TEMAS\/Educacion\/CARTEL_yoapuntome_asturianu.pdf\" target=\"_blank\" rel=\"noopener noreferrer\">#YOAP\u00daNTOME<\/a><\/p>\n<ul>\n<li><a href=\"https:\/\/www.google.com\/url?sa=t&amp;rct=j&amp;q=&amp;esrc=s&amp;source=web&amp;cd=2&amp;ved=2ahUKEwi2-s2X97PoAhWr3OAKHeSWB3wQFjABegQIARAB&amp;url=https%3A%2F%2Fwww.educastur.es%2Fdocuments%2F10531%2F93895%2F2018_04_FLYER_asturianu.pdf%2Feac8c3a6-1737-4c9f-b999-4ff600735bbb&amp;usg=AOvVaw3V-ZaYFULh-cOOD1jKYs4b\" target=\"_blank\" rel=\"noopener noreferrer\">Campa\u00f1a matriculaci\u00f3n 2018-2019<\/a><\/li>\n<li><a href=\"http:\/\/movil.asturias.es\/Asturias\/descargas\/PDF_TEMAS\/Educacion\/CARTEL_yoapuntome_asturianu.pdf\" target=\"_blank\" rel=\"noopener noreferrer\">Cartel <\/a><\/li>\n<li><a href=\"http:\/\/movil.asturias.es\/portal\/site\/webasturias\/menuitem.4b280f8214549ead3e2d6f77f2300030\/?vgnextoid=2c85ed9a72943610VgnVCM10000098030a0aRCRD&amp;vgnextchannel=9f1502a263b6e210VgnVCM1000002f030003RCRD&amp;i18n.http.lang=es\" target=\"_blank\" rel=\"noopener noreferrer\">Ver campa\u00f1a na p\u00e1xina del Gobiernu del Princip\u00e1u<\/a><\/li>\n<\/ul>\n<p><strong>\u00a0DEPRENDER ASTURIANU AUMENTA LA COMPETENCIA<br \/>\nEN COMUNICACI\u00d3N LLING\u00dc\u00cdSTICA<\/strong><\/p>\n<p align=\"justify\"><em>El conocimientu de llingua asturiana ayuda a tener un repertoriu fonol\u00f3xicu m\u00e1s ricu y con m\u00e1s posibilidaes sint\u00e1ctiques, y polo tanto una mayor competencia en comunicaci\u00f3n lling\u00fc\u00edstica y meyores habilidaes pa la resoluci\u00f3n de problemes, conocimientu del mediu, dominiu de los conceptos espacio-temporales\u2026\u00a0<\/em><\/p>\n<p><strong>AVERASE A LA LLITERATURA ASTURIANA<\/strong><\/p>\n<p align=\"justify\">La riqueza d\u2019una llingua refl\u00e9xase na so lliteratura. Conocer l\u2019asturianu ye abrir una puerta a la so lliteratura, al universu de les sos creaciones, al descubrimientu de mundos nuevos, d\u2019otres formes de cuntar y de pensar. \u00a0\u00a1Ap\u00fantate a Llingua Asturiana y Lliteratura na to escuela o nel to institutu!<\/p>\n","protected":false},"excerpt":{"rendered":"<p>Cursu 2019-2020 Ver campa\u00f1a\u00a0 #YOAP\u00daNTOME Campa\u00f1a matriculaci\u00f3n 2018-2019 Cartel Ver campa\u00f1a na p\u00e1xina del Gobiernu del Princip\u00e1u \u00a0DEPRENDER ASTURIANU AUMENTA LA COMPETENCIA EN COMUNICACI\u00d3N LLING\u00dc\u00cdSTICA El conocimientu de llingua asturiana ayuda a tener un repertoriu fonol\u00f3xicu m\u00e1s ricu y con m\u00e1s posibilidaes sint\u00e1ctiques, y polo tanto una mayor competencia en comunicaci\u00f3n lling\u00fc\u00edstica y meyores habilidaes [&hellip;]<\/p>\n","protected":false},"author":117,"featured_media":0,"parent":57,"menu_order":0,"comment_status":"closed","ping_status":"closed","template":"","meta":{"footnotes":""},"class_list":["post-335","page","type-page","status-publish","hentry","post-preview"],"_links":{"self":[{"href":"https:\/\/edublog.educastur.es\/llingua\/wp-json\/wp\/v2\/pages\/335","targetHints":{"allow":["GET"]}}],"collection":[{"href":"https:\/\/edublog.educastur.es\/llingua\/wp-json\/wp\/v2\/pages"}],"about":[{"href":"https:\/\/edublog.educastur.es\/llingua\/wp-json\/wp\/v2\/types\/page"}],"author":[{"embeddable":true,"href":"https:\/\/edublog.educastur.es\/llingua\/wp-json\/wp\/v2\/users\/117"}],"replies":[{"embeddable":true,"href":"https:\/\/edublog.educastur.es\/llingua\/wp-json\/wp\/v2\/comments?post=335"}],"version-history":[{"count":1,"href":"https:\/\/edublog.educastur.es\/llingua\/wp-json\/wp\/v2\/pages\/335\/revisions"}],"predecessor-version":[{"id":336,"href":"https:\/\/edublog.educastur.es\/llingua\/wp-json\/wp\/v2\/pages\/335\/revisions\/336"}],"up":[{"embeddable":true,"href":"https:\/\/edublog.educastur.es\/llingua\/wp-json\/wp\/v2\/pages\/57"}],"wp:attachment":[{"href":"https:\/\/edublog.educastur.es\/llingua\/wp-json\/wp\/v2\/media?parent=335"}],"curies":[{"name":"wp","href":"https:\/\/api.w.org\/{rel}","templated":true}]}}