{"id":45,"date":"2020-07-06T13:22:32","date_gmt":"2020-07-06T13:22:32","guid":{"rendered":"https:\/\/edublog.educastur.es\/llingua\/?page_id=45"},"modified":"2020-07-06T13:25:22","modified_gmt":"2020-07-06T13:25:22","slug":"ferramientes","status":"publish","type":"page","link":"https:\/\/edublog.educastur.es\/llingua\/ferramientes\/","title":{"rendered":"Ferramientes"},"content":{"rendered":"<h3><span style=\"color: #800000\"><b><i>Apurrimos, nesta secci\u00f3n de Noticies, dellos programes pa trabayar con ordenador y\/o na tablet.<\/i><\/b><\/span><\/h3>\n<h3><img loading=\"lazy\" decoding=\"async\" src=\"https:\/\/imgbox.es\/images\/2020\/03\/23\/separadora4a37c028d732afc.jpg\" width=\"404\" height=\"32\" \/><\/h3>\n<h3><b><i><a href=\"https:\/\/www.mozilla.org\/ast\/firefox\/\" target=\"_blank\" rel=\"noopener noreferrer\"><img loading=\"lazy\" decoding=\"async\" class=\"\" src=\"https:\/\/imgbox.es\/images\/2020\/03\/23\/firefoxad50c4cdd93ad3318.jpg\" width=\"242\" height=\"312\" \/><\/a><\/i><\/b><\/h3>\n<h3><a href=\"https:\/\/www.mozilla.org\/ast\/firefox\/\" target=\"_blank\" rel=\"noopener noreferrer\"><b><i>Navegador Firefox n\u00b4asturianu<\/i><\/b><\/a><\/h3>\n<h3><b>Telegram <\/b>n\u00b4asturianu:<br \/>\n<a href=\"https:\/\/t.me\/setlanguage\/asturianu\" target=\"_blank\" rel=\"noopener noreferrer\">https:\/\/t.me\/setlanguage\/asturianu<\/a><\/h3>\n<h3><img loading=\"lazy\" decoding=\"async\" class=\"\" src=\"https:\/\/plataformalapeka.files.wordpress.com\/2019\/03\/logo-telegram.png?w=723\" width=\"226\" height=\"109\" \/><\/h3>\n<h3><img loading=\"lazy\" decoding=\"async\" src=\"https:\/\/imgbox.es\/images\/2020\/03\/23\/separadora4a37c028d732afc.jpg\" width=\"404\" height=\"32\" \/><\/h3>\n<h3><a href=\"https:\/\/www.youtubekids.com\/\" target=\"_blank\" rel=\"noopener noreferrer\"><img loading=\"lazy\" decoding=\"async\" class=\"\" src=\"https:\/\/cdn2.tstatic.net\/style\/foto\/bank\/images\/youtube-kids_20180917_135229.jpg\" width=\"267\" height=\"150\" \/><\/a><\/h3>\n<h3><a href=\"https:\/\/www.youtubekids.com\/\" target=\"_blank\" rel=\"noopener noreferrer\"><b><i>YouTube KID <\/i><\/b><\/a><\/h3>\n<h3>Ye una <b>rede social <\/b>dirixida a <b>compartir v\u00eddeos\u00a0 <\/b>desenvuelta por YouTube. Esta aplicaci\u00f3n aprove una versi\u00f3n del serviciu empobin\u00e1u escontra los ne\u00f1os, con selecciones de conten\u00edu, caracter\u00edstiques de <b><i>control parental,<\/i><\/b> y un filtru de v\u00eddeos que nun son apoderaos pa ciertes audiencies.<\/h3>\n<h3><a href=\"https:\/\/www.google.com\/search?client=firefox-b-d&amp;q=youtube+kids+plataforma&amp;sa=X&amp;ved=2ahUKEwj237ja7LDoAhWEzoUKHSokAB8Q6BMoADAmegQIDRAC\">Plataforma<\/a>: <a href=\"https:\/\/www.google.com\/search?client=firefox-b-d&amp;q=Android&amp;stick=H4sIAAAAAAAAAONgVuLSz9U3MCqvKEkvX8TK7piXUpSfmQIAyAsAJhgAAAA&amp;sa=X&amp;ved=2ahUKEwj237ja7LDoAhWEzoUKHSokAB8QmxMoATAmegQIDRAD\">Android<\/a>, <a href=\"https:\/\/www.google.com\/search?client=firefox-b-d&amp;q=Android+TV&amp;stick=H4sIAAAAAAAAAONgVuLWz9U3MDQ0NM8yNF_EyuWYl1KUn5miEBIGALhd50QcAAAA&amp;sa=X&amp;ved=2ahUKEwj237ja7LDoAhWEzoUKHSokAB8QmxMoAjAmegQIDRAE\">Android TV<\/a>, <a href=\"https:\/\/www.google.com\/search?client=firefox-b-d&amp;q=iOS&amp;stick=H4sIAAAAAAAAAONgVuLSz9U3MC5PyjE0WcTKnOkfDABeKS5iFAAAAA&amp;sa=X&amp;ved=2ahUKEwj237ja7LDoAhWEzoUKHSokAB8QmxMoAzAmegQIDRAF\">iOS<\/a>, <a href=\"https:\/\/www.google.com\/search?client=firefox-b-d&amp;q=LG+webOS&amp;stick=H4sIAAAAAAAAAONgVuLSz9U3ME0ySStLXsTK4eOuUJ6a5B8MAKQqYDAZAAAA&amp;sa=X&amp;ved=2ahUKEwj237ja7LDoAhWEzoUKHSokAB8QmxMoBDAmegQIDRAG\">LG webOS<\/a><\/h3>\n<ul>\n<li>\n<h3><a href=\"https:\/\/www.trecebits.com\/2020\/02\/11\/7-consejos-para-usar-youtube-kids-de-forma-segura\/\" target=\"_blank\" rel=\"noopener noreferrer\">7 conseyos p\u00b4usalo de forma segura<\/a><\/h3>\n<\/li>\n<li>\n<h3><img loading=\"lazy\" decoding=\"async\" src=\"https:\/\/i0.wp.com\/clipset.20minutos.es\/wp-content\/uploads\/2018\/04\/YouTube-Kids.jpg?fit=936%2C600&amp;ssl=1\" width=\"234\" height=\"150\" \/><\/h3>\n<\/li>\n<\/ul>\n<h3><img loading=\"lazy\" decoding=\"async\" src=\"https:\/\/imgbox.es\/images\/2020\/03\/23\/separadora4a37c028d732afc.jpg\" width=\"404\" height=\"32\" \/><\/h3>\n<h3><span style=\"color: #800000\"><i><b>BUSCADORES INFANTILES, ENCAMENTAOS\u00a0 PA NENOS <\/b><\/i><\/span><\/h3>\n<h3><b>1)\u00a0 <i><a href=\"http:\/\/bunis.org\/\" target=\"_blank\" rel=\"noopener noreferrer\">http:\/\/bunis.org\/<\/a><\/i><\/b><\/h3>\n<h3><a href=\"http:\/\/bunis.org\/\" target=\"_blank\" rel=\"noopener noreferrer\">&#8230; <img loading=\"lazy\" decoding=\"async\" class=\"\" src=\"https:\/\/i.blogs.es\/1a0f96\/bunis\/1366_2000.jpg\" width=\"420\" height=\"236\" \/><\/a><\/h3>\n<h3><i>\u00a0<\/i><\/h3>\n<h3><i>Esti buscador trabaya con una base de datos con palabres ensin apoderar para menores, polo que nel casu de detectar dalguna cuando se realiza la busca \u00e9sta nun va apaecer.<\/i><\/h3>\n<h3><i> <\/i><br \/>\n<i><b>2)<a href=\"http:\/\/www.buscadorinfantil.com\"> www.buscadorinfantil.com<\/a><\/b><\/i><\/h3>\n<h3><img loading=\"lazy\" decoding=\"async\" src=\"http:\/\/www.buscadorinfantil.com\/img\/Panda-BI-Sombra.jpg\" width=\"181\" height=\"233\" \/><\/h3>\n<h3><i>Incorpora nel so motor de b\u00fasqueda\u00a0 filtro pa que los menores nun apuerten a cualquier tipu de material desaveniente para ellos.\u00a0 <\/i><\/h3>\n<h3>3) <i><b><a href=\"https:\/\/www.kiddle.co\/\" target=\"_blank\" rel=\"noopener noreferrer\">KIDDLE\u00a0 https:\/\/www.kiddle.co\/<\/a><br \/>\n<\/b><\/i><\/h3>\n<h3><img loading=\"lazy\" decoding=\"async\" src=\"https:\/\/i.blogs.es\/b5090a\/kiddle\/1366_521.jpg\" width=\"410\" height=\"156\" \/><\/h3>\n<h3><i>Disponible en llingua inglesa. Ye un motor de busca para ne\u00f1os que foi desenvueltu con tecnolox\u00eda de Google que penera sitios con conten\u00edu espl\u00edcito o enga\u00f1osu. Los sos campos de busca incl\u00fain les categor\u00edes de web, imaxes, noticies, v\u00eddeos y Kpedia. <\/i><\/h3>\n<h3>4) <a href=\"http:\/\/www.bebeeee.com\/\" target=\"_blank\" rel=\"noopener noreferrer\"><i><b>BEBEEE \u00a0 \u00a0 \u00a0\u00a0 http:\/\/www.bebeeee.com\/<\/b><\/i><\/a><\/h3>\n<h3><img loading=\"lazy\" decoding=\"async\" src=\"https:\/\/1.bp.blogspot.com\/-gljNFTfuiPs\/UyFrnG-wDCI\/AAAAAAAAGrc\/_0dmclP3RWg\/s1600\/bebeeee.gif\" width=\"277\" height=\"85\" \/><\/h3>\n<h3><i>Puede utilizase tantu na so versi\u00f3n en castell\u00e1n como n&#8217;ingl\u00e9s, y les sos busques queden protex\u00edes\u00a0 col filtru Safe Search Strict qu&#8217;escl\u00fai conten\u00edu de calter violentu y sexual. Tami\u00e9n puedes sollertar de conten\u00edos desaparentes a la ed\u00e1 de los ne\u00f1os y consultar les sos indicaciones y encamientos por qu&#8217;esfruten d&#8217;unu sal\u00e9u seguru. <\/i><\/h3>\n<p>&nbsp;<\/p>\n<p>&nbsp;<\/p>\n<p><img loading=\"lazy\" decoding=\"async\" class=\"\" src=\"https:\/\/imgbox.es\/images\/2020\/04\/24\/crtlea1ee9368698f8be.jpg\" width=\"441\" height=\"127\" \/><\/p>\n","protected":false},"excerpt":{"rendered":"<p>Apurrimos, nesta secci\u00f3n de Noticies, dellos programes pa trabayar con ordenador y\/o na tablet. Navegador Firefox n\u00b4asturianu Telegram n\u00b4asturianu: https:\/\/t.me\/setlanguage\/asturianu YouTube KID Ye una rede social dirixida a compartir v\u00eddeos\u00a0 desenvuelta por YouTube. Esta aplicaci\u00f3n aprove una versi\u00f3n del serviciu empobin\u00e1u escontra los ne\u00f1os, con selecciones de conten\u00edu, caracter\u00edstiques de control parental, y un filtru [&hellip;]<\/p>\n","protected":false},"author":117,"featured_media":0,"parent":0,"menu_order":0,"comment_status":"closed","ping_status":"closed","template":"","meta":{"footnotes":""},"class_list":["post-45","page","type-page","status-publish","hentry","post-preview"],"_links":{"self":[{"href":"https:\/\/edublog.educastur.es\/llingua\/wp-json\/wp\/v2\/pages\/45","targetHints":{"allow":["GET"]}}],"collection":[{"href":"https:\/\/edublog.educastur.es\/llingua\/wp-json\/wp\/v2\/pages"}],"about":[{"href":"https:\/\/edublog.educastur.es\/llingua\/wp-json\/wp\/v2\/types\/page"}],"author":[{"embeddable":true,"href":"https:\/\/edublog.educastur.es\/llingua\/wp-json\/wp\/v2\/users\/117"}],"replies":[{"embeddable":true,"href":"https:\/\/edublog.educastur.es\/llingua\/wp-json\/wp\/v2\/comments?post=45"}],"version-history":[{"count":4,"href":"https:\/\/edublog.educastur.es\/llingua\/wp-json\/wp\/v2\/pages\/45\/revisions"}],"predecessor-version":[{"id":49,"href":"https:\/\/edublog.educastur.es\/llingua\/wp-json\/wp\/v2\/pages\/45\/revisions\/49"}],"wp:attachment":[{"href":"https:\/\/edublog.educastur.es\/llingua\/wp-json\/wp\/v2\/media?parent=45"}],"curies":[{"name":"wp","href":"https:\/\/api.w.org\/{rel}","templated":true}]}}