{"id":629,"date":"2021-08-27T16:56:17","date_gmt":"2021-08-27T14:56:17","guid":{"rendered":"https:\/\/edublog.educastur.es\/llingua\/?page_id=629"},"modified":"2021-08-27T17:52:54","modified_gmt":"2021-08-27T15:52:54","slug":"nomes-d-asturies","status":"publish","type":"page","link":"https:\/\/edublog.educastur.es\/llingua\/materiales\/nomes-d-asturies\/","title":{"rendered":"Nomes d&#8217; Asturies"},"content":{"rendered":"<div class=\"imagen-ficha\" style=\"text-align: center\">\n<p><span style=\"font-size: 18pt;color: #008080\"><strong><span id=\"list_title_new\"><a href=\"https:\/\/asturies.com\/sites\/default\/files\/nomes_asturies.jpg\"><img loading=\"lazy\" decoding=\"async\" class=\"alignnone\" src=\"https:\/\/asturies.com\/sites\/default\/files\/nomes_asturies.jpg\" alt=\"\" width=\"200\" height=\"283\" \/><\/a> Nomes d&#8217;Asturies\u00a0<\/span> <\/strong><\/span><a title=\"samuelasturies\" href=\"https:\/\/www.ivoox.com\/perfil-samuelasturies_aj_24385_1.html\">samuelasturies<\/a><\/p>\n<\/div>\n<div class=\"text\">\n<div class=\"dropdown-info\">\n<div id=\"scroll-programa\" class=\"pull-left tiny-scrollbar\" data-collapsed=\"60\">\n<div class=\"viewport viewport-md\">\n<div class=\"overview\"><span style=\"color: #008080\"><strong>Programa de radio n&#8217;asturianu de la RPA (Radio P\u00fablica d&#8217;Asturies) onde se fala de fechos y personaxes del nuesu pa\u00eds astur. Conocer la nuesa hestoria ye entendenos a n\u00f3s mesmos.<\/strong> <\/span>Afayaivos.\u00a0 <a href=\"http:\/\/www.nomesdasturies.blogspot.com\"><strong>www.nomesdasturies.blogspot.com<\/strong><\/a><br \/>\n-Horariu d&#8217;emisi\u00f3n: S\u00e1bados de 14:00 a 14:30 hores.<br \/>\n-Periodicid\u00e1: Selmanal<br \/>\n-Direutor: <strong>Chechu Garc\u00eda.<\/strong><br \/>\n-Collaboradores: Actores: Eva Vallines, Roc\u00edo Pin\u00edn, Roberto Corte, Silvino Torre, Chechu Garc\u00eda, Azucena \u00c1lvarez&#8230;<br \/>\nGuionistes: Azucena \u00c1lvarez, Cristina Mu\u00f1iz, Inaciu Gal\u00e1n, Ana Bel\u00e9n Su\u00e1rez, Carlos Suari&#8230;.<br \/>\n-Control de son\u00edu: Luc\u00eda Men\u00e9ndez<br \/>\n-Productora: TenconTen Media<\/div>\n<\/div>\n<\/div>\n<\/div>\n<\/div>\n<ul>\n<li>Escuchar: <a href=\"https:\/\/www.ivoox.com\/podcast-nomes-d-asturies_sq_f110020_1.html\"><strong>IVOOX<\/strong><\/a> \/ <a href=\"https:\/\/www.rtpa.es\/rpa-programa:Nomes%20d%C2%B4Asturies_1274708807.html\">RTPA<\/a> \/<\/li>\n<li><strong><a href=\"https:\/\/es.calameo.com\/read\/000522254352780a661ea\">Lleer en CALAMEO<\/a><\/strong> \/ <a href=\"https:\/\/es.scribd.com\/document\/109709558\/Nomes-d-Asturies\">Scribd<\/a> \/<\/li>\n<\/ul>\n<p><img loading=\"lazy\" decoding=\"async\" class=\" aligncenter\" src=\"https:\/\/encrypted-tbn0.gstatic.com\/images?q=tbn:ANd9GcTR28kVyfgd3qwCkn2ICP6JNBpKea-RZS3fF5sLEuFyAkmWuml3Qyn-alg-FidZmJD8Ug&amp;usqp=CAU\" width=\"356\" height=\"38\" \/><\/p>\n<p style=\"text-align: center\">\n<!-- iframe plugin v.6.0 wordpress.org\/plugins\/iframe\/ -->\n<iframe loading=\"lazy\" src=\"\/\/v.calameo.com\/?bkcode=000522254352780a661ea&#038;mode=mini\" width=\"480\" height=\"300\" frameborder=\"0\" scrolling=\"no\" 0=\"allowtransparency\" 1=\"allowfullscreen\" style=\"margin:0 auto;\" 2=\"\/iframe\" class=\"iframe-class\"><\/iframe>\n<\/p>\n<p><img loading=\"lazy\" decoding=\"async\" class=\" aligncenter\" src=\"https:\/\/encrypted-tbn0.gstatic.com\/images?q=tbn:ANd9GcTR28kVyfgd3qwCkn2ICP6JNBpKea-RZS3fF5sLEuFyAkmWuml3Qyn-alg-FidZmJD8Ug&amp;usqp=CAU\" width=\"356\" height=\"38\" \/><\/p>\n<p style=\"text-align: center\"><strong>\n<!-- iframe plugin v.6.0 wordpress.org\/plugins\/iframe\/ -->\n<iframe loading=\"lazy\" id=\"audio_595754\" frameborder=\"0\" allowfullscreen scrolling=\"no\" height=\"200\" style=\"width:100%;\" src=\"https:\/\/www.ivoox.com\/player_ej_595754_6_1.html\" 0=\"\/iframe\" width=\"100%\" class=\"iframe-class\"><\/iframe>\n<\/strong><\/p>\n<p style=\"text-align: center\">\n<!-- iframe plugin v.6.0 wordpress.org\/plugins\/iframe\/ -->\n<iframe loading=\"lazy\" id=\"audio_1235615\" frameborder=\"0\" allowfullscreen scrolling=\"no\" height=\"200\" style=\"width:100%;\" src=\"https:\/\/www.ivoox.com\/player_ej_1235615_6_1.html\" 0=\"\/iframe\" width=\"100%\" class=\"iframe-class\"><\/iframe>\n<\/p>\n<p style=\"text-align: center\">\n<!-- iframe plugin v.6.0 wordpress.org\/plugins\/iframe\/ -->\n<iframe loading=\"lazy\" id=\"audio_1235613\" frameborder=\"0\" allowfullscreen scrolling=\"no\" height=\"200\" style=\"width:100%;\" src=\"https:\/\/www.ivoox.com\/player_ej_1235613_6_1.html\" 0=\"\/iframe\" width=\"100%\" class=\"iframe-class\"><\/iframe>\n<\/p>\n<p style=\"text-align: center\">\n<!-- iframe plugin v.6.0 wordpress.org\/plugins\/iframe\/ -->\n<iframe loading=\"lazy\" id=\"audio_1235610\" frameborder=\"0\" allowfullscreen scrolling=\"no\" height=\"200\" style=\"width:100%;\" src=\"https:\/\/www.ivoox.com\/player_ej_1235610_6_1.html\" 0=\"\/iframe\" width=\"100%\" class=\"iframe-class\"><\/iframe>\n<\/p>\n<p style=\"text-align: center\">\n<!-- iframe plugin v.6.0 wordpress.org\/plugins\/iframe\/ -->\n<iframe loading=\"lazy\" id=\"audio_1235607\" frameborder=\"0\" allowfullscreen scrolling=\"no\" height=\"200\" style=\"width:100%;\" src=\"https:\/\/www.ivoox.com\/player_ej_1235607_6_1.html\" 0=\"\/iframe\" width=\"100%\" class=\"iframe-class\"><\/iframe>\n<\/p>\n<p style=\"text-align: center\">\n<!-- iframe plugin v.6.0 wordpress.org\/plugins\/iframe\/ -->\n<iframe loading=\"lazy\" id=\"audio_1235604\" frameborder=\"0\" allowfullscreen scrolling=\"no\" height=\"200\" style=\"width:100%;\" src=\"https:\/\/www.ivoox.com\/player_ej_1235604_6_1.html\" 0=\"\/iframe\" width=\"100%\" class=\"iframe-class\"><\/iframe>\n<\/p>\n<p style=\"text-align: center\">\n<!-- iframe plugin v.6.0 wordpress.org\/plugins\/iframe\/ -->\n<iframe loading=\"lazy\" id=\"audio_1149808\" frameborder=\"0\" allowfullscreen scrolling=\"no\" height=\"200\" style=\"width:100%;\" src=\"https:\/\/www.ivoox.com\/player_ej_1149808_6_1.html\" 0=\"\/iframe\" width=\"100%\" class=\"iframe-class\"><\/iframe>\n<\/p>\n<p style=\"text-align: center\">\n<!-- iframe plugin v.6.0 wordpress.org\/plugins\/iframe\/ -->\n<iframe loading=\"lazy\" id=\"audio_1149607\" frameborder=\"0\" allowfullscreen scrolling=\"no\" height=\"200\" style=\"width:100%;\" src=\"https:\/\/www.ivoox.com\/player_ej_1149607_6_1.html\" 0=\"\/iframe\" width=\"100%\" class=\"iframe-class\"><\/iframe>\n<\/p>\n<p style=\"text-align: center\">\n<!-- iframe plugin v.6.0 wordpress.org\/plugins\/iframe\/ -->\n<iframe loading=\"lazy\" id=\"audio_768401\" frameborder=\"0\" allowfullscreen scrolling=\"no\" height=\"200\" style=\"width:100%;\" src=\"https:\/\/www.ivoox.com\/player_ej_768401_6_1.html\" 0=\"\/iframe\" width=\"100%\" class=\"iframe-class\"><\/iframe>\n<\/p>\n<p style=\"text-align: center\">\n<!-- iframe plugin v.6.0 wordpress.org\/plugins\/iframe\/ -->\n<iframe loading=\"lazy\" id=\"audio_768516\" frameborder=\"0\" allowfullscreen scrolling=\"no\" height=\"200\" style=\"width:100%;\" src=\"https:\/\/www.ivoox.com\/player_ej_768516_6_1.html\" 0=\"\/iframe\" width=\"100%\" class=\"iframe-class\"><\/iframe>\n<\/p>\n<p style=\"text-align: center\">\n<!-- iframe plugin v.6.0 wordpress.org\/plugins\/iframe\/ -->\n<iframe loading=\"lazy\" id=\"audio_768454\" frameborder=\"0\" allowfullscreen scrolling=\"no\" height=\"200\" style=\"width:100%;\" src=\"https:\/\/www.ivoox.com\/player_ej_768454_6_1.html\" 0=\"\/iframe\" width=\"100%\" class=\"iframe-class\"><\/iframe>\n<\/p>\n<p style=\"text-align: center\">\n<!-- iframe plugin v.6.0 wordpress.org\/plugins\/iframe\/ -->\n<iframe loading=\"lazy\" id=\"audio_757162\" frameborder=\"0\" allowfullscreen scrolling=\"no\" height=\"200\" style=\"width:100%;\" src=\"https:\/\/www.ivoox.com\/player_ej_757162_6_1.html\" 0=\"\/iframe\" width=\"100%\" class=\"iframe-class\"><\/iframe>\n<\/p>\n<p style=\"text-align: center\">\n<!-- iframe plugin v.6.0 wordpress.org\/plugins\/iframe\/ -->\n<iframe loading=\"lazy\" id=\"audio_757156\" frameborder=\"0\" allowfullscreen scrolling=\"no\" height=\"200\" style=\"width:100%;\" src=\"https:\/\/www.ivoox.com\/player_ej_757156_6_1.html\" 0=\"\/iframe\" width=\"100%\" class=\"iframe-class\"><\/iframe>\n<\/p>\n<p style=\"text-align: center\">\n<!-- iframe plugin v.6.0 wordpress.org\/plugins\/iframe\/ -->\n<iframe loading=\"lazy\" id=\"audio_756280\" frameborder=\"0\" allowfullscreen scrolling=\"no\" height=\"200\" style=\"width:100%;\" src=\"https:\/\/www.ivoox.com\/player_ej_756280_6_1.html\" 0=\"\/iframe\" width=\"100%\" class=\"iframe-class\"><\/iframe>\n<\/p>\n<p style=\"text-align: center\">\n<!-- iframe plugin v.6.0 wordpress.org\/plugins\/iframe\/ -->\n<iframe loading=\"lazy\" id=\"audio_755042\" frameborder=\"0\" allowfullscreen scrolling=\"no\" height=\"200\" style=\"width:100%;\" src=\"https:\/\/www.ivoox.com\/player_ej_755042_6_1.html\" 0=\"\/iframe\" width=\"100%\" class=\"iframe-class\"><\/iframe>\n<\/p>\n<p style=\"text-align: center\">\n<!-- iframe plugin v.6.0 wordpress.org\/plugins\/iframe\/ -->\n<iframe loading=\"lazy\" id=\"audio_600951\" frameborder=\"0\" allowfullscreen scrolling=\"no\" height=\"200\" style=\"width:100%;\" src=\"https:\/\/www.ivoox.com\/player_ej_600951_6_1.html\" 0=\"\/iframe\" width=\"100%\" class=\"iframe-class\"><\/iframe>\n<\/p>\n<p style=\"text-align: center\">\n<!-- iframe plugin v.6.0 wordpress.org\/plugins\/iframe\/ -->\n<iframe loading=\"lazy\" id=\"audio_595821\" frameborder=\"0\" allowfullscreen scrolling=\"no\" height=\"200\" style=\"width:100%;\" src=\"https:\/\/www.ivoox.com\/player_ej_595821_6_1.html\" 0=\"\/iframe\" width=\"100%\" class=\"iframe-class\"><\/iframe>\n<\/p>\n<p style=\"text-align: center\">\n<!-- iframe plugin v.6.0 wordpress.org\/plugins\/iframe\/ -->\n<iframe loading=\"lazy\" id=\"audio_595703\" frameborder=\"0\" allowfullscreen scrolling=\"no\" height=\"200\" style=\"width:100%;\" src=\"https:\/\/www.ivoox.com\/player_ej_595703_6_1.html\" 0=\"\/iframe\" width=\"100%\" class=\"iframe-class\"><\/iframe>\n<\/p>\n<p style=\"text-align: center\">\n<!-- iframe plugin v.6.0 wordpress.org\/plugins\/iframe\/ -->\n<iframe loading=\"lazy\" id=\"audio_592359\" frameborder=\"0\" allowfullscreen scrolling=\"no\" height=\"200\" style=\"width:100%;\" src=\"https:\/\/www.ivoox.com\/player_ej_592359_6_1.html\" 0=\"\/iframe\" width=\"100%\" class=\"iframe-class\"><\/iframe>\n<\/p>\n<p style=\"text-align: center\">\n<!-- iframe plugin v.6.0 wordpress.org\/plugins\/iframe\/ -->\n<iframe loading=\"lazy\" id=\"audio_563996\" frameborder=\"0\" allowfullscreen scrolling=\"no\" height=\"200\" style=\"width:100%;\" src=\"https:\/\/www.ivoox.com\/player_ej_563996_6_1.html\" 0=\"\/iframe\" width=\"100%\" class=\"iframe-class\"><\/iframe>\n<\/p>\n<p style=\"text-align: center\">\n<!-- iframe plugin v.6.0 wordpress.org\/plugins\/iframe\/ -->\n<iframe loading=\"lazy\" id=\"audio_563959\" frameborder=\"0\" allowfullscreen scrolling=\"no\" height=\"200\" style=\"width:100%;\" src=\"https:\/\/www.ivoox.com\/player_ej_563959_6_1.html\" 0=\"\/iframe\" width=\"100%\" class=\"iframe-class\"><\/iframe>\n<\/p>\n<p style=\"text-align: center\">\n<!-- iframe plugin v.6.0 wordpress.org\/plugins\/iframe\/ -->\n<iframe loading=\"lazy\" id=\"audio_559089\" frameborder=\"0\" allowfullscreen scrolling=\"no\" height=\"200\" style=\"width:100%;\" src=\"https:\/\/www.ivoox.com\/player_ej_559089_6_1.html\" 0=\"\/iframe\" width=\"100%\" class=\"iframe-class\"><\/iframe>\n<\/p>\n<p style=\"text-align: center\">\n<!-- iframe plugin v.6.0 wordpress.org\/plugins\/iframe\/ -->\n<iframe loading=\"lazy\" id=\"audio_557928\" frameborder=\"0\" allowfullscreen scrolling=\"no\" height=\"200\" style=\"width:100%;\" src=\"https:\/\/www.ivoox.com\/player_ej_557928_6_1.html\" 0=\"\/iframe\" width=\"100%\" class=\"iframe-class\"><\/iframe>\n<\/p>\n<p style=\"text-align: center\">\n<!-- iframe plugin v.6.0 wordpress.org\/plugins\/iframe\/ -->\n<iframe loading=\"lazy\" id=\"audio_442968\" frameborder=\"0\" allowfullscreen scrolling=\"no\" height=\"200\" style=\"width:100%;\" src=\"https:\/\/www.ivoox.com\/player_ej_442968_6_1.html\" 0=\"\/iframe\" width=\"100%\" class=\"iframe-class\"><\/iframe>\n<\/p>\n<p style=\"text-align: center\">\n<!-- iframe plugin v.6.0 wordpress.org\/plugins\/iframe\/ -->\n<iframe loading=\"lazy\" id=\"audio_442973\" frameborder=\"0\" allowfullscreen scrolling=\"no\" height=\"200\" style=\"width:100%;\" src=\"https:\/\/www.ivoox.com\/player_ej_442973_6_1.html\" 0=\"\/iframe\" width=\"100%\" class=\"iframe-class\"><\/iframe>\n<\/p>\n<p style=\"text-align: center\">\n<!-- iframe plugin v.6.0 wordpress.org\/plugins\/iframe\/ -->\n<iframe loading=\"lazy\" id=\"audio_400843\" frameborder=\"0\" allowfullscreen scrolling=\"no\" height=\"200\" style=\"width:100%;\" src=\"https:\/\/www.ivoox.com\/player_ej_400843_6_1.html\" 0=\"\/iframe\" width=\"100%\" class=\"iframe-class\"><\/iframe>\n<\/p>\n<p><img loading=\"lazy\" decoding=\"async\" class=\" aligncenter\" src=\"https:\/\/encrypted-tbn0.gstatic.com\/images?q=tbn:ANd9GcTR28kVyfgd3qwCkn2ICP6JNBpKea-RZS3fF5sLEuFyAkmWuml3Qyn-alg-FidZmJD8Ug&amp;usqp=CAU\" width=\"356\" height=\"38\" \/><\/p>\n<p style=\"text-align: center\">\n<!-- iframe plugin v.6.0 wordpress.org\/plugins\/iframe\/ -->\n<iframe loading=\"lazy\" src=\"https:\/\/drive.google.com\/file\/d\/1QF_tDGipSPwr2tTDYm-iI15Bg0vayPHA\/preview\" width=\"640\" height=\"900\" allow=\"autoplay\" 0=\"\/iframe\" scrolling=\"yes\" class=\"iframe-class\" frameborder=\"0\"><\/iframe>\n<\/p>\n<p>&nbsp;<\/p>\n<p><strong>La Conseyer\u00eda d&#8217;Educaci\u00f3n del Princip\u00e1u d&#8217;Asturies en collaboraci\u00f3n col CPR d&#8217;Uvi\u00e9u ta acabante d&#8217;espublizar el material did\u00e1ctico \u00abNomes d&#8217;Asturies\u00bb ellabor\u00e1u a partir del programa de radio del mesmu nome.<\/strong><\/p>\n<div class=\"field field-name-body field-type-text-with-summary field-label-hidden\">\n<div class=\"field-items\">\n<div class=\"field-item even\">\n<p>El llibru-CD, que tami\u00e9n pue<strong> <a href=\"http:\/\/www.educastur.es\/media\/publicaciones\/aula\/secundaria\/nomes_asturiano.pdf\">descargase en rede<\/a> <\/strong>ta pens\u00e1u pal apoyu de les clases de Llingua Asturiana, sobre manera de la Educaci\u00f3n Secuandaria, y ta compuestu por nueve unidaes did\u00e1ctiques basaes nos audios del programa de la RTPA \u201cNomes d\u2019Asturies\u201d qu\u2019usa la f\u00f3rmula de radio-teatru.<\/p>\n<p><strong>Nes distintes unidaes trab\u00e1yense les destreces b\u00e1siques nel estudiu de cualquier llingua viva: comprensi\u00f3n y expresi\u00f3n escrites y comprensi\u00f3n y expresi\u00f3n orales. Les actividaes propuestes desarrollen estratexes pa utilizar la radio nes clases d\u2019asturianu: audiciones, antolox\u00eda po\u00e9tica, guiones radiof\u00f3nicos, notes culturales, estaya gramatical, lliteratura, llingua y cultura, atenci\u00f3n a la diversid\u00e1, etc.<\/strong><\/p>\n<p>Too ello cola intenci\u00f3n d\u2019ufiertar una ferramienta moderna, \u00fatil y prestosa cola qu&#8217;estudiantes y profesores puedan trabayar la llingua asturiana dende un mediu de comunicaci\u00f3n de mases como ye la radio.<\/p>\n<p><img loading=\"lazy\" decoding=\"async\" class=\" aligncenter\" src=\"https:\/\/encrypted-tbn0.gstatic.com\/images?q=tbn:ANd9GcTR28kVyfgd3qwCkn2ICP6JNBpKea-RZS3fF5sLEuFyAkmWuml3Qyn-alg-FidZmJD8Ug&amp;usqp=CAU\" width=\"356\" height=\"38\" \/><\/p>\n<\/div>\n<\/div>\n<\/div>\n<p style=\"text-align: left\">Dirigido preferentemente a alumnos de ense\u00f1anza secundaria esta propuesta de material did\u00e1ctico de apoyo de las clases de Llingua Asturiana <strong>desarrolla nueve unidades did\u00e1cticas basadas en las grabaciones radiof\u00f3nicas del programa de la RTPA &#8216;Nomes d&#8217;Asturies&#8217; que usa la f\u00f3rmula de la radio-teatro.<\/strong> Se pretende con ellas trabajar las destrezas b\u00e1sicas en el estudio de la lengua asturiana reforzando, con el uso de un medio de difusi\u00f3n oral como es la radio, la expresi\u00f3n y comprensi\u00f3n oral.<\/p>\n<p style=\"text-align: left\">Para aprovechar todas las potencialidades de este medio se tiene en cuenta el \u00e1mbito cultural y social en el que se sit\u00faa, interrelacion\u00e1ndolo con la literatura, la historia o la etnograf\u00eda entre otras \u00e1reas. De este modo la naturaleza de los materiales propuestos es muy variada: a) auditivos, con audiciones de programas y guiones radiof\u00f3nicos, fragmentos de obras literarias, efectos sonoros, etc.; b) visuales, con ilustraciones, mapas y textos que nos aproximan a la historia de Asturias, a su cultura y a su lengua; c) creativos, con an\u00e1lisis y creaci\u00f3n de guiones, para lo que los alumnos utilizar\u00e1n las nuevas tecnolog\u00edas; y d) participativos, los guiones elaborados se transformar\u00e1n en programas de radio en los que el alumnado, mediante la representaci\u00f3n oral, se repartir\u00e1 los trabajos de locutor, actor y controlador de sonido y montaje.<\/p>\n<p style=\"text-align: left\">Las propuestas van desde las audiciones y guiones radiof\u00f3nicos, la antolog\u00eda po\u00e9tica, las notas culturales, la gram\u00e1tica, la atenci\u00f3n a la diversidad, etc. Todo ello con la intenci\u00f3n de ofertar una herramienta \u00fatil con la que estudiantes y profesores puedan trabajar la lengua asturiana desde un medio de comunicaci\u00f3n de masas como es la radio.<\/p>\n","protected":false},"excerpt":{"rendered":"<p>Nomes d&#8217;Asturies\u00a0 samuelasturies Programa de radio n&#8217;asturianu de la RPA (Radio P\u00fablica d&#8217;Asturies) onde se fala de fechos y personaxes del nuesu pa\u00eds astur. Conocer la nuesa hestoria ye entendenos a n\u00f3s mesmos. Afayaivos.\u00a0 www.nomesdasturies.blogspot.com -Horariu d&#8217;emisi\u00f3n: S\u00e1bados de 14:00 a 14:30 hores. -Periodicid\u00e1: Selmanal -Direutor: Chechu Garc\u00eda. -Collaboradores: Actores: Eva Vallines, Roc\u00edo Pin\u00edn, Roberto [&hellip;]<\/p>\n","protected":false},"author":117,"featured_media":0,"parent":52,"menu_order":0,"comment_status":"closed","ping_status":"closed","template":"","meta":{"footnotes":""},"class_list":["post-629","page","type-page","status-publish","hentry","post-preview"],"_links":{"self":[{"href":"https:\/\/edublog.educastur.es\/llingua\/wp-json\/wp\/v2\/pages\/629","targetHints":{"allow":["GET"]}}],"collection":[{"href":"https:\/\/edublog.educastur.es\/llingua\/wp-json\/wp\/v2\/pages"}],"about":[{"href":"https:\/\/edublog.educastur.es\/llingua\/wp-json\/wp\/v2\/types\/page"}],"author":[{"embeddable":true,"href":"https:\/\/edublog.educastur.es\/llingua\/wp-json\/wp\/v2\/users\/117"}],"replies":[{"embeddable":true,"href":"https:\/\/edublog.educastur.es\/llingua\/wp-json\/wp\/v2\/comments?post=629"}],"version-history":[{"count":12,"href":"https:\/\/edublog.educastur.es\/llingua\/wp-json\/wp\/v2\/pages\/629\/revisions"}],"predecessor-version":[{"id":641,"href":"https:\/\/edublog.educastur.es\/llingua\/wp-json\/wp\/v2\/pages\/629\/revisions\/641"}],"up":[{"embeddable":true,"href":"https:\/\/edublog.educastur.es\/llingua\/wp-json\/wp\/v2\/pages\/52"}],"wp:attachment":[{"href":"https:\/\/edublog.educastur.es\/llingua\/wp-json\/wp\/v2\/media?parent=629"}],"curies":[{"name":"wp","href":"https:\/\/api.w.org\/{rel}","templated":true}]}}