{"id":74,"date":"2020-07-06T14:45:47","date_gmt":"2020-07-06T14:45:47","guid":{"rendered":"https:\/\/edublog.educastur.es\/llingua\/?page_id=74"},"modified":"2020-07-20T00:20:38","modified_gmt":"2020-07-20T00:20:38","slug":"iniciu","status":"publish","type":"page","link":"https:\/\/edublog.educastur.es\/llingua\/iniciu\/","title":{"rendered":"0. Portada"},"content":{"rendered":"<h4><img loading=\"lazy\" decoding=\"async\" class=\"alignnone wp-image-14\" src=\"http:\/\/edublog.educastur.es\/llingua\/files\/2020\/07\/asturias-silueta.png\" alt=\"\" width=\"435\" height=\"262\" \/><\/h4>\n<h4><span style=\"color: #333399\">Nesti<em> blogue vas atopar lexislaci\u00f3n y conten\u00edos curriculares, am\u00e1s de campa\u00f1es, ferramientes y otra documentaci\u00f3n rellacionada cola asignatura de Llingua Asturiana y Lliteratura nel Princip\u00e1u d\u00b4Asturies.<\/em><\/span><\/h4>\n<table style=\"border-collapse: collapse;width: 0%;height: 136px\">\n<tbody>\n<tr>\n<td style=\"width: 33.3333%\"><\/td>\n<td style=\"width: 33.3333%\"><\/td>\n<td style=\"width: 33.3333%\"><\/td>\n<\/tr>\n<tr>\n<td style=\"width: 33.3333%\"><\/td>\n<td style=\"width: 33.3333%\"><\/td>\n<td style=\"width: 33.3333%\"><\/td>\n<\/tr>\n<tr>\n<td style=\"width: 33.3333%\"><\/td>\n<td style=\"width: 33.3333%\"><\/td>\n<td style=\"width: 33.3333%\"><\/td>\n<\/tr>\n<tr>\n<td style=\"width: 33.3333%\"><\/td>\n<td style=\"width: 33.3333%\"><\/td>\n<td style=\"width: 33.3333%\"><\/td>\n<\/tr>\n<\/tbody>\n<\/table>\n","protected":false},"excerpt":{"rendered":"<p>Nesti blogue vas atopar lexislaci\u00f3n y conten\u00edos curriculares, am\u00e1s de campa\u00f1es, ferramientes y otra documentaci\u00f3n rellacionada cola asignatura de Llingua Asturiana y Lliteratura nel Princip\u00e1u d\u00b4Asturies.<\/p>\n","protected":false},"author":117,"featured_media":0,"parent":0,"menu_order":0,"comment_status":"closed","ping_status":"closed","template":"","meta":{"footnotes":""},"class_list":["post-74","page","type-page","status-publish","hentry","post-preview"],"_links":{"self":[{"href":"https:\/\/edublog.educastur.es\/llingua\/wp-json\/wp\/v2\/pages\/74","targetHints":{"allow":["GET"]}}],"collection":[{"href":"https:\/\/edublog.educastur.es\/llingua\/wp-json\/wp\/v2\/pages"}],"about":[{"href":"https:\/\/edublog.educastur.es\/llingua\/wp-json\/wp\/v2\/types\/page"}],"author":[{"embeddable":true,"href":"https:\/\/edublog.educastur.es\/llingua\/wp-json\/wp\/v2\/users\/117"}],"replies":[{"embeddable":true,"href":"https:\/\/edublog.educastur.es\/llingua\/wp-json\/wp\/v2\/comments?post=74"}],"version-history":[{"count":10,"href":"https:\/\/edublog.educastur.es\/llingua\/wp-json\/wp\/v2\/pages\/74\/revisions"}],"predecessor-version":[{"id":157,"href":"https:\/\/edublog.educastur.es\/llingua\/wp-json\/wp\/v2\/pages\/74\/revisions\/157"}],"wp:attachment":[{"href":"https:\/\/edublog.educastur.es\/llingua\/wp-json\/wp\/v2\/media?parent=74"}],"curies":[{"name":"wp","href":"https:\/\/api.w.org\/{rel}","templated":true}]}}