{"id":841,"date":"2022-11-09T18:15:14","date_gmt":"2022-11-09T16:15:14","guid":{"rendered":"https:\/\/edublog.educastur.es\/llingua\/?page_id=841"},"modified":"2022-11-09T18:16:51","modified_gmt":"2022-11-09T16:16:51","slug":"estoyu","status":"publish","type":"page","link":"https:\/\/edublog.educastur.es\/llingua\/estoyu\/","title":{"rendered":"ESTOYU"},"content":{"rendered":"<p style=\"text-align: center\"><a href=\"https:\/\/www.educastur.es\/documents\/34868\/39183\/2022-10-ast-repositorio-recursos-1060x320.png\/6a04ed9f-86b0-2fd3-a088-a943b97e7f25?t=1666621392839\"><img loading=\"lazy\" decoding=\"async\" class=\"alignnone\" src=\"https:\/\/www.educastur.es\/documents\/34868\/39183\/2022-10-ast-repositorio-recursos-1060x320.png\/6a04ed9f-86b0-2fd3-a088-a943b97e7f25?t=1666621392839\" alt=\"\" width=\"1060\" height=\"320\" \/><\/a><\/p>\n<p>&nbsp;<\/p>\n<p>Les conseyer\u00edes d&#8217;Educaci\u00f3n y de Cultura, Pol\u00edtica Lling\u00fc\u00edstica y Turismu ellaboraron en xunto dos gu\u00edes dixitales interactives con informaci\u00f3n y conten\u00edu educativo dirix\u00edes a facilitar el llabor del profesor\u00e1u de llingua asturiana y gallego-asturianu o eonaviegu.<\/p>\n<p>L\u2019Estoyu d\u2019est\u00edmulos y recursos dixitales pa la ense\u00f1anza del asturianu ordena y clasifica alredor de 300 recursos, mientres que\u2019l Estoiro d\u2019est\u00edmulos y recursos dixitales pr\u00e1 ense\u00f1anza del gallego-asturianu ou eonaviego axunta m\u00e1s de 150. Estes dos gu\u00edes dixitales pres\u00e9ntense en formatu pdf interactivu y van unviase a tolos docentes de Llingua Asturiana y de Gallego-asturianu o Eonaviegu.<\/p>\n<p>Los conten\u00edos educativos de les gu\u00edes tienen procedencies diverses: instituciones, organismos p\u00fablicos, entidaes sociales y docentes de Llingua Asturiana y de Gallego-asturiano, ente otros.<\/p>\n<p>Les gu\u00edes clasifiquen los conten\u00edos de forma cenciella col prop\u00f3situ de facelos f\u00e1cilmente algamables. Con cuentes d\u2019ello, utilicen categor\u00edes qu&#8217;identifiquen cada recursu, lu asignen a una etapa concreta, y describen los sos posibles \u00e1mbitos d&#8217;aplicaci\u00f3n.<\/p>\n<p><a href=\"https:\/\/educastur-my.sharepoint.com\/:b:\/g\/personal\/llinguastur_educastur_org\/EemdcXmeDPhEs92GIppA60UBAmecbPTvdkgU8Ajk-8gLDA\" target=\"_blank\" rel=\"noopener\">Estoyu<\/a>\u00a0(Asturianu)<\/p>\n<p><a href=\"https:\/\/educastur-my.sharepoint.com\/:b:\/g\/personal\/llinguastur_educastur_org\/EfBhI5PaBeRJr2zqGCrDI8QBkxI4DF6cNw36ED5pnKqbVA\" target=\"_blank\" rel=\"noopener\">Estoiro<\/a>\u00a0(Gallego-asturiano ou Eonaviego)<\/p>\n<p style=\"text-align: center\">\n<!-- iframe plugin v.6.0 wordpress.org\/plugins\/iframe\/ -->\n<iframe loading=\"lazy\" src=\"https:\/\/educastur-my.sharepoint.com\/personal\/llinguastur_educastur_org\/_layouts\/15\/embed.aspx?UniqueId=79719de9-0c9e-44f8-b3dd-86229a40eb45\" width=\"640\" height=\"360\" frameborder=\"0\" scrolling=\"no\" 0=\"allowfullscreen\" title=\"Estoyu.pdf\" 1=\"\/iframe\" class=\"iframe-class\"><\/iframe>\n<\/p>\n","protected":false},"excerpt":{"rendered":"<p>&nbsp; Les conseyer\u00edes d&#8217;Educaci\u00f3n y de Cultura, Pol\u00edtica Lling\u00fc\u00edstica y Turismu ellaboraron en xunto dos gu\u00edes dixitales interactives con informaci\u00f3n y conten\u00edu educativo dirix\u00edes a facilitar el llabor del profesor\u00e1u de llingua asturiana y gallego-asturianu o eonaviegu. L\u2019Estoyu d\u2019est\u00edmulos y recursos dixitales pa la ense\u00f1anza del asturianu ordena y clasifica alredor de 300 recursos, mientres [&hellip;]<\/p>\n","protected":false},"author":117,"featured_media":0,"parent":0,"menu_order":0,"comment_status":"closed","ping_status":"closed","template":"","meta":{"footnotes":""},"class_list":["post-841","page","type-page","status-publish","hentry","post-preview"],"_links":{"self":[{"href":"https:\/\/edublog.educastur.es\/llingua\/wp-json\/wp\/v2\/pages\/841","targetHints":{"allow":["GET"]}}],"collection":[{"href":"https:\/\/edublog.educastur.es\/llingua\/wp-json\/wp\/v2\/pages"}],"about":[{"href":"https:\/\/edublog.educastur.es\/llingua\/wp-json\/wp\/v2\/types\/page"}],"author":[{"embeddable":true,"href":"https:\/\/edublog.educastur.es\/llingua\/wp-json\/wp\/v2\/users\/117"}],"replies":[{"embeddable":true,"href":"https:\/\/edublog.educastur.es\/llingua\/wp-json\/wp\/v2\/comments?post=841"}],"version-history":[{"count":4,"href":"https:\/\/edublog.educastur.es\/llingua\/wp-json\/wp\/v2\/pages\/841\/revisions"}],"predecessor-version":[{"id":845,"href":"https:\/\/edublog.educastur.es\/llingua\/wp-json\/wp\/v2\/pages\/841\/revisions\/845"}],"wp:attachment":[{"href":"https:\/\/edublog.educastur.es\/llingua\/wp-json\/wp\/v2\/media?parent=841"}],"curies":[{"name":"wp","href":"https:\/\/api.w.org\/{rel}","templated":true}]}}