{"id":8,"date":"2021-02-25T20:26:13","date_gmt":"2021-02-25T20:26:13","guid":{"rendered":"https:\/\/edublog.educastur.es\/mategris\/?page_id=8"},"modified":"2021-02-25T20:26:13","modified_gmt":"2021-02-25T20:26:13","slug":"acerca-de","status":"publish","type":"page","link":"https:\/\/edublog.educastur.es\/mategris\/acerca-de\/","title":{"rendered":"ACERCA DE"},"content":{"rendered":"<h3><span style=\"color: #3366ff\"><em>MATE-RIA-GRIS<\/em><\/span><\/h3>\n<p>Me llamo Gris y hoy comienzo mi andadura en el manejo de blogs.<\/p>\n<p>Despu\u00e9s de varios a\u00f1os ense\u00f1ando matem\u00e1ticas y tras la situaci\u00f3n que desde al a\u00f1o pasado venimos atravesando, le he dado vueltas a c\u00f3mo ayudar a las \u00abpersonitas\u00bb con las que trabajo y hacerles ver que las mates pueden llevarnos a mundos maravillosos.<\/p>\n<p>Podr\u00e9is enfrentaros a contenidos , curiosidades, retos con los que disfrutar\u00e9is y descubrir\u00e9is el gusto por aprender.<\/p>\n<p>En el camino encontraremos sin duda dificultades, pero &#8230;\u00a1No nos desanimemos!<\/p>\n<p>Entre tod@s conseguiremos superarlas.<\/p>\n","protected":false},"excerpt":{"rendered":"<p>MATE-RIA-GRIS Me llamo Gris y hoy comienzo mi andadura en el manejo de blogs. Despu\u00e9s de varios a\u00f1os ense\u00f1ando matem\u00e1ticas y tras la situaci\u00f3n que desde al a\u00f1o pasado venimos atravesando, le he dado vueltas a c\u00f3mo ayudar a las \u00abpersonitas\u00bb con las que trabajo y hacerles ver que las mates pueden llevarnos a mundos&hellip; <a href=\"https:\/\/edublog.educastur.es\/mategris\/acerca-de\/\" class=\"more-link\">Seguir leyendo <span class=\"screen-reader-text\">ACERCA DE<\/span><\/a><\/p>\n","protected":false},"author":14,"featured_media":0,"parent":0,"menu_order":0,"comment_status":"closed","ping_status":"closed","template":"","meta":{"footnotes":""},"class_list":["post-8","page","type-page","status-publish","hentry","without-featured-image"],"_links":{"self":[{"href":"https:\/\/edublog.educastur.es\/mategris\/wp-json\/wp\/v2\/pages\/8","targetHints":{"allow":["GET"]}}],"collection":[{"href":"https:\/\/edublog.educastur.es\/mategris\/wp-json\/wp\/v2\/pages"}],"about":[{"href":"https:\/\/edublog.educastur.es\/mategris\/wp-json\/wp\/v2\/types\/page"}],"author":[{"embeddable":true,"href":"https:\/\/edublog.educastur.es\/mategris\/wp-json\/wp\/v2\/users\/14"}],"replies":[{"embeddable":true,"href":"https:\/\/edublog.educastur.es\/mategris\/wp-json\/wp\/v2\/comments?post=8"}],"version-history":[{"count":1,"href":"https:\/\/edublog.educastur.es\/mategris\/wp-json\/wp\/v2\/pages\/8\/revisions"}],"predecessor-version":[{"id":9,"href":"https:\/\/edublog.educastur.es\/mategris\/wp-json\/wp\/v2\/pages\/8\/revisions\/9"}],"wp:attachment":[{"href":"https:\/\/edublog.educastur.es\/mategris\/wp-json\/wp\/v2\/media?parent=8"}],"curies":[{"name":"wp","href":"https:\/\/api.w.org\/{rel}","templated":true}]}}