{"id":2,"date":"2020-09-07T07:45:43","date_gmt":"2020-09-07T07:45:43","guid":{"rendered":"https:\/\/edublog.educastur.es\/maximili\/?page_id=2"},"modified":"2026-04-07T19:36:06","modified_gmt":"2026-04-07T17:36:06","slug":"comedor","status":"publish","type":"page","link":"https:\/\/edublog.educastur.es\/maximili\/comedor\/","title":{"rendered":"MEN\u00da DEL COMEDOR"},"content":{"rendered":"<p><a href=\"http:\/\/edublog.educastur.es\/maximili\/files\/2026\/02\/especificaciones_menu-scaled.jpg\">ESPECIFICACIONES DE LOS MEN\u00daS<\/a><\/p>\n<p><a href=\"http:\/\/edublog.educastur.es\/maximili\/files\/2026\/04\/nuestros_menus.jpg\"><img loading=\"lazy\" decoding=\"async\" class=\"alignnone size-medium wp-image-978\" src=\"http:\/\/edublog.educastur.es\/maximili\/files\/2026\/04\/nuestros_menus-300x213.jpg\" alt=\"\" width=\"300\" height=\"213\" srcset=\"https:\/\/edublog.educastur.es\/maximili\/files\/2026\/04\/nuestros_menus-300x213.jpg 300w, https:\/\/edublog.educastur.es\/maximili\/files\/2026\/04\/nuestros_menus-1024x727.jpg 1024w, https:\/\/edublog.educastur.es\/maximili\/files\/2026\/04\/nuestros_menus-768x545.jpg 768w, https:\/\/edublog.educastur.es\/maximili\/files\/2026\/04\/nuestros_menus-676x480.jpg 676w, https:\/\/edublog.educastur.es\/maximili\/files\/2026\/04\/nuestros_menus.jpg 1135w\" sizes=\"auto, (max-width: 300px) 100vw, 300px\" \/><\/a><\/p>\n<p><a href=\"http:\/\/edublog.educastur.es\/maximili\/files\/2026\/04\/recomendaciones_dieta.jpg\"><img loading=\"lazy\" decoding=\"async\" class=\"alignnone size-medium wp-image-977\" src=\"http:\/\/edublog.educastur.es\/maximili\/files\/2026\/04\/recomendaciones_dieta-300x213.jpg\" alt=\"\" width=\"300\" height=\"213\" srcset=\"https:\/\/edublog.educastur.es\/maximili\/files\/2026\/04\/recomendaciones_dieta-300x213.jpg 300w, https:\/\/edublog.educastur.es\/maximili\/files\/2026\/04\/recomendaciones_dieta-1024x727.jpg 1024w, https:\/\/edublog.educastur.es\/maximili\/files\/2026\/04\/recomendaciones_dieta-768x545.jpg 768w, https:\/\/edublog.educastur.es\/maximili\/files\/2026\/04\/recomendaciones_dieta-676x480.jpg 676w, https:\/\/edublog.educastur.es\/maximili\/files\/2026\/04\/recomendaciones_dieta.jpg 1135w\" sizes=\"auto, (max-width: 300px) 100vw, 300px\" \/><\/a><\/p>\n<p>&nbsp;<\/p>\n<p><a href=\"http:\/\/edublog.educastur.es\/maximili\/files\/2026\/04\/abril_2026-scaled.jpg\">MEN\u00da DE ABRIL DE 2026<\/a><\/p>\n<p><a href=\"http:\/\/edublog.educastur.es\/maximili\/files\/2026\/04\/abril_2026-scaled.jpg\"><img loading=\"lazy\" decoding=\"async\" class=\"alignnone size-medium wp-image-976\" src=\"http:\/\/edublog.educastur.es\/maximili\/files\/2026\/04\/abril_2026-300x212.jpg\" alt=\"\" width=\"300\" height=\"212\" srcset=\"https:\/\/edublog.educastur.es\/maximili\/files\/2026\/04\/abril_2026-300x212.jpg 300w, https:\/\/edublog.educastur.es\/maximili\/files\/2026\/04\/abril_2026-1024x724.jpg 1024w, https:\/\/edublog.educastur.es\/maximili\/files\/2026\/04\/abril_2026-768x543.jpg 768w, https:\/\/edublog.educastur.es\/maximili\/files\/2026\/04\/abril_2026-1536x1086.jpg 1536w, https:\/\/edublog.educastur.es\/maximili\/files\/2026\/04\/abril_2026-2048x1448.jpg 2048w, https:\/\/edublog.educastur.es\/maximili\/files\/2026\/04\/abril_2026-676x478.jpg 676w\" sizes=\"auto, (max-width: 300px) 100vw, 300px\" \/><\/a><\/p>\n<p><a href=\"http:\/\/edublog.educastur.es\/maximili\/files\/2026\/02\/menu_marzo_2026-scaled.jpg\">MEN\u00da DE MARZO DE 2026<\/a><\/p>\n<p><a href=\"http:\/\/edublog.educastur.es\/maximili\/files\/2026\/02\/menu_marzo_2026-scaled.jpg\"><img loading=\"lazy\" decoding=\"async\" class=\"alignnone size-medium wp-image-954\" src=\"http:\/\/edublog.educastur.es\/maximili\/files\/2026\/02\/menu_marzo_2026-300x212.jpg\" alt=\"\" width=\"300\" height=\"212\" srcset=\"https:\/\/edublog.educastur.es\/maximili\/files\/2026\/02\/menu_marzo_2026-300x212.jpg 300w, https:\/\/edublog.educastur.es\/maximili\/files\/2026\/02\/menu_marzo_2026-1024x724.jpg 1024w, https:\/\/edublog.educastur.es\/maximili\/files\/2026\/02\/menu_marzo_2026-768x543.jpg 768w, https:\/\/edublog.educastur.es\/maximili\/files\/2026\/02\/menu_marzo_2026-1536x1086.jpg 1536w, https:\/\/edublog.educastur.es\/maximili\/files\/2026\/02\/menu_marzo_2026-2048x1448.jpg 2048w, https:\/\/edublog.educastur.es\/maximili\/files\/2026\/02\/menu_marzo_2026-676x478.jpg 676w\" sizes=\"auto, (max-width: 300px) 100vw, 300px\" \/><\/a><\/p>\n<p>&nbsp;<\/p>\n<p><a href=\"http:\/\/edublog.educastur.es\/maximili\/files\/2026\/02\/Febrero_2026.jpg\">MEN\u00da DE FEBRERO DE 2026<\/a><\/p>\n<p><a href=\"http:\/\/edublog.educastur.es\/maximili\/files\/2026\/02\/Febrero_2026.jpg\"><img loading=\"lazy\" decoding=\"async\" class=\"alignnone size-medium wp-image-947\" src=\"http:\/\/edublog.educastur.es\/maximili\/files\/2026\/02\/Febrero_2026-300x212.jpg\" alt=\"\" width=\"300\" height=\"212\" srcset=\"https:\/\/edublog.educastur.es\/maximili\/files\/2026\/02\/Febrero_2026-300x212.jpg 300w, https:\/\/edublog.educastur.es\/maximili\/files\/2026\/02\/Febrero_2026-1024x724.jpg 1024w, https:\/\/edublog.educastur.es\/maximili\/files\/2026\/02\/Febrero_2026-768x543.jpg 768w, https:\/\/edublog.educastur.es\/maximili\/files\/2026\/02\/Febrero_2026-1536x1086.jpg 1536w, https:\/\/edublog.educastur.es\/maximili\/files\/2026\/02\/Febrero_2026-676x478.jpg 676w, https:\/\/edublog.educastur.es\/maximili\/files\/2026\/02\/Febrero_2026.jpg 1754w\" sizes=\"auto, (max-width: 300px) 100vw, 300px\" \/><\/a><\/p>\n<p>&nbsp;<\/p>\n<p><a href=\"http:\/\/edublog.educastur.es\/maximili\/files\/2026\/01\/menu_enero_2026.jpeg\">MEN\u00da DE ENERO DE 2026<\/a><\/p>\n<p><a href=\"http:\/\/edublog.educastur.es\/maximili\/files\/2026\/01\/menu_enero_2026.jpeg\"><img loading=\"lazy\" decoding=\"async\" class=\"alignnone size-medium wp-image-939\" src=\"http:\/\/edublog.educastur.es\/maximili\/files\/2026\/01\/menu_enero_2026-300x209.jpeg\" alt=\"\" width=\"300\" height=\"209\" srcset=\"https:\/\/edublog.educastur.es\/maximili\/files\/2026\/01\/menu_enero_2026-300x209.jpeg 300w, https:\/\/edublog.educastur.es\/maximili\/files\/2026\/01\/menu_enero_2026-768x534.jpeg 768w, https:\/\/edublog.educastur.es\/maximili\/files\/2026\/01\/menu_enero_2026-676x470.jpeg 676w, https:\/\/edublog.educastur.es\/maximili\/files\/2026\/01\/menu_enero_2026.jpeg 794w\" sizes=\"auto, (max-width: 300px) 100vw, 300px\" \/><\/a><\/p>\n<p>&nbsp;<\/p>\n<p><a href=\"http:\/\/edublog.educastur.es\/maximili\/files\/2025\/12\/DICIEMBRE_2025.jpg\">MEN\u00da DE DICIEMBRE DE 2025<\/a><\/p>\n<p><a href=\"http:\/\/edublog.educastur.es\/maximili\/files\/2025\/12\/DICIEMBRE_2025.jpg\"><img loading=\"lazy\" decoding=\"async\" class=\"alignnone size-medium wp-image-915\" src=\"http:\/\/edublog.educastur.es\/maximili\/files\/2025\/12\/DICIEMBRE_2025-300x212.jpg\" alt=\"\" width=\"300\" height=\"212\" srcset=\"https:\/\/edublog.educastur.es\/maximili\/files\/2025\/12\/DICIEMBRE_2025-300x212.jpg 300w, https:\/\/edublog.educastur.es\/maximili\/files\/2025\/12\/DICIEMBRE_2025-1024x724.jpg 1024w, https:\/\/edublog.educastur.es\/maximili\/files\/2025\/12\/DICIEMBRE_2025-768x543.jpg 768w, https:\/\/edublog.educastur.es\/maximili\/files\/2025\/12\/DICIEMBRE_2025-1536x1086.jpg 1536w, https:\/\/edublog.educastur.es\/maximili\/files\/2025\/12\/DICIEMBRE_2025-676x478.jpg 676w, https:\/\/edublog.educastur.es\/maximili\/files\/2025\/12\/DICIEMBRE_2025.jpg 1754w\" sizes=\"auto, (max-width: 300px) 100vw, 300px\" \/><\/a><\/p>\n<p>&nbsp;<\/p>\n<p><a href=\"http:\/\/edublog.educastur.es\/maximili\/files\/2025\/10\/menu_noviem-bre_25-scaled.jpg\">MEN\u00da DE NOVIEMBRE DE 2025<\/a><\/p>\n<p><a href=\"http:\/\/edublog.educastur.es\/maximili\/files\/2025\/10\/menu_noviem-bre_25-scaled.jpg\"><img loading=\"lazy\" decoding=\"async\" class=\"alignnone size-medium wp-image-895\" src=\"http:\/\/edublog.educastur.es\/maximili\/files\/2025\/10\/menu_noviem-bre_25-300x212.jpg\" alt=\"\" width=\"300\" height=\"212\" srcset=\"https:\/\/edublog.educastur.es\/maximili\/files\/2025\/10\/menu_noviem-bre_25-300x212.jpg 300w, https:\/\/edublog.educastur.es\/maximili\/files\/2025\/10\/menu_noviem-bre_25-1024x724.jpg 1024w, https:\/\/edublog.educastur.es\/maximili\/files\/2025\/10\/menu_noviem-bre_25-768x543.jpg 768w, https:\/\/edublog.educastur.es\/maximili\/files\/2025\/10\/menu_noviem-bre_25-1536x1086.jpg 1536w, https:\/\/edublog.educastur.es\/maximili\/files\/2025\/10\/menu_noviem-bre_25-2048x1448.jpg 2048w, https:\/\/edublog.educastur.es\/maximili\/files\/2025\/10\/menu_noviem-bre_25-676x478.jpg 676w\" sizes=\"auto, (max-width: 300px) 100vw, 300px\" \/><\/a><\/p>\n<p><a href=\"http:\/\/edublog.educastur.es\/maximili\/files\/2025\/10\/menu_octubre_2025-scaled.jpg\">MEN\u00da DE OCTUBRE DE 2025<\/a><\/p>\n<p><a href=\"http:\/\/edublog.educastur.es\/maximili\/files\/2025\/10\/menu_octubre_2025-scaled.jpg\"><img loading=\"lazy\" decoding=\"async\" class=\"alignnone size-medium wp-image-882\" src=\"http:\/\/edublog.educastur.es\/maximili\/files\/2025\/10\/menu_octubre_2025-300x212.jpg\" alt=\"\" width=\"300\" height=\"212\" srcset=\"https:\/\/edublog.educastur.es\/maximili\/files\/2025\/10\/menu_octubre_2025-300x212.jpg 300w, https:\/\/edublog.educastur.es\/maximili\/files\/2025\/10\/menu_octubre_2025-1024x724.jpg 1024w, https:\/\/edublog.educastur.es\/maximili\/files\/2025\/10\/menu_octubre_2025-768x543.jpg 768w, https:\/\/edublog.educastur.es\/maximili\/files\/2025\/10\/menu_octubre_2025-1536x1086.jpg 1536w, https:\/\/edublog.educastur.es\/maximili\/files\/2025\/10\/menu_octubre_2025-2048x1448.jpg 2048w, https:\/\/edublog.educastur.es\/maximili\/files\/2025\/10\/menu_octubre_2025-676x478.jpg 676w\" sizes=\"auto, (max-width: 300px) 100vw, 300px\" \/><\/a><\/p>\n<p>&nbsp;<\/p>\n<p><a href=\"http:\/\/edublog.educastur.es\/maximili\/files\/2025\/09\/menu_SEPTIEMBRE_2025.jpg\">MEN\u00da DE SEPTIEMBRE DE 2025<\/a><\/p>\n<p><a href=\"http:\/\/edublog.educastur.es\/maximili\/files\/2025\/09\/menu_SEPTIEMBRE_2025.jpg\"><img loading=\"lazy\" decoding=\"async\" class=\"alignnone size-medium wp-image-878\" src=\"http:\/\/edublog.educastur.es\/maximili\/files\/2025\/09\/menu_SEPTIEMBRE_2025-300x212.jpg\" alt=\"\" width=\"300\" height=\"212\" srcset=\"https:\/\/edublog.educastur.es\/maximili\/files\/2025\/09\/menu_SEPTIEMBRE_2025-300x212.jpg 300w, https:\/\/edublog.educastur.es\/maximili\/files\/2025\/09\/menu_SEPTIEMBRE_2025-1024x724.jpg 1024w, https:\/\/edublog.educastur.es\/maximili\/files\/2025\/09\/menu_SEPTIEMBRE_2025-768x543.jpg 768w, https:\/\/edublog.educastur.es\/maximili\/files\/2025\/09\/menu_SEPTIEMBRE_2025-1536x1086.jpg 1536w, https:\/\/edublog.educastur.es\/maximili\/files\/2025\/09\/menu_SEPTIEMBRE_2025-676x478.jpg 676w, https:\/\/edublog.educastur.es\/maximili\/files\/2025\/09\/menu_SEPTIEMBRE_2025.jpg 1754w\" sizes=\"auto, (max-width: 300px) 100vw, 300px\" \/><\/a><\/p>\n<p>&nbsp;<\/p>\n<p><a href=\"http:\/\/edublog.educastur.es\/maximili\/files\/2025\/05\/MAYO.jpg\">MEN\u00da DE MAYO DE 2025<\/a><\/p>\n<p><a href=\"http:\/\/edublog.educastur.es\/maximili\/files\/2025\/05\/MAYO.jpg\"><img loading=\"lazy\" decoding=\"async\" class=\"alignnone size-medium wp-image-847\" src=\"http:\/\/edublog.educastur.es\/maximili\/files\/2025\/05\/MAYO-300x212.jpg\" alt=\"\" width=\"300\" height=\"212\" srcset=\"https:\/\/edublog.educastur.es\/maximili\/files\/2025\/05\/MAYO-300x212.jpg 300w, https:\/\/edublog.educastur.es\/maximili\/files\/2025\/05\/MAYO-1024x724.jpg 1024w, https:\/\/edublog.educastur.es\/maximili\/files\/2025\/05\/MAYO-768x543.jpg 768w, https:\/\/edublog.educastur.es\/maximili\/files\/2025\/05\/MAYO-676x478.jpg 676w, https:\/\/edublog.educastur.es\/maximili\/files\/2025\/05\/MAYO.jpg 1169w\" sizes=\"auto, (max-width: 300px) 100vw, 300px\" \/><\/a><\/p>\n<p>&nbsp;<\/p>\n<p><a href=\"http:\/\/edublog.educastur.es\/maximili\/files\/2025\/04\/menu_abril_2025-scaled.jpg\">MEN\u00da DE ABRIL DE 2025<\/a><\/p>\n<p><a href=\"http:\/\/edublog.educastur.es\/maximili\/files\/2025\/04\/menu_abril_2025-scaled.jpg\"><img loading=\"lazy\" decoding=\"async\" class=\"alignnone size-medium wp-image-841\" src=\"http:\/\/edublog.educastur.es\/maximili\/files\/2025\/04\/menu_abril_2025-300x212.jpg\" alt=\"\" width=\"300\" height=\"212\" srcset=\"https:\/\/edublog.educastur.es\/maximili\/files\/2025\/04\/menu_abril_2025-300x212.jpg 300w, https:\/\/edublog.educastur.es\/maximili\/files\/2025\/04\/menu_abril_2025-1024x724.jpg 1024w, https:\/\/edublog.educastur.es\/maximili\/files\/2025\/04\/menu_abril_2025-768x543.jpg 768w, https:\/\/edublog.educastur.es\/maximili\/files\/2025\/04\/menu_abril_2025-1536x1086.jpg 1536w, https:\/\/edublog.educastur.es\/maximili\/files\/2025\/04\/menu_abril_2025-2048x1448.jpg 2048w, https:\/\/edublog.educastur.es\/maximili\/files\/2025\/04\/menu_abril_2025-676x478.jpg 676w\" sizes=\"auto, (max-width: 300px) 100vw, 300px\" \/><\/a><\/p>\n<p>&nbsp;<\/p>\n<p><a href=\"http:\/\/edublog.educastur.es\/maximili\/files\/2025\/03\/marzo-2025.jpg\">MEN\u00da DE MARZO DE 2025<\/a><\/p>\n<p><a href=\"http:\/\/edublog.educastur.es\/maximili\/files\/2025\/03\/marzo-2025.jpg\"><img loading=\"lazy\" decoding=\"async\" class=\"alignnone size-medium wp-image-819\" src=\"http:\/\/edublog.educastur.es\/maximili\/files\/2025\/03\/marzo-2025-300x212.jpg\" alt=\"\" width=\"300\" height=\"212\" srcset=\"https:\/\/edublog.educastur.es\/maximili\/files\/2025\/03\/marzo-2025-300x212.jpg 300w, https:\/\/edublog.educastur.es\/maximili\/files\/2025\/03\/marzo-2025-1024x724.jpg 1024w, https:\/\/edublog.educastur.es\/maximili\/files\/2025\/03\/marzo-2025-768x543.jpg 768w, https:\/\/edublog.educastur.es\/maximili\/files\/2025\/03\/marzo-2025-1536x1086.jpg 1536w, https:\/\/edublog.educastur.es\/maximili\/files\/2025\/03\/marzo-2025-676x478.jpg 676w, https:\/\/edublog.educastur.es\/maximili\/files\/2025\/03\/marzo-2025.jpg 2000w\" sizes=\"auto, (max-width: 300px) 100vw, 300px\" \/><\/a><\/p>\n<p>&nbsp;<\/p>\n<p><a href=\"http:\/\/edublog.educastur.es\/maximili\/files\/2025\/02\/b699a884-3271-4531-836e-837d1f93bbcf.jpg\">MEN\u00da DE FEBRERO DE\u00a0 2025<\/a><\/p>\n<p><a href=\"http:\/\/edublog.educastur.es\/maximili\/files\/2025\/02\/b699a884-3271-4531-836e-837d1f93bbcf.jpg\"><img loading=\"lazy\" decoding=\"async\" class=\"alignnone size-medium wp-image-774\" src=\"http:\/\/edublog.educastur.es\/maximili\/files\/2025\/02\/b699a884-3271-4531-836e-837d1f93bbcf-300x212.jpg\" alt=\"\" width=\"300\" height=\"212\" srcset=\"https:\/\/edublog.educastur.es\/maximili\/files\/2025\/02\/b699a884-3271-4531-836e-837d1f93bbcf-300x212.jpg 300w, https:\/\/edublog.educastur.es\/maximili\/files\/2025\/02\/b699a884-3271-4531-836e-837d1f93bbcf-1024x724.jpg 1024w, https:\/\/edublog.educastur.es\/maximili\/files\/2025\/02\/b699a884-3271-4531-836e-837d1f93bbcf-768x543.jpg 768w, https:\/\/edublog.educastur.es\/maximili\/files\/2025\/02\/b699a884-3271-4531-836e-837d1f93bbcf-1536x1086.jpg 1536w, https:\/\/edublog.educastur.es\/maximili\/files\/2025\/02\/b699a884-3271-4531-836e-837d1f93bbcf-676x478.jpg 676w, https:\/\/edublog.educastur.es\/maximili\/files\/2025\/02\/b699a884-3271-4531-836e-837d1f93bbcf.jpg 1600w\" sizes=\"auto, (max-width: 300px) 100vw, 300px\" \/><\/a><\/p>\n<p>&nbsp;<\/p>\n<p><a href=\"http:\/\/edublog.educastur.es\/maximili\/files\/2025\/01\/menu_enero_2025-scaled.jpg\">MEN\u00da DE ENERO DE 2025<\/a><\/p>\n<p><a href=\"http:\/\/edublog.educastur.es\/maximili\/files\/2025\/01\/menu_enero_2025-scaled.jpg\"><img loading=\"lazy\" decoding=\"async\" class=\"alignnone size-medium wp-image-761\" src=\"http:\/\/edublog.educastur.es\/maximili\/files\/2025\/01\/menu_enero_2025-300x212.jpg\" alt=\"\" width=\"300\" height=\"212\" srcset=\"https:\/\/edublog.educastur.es\/maximili\/files\/2025\/01\/menu_enero_2025-300x212.jpg 300w, https:\/\/edublog.educastur.es\/maximili\/files\/2025\/01\/menu_enero_2025-1024x724.jpg 1024w, https:\/\/edublog.educastur.es\/maximili\/files\/2025\/01\/menu_enero_2025-768x543.jpg 768w, https:\/\/edublog.educastur.es\/maximili\/files\/2025\/01\/menu_enero_2025-1536x1086.jpg 1536w, https:\/\/edublog.educastur.es\/maximili\/files\/2025\/01\/menu_enero_2025-2048x1448.jpg 2048w, https:\/\/edublog.educastur.es\/maximili\/files\/2025\/01\/menu_enero_2025-676x478.jpg 676w\" sizes=\"auto, (max-width: 300px) 100vw, 300px\" \/><\/a><\/p>\n<p><a href=\"http:\/\/edublog.educastur.es\/maximili\/files\/2024\/12\/menu_diciembre_2024-scaled.jpg\">MEN\u00da DE DICIEMBRE DE 2024<\/a><\/p>\n<p><a href=\"http:\/\/edublog.educastur.es\/maximili\/files\/2024\/12\/menu_diciembre_2024-scaled.jpg\"><img loading=\"lazy\" decoding=\"async\" class=\"alignnone size-medium wp-image-750\" src=\"http:\/\/edublog.educastur.es\/maximili\/files\/2024\/12\/menu_diciembre_2024-300x212.jpg\" alt=\"\" width=\"300\" height=\"212\" srcset=\"https:\/\/edublog.educastur.es\/maximili\/files\/2024\/12\/menu_diciembre_2024-300x212.jpg 300w, https:\/\/edublog.educastur.es\/maximili\/files\/2024\/12\/menu_diciembre_2024-1024x724.jpg 1024w, https:\/\/edublog.educastur.es\/maximili\/files\/2024\/12\/menu_diciembre_2024-768x543.jpg 768w, https:\/\/edublog.educastur.es\/maximili\/files\/2024\/12\/menu_diciembre_2024-1536x1086.jpg 1536w, https:\/\/edublog.educastur.es\/maximili\/files\/2024\/12\/menu_diciembre_2024-2048x1448.jpg 2048w, https:\/\/edublog.educastur.es\/maximili\/files\/2024\/12\/menu_diciembre_2024-676x478.jpg 676w\" sizes=\"auto, (max-width: 300px) 100vw, 300px\" \/><\/a><\/p>\n<p>&nbsp;<\/p>\n<p><a href=\"http:\/\/edublog.educastur.es\/maximili\/files\/2024\/10\/NOVIEMBRE_01-scaled.jpg\">MEN\u00da DE NOVIEMBRE DE 2024<\/a><\/p>\n<p><a href=\"http:\/\/edublog.educastur.es\/maximili\/files\/2024\/10\/NOVIEMBRE_01-scaled.jpg\"><img loading=\"lazy\" decoding=\"async\" class=\"alignnone size-medium wp-image-729\" src=\"http:\/\/edublog.educastur.es\/maximili\/files\/2024\/10\/NOVIEMBRE_01-300x212.jpg\" alt=\"\" width=\"300\" height=\"212\" srcset=\"https:\/\/edublog.educastur.es\/maximili\/files\/2024\/10\/NOVIEMBRE_01-300x212.jpg 300w, https:\/\/edublog.educastur.es\/maximili\/files\/2024\/10\/NOVIEMBRE_01-1024x724.jpg 1024w, https:\/\/edublog.educastur.es\/maximili\/files\/2024\/10\/NOVIEMBRE_01-768x543.jpg 768w, https:\/\/edublog.educastur.es\/maximili\/files\/2024\/10\/NOVIEMBRE_01-1536x1086.jpg 1536w, https:\/\/edublog.educastur.es\/maximili\/files\/2024\/10\/NOVIEMBRE_01-2048x1448.jpg 2048w, https:\/\/edublog.educastur.es\/maximili\/files\/2024\/10\/NOVIEMBRE_01-676x478.jpg 676w\" sizes=\"auto, (max-width: 300px) 100vw, 300px\" \/><\/a><\/p>\n<p>&nbsp;<\/p>\n<p><a href=\"http:\/\/edublog.educastur.es\/maximili\/files\/2024\/10\/menu-octubre-2024.jpg\">MEN\u00da DE OCTUBRE DE 2024<\/a><\/p>\n<p><a href=\"http:\/\/edublog.educastur.es\/maximili\/files\/2024\/10\/menu-octubre-2024.jpg\"><img loading=\"lazy\" decoding=\"async\" class=\"alignnone size-medium wp-image-714\" src=\"http:\/\/edublog.educastur.es\/maximili\/files\/2024\/10\/menu-octubre-2024-300x216.jpg\" alt=\"\" width=\"300\" height=\"216\" srcset=\"https:\/\/edublog.educastur.es\/maximili\/files\/2024\/10\/menu-octubre-2024-300x216.jpg 300w, https:\/\/edublog.educastur.es\/maximili\/files\/2024\/10\/menu-octubre-2024.jpg 597w\" sizes=\"auto, (max-width: 300px) 100vw, 300px\" \/><\/a><\/p>\n<p>&nbsp;<\/p>\n<p><a href=\"http:\/\/edublog.educastur.es\/maximili\/files\/2024\/05\/menu_mayo_2024-scaled.jpg\">MEN\u00da DE MAYO DE 2024<\/a><\/p>\n<p><img loading=\"lazy\" decoding=\"async\" class=\"alignnone size-medium wp-image-694\" src=\"http:\/\/edublog.educastur.es\/maximili\/files\/2024\/05\/menu_mayo_2024-300x212.jpg\" alt=\"\" width=\"300\" height=\"212\" srcset=\"https:\/\/edublog.educastur.es\/maximili\/files\/2024\/05\/menu_mayo_2024-300x212.jpg 300w, https:\/\/edublog.educastur.es\/maximili\/files\/2024\/05\/menu_mayo_2024-1024x724.jpg 1024w, https:\/\/edublog.educastur.es\/maximili\/files\/2024\/05\/menu_mayo_2024-768x543.jpg 768w, https:\/\/edublog.educastur.es\/maximili\/files\/2024\/05\/menu_mayo_2024-1536x1086.jpg 1536w, https:\/\/edublog.educastur.es\/maximili\/files\/2024\/05\/menu_mayo_2024-2048x1448.jpg 2048w, https:\/\/edublog.educastur.es\/maximili\/files\/2024\/05\/menu_mayo_2024-676x478.jpg 676w\" sizes=\"auto, (max-width: 300px) 100vw, 300px\" \/><\/p>\n<div class=\"translate-tooltip-mtz translator-hidden\">\n<div class=\"translated-text\">\n<div class=\"sentences\"><\/div>\n<\/div>\n<\/div>\n<p><a href=\"http:\/\/edublog.educastur.es\/maximili\/files\/2024\/04\/menu_abril_2024-scaled.jpg\">MEN\u00da DE ABRIL DE 2024<\/a><\/p>\n<p><a href=\"http:\/\/edublog.educastur.es\/maximili\/files\/2024\/04\/menu_abril_2024-scaled.jpg\"><img loading=\"lazy\" decoding=\"async\" class=\"alignnone size-medium wp-image-686\" src=\"http:\/\/edublog.educastur.es\/maximili\/files\/2024\/04\/menu_abril_2024-300x212.jpg\" alt=\"\" width=\"300\" height=\"212\" srcset=\"https:\/\/edublog.educastur.es\/maximili\/files\/2024\/04\/menu_abril_2024-300x212.jpg 300w, https:\/\/edublog.educastur.es\/maximili\/files\/2024\/04\/menu_abril_2024-1024x724.jpg 1024w, https:\/\/edublog.educastur.es\/maximili\/files\/2024\/04\/menu_abril_2024-768x543.jpg 768w, https:\/\/edublog.educastur.es\/maximili\/files\/2024\/04\/menu_abril_2024-1536x1086.jpg 1536w, https:\/\/edublog.educastur.es\/maximili\/files\/2024\/04\/menu_abril_2024-2048x1448.jpg 2048w, https:\/\/edublog.educastur.es\/maximili\/files\/2024\/04\/menu_abril_2024-676x478.jpg 676w\" sizes=\"auto, (max-width: 300px) 100vw, 300px\" \/><\/a><\/p>\n<p><a href=\"http:\/\/edublog.educastur.es\/maximili\/files\/2024\/03\/marzo-2024.jpg\">MEN\u00da DE MARZO DE 2024<\/a><\/p>\n<p><a href=\"http:\/\/edublog.educastur.es\/maximili\/files\/2024\/03\/marzo-2024.jpg\"><img loading=\"lazy\" decoding=\"async\" class=\"alignnone size-medium wp-image-680\" src=\"http:\/\/edublog.educastur.es\/maximili\/files\/2024\/03\/marzo-2024-300x212.jpg\" alt=\"\" width=\"300\" height=\"212\" srcset=\"https:\/\/edublog.educastur.es\/maximili\/files\/2024\/03\/marzo-2024-300x212.jpg 300w, https:\/\/edublog.educastur.es\/maximili\/files\/2024\/03\/marzo-2024-1024x724.jpg 1024w, https:\/\/edublog.educastur.es\/maximili\/files\/2024\/03\/marzo-2024-768x543.jpg 768w, https:\/\/edublog.educastur.es\/maximili\/files\/2024\/03\/marzo-2024-1536x1086.jpg 1536w, https:\/\/edublog.educastur.es\/maximili\/files\/2024\/03\/marzo-2024-676x478.jpg 676w, https:\/\/edublog.educastur.es\/maximili\/files\/2024\/03\/marzo-2024.jpg 1754w\" sizes=\"auto, (max-width: 300px) 100vw, 300px\" \/><\/a><\/p>\n<p>&nbsp;<\/p>\n<p><a href=\"http:\/\/edublog.educastur.es\/maximili\/files\/2024\/02\/menu_febrero_2024-scaled.jpg\">MEN\u00da DE FEBRERO DE 2024<\/a><\/p>\n<p><a href=\"http:\/\/edublog.educastur.es\/maximili\/files\/2024\/02\/menu_febrero_2024-scaled.jpg\"><img loading=\"lazy\" decoding=\"async\" class=\"alignnone size-medium wp-image-656\" src=\"http:\/\/edublog.educastur.es\/maximili\/files\/2024\/02\/menu_febrero_2024-300x212.jpg\" alt=\"\" width=\"300\" height=\"212\" srcset=\"https:\/\/edublog.educastur.es\/maximili\/files\/2024\/02\/menu_febrero_2024-300x212.jpg 300w, https:\/\/edublog.educastur.es\/maximili\/files\/2024\/02\/menu_febrero_2024-1024x724.jpg 1024w, https:\/\/edublog.educastur.es\/maximili\/files\/2024\/02\/menu_febrero_2024-768x543.jpg 768w, https:\/\/edublog.educastur.es\/maximili\/files\/2024\/02\/menu_febrero_2024-1536x1086.jpg 1536w, https:\/\/edublog.educastur.es\/maximili\/files\/2024\/02\/menu_febrero_2024-2048x1448.jpg 2048w, https:\/\/edublog.educastur.es\/maximili\/files\/2024\/02\/menu_febrero_2024-676x478.jpg 676w\" sizes=\"auto, (max-width: 300px) 100vw, 300px\" \/><\/a><\/p>\n<p>&nbsp;<\/p>\n<p><a href=\"http:\/\/edublog.educastur.es\/maximili\/files\/2024\/01\/menu_enero_2024_800x700.jpg\">MEN\u00da DE ENERO DE 2024<\/a><\/p>\n<p><a href=\"http:\/\/edublog.educastur.es\/maximili\/files\/2024\/01\/menu_enero_2024_800x700.jpg\"><img loading=\"lazy\" decoding=\"async\" class=\"alignnone size-medium wp-image-640\" src=\"http:\/\/edublog.educastur.es\/maximili\/files\/2024\/01\/menu_enero_2024_800x700-300x212.jpg\" alt=\"\" width=\"300\" height=\"212\" \/><\/a><\/p>\n<p>&nbsp;<\/p>\n","protected":false},"excerpt":{"rendered":"<p>ESPECIFICACIONES DE LOS MEN\u00daS &nbsp; MEN\u00da DE ABRIL DE 2026 MEN\u00da DE MARZO DE 2026 &nbsp; MEN\u00da DE FEBRERO DE 2026 &nbsp; MEN\u00da DE ENERO DE 2026 &nbsp; MEN\u00da DE DICIEMBRE DE 2025 &nbsp; MEN\u00da DE NOVIEMBRE DE 2025 MEN\u00da DE OCTUBRE DE 2025 &nbsp; MEN\u00da DE SEPTIEMBRE DE 2025 &nbsp; MEN\u00da DE MAYO DE [&hellip;]<\/p>\n","protected":false},"author":315,"featured_media":0,"parent":0,"menu_order":0,"comment_status":"closed","ping_status":"open","template":"","meta":{"footnotes":""},"class_list":["post-2","page","type-page","status-publish","hentry","post-preview"],"_links":{"self":[{"href":"https:\/\/edublog.educastur.es\/maximili\/wp-json\/wp\/v2\/pages\/2","targetHints":{"allow":["GET"]}}],"collection":[{"href":"https:\/\/edublog.educastur.es\/maximili\/wp-json\/wp\/v2\/pages"}],"about":[{"href":"https:\/\/edublog.educastur.es\/maximili\/wp-json\/wp\/v2\/types\/page"}],"author":[{"embeddable":true,"href":"https:\/\/edublog.educastur.es\/maximili\/wp-json\/wp\/v2\/users\/315"}],"replies":[{"embeddable":true,"href":"https:\/\/edublog.educastur.es\/maximili\/wp-json\/wp\/v2\/comments?post=2"}],"version-history":[{"count":69,"href":"https:\/\/edublog.educastur.es\/maximili\/wp-json\/wp\/v2\/pages\/2\/revisions"}],"predecessor-version":[{"id":979,"href":"https:\/\/edublog.educastur.es\/maximili\/wp-json\/wp\/v2\/pages\/2\/revisions\/979"}],"wp:attachment":[{"href":"https:\/\/edublog.educastur.es\/maximili\/wp-json\/wp\/v2\/media?parent=2"}],"curies":[{"name":"wp","href":"https:\/\/api.w.org\/{rel}","templated":true}]}}