{"id":42,"date":"2020-10-05T17:46:18","date_gmt":"2020-10-05T17:46:18","guid":{"rendered":"https:\/\/edublog.educastur.es\/maximili\/?page_id=42"},"modified":"2025-06-27T12:40:18","modified_gmt":"2025-06-27T10:40:18","slug":"libros-de-texto","status":"publish","type":"page","link":"https:\/\/edublog.educastur.es\/maximili\/libros-de-texto\/","title":{"rendered":"LIBROS DE TEXTO"},"content":{"rendered":"<p>LIBROS DE TEXTO PARA EL CURSO 2025 \/ 2026<\/p>\n<p>&nbsp;<\/p>\n<p><strong>El alumnado de 1.\u00ba y 2.\u00ba de Educaci\u00f3n Primaria que sea beneficiario de la beca de libros no deber\u00e1 adquirir ning\u00fan libro. Las familias del alumnado al que se le haya concedido la beca ser\u00e1n notificadas a trav\u00e9s de la aplicaci\u00f3n TokApp.\u00bb<\/strong><\/p>\n<p><strong>En 1.\u00ba de Primaria, adem\u00e1s, este curso no ser\u00e1 necesario que el alumnado compre el\u00a0<em>Activity Book<\/em>\u00a0de Ingl\u00e9s, \u00fanicamente deber\u00e1n adquirir el\u00a0<em>Class Book<\/em>.<\/strong><\/p>\n<p><strong>Todo\u00a0 alumnado de 3.\u00ba a 6.\u00ba de Primaria que lo dese\u00e9,\u00a0 dispondr\u00e1 de libros de texto gratuitos a trav\u00e9s del banco de libros del centro, a excepci\u00f3n del\u00a0<em>Activity Book<\/em><\/strong><strong> de Ingl\u00e9s, que deber\u00e1n comprarlo. <\/strong><strong>Los cursos de 3\u00ba y de 5\u00ba de primaria deber\u00e1n comprar el <em>Activity Book<\/em>\u00a0 <u>siguiendo las instrucciones dadas por\u00a0 las tutoras en junio.<\/u><\/strong><\/p>\n<p><strong>Se recomienda no desprecintar ning\u00fan libro ni escribir el nombre del alumno hasta confirmar que se trata del libro correcto. En caso contrario, no se podr\u00e1 realizar su devoluci\u00f3n ni cambio.<\/strong><\/p>\n<p><a href=\"http:\/\/edublog.educastur.es\/maximili\/files\/2025\/06\/libros-texto-2025_26-1-scaled.jpg\"><img loading=\"lazy\" decoding=\"async\" class=\"alignnone size-medium wp-image-868\" src=\"http:\/\/edublog.educastur.es\/maximili\/files\/2025\/06\/libros-texto-2025_26-1-212x300.jpg\" alt=\"\" width=\"212\" height=\"300\" srcset=\"https:\/\/edublog.educastur.es\/maximili\/files\/2025\/06\/libros-texto-2025_26-1-212x300.jpg 212w, https:\/\/edublog.educastur.es\/maximili\/files\/2025\/06\/libros-texto-2025_26-1-724x1024.jpg 724w, https:\/\/edublog.educastur.es\/maximili\/files\/2025\/06\/libros-texto-2025_26-1-768x1086.jpg 768w, https:\/\/edublog.educastur.es\/maximili\/files\/2025\/06\/libros-texto-2025_26-1-1086x1536.jpg 1086w, https:\/\/edublog.educastur.es\/maximili\/files\/2025\/06\/libros-texto-2025_26-1-1449x2048.jpg 1449w, https:\/\/edublog.educastur.es\/maximili\/files\/2025\/06\/libros-texto-2025_26-1-676x956.jpg 676w, https:\/\/edublog.educastur.es\/maximili\/files\/2025\/06\/libros-texto-2025_26-1-scaled.jpg 1811w\" sizes=\"auto, (max-width: 212px) 100vw, 212px\" \/><\/a><\/p>\n<p><a href=\"http:\/\/edublog.educastur.es\/maximili\/files\/2025\/06\/libros-texto-2025_26-2-scaled.jpg\"><img loading=\"lazy\" decoding=\"async\" class=\"alignnone size-medium wp-image-870\" src=\"http:\/\/edublog.educastur.es\/maximili\/files\/2025\/06\/libros-texto-2025_26-2-212x300.jpg\" alt=\"\" width=\"212\" height=\"300\" srcset=\"https:\/\/edublog.educastur.es\/maximili\/files\/2025\/06\/libros-texto-2025_26-2-212x300.jpg 212w, https:\/\/edublog.educastur.es\/maximili\/files\/2025\/06\/libros-texto-2025_26-2-724x1024.jpg 724w, https:\/\/edublog.educastur.es\/maximili\/files\/2025\/06\/libros-texto-2025_26-2-768x1086.jpg 768w, https:\/\/edublog.educastur.es\/maximili\/files\/2025\/06\/libros-texto-2025_26-2-1086x1536.jpg 1086w, https:\/\/edublog.educastur.es\/maximili\/files\/2025\/06\/libros-texto-2025_26-2-1449x2048.jpg 1449w, https:\/\/edublog.educastur.es\/maximili\/files\/2025\/06\/libros-texto-2025_26-2-676x956.jpg 676w, https:\/\/edublog.educastur.es\/maximili\/files\/2025\/06\/libros-texto-2025_26-2-scaled.jpg 1811w\" sizes=\"auto, (max-width: 212px) 100vw, 212px\" \/><\/a><\/p>\n<p>&nbsp;<\/p>\n<p>&nbsp;<\/p>\n","protected":false},"excerpt":{"rendered":"<p>LIBROS DE TEXTO PARA EL CURSO 2025 \/ 2026 &nbsp; El alumnado de 1.\u00ba y 2.\u00ba de Educaci\u00f3n Primaria que sea beneficiario de la beca de libros no deber\u00e1 adquirir ning\u00fan libro. Las familias del alumnado al que se le haya concedido la beca ser\u00e1n notificadas a trav\u00e9s de la aplicaci\u00f3n TokApp.\u00bb En 1.\u00ba de [&hellip;]<\/p>\n","protected":false},"author":315,"featured_media":0,"parent":0,"menu_order":0,"comment_status":"closed","ping_status":"closed","template":"","meta":{"footnotes":""},"class_list":["post-42","page","type-page","status-publish","hentry","post-preview"],"_links":{"self":[{"href":"https:\/\/edublog.educastur.es\/maximili\/wp-json\/wp\/v2\/pages\/42","targetHints":{"allow":["GET"]}}],"collection":[{"href":"https:\/\/edublog.educastur.es\/maximili\/wp-json\/wp\/v2\/pages"}],"about":[{"href":"https:\/\/edublog.educastur.es\/maximili\/wp-json\/wp\/v2\/types\/page"}],"author":[{"embeddable":true,"href":"https:\/\/edublog.educastur.es\/maximili\/wp-json\/wp\/v2\/users\/315"}],"replies":[{"embeddable":true,"href":"https:\/\/edublog.educastur.es\/maximili\/wp-json\/wp\/v2\/comments?post=42"}],"version-history":[{"count":20,"href":"https:\/\/edublog.educastur.es\/maximili\/wp-json\/wp\/v2\/pages\/42\/revisions"}],"predecessor-version":[{"id":874,"href":"https:\/\/edublog.educastur.es\/maximili\/wp-json\/wp\/v2\/pages\/42\/revisions\/874"}],"wp:attachment":[{"href":"https:\/\/edublog.educastur.es\/maximili\/wp-json\/wp\/v2\/media?parent=42"}],"curies":[{"name":"wp","href":"https:\/\/api.w.org\/{rel}","templated":true}]}}