{"id":1109,"date":"2022-11-28T17:08:39","date_gmt":"2022-11-28T17:08:39","guid":{"rendered":"https:\/\/edublog.educastur.es\/menospantallasmasvida\/?page_id=1109"},"modified":"2023-02-09T12:35:01","modified_gmt":"2023-02-09T12:35:01","slug":"centros","status":"publish","type":"page","link":"https:\/\/edublog.educastur.es\/menospantallasmasvida\/centros\/","title":{"rendered":"\u00bfC\u00d3MO PARTICIPAR?"},"content":{"rendered":"\n<div class=\"wp-block-columns alignfull has-secondary-color has-text-color has-background is-layout-flex wp-container-core-columns-is-layout-9d6595d7 wp-block-columns-is-layout-flex\" style=\"background-color:#ffc926\">\n<div class=\"wp-block-column is-layout-flow wp-block-column-is-layout-flow\" style=\"flex-basis:100%\">\n<p class=\"has-text-align-center has-larger-font-size\"><a rel=\"noreferrer noopener\" href=\"https:\/\/www.educastur.es\/documents\/34868\/502114\/2022-10-AT-bases-centros-plazos.pdf\/93db0d3f-7201-5b47-28c9-9b929ce2d034?t=1665575092432\" target=\"_blank\"><strong><span style=\"color:#444444\" class=\"tadv-color\"><span style=\"text-decoration: underline\" class=\"underline\">Bases de participaci\u00f3n de centros educativos<\/span><\/span><\/strong><\/a><span style=\"color:#6d6d6d\" class=\"tadv-color\"> <\/span><span style=\"color:#444444\" class=\"tadv-color\">(pdf)<\/span><\/p>\n<\/div>\n<\/div>\n\n\n\n<div class=\"wp-block-columns alignwide is-layout-flex wp-container-core-columns-is-layout-9d6595d7 wp-block-columns-is-layout-flex\">\n<div class=\"wp-block-column is-layout-flow wp-block-column-is-layout-flow\" style=\"flex-basis:100%\">\n<p class=\"has-large-font-size\"><span style=\"color:#6d6d6d\" class=\"tadv-color\">La Consejer\u00eda de Educaci\u00f3n propone varios temas a lo largo del curso para que los centros puedan unirse a la campa\u00f1a con sus microproyectos.<\/span> <span style=\"background-color:#6d6d6d\" class=\"tadv-background-color\"><span style=\"color:#ffffff\" class=\"tadv-color\"><strong>No es necesario inscribirse<\/strong>.<\/span><\/span><\/p>\n<\/div>\n<\/div>\n\n\n\n<h2 class=\"has-text-align-center wp-block-heading\" id=\"temas\"><span style=\"color:#444444\" class=\"tadv-color\">LOS TEMAS<\/span><\/h2>\n\n\n\n<div class=\"wp-block-columns alignfull has-background-color has-secondary-background-color has-text-color has-background is-layout-flex wp-container-core-columns-is-layout-9d6595d7 wp-block-columns-is-layout-flex\">\n<div class=\"wp-block-column is-layout-flow wp-block-column-is-layout-flow\">\n<h2 class=\"has-larger-font-size wp-block-heading\"><span style=\"background-color:#fe4b4b\" class=\"tadv-background-color\">OTO\u00d1O. Salud y vida<\/span><\/h2>\n\n\n\n<p class=\"has-normal-font-size\"><span style=\"color:#ffffff\" class=\"tadv-color\"><span style=\"background-color:#ff4c4c\" class=\"tadv-background-color\">#VoyA ClaseEnBici<\/span><\/span><\/p>\n\n\n\n<p style=\"font-size:24px\">Los h\u00e1bitos saludables, pasear por la naturaleza, el tiempo con la familia y las amistades, son la mejor prevenci\u00f3n contra las adicciones tecnol\u00f3gicas.<\/p>\n\n\n\n<p class=\"has-small-font-size\"><span style=\"background-color:#dbdbdb\" class=\"tadv-background-color\"><span style=\"color:#000000\" class=\"tadv-color\"><strong>Entregas: <\/strong>15-10 al 15-11<\/span><\/span><\/p>\n<\/div>\n\n\n\n<div class=\"wp-block-column is-layout-flow wp-block-column-is-layout-flow\">\n<h2 class=\"has-larger-font-size wp-block-heading\"><span style=\"background-color:#635eac\" class=\"tadv-background-color\">INVIERNO. Uso seguro de la tecnolog\u00eda<\/span><\/h2>\n\n\n\n<p class=\"has-normal-font-size\"><span style=\"background-color:#625eae\" class=\"tadv-background-color\">#CuandoHacesClicPierdesElControl<\/span><\/p>\n\n\n\n<p style=\"font-size:20px\">Piensa antes de compartir en internet: el p\u00fablico potencial es el mundo entero. Adopta precauciones para protegerte de los peligros de internet y del ciberacoso.<\/p>\n\n\n\n<p class=\"has-small-font-size\"><span style=\"background-color:#dbdbdb\" class=\"tadv-background-color\"><span style=\"color:#000000\" class=\"tadv-color\"><strong>Entregas: <\/strong>01-01 al 31-01<\/span><\/span><\/p>\n<\/div>\n\n\n\n<div class=\"wp-block-column is-layout-flow wp-block-column-is-layout-flow\">\n<h2 class=\"has-larger-font-size wp-block-heading\"><span style=\"background-color:#20b59e\" class=\"tadv-background-color\">PRIMAVERA. Ocio saludable<\/span><\/h2>\n\n\n\n<p class=\"has-normal-font-size\"><span style=\"background-color:#21b69f\" class=\"tadv-background-color\">#LasCosasBuenasPasanEnLaVidaReal<\/span><\/p>\n\n\n\n<p style=\"font-size:23px\">Disfruta de tus aficiones favoritas y de la gente que te rodea. Desarrolla tus <em>Me gusta<\/em> sin dispositivos, ni redes, ni <em>selfies<\/em>, ni clics.<\/p>\n\n\n\n<p class=\"has-small-font-size\"><span style=\"background-color:#dbdbdb\" class=\"tadv-background-color\"><span style=\"color:#000000\" class=\"tadv-color\"><strong>Entregas:<\/strong> 01-03 al 31-03<\/span><\/span><\/p>\n<\/div>\n\n\n\n<div class=\"wp-block-column is-layout-flow wp-block-column-is-layout-flow\">\n<h2 class=\"has-larger-font-size wp-block-heading\"><span style=\"background-color:#fec826\" class=\"tadv-background-color\">VERANO. Tecnolog\u00eda, vida y familia<\/span><\/h2>\n\n\n\n<p class=\"has-normal-font-size\"><span style=\"background-color:#ffc926\" class=\"tadv-background-color\">#\u00bfHacemosUnPacto?<\/span><\/p>\n\n\n\n<p style=\"font-size:19px\"><strong><span style=\"color:#ffffff\" class=\"tadv-color\">T\u00da. <\/span><\/strong>Cuida tu salud, convive con gente <em>real<\/em>. Tu tiempo y tu vida son para ti, no solo para tus dispositivos.<br><strong><span style=\"color:#ffffff\" class=\"tadv-color\">TU FAMILIA.<\/span><\/strong> Pacto familiar de uso responsable de la tecnolog\u00eda. Estar al d\u00eda de la tecnolog\u00eda para prevenir adicciones y riesgos.<\/p>\n\n\n\n<p class=\"has-small-font-size\"><span style=\"background-color:#dbdbdb\" class=\"tadv-background-color\"><span style=\"color:#000000\" class=\"tadv-color\"><strong>Entregas: <\/strong>01-05 al 31-05<\/span><\/span><\/p>\n<\/div>\n\n\n\n<div class=\"wp-block-column is-layout-flow wp-block-column-is-layout-flow\">\n<h2 class=\"has-larger-font-size wp-block-heading\"><span style=\"background-color:#25c8fe\" class=\"tadv-background-color\">TODO EL CURSO. El futuro<\/span><\/h2>\n\n\n\n<p class=\"has-normal-font-size\"><span style=\"background-color:#26c9ff\" class=\"tadv-background-color\">#MiMundoDentroDe20A\u00f1os<\/span><\/p>\n\n\n\n<p class=\"has-normal-font-size\">Reflexi\u00f3n sobre la evoluci\u00f3n de la tecnolog\u00eda y c\u00f3mo ser\u00e1 el mundo en 20 a\u00f1os: impacto en la vida cotidiana, tecnolog\u00eda m\u00e1s o menos <em>humana<\/em>, viviremos con los pies en el suelo o en las <em>nubes<\/em>, mundos dist\u00f3picos&#8230;<\/p>\n\n\n\n<p class=\"has-small-font-size\"><span style=\"background-color:#dbdbdb\" class=\"tadv-background-color\"><span style=\"color:#000000\" class=\"tadv-color\"><strong>Entregas:<\/strong> 15-10 al 31-05<\/span><\/span><\/p>\n<\/div>\n<\/div>\n\n\n\n<h2 class=\"alignfull has-text-align-center wp-block-heading\"><span style=\"color:#444444\" class=\"tadv-color\"><strong>LOS MICROPROYECTOS<\/strong><\/span><\/h2>\n\n\n\n<div class=\"wp-block-columns alignfull are-vertically-aligned-center has-background is-layout-flex wp-container-core-columns-is-layout-9d6595d7 wp-block-columns-is-layout-flex\" style=\"background-color:#21b69f\">\n<div class=\"wp-block-column is-vertically-aligned-center is-layout-flow wp-block-column-is-layout-flow\">\n<div class=\"wp-block-columns has-background-background-color has-background is-layout-flex wp-container-core-columns-is-layout-9d6595d7 wp-block-columns-is-layout-flex\">\n<div class=\"wp-block-column is-layout-flow wp-block-column-is-layout-flow\" style=\"flex-basis:100%\">\n<p class=\"has-large-font-size\"><span style=\"color:#6d6d6d\" class=\"tadv-color\"><strong>UN MICROPROYECTO<\/strong>&nbsp;es una propuesta educativa breve, din\u00e1mica y atractiva, basada en material multimedia y actividades de reflexi\u00f3n, investigaci\u00f3n, juego&#8230; y desarrollo transversal de temas y competencias.<\/span><\/p>\n<\/div>\n<\/div>\n<\/div>\n\n\n\n<div class=\"wp-block-column is-vertically-aligned-center is-layout-flow wp-block-column-is-layout-flow\">\n<div class=\"wp-block-columns alignfull has-background is-layout-flex wp-container-core-columns-is-layout-9d6595d7 wp-block-columns-is-layout-flex\" style=\"background-color:#21b69f\">\n<div class=\"wp-block-column is-layout-flow wp-block-column-is-layout-flow\" style=\"flex-basis:100%\">\n<h2 class=\"alignwide has-text-align-center has-larger-font-size wp-block-heading\"><span style=\"color:#ffffff\" class=\"tadv-color\"><strong>MICROPROYECTOS<\/strong><\/span><\/h2>\n\n\n\n<p class=\"has-text-align-center has-normal-font-size\"><a rel=\"noreferrer noopener\" href=\"https:\/\/edublog.educastur.es\/menospantallasmasvida\/microproyectos\" target=\"_blank\"><strong><\/strong><\/a><strong><a rel=\"noreferrer noopener\" href=\"https:\/\/www.educastur.es\/documents\/34868\/502114\/2022-10-AT-campa%C3%B1a-descripcion.pdf\/77e2e20e-aec4-5a1d-caaa-b54f6043d3d0?t=1665575093562\" target=\"_blank\"><span style=\"color:#ffffff\" class=\"tadv-color\"><span style=\"text-decoration: underline\" class=\"underline\">Descripci\u00f3n de la campa\u00f1a<\/span><\/span><\/a><span style=\"color:#ffffff\" class=\"tadv-color\">&nbsp;(pdf)<br><\/span><a rel=\"noreferrer noopener\" class=\"\" href=\"https:\/\/www.educastur.es\/documents\/34868\/502114\/2022-10-AT-bases-centros-plazos.pdf\/93db0d3f-7201-5b47-28c9-9b929ce2d034?t=1665575092432\" target=\"_blank\"><span style=\"color:#ffffff\" class=\"tadv-color\"><span style=\"text-decoration: underline\" class=\"underline\">Bases de participaci\u00f3n<\/span><\/span><\/a><span style=\"color:#ffffff\" class=\"tadv-color\">&nbsp;(pdf)<\/span><\/strong><\/p>\n<\/div>\n<\/div>\n<\/div>\n<\/div>\n\n\n\n<div class=\"wp-block-columns alignfull is-layout-flex wp-container-core-columns-is-layout-9d6595d7 wp-block-columns-is-layout-flex\">\n<div class=\"wp-block-column is-vertically-aligned-center is-layout-flow wp-block-column-is-layout-flow\" style=\"flex-basis:100%\">\n<h2 class=\"has-text-align-center wp-block-heading\" id=\"calendario\"><span style=\"color:#444444\" class=\"tadv-color\"><strong>EL CALENDARIO<\/strong><\/span><\/h2>\n\n\n\n<div class=\"wp-block-image\"><figure class=\"aligncenter size-full\"><a href=\"https:\/\/edublog.educastur.es\/menospantallasmasvida\/files\/2022\/12\/AT-calendario.png\"><img loading=\"lazy\" decoding=\"async\" width=\"1000\" height=\"759\" src=\"https:\/\/edublog.educastur.es\/menospantallasmasvida\/files\/2022\/12\/AT-calendario.png\" alt=\"Menos pantallas, m\u00e1s vida. CALENDARIO\" class=\"wp-image-1224\" srcset=\"https:\/\/edublog.educastur.es\/menospantallasmasvida\/files\/2022\/12\/AT-calendario.png 1000w, https:\/\/edublog.educastur.es\/menospantallasmasvida\/files\/2022\/12\/AT-calendario-300x228.png 300w, https:\/\/edublog.educastur.es\/menospantallasmasvida\/files\/2022\/12\/AT-calendario-768x583.png 768w\" sizes=\"auto, (max-width: 1000px) 100vw, 1000px\" \/><\/a><\/figure><\/div>\n<\/div>\n<\/div>\n\n\n\n<h2 class=\"alignfull has-text-align-center wp-block-heading\"><span style=\"color:#444444\" class=\"tadv-color\"><strong>LA ENTREGA A LA CONSEJER\u00cdA<\/strong><\/span><\/h2>\n\n\n\n<div class=\"wp-block-columns alignfull has-background is-layout-flex wp-container-core-columns-is-layout-9d6595d7 wp-block-columns-is-layout-flex\" style=\"background-color:#635eac\">\n<div class=\"wp-block-column is-layout-flow wp-block-column-is-layout-flow\" style=\"flex-basis:50%\">\n<div class=\"wp-block-group alignwide has-background\" style=\"background-color:#ffffff\"><div class=\"wp-block-group__inner-container is-layout-flow wp-block-group-is-layout-flow\">\n<div class=\"wp-block-group has-background\" style=\"background-color:#f1f1f1\"><div class=\"wp-block-group__inner-container is-layout-flow wp-block-group-is-layout-flow\">\n<p class=\"has-normal-font-size\" id=\"block-dea8f59a-6cab-4556-ba71-5b32416929b4\"><span style=\"color:#ffffff\" class=\"tadv-color\"><span style=\"background-color:#635eac\" class=\"tadv-background-color\">&#8211; <strong>No se requiere inscripci\u00f3n, solo enviar los mircroproyectos.<\/strong><\/span><br><\/span>&#8211; El centro puede elegir el o los temas de su inter\u00e9s, sin comprometerse a participar en todos los propuestos en la campa\u00f1a.<br>&#8211; Se deben seguir las indicaciones de las <a rel=\"noreferrer noopener\" href=\"https:\/\/www.educastur.es\/documents\/34868\/502114\/2022-10-AT-bases-centros-plazos.pdf\/93db0d3f-7201-5b47-28c9-9b929ce2d034?t=1665575092432\" target=\"_blank\">bases de participaci\u00f3n<\/a>: entregar el <em>c\u00f3mo se hizo<\/em> y los cr\u00e9ditos completos; todo el material con licencia CC BY-NC-SA; permisos de reproducci\u00f3n de datos e imagen personal; respetar los formatos indicados.<\/p>\n<\/div><\/div>\n<\/div><\/div>\n<\/div>\n\n\n\n<div class=\"wp-block-column is-vertically-aligned-center is-layout-flow wp-block-column-is-layout-flow\" style=\"flex-basis:50%\">\n<h2 class=\"has-text-align-center wp-block-heading\" id=\"block-dea8f59a-6cab-4556-ba71-5b32416929b4\" style=\"font-size:40px\"><span style=\"color:#ffffff\" class=\"tadv-color\"><strong>Env\u00edo de los microproyectos:<\/strong><\/span><\/h2>\n\n\n\n<p class=\"has-text-align-center has-large-font-size\"><a rel=\"noreferrer noopener\" class=\"\" href=\"mailto:vidasaludable@educastur.org\" target=\"_blank\"><span style=\"color:#ffffff\" class=\"tadv-color\"><span style=\"text-decoration: underline\" class=\"underline\">vidasaludable@educastur.org<\/span><\/span><\/a><\/p>\n\n\n\n<p><\/p>\n\n\n\n<p class=\"has-text-align-center has-small-font-size\"><span style=\"background-color:#ffffff\" class=\"tadv-background-color\"><span style=\"color:#635eac\" class=\"tadv-color\"><strong>Con el VB del centro y desde su cuenta institucional.<\/strong><\/span><\/span><\/p>\n<\/div>\n<\/div>\n\n\n\n<h2 class=\"has-text-align-center wp-block-heading\">PARA INSPIRARSE<\/h2>\n\n\n\n<div class=\"wp-block-columns alignfull are-vertically-aligned-center has-background is-layout-flex wp-container-core-columns-is-layout-9d6595d7 wp-block-columns-is-layout-flex\" style=\"background-color:#ff4c4c\">\n<div class=\"wp-block-column is-vertically-aligned-center is-layout-flow wp-block-column-is-layout-flow\" style=\"flex-basis:100%\">\n<div class=\"wp-block-columns is-layout-flex wp-container-core-columns-is-layout-9d6595d7 wp-block-columns-is-layout-flex\">\n<div class=\"wp-block-column is-layout-flow wp-block-column-is-layout-flow\">\n<h2 class=\"has-text-align-center has-background-background-color has-background has-larger-font-size wp-block-heading\"><a rel=\"noreferrer noopener\" href=\"https:\/\/edublog.educastur.es\/menospantallasmasvida\/#microproyectos\" target=\"_blank\"><span style=\"color:#ff4c4c\" class=\"tadv-color\"><span style=\"text-decoration: underline\" class=\"underline\"><strong>Ver los microproyectos de los centros educativos<\/strong><\/span><\/span><\/a><\/h2>\n<\/div>\n\n\n\n<div class=\"wp-block-column is-vertically-aligned-center is-layout-flow wp-block-column-is-layout-flow\">\n<h2 class=\"has-text-align-center has-larger-font-size wp-block-heading\"><span style=\"color:#ffffff\" class=\"tadv-color\"><strong>EJEMPLO<\/strong>:<\/span><br><span style=\"color:#ffffff\" class=\"tadv-color\">microproyecto de oto\u00f1o<br><\/span><strong><a href=\"https:\/\/edublog.educastur.es\/menospantallasmasvida\/otono-voyaclaseenbici\/\" target=\"_blank\" rel=\"noreferrer noopener\"><span style=\"color:#ffffff\" class=\"tadv-color\"><span style=\"text-decoration: underline\" class=\"underline\">#<em>VoyAClaseEnBici<\/em><\/span><\/span><\/a><\/strong><\/h2>\n<\/div>\n<\/div>\n<\/div>\n<\/div>\n\n\n\n<p class=\"has-text-align-center has-large-font-size\"><a rel=\"noreferrer noopener\" href=\"https:\/\/www.educastur.es\/documents\/34868\/502114\/2022-10-AT-bases-centros-plazos.pdf\/93db0d3f-7201-5b47-28c9-9b929ce2d034?t=1665575092432\" target=\"_blank\"><strong><span style=\"color:#444444\" class=\"tadv-color\"><span style=\"text-decoration: underline\" class=\"underline\">Bases de participaci\u00f3n de centros educativos<\/span><\/span><\/strong><\/a><span style=\"color:#000000\" class=\"tadv-color\"> (pdf)<\/span><\/p>\n","protected":false},"excerpt":{"rendered":"<p>Bases de participaci\u00f3n de centros educativos (pdf) La Consejer\u00eda de Educaci\u00f3n propone varios temas a lo largo del curso para que los centros puedan unirse a la campa\u00f1a con sus microproyectos. No es necesario inscribirse. LOS TEMAS OTO\u00d1O. Salud y vida #VoyA ClaseEnBici Los h\u00e1bitos saludables, pasear por la naturaleza, el tiempo con la familia [&hellip;]<\/p>\n","protected":false},"author":7,"featured_media":0,"parent":0,"menu_order":2,"comment_status":"closed","ping_status":"closed","template":"templates\/template-full-width.php","meta":{"footnotes":""},"class_list":["post-1109","page","type-page","status-publish","hentry"],"_links":{"self":[{"href":"https:\/\/edublog.educastur.es\/menospantallasmasvida\/wp-json\/wp\/v2\/pages\/1109","targetHints":{"allow":["GET"]}}],"collection":[{"href":"https:\/\/edublog.educastur.es\/menospantallasmasvida\/wp-json\/wp\/v2\/pages"}],"about":[{"href":"https:\/\/edublog.educastur.es\/menospantallasmasvida\/wp-json\/wp\/v2\/types\/page"}],"author":[{"embeddable":true,"href":"https:\/\/edublog.educastur.es\/menospantallasmasvida\/wp-json\/wp\/v2\/users\/7"}],"replies":[{"embeddable":true,"href":"https:\/\/edublog.educastur.es\/menospantallasmasvida\/wp-json\/wp\/v2\/comments?post=1109"}],"version-history":[{"count":48,"href":"https:\/\/edublog.educastur.es\/menospantallasmasvida\/wp-json\/wp\/v2\/pages\/1109\/revisions"}],"predecessor-version":[{"id":1911,"href":"https:\/\/edublog.educastur.es\/menospantallasmasvida\/wp-json\/wp\/v2\/pages\/1109\/revisions\/1911"}],"wp:attachment":[{"href":"https:\/\/edublog.educastur.es\/menospantallasmasvida\/wp-json\/wp\/v2\/media?parent=1109"}],"curies":[{"name":"wp","href":"https:\/\/api.w.org\/{rel}","templated":true}]}}