{"id":1433,"date":"2022-12-05T11:21:42","date_gmt":"2022-12-05T11:21:42","guid":{"rendered":"https:\/\/edublog.educastur.es\/menospantallasmasvida\/?page_id=1433"},"modified":"2023-05-08T16:51:45","modified_gmt":"2023-05-08T16:51:45","slug":"invierno-uso-seguro","status":"publish","type":"page","link":"https:\/\/edublog.educastur.es\/menospantallasmasvida\/invierno-uso-seguro\/","title":{"rendered":"INVIERNO. Uso seguro de la tecnolog\u00eda"},"content":{"rendered":"\n<div class=\"wp-block-group alignwide\"><div class=\"wp-block-group__inner-container is-layout-flow wp-block-group-is-layout-flow\">\n<div class=\"wp-block-columns alignwide are-vertically-aligned-center is-layout-flex wp-container-core-columns-is-layout-9d6595d7 wp-block-columns-is-layout-flex\">\n<div class=\"wp-block-column is-vertically-aligned-center is-layout-flow wp-block-column-is-layout-flow\">\n<div class=\"wp-block-columns alignwide has-background is-layout-flex wp-container-core-columns-is-layout-9d6595d7 wp-block-columns-is-layout-flex\" style=\"background-color:#6360ae\">\n<div class=\"wp-block-column is-layout-flow wp-block-column-is-layout-flow\" style=\"flex-basis:50%\">\n<p style=\"font-size:20px\"><span style=\"color: #ffffff\" class=\"tadv-color\">Piensa antes de compartir fotos, informaci\u00f3n, datos personales, comentarios sobre personas, porque el p\u00fablico potencial es el mundo entero. Procura estar al tanto de las novedades tecnol\u00f3gicas y adopta todas las precauciones posibles para protegerte en internet y del ciberacoso.<\/span><\/p>\n<\/div>\n\n\n\n<div class=\"wp-block-column is-vertically-aligned-center is-layout-flow wp-block-column-is-layout-flow\" style=\"flex-basis:50%\">\n<h2 class=\"has-text-align-center has-background-background-color has-background has-normal-font-size wp-block-heading\"><span style=\"color: #000000\" class=\"tadv-color\"><strong>CALENDARIO.<\/strong> <strong>Invierno: diciembre-febrero<\/strong><br><strong>LEMA:<\/strong> <em><strong>#CuandoHacesClicPierdesElControl<\/strong><\/em><\/span><br><strong><a rel=\"noreferrer noopener\" href=\"https:\/\/edublog.educastur.es\/menospantallasmasvida\/portada\/centros\/\" target=\"_blank\"><span style=\"color:#000000\" class=\"tadv-color\"><span style=\"text-decoration: underline\" class=\"underline\">\u00bfC\u00f3mo participar?<\/span><\/span><\/a><\/strong><\/h2>\n<\/div>\n<\/div>\n<\/div>\n<\/div>\n<\/div><\/div>\n\n\n\n<div class=\"wp-block-columns alignfull has-secondary-background-color has-background is-layout-flex wp-container-core-columns-is-layout-9d6595d7 wp-block-columns-is-layout-flex\">\n<div class=\"wp-block-column is-layout-flow wp-block-column-is-layout-flow\" style=\"flex-basis:100%\">\n<h2 class=\"has-text-align-center wp-block-heading\" style=\"font-size:50px\"><span style=\"color:#ffffff\" class=\"tadv-color\">MICROPROYECTOS<\/span><\/h2>\n<\/div>\n<\/div>\n\n\n\n<div class=\"wp-block-columns alignwide is-layout-flex wp-container-core-columns-is-layout-9d6595d7 wp-block-columns-is-layout-flex\">\n<div class=\"wp-block-column is-vertically-aligned-center is-layout-flow wp-block-column-is-layout-flow\">\n<p class=\"has-background\" style=\"background-color:#6360ae;font-size:20px\"><span style=\"color:#ffffff\" class=\"tadv-color\"><strong>CENTRO. CIFP Imagen y Sonido (CISLAN) (Langreo)<\/strong><br><strong>T\u00cdTULO.<\/strong> <\/span><span style=\"color:#fb4a4a\" class=\"tadv-color\"><span style=\"background-color:#ffffff\" class=\"tadv-background-color\"> <\/span><\/span><span style=\"background-color:#ffffff\" class=\"tadv-background-color\"><span style=\"color:#6360ae\" class=\"tadv-color\"><strong>Cuando haces clic pierdes en control  <\/strong><\/span><\/span><span style=\"color:#fb4a4a\" class=\"tadv-color\"><span style=\"background-color:#ffffff\" class=\"tadv-background-color\"> <\/span> <\/span><span style=\"color:#ffffff\" class=\"tadv-color\"><br><strong>TEMA.<\/strong> Invierno. Uso seguro de la tecnolog\u00eda  <br><strong>ENSE\u00d1ANZA. <\/strong>Todas las ense\u00f1anzas  <br><strong>FORMATO. <\/strong>Cartel, animaci\u00f3n, podcast<br><strong>ACTIVIDADES. <\/strong>&nbsp;Tormenta de ideas: storyboard, podcast. Propuesta de actividades para 3-10 a\u00f1os y 11-17 a\u00f1os<\/span><\/p>\n<\/div>\n\n\n\n<div class=\"wp-block-column is-vertically-aligned-center is-layout-flow wp-block-column-is-layout-flow\">\n<h2 class=\"has-text-align-center has-large-font-size wp-block-heading\"><em>Cuando haces clic pierdes el control<\/em><br><strong>CIFP Imagen y Sonido (CISLAN) (Langreo)<\/strong><\/h2>\n\n\n\n<div class=\"wp-block-buttons is-content-justification-center is-layout-flex wp-block-buttons-is-layout-flex\">\n<div class=\"wp-block-button is-style-fill\"><a class=\"wp-block-button__link has-background\" href=\"https:\/\/edublog.educastur.es\/menospantallasmasvida\/2023-invierno-cifp-imagen-y-sonido-langreo\/\" style=\"background-color:#6360ae\" target=\"_blank\" rel=\"noreferrer noopener\">ver microproyecto<\/a><\/div>\n<\/div>\n<\/div>\n<\/div>\n\n\n\n<div class=\"wp-block-columns alignwide is-layout-flex wp-container-core-columns-is-layout-9d6595d7 wp-block-columns-is-layout-flex\">\n<div class=\"wp-block-column is-vertically-aligned-top is-layout-flow wp-block-column-is-layout-flow\">\n<div class=\"wp-block-columns is-layout-flex wp-container-core-columns-is-layout-9d6595d7 wp-block-columns-is-layout-flex\">\n<div class=\"wp-block-column is-layout-flow wp-block-column-is-layout-flow\" style=\"flex-basis:100%\">\n<p class=\"has-secondary-background-color has-background\" style=\"font-size:20px\"><strong><span style=\"color:#ffffff\" class=\"tadv-color\">CENTRO. CP Villafr\u00eda de Otero (Oviedo)<\/span><\/strong>  <br><strong><span style=\"color:#ffffff\" class=\"tadv-color\">T\u00cdTULO.<\/span><\/strong> <span style=\"color:#fb4a4a\" class=\"tadv-color\"><span style=\"background-color:#ffffff\" class=\"tadv-background-color\"> <\/span><\/span><span style=\"background-color:#ffffff\" class=\"tadv-background-color\"><span style=\"color:#6d6d6d\" class=\"tadv-color\"><strong>Cuando haces clic pierdes el control   <\/strong><\/span><\/span><span style=\"color:#fb4a4a\" class=\"tadv-color\"> <\/span> <br><span style=\"color:#ffffff\" class=\"tadv-color\"><strong>TEMA.<\/strong> Invierno. Uso seguro de la tecnolog\u00eda<br><strong>ENSE\u00d1ANZA. <\/strong>Infantil y Primaria  <br><strong>FORMATO. <\/strong><\/span>Sway<br><span style=\"color:#ffffff\" class=\"tadv-color\"><strong>ACTIVIDADES. <\/strong>Visionado de cortos, debate, charlas, experimentos, actividades manipulativas, etc.<\/span><\/p>\n<\/div>\n<\/div>\n<\/div>\n\n\n\n<div class=\"wp-block-column is-vertically-aligned-center is-layout-flow wp-block-column-is-layout-flow\">\n<h2 class=\"has-text-align-center has-large-font-size wp-block-heading\"><em>#VoyEnBiciAlCole<\/em><br><strong>CP Villafr\u00eda de Otero (Oviedo)<\/strong><\/h2>\n\n\n\n<div class=\"wp-block-buttons is-content-justification-center is-layout-flex wp-block-buttons-is-layout-flex\">\n<div class=\"wp-block-button is-style-fill\"><a class=\"wp-block-button__link has-secondary-background-color has-background\" href=\"https:\/\/edublog.educastur.es\/menospantallasmasvida\/cp-villafria-de-otero-oviedo\/\" target=\"_blank\" rel=\"noreferrer noopener\">ver microproyecto<\/a><\/div>\n<\/div>\n<\/div>\n<\/div>\n\n\n\n<div class=\"wp-block-columns alignwide is-layout-flex wp-container-core-columns-is-layout-9d6595d7 wp-block-columns-is-layout-flex\">\n<div class=\"wp-block-column is-vertically-aligned-center is-layout-flow wp-block-column-is-layout-flow\">\n<p class=\"has-background\" style=\"background-color:#6360ae;font-size:20px\"><span style=\"color:#ffffff\" class=\"tadv-color\"><strong>CENTRO. CP Maximiliano Arboleya (Barredos, Laviana)<\/strong><br><strong>T\u00cdTULO.<\/strong> <\/span><span style=\"color:#fb4a4a\" class=\"tadv-color\"><strong><span style=\"background-color:#ffffff\" class=\"tadv-background-color\"> <\/span><\/strong><\/span><span style=\"background-color:#ffffff\" class=\"tadv-background-color\"><strong><span style=\"color:#6360ae\" class=\"tadv-color\">#CuandoHacesClicPierdesElControl<\/span><\/strong><\/span><span style=\"color:#fb4a4a\" class=\"tadv-color\"><strong><span style=\"background-color:#ffffff\" class=\"tadv-background-color\"> <\/span><\/strong><\/span><span style=\"color:#fb4a4a\" class=\"tadv-color\"><strong><span style=\"background-color:#ffffff\" class=\"tadv-background-color\"> <\/span><\/strong><\/span><span style=\"color:#fb4a4a\" class=\"tadv-color\"><strong><span style=\"background-color:#ffffff\" class=\"tadv-background-color\"> <\/span> <\/strong><\/span><span style=\"color:#ffffff\" class=\"tadv-color\"><br><strong>TEMA.<\/strong> Invierno. Uso seguro de la tecnolog\u00eda  <br><strong>ENSE\u00d1ANZA. <\/strong>Infantil y Primaria <br><strong>FORMATO. <\/strong>V\u00eddeo<br><strong>ACTIVIDADES. <\/strong>&nbsp;V\u00eddeo, podcast<\/span><\/p>\n<\/div>\n\n\n\n<div class=\"wp-block-column is-vertically-aligned-center is-layout-flow wp-block-column-is-layout-flow\">\n<h2 class=\"has-text-align-center has-large-font-size wp-block-heading\">#<em>CuandoHacesClicPierdesElControl<\/em><br><strong>CP Maximiliano Arboleya (Barredos, Laviana)<\/strong><\/h2>\n\n\n\n<div class=\"wp-block-buttons is-content-justification-center is-layout-flex wp-block-buttons-is-layout-flex\">\n<div class=\"wp-block-button is-style-fill\"><a class=\"wp-block-button__link has-background\" href=\"https:\/\/edublog.educastur.es\/menospantallasmasvida\/2023-invierno-cp-maximiliano-arboleya\/\" style=\"background-color:#6360ae\" target=\"_blank\" rel=\"noreferrer noopener\">ver microproyecto<\/a><\/div>\n<\/div>\n<\/div>\n<\/div>\n\n\n\n<div class=\"wp-block-columns alignwide is-layout-flex wp-container-core-columns-is-layout-9d6595d7 wp-block-columns-is-layout-flex\">\n<div class=\"wp-block-column is-layout-flow wp-block-column-is-layout-flow\" style=\"flex-basis:50%\">\n<div class=\"wp-block-columns are-vertically-aligned-center has-background-color has-secondary-background-color has-text-color has-background is-layout-flex wp-container-core-columns-is-layout-9d6595d7 wp-block-columns-is-layout-flex\">\n<div class=\"wp-block-column is-vertically-aligned-center is-layout-flow wp-block-column-is-layout-flow\" style=\"flex-basis:100%\">\n<p style=\"font-size:20px\"><strong>CENTRO. CP Pintor \u00c1lvaro Delgado <\/strong>(Moanes, Vald\u00e9s)<br><strong>T\u00cdTULO<\/strong>.<strong> <span style=\"color:#ff4c4c\" class=\"tadv-color\"><span style=\"background-color:#ffffff\" class=\"tadv-background-color\"> <\/span><\/span><span style=\"background-color:#ffffff\" class=\"tadv-background-color\"><span style=\"color:#6d6d6d\" class=\"tadv-color\">#CuandoHacesClicPierdesElControl <\/span><\/span><\/strong><br><strong>CENTRO.<\/strong> CP Pintor \u00c1lvaro Delgado (Moanes, Vald\u00e9s)<br><strong>TEMA.<\/strong> Invierno. Uso seguro de la tecnolog\u00eda<br><strong>ENSE\u00d1ANZA. <\/strong>Infantil y Primaria<br><strong>FORMATO. <\/strong>Presentaci\u00f3n (pdf). Dosier <em>fake news<\/em><br><strong>ACTIVIDADES.&nbsp;<\/strong>Identificaci\u00f3n de <em>fake news. <\/em>Peque\u00f1o grupo, gran grupo.<\/p>\n<\/div>\n<\/div>\n<\/div>\n\n\n\n<div class=\"wp-block-column is-vertically-aligned-center is-layout-flow wp-block-column-is-layout-flow\">\n<h2 class=\"has-text-align-center has-large-font-size wp-block-heading\"><em>#CuandoHacesClicPierdesElControl<\/em><br><strong>CP Pintor \u00c1lvaro Delgado (Moanes, Vald\u00e9s)<\/strong><\/h2>\n\n\n\n<div class=\"wp-block-buttons is-content-justification-center is-layout-flex wp-block-buttons-is-layout-flex\">\n<div class=\"wp-block-button is-style-fill\"><a class=\"wp-block-button__link has-secondary-background-color has-background\" href=\"https:\/\/edublog.educastur.es\/menospantallasmasvida\/2023-invierno-cp-pintor-alvaro-delgado-moanes\/\" target=\"_blank\" rel=\"noreferrer noopener\">ver microproyecto<\/a><\/div>\n<\/div>\n<\/div>\n<\/div>\n\n\n\n<div class=\"wp-block-columns alignwide is-layout-flex wp-container-core-columns-is-layout-9d6595d7 wp-block-columns-is-layout-flex\">\n<div class=\"wp-block-column is-vertically-aligned-top is-layout-flow wp-block-column-is-layout-flow\">\n<div class=\"wp-block-columns alignfull has-background is-layout-flex wp-container-core-columns-is-layout-9d6595d7 wp-block-columns-is-layout-flex\" style=\"background-color:#6360ae\">\n<div class=\"wp-block-column is-layout-flow wp-block-column-is-layout-flow\">\n<p class=\"has-background-color has-text-color\" style=\"font-size:20px\"><strong>CENTRO. CP El Tru\u00e9banu (Caso)<\/strong><br><strong>T\u00cdTULO.<\/strong> <strong><strong><span style=\"background-color:#ffffff\" class=\"tadv-background-color\"><span style=\"color:#6360ae\" class=\"tadv-color\"> <\/span><span style=\"color:#ffffff\" class=\"tadv-color\">&#8211;<\/span><span style=\"color:#6360ae\" class=\"tadv-color\">#Deja la tablet<\/span><span style=\"color:#ffffff\" class=\"tadv-color\">&#8212; <\/span><\/span><\/strong><\/strong><br><strong>TEMA.<\/strong> Invierno. Uso seguro de la tecnolog\u00eda<br><strong>ENSE\u00d1ANZA. <\/strong>Infantil y Primaria<br><strong>FORMATO. <\/strong>V\u00eddeo, podcast<br><strong>ACTIVIDADES. <\/strong>V\u00eddeo, podcast<\/p>\n<\/div>\n<\/div>\n<\/div>\n\n\n\n<div class=\"wp-block-column is-vertically-aligned-center is-layout-flow wp-block-column-is-layout-flow\">\n<h2 class=\"has-text-align-center has-large-font-size wp-block-heading\"><em>Deja la tablet<\/em><br><strong>CP El Tru\u00e9banu (Caso)<\/strong><\/h2>\n\n\n\n<div class=\"wp-block-buttons is-content-justification-center is-layout-flex wp-block-buttons-is-layout-flex\">\n<div class=\"wp-block-button is-style-fill\"><a class=\"wp-block-button__link has-background\" href=\"https:\/\/edublog.educastur.es\/menospantallasmasvida\/2023-invierno-cp-el-truebanu-caso\/\" style=\"background-color:#6360ae\" target=\"_blank\" rel=\"noreferrer noopener\">ver microproyecto<\/a><\/div>\n<\/div>\n<\/div>\n<\/div>\n\n\n\n<div class=\"wp-block-columns alignfull is-layout-flex wp-container-core-columns-is-layout-9d6595d7 wp-block-columns-is-layout-flex\">\n<div class=\"wp-block-column is-layout-flow wp-block-column-is-layout-flow\" style=\"flex-basis:100%\">\n<p class=\"has-text-align-center has-primary-background-color has-background has-normal-font-size\"><a rel=\"noreferrer noopener\" href=\"https:\/\/edublog.educastur.es\/menospantallasmasvida\/otono-salud-y-vida\/\" target=\"_blank\"><span style=\"color:#fb4a4a\" class=\"tadv-color\"><span style=\"text-decoration: underline\" class=\"underline\">OTO\u00d1O<\/span><\/span><\/a> &#8211; <a rel=\"noreferrer noopener\" href=\"https:\/\/edublog.educastur.es\/menospantallasmasvida\/invierno-uso-seguro\/\" target=\"_blank\"><span style=\"color:#6360ae\" class=\"tadv-color\"><span style=\"text-decoration: underline\" class=\"underline\">INVIERNO<\/span><\/span><\/a> &#8211; <a rel=\"noreferrer noopener\" href=\"https:\/\/edublog.educastur.es\/menospantallasmasvida\/portada\/primavera-ocio-saludable\/\" target=\"_blank\"><span style=\"color:#21b69f\" class=\"tadv-color\"><span style=\"text-decoration: underline\" class=\"underline\">PRIMAVERA<\/span><\/span><\/a> &#8211; <a rel=\"noreferrer noopener\" href=\"https:\/\/edublog.educastur.es\/menospantallasmasvida\/portada\/verano-vida-familia\/\" target=\"_blank\"><span style=\"color:#ffc926\" class=\"tadv-color\"><span style=\"text-decoration: underline\" class=\"underline\">VERANO<\/span><\/span><\/a> &#8211; <a rel=\"noreferrer noopener\" href=\"https:\/\/edublog.educastur.es\/menospantallasmasvida\/futuro\/\" target=\"_blank\"><span style=\"color:#26c9ff\" class=\"tadv-color\"><span style=\"text-decoration: underline\" class=\"underline\">EL FUTURO<\/span><\/span><\/a><\/p>\n<\/div>\n<\/div>\n\n\n\n<p><\/p>\n","protected":false},"excerpt":{"rendered":"<p>Piensa antes de compartir fotos, informaci\u00f3n, datos personales, comentarios sobre personas, porque el p\u00fablico potencial es el mundo entero. Procura estar al tanto de las novedades tecnol\u00f3gicas y adopta todas las precauciones posibles para protegerte en internet y del ciberacoso. CALENDARIO. Invierno: diciembre-febreroLEMA: #CuandoHacesClicPierdesElControl\u00bfC\u00f3mo participar? MICROPROYECTOS CENTRO. CIFP Imagen y Sonido (CISLAN) (Langreo)T\u00cdTULO. Cuando haces [&hellip;]<\/p>\n","protected":false},"author":7,"featured_media":1461,"parent":0,"menu_order":4,"comment_status":"closed","ping_status":"closed","template":"templates\/template-full-width.php","meta":{"footnotes":""},"class_list":["post-1433","page","type-page","status-publish","has-post-thumbnail","hentry"],"_links":{"self":[{"href":"https:\/\/edublog.educastur.es\/menospantallasmasvida\/wp-json\/wp\/v2\/pages\/1433","targetHints":{"allow":["GET"]}}],"collection":[{"href":"https:\/\/edublog.educastur.es\/menospantallasmasvida\/wp-json\/wp\/v2\/pages"}],"about":[{"href":"https:\/\/edublog.educastur.es\/menospantallasmasvida\/wp-json\/wp\/v2\/types\/page"}],"author":[{"embeddable":true,"href":"https:\/\/edublog.educastur.es\/menospantallasmasvida\/wp-json\/wp\/v2\/users\/7"}],"replies":[{"embeddable":true,"href":"https:\/\/edublog.educastur.es\/menospantallasmasvida\/wp-json\/wp\/v2\/comments?post=1433"}],"version-history":[{"count":49,"href":"https:\/\/edublog.educastur.es\/menospantallasmasvida\/wp-json\/wp\/v2\/pages\/1433\/revisions"}],"predecessor-version":[{"id":2126,"href":"https:\/\/edublog.educastur.es\/menospantallasmasvida\/wp-json\/wp\/v2\/pages\/1433\/revisions\/2126"}],"wp:featuredmedia":[{"embeddable":true,"href":"https:\/\/edublog.educastur.es\/menospantallasmasvida\/wp-json\/wp\/v2\/media\/1461"}],"wp:attachment":[{"href":"https:\/\/edublog.educastur.es\/menospantallasmasvida\/wp-json\/wp\/v2\/media?parent=1433"}],"curies":[{"name":"wp","href":"https:\/\/api.w.org\/{rel}","templated":true}]}}