{"id":1437,"date":"2022-12-05T11:24:29","date_gmt":"2022-12-05T11:24:29","guid":{"rendered":"https:\/\/edublog.educastur.es\/menospantallasmasvida\/?page_id=1437"},"modified":"2023-11-12T19:37:40","modified_gmt":"2023-11-12T19:37:40","slug":"verano-vida-familia","status":"publish","type":"page","link":"https:\/\/edublog.educastur.es\/menospantallasmasvida\/portada\/verano-vida-familia\/","title":{"rendered":"VERANO. Vida y familia"},"content":{"rendered":"\n<div class=\"wp-block-columns alignwide has-background is-layout-flex wp-container-core-columns-is-layout-9d6595d7 wp-block-columns-is-layout-flex\" style=\"background-color:#ffc926\">\n<div class=\"wp-block-column is-layout-flow wp-block-column-is-layout-flow\" style=\"flex-basis:50%\">\n<p class=\"has-background-color has-text-color\" id=\"paragraph_KR103tmueHC\" style=\"font-size:20px\"><span style=\"color:#000000\" class=\"tadv-color\"><strong>T\u00fa.<\/strong> Cuida tu salud, tu sue\u00f1o, tu descanso. Haz amistades reales, pasa tiempo con tu familia. Tu tiempo y tu vida son para ti, no solo para tus dispositivos y tus redes.<br><strong>Tu familia.<\/strong> Pacto familiar de uso responsable de la tecnolog\u00eda y el tiempo que se dedica a las pantallas. Mantente al d\u00eda de la tecnolog\u00eda que utilizan tus hijas e hijos para prevenir adicciones y riesgos.<\/span><\/p>\n<\/div>\n\n\n\n<div class=\"wp-block-column is-vertically-aligned-center is-layout-flow wp-block-column-is-layout-flow\" style=\"flex-basis:50%\">\n<h2 class=\"has-text-align-center has-background-background-color has-background has-normal-font-size wp-block-heading\"><span style=\"color:#000000\" class=\"tadv-color\"><strong>CALENDARIO.<\/strong> <strong>Verano: mayo-junio <\/strong><br><strong>LEMA PROPUESTO:<\/strong> <em><strong>#\u00bfHacemosUnPacto?<\/strong><\/em><\/span><br><strong><a rel=\"noreferrer noopener\" href=\"https:\/\/edublog.educastur.es\/menospantallasmasvida\/portada\/centros\/\" target=\"_blank\"><span style=\"color:#000000\" class=\"tadv-color\"><span style=\"text-decoration: underline\" class=\"underline\">\u00bfC\u00f3mo participar?<\/span><\/span><\/a><\/strong><\/h2>\n\n\n\n<p><\/p>\n<\/div>\n<\/div>\n\n\n\n<div class=\"wp-block-columns alignfull has-secondary-background-color has-background is-layout-flex wp-container-core-columns-is-layout-9d6595d7 wp-block-columns-is-layout-flex\">\n<div class=\"wp-block-column is-layout-flow wp-block-column-is-layout-flow\" style=\"flex-basis:100%\">\n<h2 class=\"has-text-align-center wp-block-heading\" style=\"font-size:50px\"><span style=\"color:#ffffff\" class=\"tadv-color\">MICROPROYECTOS<\/span><\/h2>\n<\/div>\n<\/div>\n\n\n\n<div class=\"wp-block-columns alignwide is-layout-flex wp-container-core-columns-is-layout-9d6595d7 wp-block-columns-is-layout-flex\">\n<div class=\"wp-block-column is-layout-flow wp-block-column-is-layout-flow\" style=\"flex-basis:50%\">\n<div class=\"wp-block-columns has-background-color has-text-color has-background is-layout-flex wp-container-core-columns-is-layout-9d6595d7 wp-block-columns-is-layout-flex\" style=\"background-color:#ffc926\">\n<div class=\"wp-block-column is-layout-flow wp-block-column-is-layout-flow\" style=\"flex-basis:100%\">\n<p class=\"has-text-align-left has-primary-color has-text-color\" style=\"font-size:20px\"><span style=\"color:#000000\" class=\"tadv-color\"><strong>T\u00cdTULO.  <span style=\"background-color:#ffffff\" class=\"tadv-background-color\">&nbsp; En las redes ve con tacto, ten cuidado y haz un pacto   <\/span><\/strong>  <\/span><br><strong>CENTRO. <\/strong>CP Villafr\u00eda de Otero (Oviedo)<span style=\"color:#000000\" class=\"tadv-color\"><br><strong>TEMA.<\/strong>&nbsp;Verano. Vida y familia (hacemos un pacto)<br><strong>ENSE\u00d1ANZA.&nbsp;<\/strong>Infantil y Primaria<br><strong>FORMATO.&nbsp;<\/strong>Cartel<br><strong>ACTIVIDADES.<\/strong> Registro en InstaVillafr\u00eda, pacto familiar, contrato uso de m\u00f3viles, cartel, difusi\u00f3n\u2026<\/span><\/p>\n<\/div>\n<\/div>\n<\/div>\n\n\n\n<div class=\"wp-block-column is-vertically-aligned-center is-layout-flow wp-block-column-is-layout-flow\">\n<h2 class=\"has-text-align-center has-large-font-size wp-block-heading\"><em>En las redes ve con tacto, ten cuidado<\/em><br><em> y haz un pacto<\/em><br><strong>CP Villafr\u00eda de Otero (Oviedo)<\/strong><\/h2>\n\n\n\n<div class=\"wp-block-buttons is-content-justification-center is-layout-flex wp-block-buttons-is-layout-flex\">\n<div class=\"wp-block-button is-style-fill\"><a class=\"wp-block-button__link has-background\" href=\"https:\/\/edublog.educastur.es\/menospantallasmasvida\/2023-verano-cp-villafria-otero\/\" style=\"background-color:#ffc926\" target=\"_blank\" rel=\"noreferrer noopener\">ver microproyecto<\/a><\/div>\n<\/div>\n<\/div>\n<\/div>\n\n\n\n<div class=\"wp-block-columns alignwide is-layout-flex wp-container-core-columns-is-layout-9d6595d7 wp-block-columns-is-layout-flex\">\n<div class=\"wp-block-column is-layout-flow wp-block-column-is-layout-flow\" style=\"flex-basis:50%\">\n<div class=\"wp-block-columns has-background-color has-secondary-background-color has-text-color has-background is-layout-flex wp-container-core-columns-is-layout-9d6595d7 wp-block-columns-is-layout-flex\">\n<div class=\"wp-block-column is-layout-flow wp-block-column-is-layout-flow\" style=\"flex-basis:100%\">\n<p class=\"has-text-align-left has-background-color has-text-color\" style=\"font-size:20px\"><strong><span style=\"color:#ffffff\" class=\"tadv-color\">T\u00cdTULO. <\/span><\/strong><span style=\"color:#000000\" class=\"tadv-color\"><strong> <span style=\"background-color:#ffffff\" class=\"tadv-background-color\">\u00a0 #HacemosUnPacto   <\/span><\/strong>  <\/span><br><strong>CENTRO. <\/strong>CPEB El Salvador (Grandas de Salime)<span style=\"color:#000000\" class=\"tadv-color\"><br><\/span><span style=\"color:#ffffff\" class=\"tadv-color\"><span style=\"background-color:#6d6d6d\" class=\"tadv-background-color\"><strong>TEMA.<\/strong>\u00a0Verano. Vida y familia (hacemos un pacto)<br><strong>ENSE\u00d1ANZA.\u00a0<\/strong>Infantil y Primaria<br><strong>FORMATO.\u00a0<\/strong>Cuestionario, Dibujo<br><strong>ACTIVIDADES.<\/strong> <\/span><\/span>Cuestionario: horario dedicado a cada actividad, reflexi\u00f3n, dibujo del \u00c1rbol de las Horas personal<\/p>\n<\/div>\n<\/div>\n<\/div>\n\n\n\n<div class=\"wp-block-column is-vertically-aligned-center is-layout-flow wp-block-column-is-layout-flow\">\n<h2 class=\"has-text-align-center has-large-font-size wp-block-heading\"><em>#HacemosUnPacto<\/em><br><strong>CPEB El Salvador (Grandas de Salime)<\/strong><\/h2>\n\n\n\n<div class=\"wp-block-buttons is-content-justification-center is-layout-flex wp-block-buttons-is-layout-flex\">\n<div class=\"wp-block-button is-style-fill\"><a class=\"wp-block-button__link has-secondary-background-color has-background\" href=\"https:\/\/edublog.educastur.es\/menospantallasmasvida\/2023-verano-cpeb-el-salvador-grandas-de-salime\/\" target=\"_blank\" rel=\"noreferrer noopener\">ver microproyecto<\/a><\/div>\n<\/div>\n<\/div>\n<\/div>\n\n\n\n<div class=\"wp-block-columns alignwide is-layout-flex wp-container-core-columns-is-layout-9d6595d7 wp-block-columns-is-layout-flex\">\n<div class=\"wp-block-column is-layout-flow wp-block-column-is-layout-flow\" style=\"flex-basis:50%\">\n<div class=\"wp-block-columns has-background-color has-text-color has-background is-layout-flex wp-container-core-columns-is-layout-9d6595d7 wp-block-columns-is-layout-flex\" style=\"background-color:#ffc926\">\n<div class=\"wp-block-column is-layout-flow wp-block-column-is-layout-flow\" style=\"flex-basis:100%\">\n<p class=\"has-text-align-left has-primary-color has-text-color\" style=\"font-size:20px\"><span style=\"color:#000000\" class=\"tadv-color\"><strong>T\u00cdTULO.  <span style=\"background-color:#ffffff\" class=\"tadv-background-color\">&nbsp; Pacto para tener una vida saludable   <\/span><\/strong>  <\/span><br><strong>CENTRO. <\/strong>CP El Tru\u00e9banu (Campo de Caso)<span style=\"color:#000000\" class=\"tadv-color\"><br><strong>TEMA.<\/strong>&nbsp;Verano. Vida y familia (hacemos un pacto)<br><strong>ENSE\u00d1ANZA.&nbsp;<\/strong>Infantil y Primaria<br><strong>FORMATO.&nbsp;<\/strong>Cartel<br><strong>ACTIVIDADES.<\/strong><\/span> Cartel: <em>dec\u00e1logo<\/em>, acr\u00f3stico<\/p>\n<\/div>\n<\/div>\n<\/div>\n\n\n\n<div class=\"wp-block-column is-vertically-aligned-center is-layout-flow wp-block-column-is-layout-flow\">\n<h2 class=\"has-text-align-center has-large-font-size wp-block-heading\"><em>Pacto para tener una vida saludable<\/em><br>El Tru\u00e9banu (Campo de Caso)<\/h2>\n\n\n\n<div class=\"wp-block-buttons is-content-justification-center is-layout-flex wp-block-buttons-is-layout-flex\">\n<div class=\"wp-block-button is-style-fill\"><a class=\"wp-block-button__link has-background\" href=\"https:\/\/edublog.educastur.es\/menospantallasmasvida\/2023-verano-cp-el-truebanu-campo-de-caso\/\" style=\"background-color:#ffc926\" target=\"_blank\" rel=\"noreferrer noopener\">ver microproyecto<\/a><\/div>\n<\/div>\n<\/div>\n<\/div>\n\n\n\n<div class=\"wp-block-columns alignwide is-layout-flex wp-container-core-columns-is-layout-9d6595d7 wp-block-columns-is-layout-flex\">\n<div class=\"wp-block-column is-layout-flow wp-block-column-is-layout-flow\" style=\"flex-basis:50%\">\n<div class=\"wp-block-columns has-background-color has-secondary-background-color has-text-color has-background is-layout-flex wp-container-core-columns-is-layout-9d6595d7 wp-block-columns-is-layout-flex\">\n<div class=\"wp-block-column is-layout-flow wp-block-column-is-layout-flow\" style=\"flex-basis:100%\">\n<p class=\"has-text-align-left has-background-color has-text-color\" style=\"font-size:20px\"><strong><span style=\"color:#ffffff\" class=\"tadv-color\">T\u00cdTULO. <\/span><\/strong><span style=\"color:#000000\" class=\"tadv-color\"><strong> <span style=\"background-color:#ffffff\" class=\"tadv-background-color\">\u00a0 <\/span><\/strong><span style=\"background-color:#ffffff\" class=\"tadv-background-color\">Dos proyectos: <\/span><strong><span style=\"background-color:#ffffff\" class=\"tadv-background-color\"><strong>Para\u00edso<\/strong> <\/span><\/strong><span style=\"background-color:#ffffff\" class=\"tadv-background-color\">(Primaria) e <\/span><strong><span style=\"background-color:#ffffff\" class=\"tadv-background-color\"><strong>Historia de Pit\u00edn <\/strong><\/span><\/strong><span style=\"background-color:#ffffff\" class=\"tadv-background-color\">(ESO)<\/span><strong><span style=\"background-color:#ffffff\" class=\"tadv-background-color\">   <\/span><\/strong>  <\/span><br><strong>CENTRO. <\/strong>CPEB Carlos Bouso\u00f1o (Boal)<span style=\"color:#000000\" class=\"tadv-color\"><br><\/span><span style=\"color:#ffffff\" class=\"tadv-color\"><span style=\"background-color:#6d6d6d\" class=\"tadv-background-color\"><strong>TEMA.<\/strong>\u00a0Verano. Vida y familia (Hacemos un pacto)<br><strong>ENSE\u00d1ANZA.\u00a0<\/strong>Primaria y ESO<br><strong>FORMATO.\u00a0Para\u00edso:<\/strong> cartel \/ <strong>Pit\u00edn:<\/strong> c\u00f3mic y v\u00eddeo<br><strong>ACTIVIDADES.<\/strong> <\/span><\/span><strong>Para\u00edso:<\/strong> Slogan y cartel para vacaciones id\u00edlicas sin pantallas. \/ <strong>Pit\u00edn:<\/strong> @EnLoImportante y #Pit\u00ednsomostod@s. C\u00f3mic y v\u00eddeo sobre el pollito Pit\u00edn<\/p>\n<\/div>\n<\/div>\n<\/div>\n\n\n\n<div class=\"wp-block-column is-vertically-aligned-center is-layout-flow wp-block-column-is-layout-flow\">\n<h2 class=\"has-text-align-center has-large-font-size wp-block-heading\"><em>Dos proyectos: Para\u00edso (Primaria) e Historia de Pit\u00edn (ESO)<\/em><br><strong>CPEB Carlos Bouso\u00f1o (Boal)<\/strong><\/h2>\n\n\n\n<div class=\"wp-block-buttons is-content-justification-center is-layout-flex wp-block-buttons-is-layout-flex\">\n<div class=\"wp-block-button is-style-fill\"><a class=\"wp-block-button__link has-secondary-background-color has-background\" href=\"https:\/\/edublog.educastur.es\/menospantallasmasvida\/2023-verano-cpeb-carlos-bousono-boal\" target=\"_blank\" rel=\"noreferrer noopener\">ver microproyecto<\/a><\/div>\n<\/div>\n<\/div>\n<\/div>\n\n\n\n<div class=\"wp-block-columns alignfull is-layout-flex wp-container-core-columns-is-layout-9d6595d7 wp-block-columns-is-layout-flex\">\n<div class=\"wp-block-column is-layout-flow wp-block-column-is-layout-flow\" style=\"flex-basis:100%\">\n<p class=\"has-text-align-center has-primary-background-color has-background has-normal-font-size\"><a rel=\"noreferrer noopener\" href=\"https:\/\/edublog.educastur.es\/menospantallasmasvida\/otono-salud-y-vida\/\" target=\"_blank\"><span style=\"color:#fb4a4a\" class=\"tadv-color\"><span style=\"text-decoration: underline\" class=\"underline\">OTO\u00d1O<\/span><\/span><\/a> &#8211; <a rel=\"noreferrer noopener\" href=\"https:\/\/edublog.educastur.es\/menospantallasmasvida\/invierno-uso-seguro\/\" target=\"_blank\"><span style=\"color:#6360ae\" class=\"tadv-color\"><span style=\"text-decoration: underline\" class=\"underline\">INVIERNO<\/span><\/span><\/a> &#8211; <a rel=\"noreferrer noopener\" href=\"https:\/\/edublog.educastur.es\/menospantallasmasvida\/portada\/primavera-ocio-saludable\/\" target=\"_blank\"><span style=\"color:#21b69f\" class=\"tadv-color\"><span style=\"text-decoration: underline\" class=\"underline\">PRIMAVERA<\/span><\/span><\/a> &#8211; <a rel=\"noreferrer noopener\" href=\"https:\/\/edublog.educastur.es\/menospantallasmasvida\/portada\/verano-vida-familia\/\" target=\"_blank\"><span style=\"color:#ffc926\" class=\"tadv-color\"><span style=\"text-decoration: underline\" class=\"underline\">VERANO<\/span><\/span><\/a> &#8211; <a rel=\"noreferrer noopener\" href=\"https:\/\/edublog.educastur.es\/menospantallasmasvida\/futuro\/\" target=\"_blank\"><span style=\"color:#26c9ff\" class=\"tadv-color\"><span style=\"text-decoration: underline\" class=\"underline\">EL FUTURO<\/span><\/span><\/a><\/p>\n<\/div>\n<\/div>\n","protected":false},"excerpt":{"rendered":"<p>T\u00fa. Cuida tu salud, tu sue\u00f1o, tu descanso. Haz amistades reales, pasa tiempo con tu familia. Tu tiempo y tu vida son para ti, no solo para tus dispositivos y tus redes.Tu familia. Pacto familiar de uso responsable de la tecnolog\u00eda y el tiempo que se dedica a las pantallas. Mantente al d\u00eda de la [&hellip;]<\/p>\n","protected":false},"author":7,"featured_media":1464,"parent":451,"menu_order":2,"comment_status":"closed","ping_status":"closed","template":"templates\/template-full-width.php","meta":{"footnotes":""},"class_list":["post-1437","page","type-page","status-publish","has-post-thumbnail","hentry"],"_links":{"self":[{"href":"https:\/\/edublog.educastur.es\/menospantallasmasvida\/wp-json\/wp\/v2\/pages\/1437","targetHints":{"allow":["GET"]}}],"collection":[{"href":"https:\/\/edublog.educastur.es\/menospantallasmasvida\/wp-json\/wp\/v2\/pages"}],"about":[{"href":"https:\/\/edublog.educastur.es\/menospantallasmasvida\/wp-json\/wp\/v2\/types\/page"}],"author":[{"embeddable":true,"href":"https:\/\/edublog.educastur.es\/menospantallasmasvida\/wp-json\/wp\/v2\/users\/7"}],"replies":[{"embeddable":true,"href":"https:\/\/edublog.educastur.es\/menospantallasmasvida\/wp-json\/wp\/v2\/comments?post=1437"}],"version-history":[{"count":19,"href":"https:\/\/edublog.educastur.es\/menospantallasmasvida\/wp-json\/wp\/v2\/pages\/1437\/revisions"}],"predecessor-version":[{"id":2387,"href":"https:\/\/edublog.educastur.es\/menospantallasmasvida\/wp-json\/wp\/v2\/pages\/1437\/revisions\/2387"}],"up":[{"embeddable":true,"href":"https:\/\/edublog.educastur.es\/menospantallasmasvida\/wp-json\/wp\/v2\/pages\/451"}],"wp:featuredmedia":[{"embeddable":true,"href":"https:\/\/edublog.educastur.es\/menospantallasmasvida\/wp-json\/wp\/v2\/media\/1464"}],"wp:attachment":[{"href":"https:\/\/edublog.educastur.es\/menospantallasmasvida\/wp-json\/wp\/v2\/media?parent=1437"}],"curies":[{"name":"wp","href":"https:\/\/api.w.org\/{rel}","templated":true}]}}