{"id":544,"date":"2022-11-14T17:34:37","date_gmt":"2022-11-14T17:34:37","guid":{"rendered":"https:\/\/edublog.educastur.es\/menospantallasmasvida\/?page_id=544"},"modified":"2023-02-09T12:34:25","modified_gmt":"2023-02-09T12:34:25","slug":"campana","status":"publish","type":"page","link":"https:\/\/edublog.educastur.es\/menospantallasmasvida\/campana\/","title":{"rendered":"LA CAMPA\u00d1A"},"content":{"rendered":"\n<div class=\"wp-block-columns alignfull is-layout-flex wp-container-core-columns-is-layout-9d6595d7 wp-block-columns-is-layout-flex\">\n<div class=\"wp-block-column is-vertically-aligned-center is-layout-flow wp-block-column-is-layout-flow\" style=\"flex-basis:100%\">\n<div class=\"wp-block-columns alignfull has-background-color has-text-color has-background is-layout-flex wp-container-core-columns-is-layout-9d6595d7 wp-block-columns-is-layout-flex\" style=\"background-color:#625fac\">\n<div class=\"wp-block-column is-vertically-aligned-center is-layout-flow wp-block-column-is-layout-flow\">\n<h2 class=\"has-text-align-center has-larger-font-size wp-block-heading\"><strong>#<\/strong><em>MenosPantallasM\u00e1sVida<\/em><\/h2>\n\n\n\n<div class=\"wp-block-image\"><figure class=\"aligncenter size-large is-resized\"><a href=\"https:\/\/www.educastur.es\/documents\/34868\/502114\/2022-08-AT-cartel-1-2000x3000.pdf\/b93114dd-c693-c2a4-c54c-39accc9ed820?t=1662448658351\" target=\"_blank\" rel=\"Cartel (pdf) noopener\"><img loading=\"lazy\" decoding=\"async\" src=\"http:\/\/edublog.educastur.es\/menospantallasmasvida\/files\/2022\/11\/AT-cartel-500x750-1.png\" alt=\"Menos pantallas, m\u00e1s vida. CARTEL\" class=\"wp-image-1033\" width=\"248\" height=\"374\" srcset=\"https:\/\/edublog.educastur.es\/menospantallasmasvida\/files\/2022\/11\/AT-cartel-500x750-1.png 495w, https:\/\/edublog.educastur.es\/menospantallasmasvida\/files\/2022\/11\/AT-cartel-500x750-1-199x300.png 199w\" sizes=\"auto, (max-width: 248px) 100vw, 248px\" \/><\/a><\/figure><\/div>\n\n\n\n<h2 class=\"has-text-align-center has-background-color has-text-color has-large-font-size wp-block-heading\"><strong><a rel=\"noreferrer noopener\" href=\"https:\/\/www.educastur.es\/documents\/34868\/502114\/2022-10-AT-campa%C3%B1a-descripcion.pdf\/77e2e20e-aec4-5a1d-caaa-b54f6043d3d0?t=1665575093562\" target=\"_blank\"><span style=\"color:#ffffff\" class=\"tadv-color\"><span style=\"text-decoration: underline\" class=\"underline\">Descripci\u00f3n<\/span><\/span><\/a> (pdf) &#8211; <a rel=\"noreferrer noopener\" href=\"https:\/\/www.educastur.es\/documents\/34868\/502114\/2022-08-AT-cartel-1-2000x3000.pdf\/b93114dd-c693-c2a4-c54c-39accc9ed820?t=1662448658351\" target=\"_blank\"><span style=\"color:#ffffff\" class=\"tadv-color\"><span style=\"text-decoration: underline\" class=\"underline\">Cartel<\/span><\/span><\/a> (pdf)<\/strong><\/h2>\n\n\n\n<p><\/p>\n<\/div>\n\n\n\n<div class=\"wp-block-column is-vertically-aligned-center is-layout-flow wp-block-column-is-layout-flow\">\n<p class=\"has-text-align-center has-background-color has-text-color has-large-font-size\" id=\"paragraph_QP46ojM7F61\"><a rel=\"noreferrer noopener\" href=\"https:\/\/sway.office.com\/1AZ9U5cvU8EMH6PB?ref=Link&amp;loc=play\" target=\"_blank\"><span style=\"color:#ffffff\" class=\"tadv-color\"><span style=\"text-decoration: underline\" class=\"underline\">Presentaci\u00f3n de la campa\u00f1a<\/span> (sway)<\/span><\/a><\/p>\n\n\n\n<div class=\"wp-block-columns has-background-background-color has-background is-layout-flex wp-container-core-columns-is-layout-9d6595d7 wp-block-columns-is-layout-flex\">\n<div class=\"wp-block-column is-layout-flow wp-block-column-is-layout-flow\" style=\"flex-basis:100%\">\n\n<!-- iframe plugin v.6.0 wordpress.org\/plugins\/iframe\/ -->\n<iframe loading=\"lazy\" width=\"90%\" height=\"500\" src=\"https:\/\/sway.office.com\/s\/1AZ9U5cvU8EMH6PB\/embed\" scrolling=\"yes\" class=\"iframe-class\" frameborder=\"0\"><\/iframe>\n\n<\/div>\n<\/div>\n<\/div>\n<\/div>\n<\/div>\n<\/div>\n\n\n\n<h2 class=\"alignwide has-text-align-center has-background-color has-text-color has-background has-larger-font-size wp-block-heading\" style=\"background-color:#21b69f\"><strong>\u00bfMicroproyectos?<\/strong><\/h2>\n\n\n\n<div class=\"wp-block-columns alignwide are-vertically-aligned-center is-layout-flex wp-container-core-columns-is-layout-9d6595d7 wp-block-columns-is-layout-flex\">\n<div class=\"wp-block-column is-vertically-aligned-center is-layout-flow wp-block-column-is-layout-flow\" style=\"flex-basis:50%\">\n<p style=\"font-size:23px\">Un <strong>microproyecto<\/strong> es una propuesta educativa breve, muy din\u00e1mica y atractiva, dise\u00f1ada para periodos de tiempo cortos y basada en material multimedia y actividades de reflexi\u00f3n, juego, investigaci\u00f3n y desarrollo transversal de temas y competencias.<br><a rel=\"noreferrer noopener\" href=\"https:\/\/www.educastur.es\/documents\/34868\/502114\/2022-10-AT-campa%C3%B1a-descripcion.pdf\/77e2e20e-aec4-5a1d-caaa-b54f6043d3d0?t=1665575093562\" target=\"_blank\"><span style=\"color:#000000\" class=\"tadv-color\"><span style=\"text-decoration: underline\" class=\"underline\">Descripci\u00f3n de la campa\u00f1a<\/span><\/span><\/a>&nbsp;(pdf)<br><a rel=\"noreferrer noopener\" class=\"\" href=\"https:\/\/www.educastur.es\/documents\/34868\/502114\/2022-10-AT-bases-centros-plazos.pdf\/93db0d3f-7201-5b47-28c9-9b929ce2d034?t=1665575092432\" target=\"_blank\"><span style=\"color:#000000\" class=\"tadv-color\"><span style=\"text-decoration: underline\" class=\"underline\">Bases de participaci\u00f3n<\/span><\/span><\/a>&nbsp;(pdf)<\/p>\n<\/div>\n\n\n\n<div class=\"wp-block-column is-vertically-aligned-center is-layout-flow wp-block-column-is-layout-flow\" style=\"flex-basis:50%\">\n<div class=\"wp-block-columns are-vertically-aligned-center has-background is-layout-flex wp-container-core-columns-is-layout-9d6595d7 wp-block-columns-is-layout-flex\" style=\"background-color:#21b69f\">\n<div class=\"wp-block-column is-vertically-aligned-center is-layout-flow wp-block-column-is-layout-flow\" style=\"flex-basis:100%\">\n<p class=\"has-text-align-center has-large-font-size\"><span style=\"color:#ffffff\" class=\"tadv-color\">EJEMPLO. Microproyecto de oto\u00f1o<br><\/span><strong><em><a href=\"https:\/\/edublog.educastur.es\/menospantallasmasvida\/otono-voyaclaseenbici\/\" target=\"_blank\" rel=\"noreferrer noopener\"><span style=\"color:#ffffff\" class=\"tadv-color\"><span style=\"text-decoration: underline\" class=\"underline\">#VoyAClaseEnBici<\/span><\/span><\/a><\/em><\/strong><\/p>\n<\/div>\n<\/div>\n<\/div>\n<\/div>\n\n\n\n<div class=\"wp-block-columns alignfull is-layout-flex wp-container-core-columns-is-layout-9d6595d7 wp-block-columns-is-layout-flex\">\n<div class=\"wp-block-column is-vertically-aligned-top is-layout-flow wp-block-column-is-layout-flow\">\n<h2 class=\"alignfull has-text-align-center has-background-color has-text-color has-background has-larger-font-size wp-block-heading\" style=\"background-color:#625fac\"><strong><strong><span style=\"color:#ffffff\" class=\"tadv-color\">Los temas<\/span><\/strong><\/strong><\/h2>\n\n\n\n<p style=\"font-size:22px\"><span style=\"color:#000000\" class=\"tadv-color\">Un tema para cada estaci\u00f3n del a\u00f1o.<\/span><br>Los temas est\u00e1n relacionados con la dedicaci\u00f3n de tiempo a la salud, al ocio saludable, a la relaci\u00f3n con las personas que nos rodean, al mismo tiempo que se potencia la conciencia del uso seguro de internet y la reflexi\u00f3n sobre el futuro de la tecnolog\u00eda.<br><strong><a rel=\"noreferrer noopener\" href=\"https:\/\/edublog.educastur.es\/menospantallasmasvida\/centros\/#temas\" target=\"_blank\"><span style=\"color:#000000\" class=\"tadv-color\"><span style=\"text-decoration: underline\" class=\"underline\">M\u00e1s informaci\u00f3n<\/span><\/span><\/a> &gt;&gt;<\/strong><\/p>\n<\/div>\n\n\n\n<div class=\"wp-block-column is-vertically-aligned-top is-layout-flow wp-block-column-is-layout-flow\">\n<h2 class=\"alignfull has-text-align-center has-background-color has-text-color has-background has-larger-font-size wp-block-heading\" style=\"background-color:#ffc926\"><strong><strong><span style=\"color:#ffffff\" class=\"tadv-color\">El calendario<\/span><\/strong><\/strong><\/h2>\n\n\n\n<p style=\"font-size:22px\">Distribuci\u00f3n de los temas por estaciones y meses y fechas de entrega de microproyectos por parte de los centros.<br><strong><a rel=\"noreferrer noopener\" href=\"https:\/\/edublog.educastur.es\/menospantallasmasvida\/centros\/#calendario\" target=\"_blank\"><span style=\"color:#000000\" class=\"tadv-color\"><span style=\"text-decoration: underline\" class=\"underline\">M\u00e1s informaci\u00f3n<\/span><\/span><\/a> &gt;&gt;<\/strong><\/p>\n<\/div>\n<\/div>\n\n\n\n<div class=\"wp-block-columns alignwide is-layout-flex wp-container-core-columns-is-layout-9d6595d7 wp-block-columns-is-layout-flex\">\n<div class=\"wp-block-column is-vertically-aligned-top is-layout-flow wp-block-column-is-layout-flow\">\n<h2 class=\"alignfull has-text-align-center has-background-color has-secondary-background-color has-text-color has-background has-larger-font-size wp-block-heading\"><strong><strong><span style=\"color:#ffffff\" class=\"tadv-color\">C\u00f3mo participar<\/span><\/strong><\/strong><\/h2>\n\n\n\n<p style=\"font-size:23px\"><span style=\"color:#ffffff\" class=\"tadv-color\"><span style=\"background-color:#6d6d6d\" class=\"tadv-background-color\">No es necesario inscribirse, solo enviar los microproyectos.<br><\/span><\/span><a rel=\"noreferrer noopener\" href=\"https:\/\/www.educastur.es\/documents\/34868\/502114\/2022-10-AT-bases-centros-plazos.pdf\/93db0d3f-7201-5b47-28c9-9b929ce2d034?t=1665575092432\" target=\"_blank\"><span style=\"color:#000000\" class=\"tadv-color\"><span style=\"text-decoration: underline\" class=\"underline\"><strong>Bases de participaci\u00f3n de los centros<\/strong><\/span><\/span><\/a><span style=\"color:#000000\" class=\"tadv-color\"> (pdf)<br><\/span>Temas, calendario, formatos, protecci\u00f3n de datos y respeto de licencias. Tambi\u00e9n imagen corporativa y licenciamiento del microproyecto.<br><strong><a rel=\"noreferrer noopener\" href=\"https:\/\/edublog.educastur.es\/menospantallasmasvida\/centros\" target=\"_blank\"><span style=\"color:#000000\" class=\"tadv-color\"><span style=\"text-decoration: underline\" class=\"underline\">M\u00e1s informaci\u00f3n<\/span><\/span><\/a><\/strong> &gt;&gt;<\/p>\n<\/div>\n<\/div>\n\n\n\n<h2 class=\"alignwide has-text-align-center has-background has-large-font-size wp-block-heading\" style=\"background-color:#ff4c4c\"><a rel=\"noreferrer noopener\" href=\"https:\/\/edublog.educastur.es\/menospantallasmasvida\/#microproyectos\" target=\"_blank\"><span style=\"color:#ffffff\" class=\"tadv-color\"><span style=\"text-decoration: underline\" class=\"underline\"><strong>Ver los microproyectos de los centros<\/strong><\/span><\/span><\/a><\/h2>\n\n\n\n<div class=\"wp-block-columns alignfull are-vertically-aligned-center has-primary-color has-background-background-color has-text-color has-background is-layout-flex wp-container-core-columns-is-layout-9d6595d7 wp-block-columns-is-layout-flex\">\n<div class=\"wp-block-column is-vertically-aligned-center is-layout-flow wp-block-column-is-layout-flow\">\n<p class=\"has-text-align-center has-primary-color has-text-color has-small-font-size\"><a rel=\"noreferrer noopener\" href=\"https:\/\/www.educastur.es\/-\/14-08-2022.-educaci%C3%B3n-invita-a-los-centros-a-participar-en-la-campa%C3%B1a-de-prevenci%C3%B3n-de-adicciones-menos-pantallas-m%C3%A1s-vida\" target=\"_blank\">Presentaci\u00f3n en la Feria de Muestras de Asturias. 14-08-2022<\/a>\u00a0(Nota de prensa)<br><a rel=\"noreferrer noopener\" href=\"https:\/\/www.rtpa.es\/noticias-asturias:'Menos-pantallas,-mas-vida',-campa%c3%83%c2%b1a-contra-la-adiccion-a-las-nuevas-tecnologias_111660479585.html\" target=\"_blank\">RTPA, 15-08-2022. &#8216;Menos pantallas, m\u00e1s vida&#8217;, campa\u00f1a contra la adicci\u00f3n a las nuevas tecnolog\u00edas<\/a><\/p>\n<\/div>\n<\/div>\n\n\n\n<p><\/p>\n","protected":false},"excerpt":{"rendered":"<p>#MenosPantallasM\u00e1sVida Descripci\u00f3n (pdf) &#8211; Cartel (pdf) Presentaci\u00f3n de la campa\u00f1a (sway) \u00bfMicroproyectos? Un microproyecto es una propuesta educativa breve, muy din\u00e1mica y atractiva, dise\u00f1ada para periodos de tiempo cortos y basada en material multimedia y actividades de reflexi\u00f3n, juego, investigaci\u00f3n y desarrollo transversal de temas y competencias.Descripci\u00f3n de la campa\u00f1a&nbsp;(pdf)Bases de participaci\u00f3n&nbsp;(pdf) EJEMPLO. Microproyecto de [&hellip;]<\/p>\n","protected":false},"author":7,"featured_media":0,"parent":0,"menu_order":1,"comment_status":"closed","ping_status":"closed","template":"templates\/template-full-width.php","meta":{"footnotes":""},"class_list":["post-544","page","type-page","status-publish","hentry"],"_links":{"self":[{"href":"https:\/\/edublog.educastur.es\/menospantallasmasvida\/wp-json\/wp\/v2\/pages\/544","targetHints":{"allow":["GET"]}}],"collection":[{"href":"https:\/\/edublog.educastur.es\/menospantallasmasvida\/wp-json\/wp\/v2\/pages"}],"about":[{"href":"https:\/\/edublog.educastur.es\/menospantallasmasvida\/wp-json\/wp\/v2\/types\/page"}],"author":[{"embeddable":true,"href":"https:\/\/edublog.educastur.es\/menospantallasmasvida\/wp-json\/wp\/v2\/users\/7"}],"replies":[{"embeddable":true,"href":"https:\/\/edublog.educastur.es\/menospantallasmasvida\/wp-json\/wp\/v2\/comments?post=544"}],"version-history":[{"count":125,"href":"https:\/\/edublog.educastur.es\/menospantallasmasvida\/wp-json\/wp\/v2\/pages\/544\/revisions"}],"predecessor-version":[{"id":1910,"href":"https:\/\/edublog.educastur.es\/menospantallasmasvida\/wp-json\/wp\/v2\/pages\/544\/revisions\/1910"}],"wp:attachment":[{"href":"https:\/\/edublog.educastur.es\/menospantallasmasvida\/wp-json\/wp\/v2\/media?parent=544"}],"curies":[{"name":"wp","href":"https:\/\/api.w.org\/{rel}","templated":true}]}}