{"id":244,"date":"2024-01-23T13:05:34","date_gmt":"2024-01-23T13:05:34","guid":{"rendered":"https:\/\/edublog.educastur.es\/miblogdeeie\/?page_id=244"},"modified":"2024-02-02T12:17:53","modified_gmt":"2024-02-02T12:17:53","slug":"creacion-del-aula","status":"publish","type":"page","link":"https:\/\/edublog.educastur.es\/miblogdeeie\/creacion-del-aula\/","title":{"rendered":"Creaci\u00f3n de las aulas"},"content":{"rendered":"<p style=\"text-align: justify\">OBJETIVO 3. Debido a que los ciclos formativos del IES Concejo de Tineo est\u00e1n ubicados en dos edificios diferentes separados por unos 2km de distancia, se han creado dos aulas de emprendimiento. Una en el edificio principal del IES donde est\u00e1n los ciclos de Administraci\u00f3n y Finanzas , e Inform\u00e1tica de Oficina, y otro en el que est\u00e1n los de la familia profesional Agraria.<\/p>\n<p>&nbsp;<\/p>\n","protected":false},"excerpt":{"rendered":"<p>OBJETIVO 3. Debido a que los ciclos formativos del IES Concejo de Tineo est\u00e1n ubicados en dos edificios diferentes separados por unos 2km de distancia, se han creado dos aulas de emprendimiento. Una en el edificio principal del IES donde est\u00e1n los ciclos de Administraci\u00f3n y Finanzas , e Inform\u00e1tica de Oficina, y otro en [&hellip;]<\/p>\n","protected":false},"author":1261,"featured_media":0,"parent":0,"menu_order":0,"comment_status":"closed","ping_status":"closed","template":"","meta":{"footnotes":""},"class_list":["post-244","page","type-page","status-publish","hentry"],"_links":{"self":[{"href":"https:\/\/edublog.educastur.es\/miblogdeeie\/wp-json\/wp\/v2\/pages\/244","targetHints":{"allow":["GET"]}}],"collection":[{"href":"https:\/\/edublog.educastur.es\/miblogdeeie\/wp-json\/wp\/v2\/pages"}],"about":[{"href":"https:\/\/edublog.educastur.es\/miblogdeeie\/wp-json\/wp\/v2\/types\/page"}],"author":[{"embeddable":true,"href":"https:\/\/edublog.educastur.es\/miblogdeeie\/wp-json\/wp\/v2\/users\/1261"}],"replies":[{"embeddable":true,"href":"https:\/\/edublog.educastur.es\/miblogdeeie\/wp-json\/wp\/v2\/comments?post=244"}],"version-history":[{"count":6,"href":"https:\/\/edublog.educastur.es\/miblogdeeie\/wp-json\/wp\/v2\/pages\/244\/revisions"}],"predecessor-version":[{"id":304,"href":"https:\/\/edublog.educastur.es\/miblogdeeie\/wp-json\/wp\/v2\/pages\/244\/revisions\/304"}],"wp:attachment":[{"href":"https:\/\/edublog.educastur.es\/miblogdeeie\/wp-json\/wp\/v2\/media?parent=244"}],"curies":[{"name":"wp","href":"https:\/\/api.w.org\/{rel}","templated":true}]}}