{"id":251,"date":"2024-01-23T13:08:02","date_gmt":"2024-01-23T13:08:02","guid":{"rendered":"https:\/\/edublog.educastur.es\/miblogdeeie\/?page_id=251"},"modified":"2024-03-07T07:54:09","modified_gmt":"2024-03-07T07:54:09","slug":"feria-de-prototipos","status":"publish","type":"page","link":"https:\/\/edublog.educastur.es\/miblogdeeie\/feria-de-prototipos\/","title":{"rendered":"Feria de Prototipos"},"content":{"rendered":"<p style=\"text-align: justify\">El pasado viernes 1 de marzo, ha tenido lugar la <strong>\u00abI Exposici\u00f3n de Prototipos\u00bb<\/strong> de los proyectos del m\u00f3dulo de Empresa e Iniciativa Emprendedora en el IES Concejo de Tineo. En esta jornada, el alumnado del segundo curso de <strong>Gesti\u00f3n Forestal y del Medio Natural<\/strong> present\u00f3 un peque\u00f1o stand con el prototipo de su proyecto al profesorado y resto de alumnado de la familia profesional agraria, resultando una jornada de lo m\u00e1s entretenida. <strong>MUCHAS GRACIAS A TOD@S POR VUESTRA PARTICIPACI\u00d3N.<\/strong><\/p>\n<p><img loading=\"lazy\" decoding=\"async\" class=\"alignnone size-medium wp-image-333\" src=\"http:\/\/edublog.educastur.es\/miblogdeeie\/files\/2024\/03\/1709383959022-300x225.jpg\" alt=\"\" width=\"300\" height=\"225\" srcset=\"https:\/\/edublog.educastur.es\/miblogdeeie\/files\/2024\/03\/1709383959022-300x225.jpg 300w, https:\/\/edublog.educastur.es\/miblogdeeie\/files\/2024\/03\/1709383959022-1024x768.jpg 1024w, https:\/\/edublog.educastur.es\/miblogdeeie\/files\/2024\/03\/1709383959022-768x576.jpg 768w, https:\/\/edublog.educastur.es\/miblogdeeie\/files\/2024\/03\/1709383959022-1536x1152.jpg 1536w, https:\/\/edublog.educastur.es\/miblogdeeie\/files\/2024\/03\/1709383959022-900x675.jpg 900w, https:\/\/edublog.educastur.es\/miblogdeeie\/files\/2024\/03\/1709383959022-1280x960.jpg 1280w, https:\/\/edublog.educastur.es\/miblogdeeie\/files\/2024\/03\/1709383959022.jpg 2000w\" sizes=\"auto, (max-width: 300px) 100vw, 300px\" \/> <img loading=\"lazy\" decoding=\"async\" class=\"alignnone size-medium wp-image-334\" src=\"http:\/\/edublog.educastur.es\/miblogdeeie\/files\/2024\/03\/1709383959037-300x225.jpg\" alt=\"\" width=\"300\" height=\"225\" srcset=\"https:\/\/edublog.educastur.es\/miblogdeeie\/files\/2024\/03\/1709383959037-300x225.jpg 300w, https:\/\/edublog.educastur.es\/miblogdeeie\/files\/2024\/03\/1709383959037-1024x768.jpg 1024w, https:\/\/edublog.educastur.es\/miblogdeeie\/files\/2024\/03\/1709383959037-768x576.jpg 768w, https:\/\/edublog.educastur.es\/miblogdeeie\/files\/2024\/03\/1709383959037-1536x1152.jpg 1536w, https:\/\/edublog.educastur.es\/miblogdeeie\/files\/2024\/03\/1709383959037-900x675.jpg 900w, https:\/\/edublog.educastur.es\/miblogdeeie\/files\/2024\/03\/1709383959037-1280x960.jpg 1280w, https:\/\/edublog.educastur.es\/miblogdeeie\/files\/2024\/03\/1709383959037.jpg 2000w\" sizes=\"auto, (max-width: 300px) 100vw, 300px\" \/><img loading=\"lazy\" decoding=\"async\" class=\"alignnone size-medium wp-image-335\" src=\"http:\/\/edublog.educastur.es\/miblogdeeie\/files\/2024\/03\/1709383959050-300x225.jpg\" alt=\"\" width=\"300\" height=\"225\" srcset=\"https:\/\/edublog.educastur.es\/miblogdeeie\/files\/2024\/03\/1709383959050-300x225.jpg 300w, https:\/\/edublog.educastur.es\/miblogdeeie\/files\/2024\/03\/1709383959050-1024x768.jpg 1024w, https:\/\/edublog.educastur.es\/miblogdeeie\/files\/2024\/03\/1709383959050-768x576.jpg 768w, https:\/\/edublog.educastur.es\/miblogdeeie\/files\/2024\/03\/1709383959050-1536x1152.jpg 1536w, https:\/\/edublog.educastur.es\/miblogdeeie\/files\/2024\/03\/1709383959050-900x675.jpg 900w, https:\/\/edublog.educastur.es\/miblogdeeie\/files\/2024\/03\/1709383959050-1280x960.jpg 1280w, https:\/\/edublog.educastur.es\/miblogdeeie\/files\/2024\/03\/1709383959050.jpg 2000w\" sizes=\"auto, (max-width: 300px) 100vw, 300px\" \/><img loading=\"lazy\" decoding=\"async\" class=\"alignnone size-medium wp-image-351\" src=\"http:\/\/edublog.educastur.es\/miblogdeeie\/files\/2024\/03\/1709384381480-300x225.jpg\" alt=\"\" width=\"300\" height=\"225\" srcset=\"https:\/\/edublog.educastur.es\/miblogdeeie\/files\/2024\/03\/1709384381480-300x225.jpg 300w, https:\/\/edublog.educastur.es\/miblogdeeie\/files\/2024\/03\/1709384381480-1024x768.jpg 1024w, https:\/\/edublog.educastur.es\/miblogdeeie\/files\/2024\/03\/1709384381480-768x576.jpg 768w, https:\/\/edublog.educastur.es\/miblogdeeie\/files\/2024\/03\/1709384381480-1536x1152.jpg 1536w, https:\/\/edublog.educastur.es\/miblogdeeie\/files\/2024\/03\/1709384381480-900x675.jpg 900w, https:\/\/edublog.educastur.es\/miblogdeeie\/files\/2024\/03\/1709384381480-1280x960.jpg 1280w, https:\/\/edublog.educastur.es\/miblogdeeie\/files\/2024\/03\/1709384381480.jpg 2000w\" sizes=\"auto, (max-width: 300px) 100vw, 300px\" \/>\u00a0<img loading=\"lazy\" decoding=\"async\" class=\"alignnone size-medium wp-image-351\" src=\"http:\/\/edublog.educastur.es\/miblogdeeie\/files\/2024\/03\/1709384381480-300x225.jpg\" alt=\"\" width=\"300\" height=\"225\" srcset=\"https:\/\/edublog.educastur.es\/miblogdeeie\/files\/2024\/03\/1709384381480-300x225.jpg 300w, https:\/\/edublog.educastur.es\/miblogdeeie\/files\/2024\/03\/1709384381480-1024x768.jpg 1024w, https:\/\/edublog.educastur.es\/miblogdeeie\/files\/2024\/03\/1709384381480-768x576.jpg 768w, https:\/\/edublog.educastur.es\/miblogdeeie\/files\/2024\/03\/1709384381480-1536x1152.jpg 1536w, https:\/\/edublog.educastur.es\/miblogdeeie\/files\/2024\/03\/1709384381480-900x675.jpg 900w, https:\/\/edublog.educastur.es\/miblogdeeie\/files\/2024\/03\/1709384381480-1280x960.jpg 1280w, https:\/\/edublog.educastur.es\/miblogdeeie\/files\/2024\/03\/1709384381480.jpg 2000w\" sizes=\"auto, (max-width: 300px) 100vw, 300px\" \/> <img loading=\"lazy\" decoding=\"async\" class=\"alignnone size-medium wp-image-350\" src=\"http:\/\/edublog.educastur.es\/miblogdeeie\/files\/2024\/03\/1709384381451-300x225.jpg\" alt=\"\" width=\"300\" height=\"225\" srcset=\"https:\/\/edublog.educastur.es\/miblogdeeie\/files\/2024\/03\/1709384381451-300x225.jpg 300w, https:\/\/edublog.educastur.es\/miblogdeeie\/files\/2024\/03\/1709384381451-1024x768.jpg 1024w, https:\/\/edublog.educastur.es\/miblogdeeie\/files\/2024\/03\/1709384381451-768x576.jpg 768w, https:\/\/edublog.educastur.es\/miblogdeeie\/files\/2024\/03\/1709384381451-1536x1152.jpg 1536w, https:\/\/edublog.educastur.es\/miblogdeeie\/files\/2024\/03\/1709384381451-900x675.jpg 900w, https:\/\/edublog.educastur.es\/miblogdeeie\/files\/2024\/03\/1709384381451-1280x960.jpg 1280w, https:\/\/edublog.educastur.es\/miblogdeeie\/files\/2024\/03\/1709384381451.jpg 2000w\" sizes=\"auto, (max-width: 300px) 100vw, 300px\" \/> <img loading=\"lazy\" decoding=\"async\" class=\"alignnone size-medium wp-image-349\" src=\"http:\/\/edublog.educastur.es\/miblogdeeie\/files\/2024\/03\/1709384381435-300x225.jpg\" alt=\"\" width=\"300\" height=\"225\" srcset=\"https:\/\/edublog.educastur.es\/miblogdeeie\/files\/2024\/03\/1709384381435-300x225.jpg 300w, https:\/\/edublog.educastur.es\/miblogdeeie\/files\/2024\/03\/1709384381435-1024x768.jpg 1024w, https:\/\/edublog.educastur.es\/miblogdeeie\/files\/2024\/03\/1709384381435-768x576.jpg 768w, https:\/\/edublog.educastur.es\/miblogdeeie\/files\/2024\/03\/1709384381435-1536x1152.jpg 1536w, https:\/\/edublog.educastur.es\/miblogdeeie\/files\/2024\/03\/1709384381435-900x675.jpg 900w, https:\/\/edublog.educastur.es\/miblogdeeie\/files\/2024\/03\/1709384381435-1280x960.jpg 1280w, https:\/\/edublog.educastur.es\/miblogdeeie\/files\/2024\/03\/1709384381435.jpg 2000w\" sizes=\"auto, (max-width: 300px) 100vw, 300px\" \/> <img loading=\"lazy\" decoding=\"async\" class=\"alignnone size-medium wp-image-348\" src=\"http:\/\/edublog.educastur.es\/miblogdeeie\/files\/2024\/03\/1709384381403-300x225.jpg\" alt=\"\" width=\"300\" height=\"225\" srcset=\"https:\/\/edublog.educastur.es\/miblogdeeie\/files\/2024\/03\/1709384381403-300x225.jpg 300w, https:\/\/edublog.educastur.es\/miblogdeeie\/files\/2024\/03\/1709384381403-1024x768.jpg 1024w, https:\/\/edublog.educastur.es\/miblogdeeie\/files\/2024\/03\/1709384381403-768x576.jpg 768w, https:\/\/edublog.educastur.es\/miblogdeeie\/files\/2024\/03\/1709384381403-1536x1152.jpg 1536w, https:\/\/edublog.educastur.es\/miblogdeeie\/files\/2024\/03\/1709384381403-900x675.jpg 900w, https:\/\/edublog.educastur.es\/miblogdeeie\/files\/2024\/03\/1709384381403-1280x960.jpg 1280w, https:\/\/edublog.educastur.es\/miblogdeeie\/files\/2024\/03\/1709384381403.jpg 2000w\" sizes=\"auto, (max-width: 300px) 100vw, 300px\" \/> <img loading=\"lazy\" decoding=\"async\" class=\"alignnone size-medium wp-image-347\" src=\"http:\/\/edublog.educastur.es\/miblogdeeie\/files\/2024\/03\/1709384381388-300x225.jpg\" alt=\"\" width=\"300\" height=\"225\" srcset=\"https:\/\/edublog.educastur.es\/miblogdeeie\/files\/2024\/03\/1709384381388-300x225.jpg 300w, https:\/\/edublog.educastur.es\/miblogdeeie\/files\/2024\/03\/1709384381388-1024x768.jpg 1024w, https:\/\/edublog.educastur.es\/miblogdeeie\/files\/2024\/03\/1709384381388-768x576.jpg 768w, https:\/\/edublog.educastur.es\/miblogdeeie\/files\/2024\/03\/1709384381388-1536x1152.jpg 1536w, https:\/\/edublog.educastur.es\/miblogdeeie\/files\/2024\/03\/1709384381388-900x675.jpg 900w, https:\/\/edublog.educastur.es\/miblogdeeie\/files\/2024\/03\/1709384381388-1280x960.jpg 1280w, https:\/\/edublog.educastur.es\/miblogdeeie\/files\/2024\/03\/1709384381388.jpg 2000w\" sizes=\"auto, (max-width: 300px) 100vw, 300px\" \/><img loading=\"lazy\" decoding=\"async\" class=\"alignnone size-medium wp-image-352\" src=\"http:\/\/edublog.educastur.es\/miblogdeeie\/files\/2024\/03\/1709384381511-300x225.jpg\" alt=\"\" width=\"300\" height=\"225\" srcset=\"https:\/\/edublog.educastur.es\/miblogdeeie\/files\/2024\/03\/1709384381511-300x225.jpg 300w, https:\/\/edublog.educastur.es\/miblogdeeie\/files\/2024\/03\/1709384381511-1024x768.jpg 1024w, https:\/\/edublog.educastur.es\/miblogdeeie\/files\/2024\/03\/1709384381511-768x576.jpg 768w, https:\/\/edublog.educastur.es\/miblogdeeie\/files\/2024\/03\/1709384381511-1536x1152.jpg 1536w, https:\/\/edublog.educastur.es\/miblogdeeie\/files\/2024\/03\/1709384381511-900x675.jpg 900w, https:\/\/edublog.educastur.es\/miblogdeeie\/files\/2024\/03\/1709384381511-1280x960.jpg 1280w, https:\/\/edublog.educastur.es\/miblogdeeie\/files\/2024\/03\/1709384381511.jpg 2000w\" sizes=\"auto, (max-width: 300px) 100vw, 300px\" \/><\/p>\n<p>Los proyectos expuestos son los siguientes:<\/p>\n<p><span style=\"color: #339966\">VERDELNNOVA RECICLAJE<\/span><\/p>\n<p><img loading=\"lazy\" decoding=\"async\" class=\"alignnone size-medium wp-image-316\" src=\"http:\/\/edublog.educastur.es\/miblogdeeie\/files\/2024\/03\/1709384289455-225x300.jpg\" alt=\"\" width=\"225\" height=\"300\" srcset=\"https:\/\/edublog.educastur.es\/miblogdeeie\/files\/2024\/03\/1709384289455-225x300.jpg 225w, https:\/\/edublog.educastur.es\/miblogdeeie\/files\/2024\/03\/1709384289455-768x1024.jpg 768w, https:\/\/edublog.educastur.es\/miblogdeeie\/files\/2024\/03\/1709384289455-1152x1536.jpg 1152w, https:\/\/edublog.educastur.es\/miblogdeeie\/files\/2024\/03\/1709384289455-1536x2048.jpg 1536w, https:\/\/edublog.educastur.es\/miblogdeeie\/files\/2024\/03\/1709384289455-900x1200.jpg 900w, https:\/\/edublog.educastur.es\/miblogdeeie\/files\/2024\/03\/1709384289455-1280x1707.jpg 1280w, https:\/\/edublog.educastur.es\/miblogdeeie\/files\/2024\/03\/1709384289455-scaled.jpg 1920w\" sizes=\"auto, (max-width: 225px) 100vw, 225px\" \/><\/p>\n<p><span style=\"color: #339966\">KM0<\/span><\/p>\n<p><img loading=\"lazy\" decoding=\"async\" class=\"alignnone size-medium wp-image-332\" src=\"http:\/\/edublog.educastur.es\/miblogdeeie\/files\/2024\/03\/1709384289442-1-225x300.jpg\" alt=\"\" width=\"225\" height=\"300\" srcset=\"https:\/\/edublog.educastur.es\/miblogdeeie\/files\/2024\/03\/1709384289442-1-225x300.jpg 225w, https:\/\/edublog.educastur.es\/miblogdeeie\/files\/2024\/03\/1709384289442-1-768x1024.jpg 768w, https:\/\/edublog.educastur.es\/miblogdeeie\/files\/2024\/03\/1709384289442-1-1152x1536.jpg 1152w, https:\/\/edublog.educastur.es\/miblogdeeie\/files\/2024\/03\/1709384289442-1-1536x2048.jpg 1536w, https:\/\/edublog.educastur.es\/miblogdeeie\/files\/2024\/03\/1709384289442-1-900x1200.jpg 900w, https:\/\/edublog.educastur.es\/miblogdeeie\/files\/2024\/03\/1709384289442-1-1280x1707.jpg 1280w, https:\/\/edublog.educastur.es\/miblogdeeie\/files\/2024\/03\/1709384289442-1-scaled.jpg 1920w\" sizes=\"auto, (max-width: 225px) 100vw, 225px\" \/><\/p>\n<p><span style=\"color: #339966\">ALGASTUR<\/span><\/p>\n<p><img loading=\"lazy\" decoding=\"async\" class=\"alignnone size-medium wp-image-319\" src=\"http:\/\/edublog.educastur.es\/miblogdeeie\/files\/2024\/03\/1709384289372-225x300.jpg\" alt=\"\" width=\"225\" height=\"300\" srcset=\"https:\/\/edublog.educastur.es\/miblogdeeie\/files\/2024\/03\/1709384289372-225x300.jpg 225w, https:\/\/edublog.educastur.es\/miblogdeeie\/files\/2024\/03\/1709384289372-768x1024.jpg 768w, https:\/\/edublog.educastur.es\/miblogdeeie\/files\/2024\/03\/1709384289372-1152x1536.jpg 1152w, https:\/\/edublog.educastur.es\/miblogdeeie\/files\/2024\/03\/1709384289372-1536x2048.jpg 1536w, https:\/\/edublog.educastur.es\/miblogdeeie\/files\/2024\/03\/1709384289372-900x1200.jpg 900w, https:\/\/edublog.educastur.es\/miblogdeeie\/files\/2024\/03\/1709384289372-1280x1707.jpg 1280w, https:\/\/edublog.educastur.es\/miblogdeeie\/files\/2024\/03\/1709384289372-scaled.jpg 1920w\" sizes=\"auto, (max-width: 225px) 100vw, 225px\" \/> <img loading=\"lazy\" decoding=\"async\" class=\"alignnone size-medium wp-image-318\" src=\"http:\/\/edublog.educastur.es\/miblogdeeie\/files\/2024\/03\/1709384289358-300x225.jpg\" alt=\"\" width=\"300\" height=\"225\" srcset=\"https:\/\/edublog.educastur.es\/miblogdeeie\/files\/2024\/03\/1709384289358-300x225.jpg 300w, https:\/\/edublog.educastur.es\/miblogdeeie\/files\/2024\/03\/1709384289358-1024x768.jpg 1024w, https:\/\/edublog.educastur.es\/miblogdeeie\/files\/2024\/03\/1709384289358-768x576.jpg 768w, https:\/\/edublog.educastur.es\/miblogdeeie\/files\/2024\/03\/1709384289358-1536x1152.jpg 1536w, https:\/\/edublog.educastur.es\/miblogdeeie\/files\/2024\/03\/1709384289358-900x675.jpg 900w, https:\/\/edublog.educastur.es\/miblogdeeie\/files\/2024\/03\/1709384289358-1280x960.jpg 1280w, https:\/\/edublog.educastur.es\/miblogdeeie\/files\/2024\/03\/1709384289358.jpg 2000w\" sizes=\"auto, (max-width: 300px) 100vw, 300px\" \/> <img loading=\"lazy\" decoding=\"async\" class=\"alignnone size-medium wp-image-317\" src=\"http:\/\/edublog.educastur.es\/miblogdeeie\/files\/2024\/03\/1709384289342-300x225.jpg\" alt=\"\" width=\"300\" height=\"225\" srcset=\"https:\/\/edublog.educastur.es\/miblogdeeie\/files\/2024\/03\/1709384289342-300x225.jpg 300w, https:\/\/edublog.educastur.es\/miblogdeeie\/files\/2024\/03\/1709384289342-1024x768.jpg 1024w, https:\/\/edublog.educastur.es\/miblogdeeie\/files\/2024\/03\/1709384289342-768x576.jpg 768w, https:\/\/edublog.educastur.es\/miblogdeeie\/files\/2024\/03\/1709384289342-1536x1152.jpg 1536w, https:\/\/edublog.educastur.es\/miblogdeeie\/files\/2024\/03\/1709384289342-900x675.jpg 900w, https:\/\/edublog.educastur.es\/miblogdeeie\/files\/2024\/03\/1709384289342-1280x960.jpg 1280w, https:\/\/edublog.educastur.es\/miblogdeeie\/files\/2024\/03\/1709384289342.jpg 2000w\" sizes=\"auto, (max-width: 300px) 100vw, 300px\" \/><\/p>\n<p><span style=\"color: #339966\">BABIAVENTURA<\/span><\/p>\n<p><img loading=\"lazy\" decoding=\"async\" class=\"alignnone size-medium wp-image-322\" src=\"http:\/\/edublog.educastur.es\/miblogdeeie\/files\/2024\/03\/1709384289427-300x225.jpg\" alt=\"\" width=\"300\" height=\"225\" srcset=\"https:\/\/edublog.educastur.es\/miblogdeeie\/files\/2024\/03\/1709384289427-300x225.jpg 300w, https:\/\/edublog.educastur.es\/miblogdeeie\/files\/2024\/03\/1709384289427-1024x768.jpg 1024w, https:\/\/edublog.educastur.es\/miblogdeeie\/files\/2024\/03\/1709384289427-768x576.jpg 768w, https:\/\/edublog.educastur.es\/miblogdeeie\/files\/2024\/03\/1709384289427-1536x1152.jpg 1536w, https:\/\/edublog.educastur.es\/miblogdeeie\/files\/2024\/03\/1709384289427-900x675.jpg 900w, https:\/\/edublog.educastur.es\/miblogdeeie\/files\/2024\/03\/1709384289427-1280x960.jpg 1280w, https:\/\/edublog.educastur.es\/miblogdeeie\/files\/2024\/03\/1709384289427.jpg 2000w\" sizes=\"auto, (max-width: 300px) 100vw, 300px\" \/><img loading=\"lazy\" decoding=\"async\" class=\"alignnone size-medium wp-image-345\" src=\"http:\/\/edublog.educastur.es\/miblogdeeie\/files\/2024\/03\/1709384289414-225x300.jpg\" alt=\"\" width=\"225\" height=\"300\" srcset=\"https:\/\/edublog.educastur.es\/miblogdeeie\/files\/2024\/03\/1709384289414-225x300.jpg 225w, https:\/\/edublog.educastur.es\/miblogdeeie\/files\/2024\/03\/1709384289414-768x1024.jpg 768w, https:\/\/edublog.educastur.es\/miblogdeeie\/files\/2024\/03\/1709384289414-1152x1536.jpg 1152w, https:\/\/edublog.educastur.es\/miblogdeeie\/files\/2024\/03\/1709384289414-900x1200.jpg 900w, https:\/\/edublog.educastur.es\/miblogdeeie\/files\/2024\/03\/1709384289414-1280x1707.jpg 1280w, https:\/\/edublog.educastur.es\/miblogdeeie\/files\/2024\/03\/1709384289414.jpg 1500w\" sizes=\"auto, (max-width: 225px) 100vw, 225px\" \/><\/p>\n<p><span style=\"color: #339966\">CASASVERDESASTUR<\/span><\/p>\n<p><img loading=\"lazy\" decoding=\"async\" class=\"alignnone size-medium wp-image-320\" src=\"http:\/\/edublog.educastur.es\/miblogdeeie\/files\/2024\/03\/1709384289383-300x225.jpg\" alt=\"\" width=\"300\" height=\"225\" srcset=\"https:\/\/edublog.educastur.es\/miblogdeeie\/files\/2024\/03\/1709384289383-300x225.jpg 300w, https:\/\/edublog.educastur.es\/miblogdeeie\/files\/2024\/03\/1709384289383-1024x768.jpg 1024w, https:\/\/edublog.educastur.es\/miblogdeeie\/files\/2024\/03\/1709384289383-768x576.jpg 768w, https:\/\/edublog.educastur.es\/miblogdeeie\/files\/2024\/03\/1709384289383-1536x1152.jpg 1536w, https:\/\/edublog.educastur.es\/miblogdeeie\/files\/2024\/03\/1709384289383-900x675.jpg 900w, https:\/\/edublog.educastur.es\/miblogdeeie\/files\/2024\/03\/1709384289383-1280x960.jpg 1280w, https:\/\/edublog.educastur.es\/miblogdeeie\/files\/2024\/03\/1709384289383.jpg 2000w\" sizes=\"auto, (max-width: 300px) 100vw, 300px\" \/><\/p>\n<p><span style=\"color: #339966\">PEREGRINAJE CLEAN<\/span><\/p>\n<p><img loading=\"lazy\" decoding=\"async\" class=\"alignnone size-medium wp-image-321\" src=\"http:\/\/edublog.educastur.es\/miblogdeeie\/files\/2024\/03\/1709384289399-300x225.jpg\" alt=\"\" width=\"300\" height=\"225\" srcset=\"https:\/\/edublog.educastur.es\/miblogdeeie\/files\/2024\/03\/1709384289399-300x225.jpg 300w, https:\/\/edublog.educastur.es\/miblogdeeie\/files\/2024\/03\/1709384289399-1024x768.jpg 1024w, https:\/\/edublog.educastur.es\/miblogdeeie\/files\/2024\/03\/1709384289399-768x576.jpg 768w, https:\/\/edublog.educastur.es\/miblogdeeie\/files\/2024\/03\/1709384289399-1536x1152.jpg 1536w, https:\/\/edublog.educastur.es\/miblogdeeie\/files\/2024\/03\/1709384289399-900x675.jpg 900w, https:\/\/edublog.educastur.es\/miblogdeeie\/files\/2024\/03\/1709384289399-1280x960.jpg 1280w, https:\/\/edublog.educastur.es\/miblogdeeie\/files\/2024\/03\/1709384289399.jpg 2000w\" sizes=\"auto, (max-width: 300px) 100vw, 300px\" \/><\/p>\n<p><span style=\"color: #339966\">HUERTA ECOL\u00d3GICA LINDE<\/span><\/p>\n<p><img loading=\"lazy\" decoding=\"async\" class=\"alignnone size-medium wp-image-339\" src=\"http:\/\/edublog.educastur.es\/miblogdeeie\/files\/2024\/03\/1709383959121-300x225.jpg\" alt=\"\" width=\"300\" height=\"225\" srcset=\"https:\/\/edublog.educastur.es\/miblogdeeie\/files\/2024\/03\/1709383959121-300x225.jpg 300w, https:\/\/edublog.educastur.es\/miblogdeeie\/files\/2024\/03\/1709383959121-1024x768.jpg 1024w, https:\/\/edublog.educastur.es\/miblogdeeie\/files\/2024\/03\/1709383959121-768x576.jpg 768w, https:\/\/edublog.educastur.es\/miblogdeeie\/files\/2024\/03\/1709383959121-1536x1152.jpg 1536w, https:\/\/edublog.educastur.es\/miblogdeeie\/files\/2024\/03\/1709383959121-900x675.jpg 900w, https:\/\/edublog.educastur.es\/miblogdeeie\/files\/2024\/03\/1709383959121-1280x960.jpg 1280w, https:\/\/edublog.educastur.es\/miblogdeeie\/files\/2024\/03\/1709383959121.jpg 2000w\" sizes=\"auto, (max-width: 300px) 100vw, 300px\" \/><\/p>\n<p><span style=\"color: #339966\">FOUCIN XPERIENCE<\/span><\/p>\n<p><img loading=\"lazy\" decoding=\"async\" class=\"alignnone size-medium wp-image-336\" src=\"http:\/\/edublog.educastur.es\/miblogdeeie\/files\/2024\/03\/1709383959066-225x300.jpg\" alt=\"\" width=\"225\" height=\"300\" srcset=\"https:\/\/edublog.educastur.es\/miblogdeeie\/files\/2024\/03\/1709383959066-225x300.jpg 225w, https:\/\/edublog.educastur.es\/miblogdeeie\/files\/2024\/03\/1709383959066-768x1024.jpg 768w, https:\/\/edublog.educastur.es\/miblogdeeie\/files\/2024\/03\/1709383959066-1152x1536.jpg 1152w, https:\/\/edublog.educastur.es\/miblogdeeie\/files\/2024\/03\/1709383959066-1536x2048.jpg 1536w, https:\/\/edublog.educastur.es\/miblogdeeie\/files\/2024\/03\/1709383959066-900x1200.jpg 900w, https:\/\/edublog.educastur.es\/miblogdeeie\/files\/2024\/03\/1709383959066-1280x1707.jpg 1280w, https:\/\/edublog.educastur.es\/miblogdeeie\/files\/2024\/03\/1709383959066-scaled.jpg 1920w\" sizes=\"auto, (max-width: 225px) 100vw, 225px\" \/><\/p>\n<p><span style=\"color: #339966\">TODAS LAS PERSONAS SOMOS UNA<\/span><\/p>\n<p><img loading=\"lazy\" decoding=\"async\" class=\"alignnone size-medium wp-image-337\" src=\"http:\/\/edublog.educastur.es\/miblogdeeie\/files\/2024\/03\/1709383959086-225x300.jpg\" alt=\"\" width=\"225\" height=\"300\" srcset=\"https:\/\/edublog.educastur.es\/miblogdeeie\/files\/2024\/03\/1709383959086-225x300.jpg 225w, https:\/\/edublog.educastur.es\/miblogdeeie\/files\/2024\/03\/1709383959086-768x1024.jpg 768w, https:\/\/edublog.educastur.es\/miblogdeeie\/files\/2024\/03\/1709383959086-1152x1536.jpg 1152w, https:\/\/edublog.educastur.es\/miblogdeeie\/files\/2024\/03\/1709383959086-1536x2048.jpg 1536w, https:\/\/edublog.educastur.es\/miblogdeeie\/files\/2024\/03\/1709383959086-900x1200.jpg 900w, https:\/\/edublog.educastur.es\/miblogdeeie\/files\/2024\/03\/1709383959086-1280x1707.jpg 1280w, https:\/\/edublog.educastur.es\/miblogdeeie\/files\/2024\/03\/1709383959086-scaled.jpg 1920w\" sizes=\"auto, (max-width: 225px) 100vw, 225px\" \/><\/p>\n<p><span style=\"color: #339966\">TRATAMIENTOS TINEO (TRATIN)<\/span><\/p>\n<p><img loading=\"lazy\" decoding=\"async\" class=\"alignnone size-medium wp-image-338\" src=\"http:\/\/edublog.educastur.es\/miblogdeeie\/files\/2024\/03\/1709383959108-300x225.jpg\" alt=\"\" width=\"300\" height=\"225\" srcset=\"https:\/\/edublog.educastur.es\/miblogdeeie\/files\/2024\/03\/1709383959108-300x225.jpg 300w, https:\/\/edublog.educastur.es\/miblogdeeie\/files\/2024\/03\/1709383959108-1024x768.jpg 1024w, https:\/\/edublog.educastur.es\/miblogdeeie\/files\/2024\/03\/1709383959108-768x576.jpg 768w, https:\/\/edublog.educastur.es\/miblogdeeie\/files\/2024\/03\/1709383959108-1536x1152.jpg 1536w, https:\/\/edublog.educastur.es\/miblogdeeie\/files\/2024\/03\/1709383959108-900x675.jpg 900w, https:\/\/edublog.educastur.es\/miblogdeeie\/files\/2024\/03\/1709383959108-1280x960.jpg 1280w, https:\/\/edublog.educastur.es\/miblogdeeie\/files\/2024\/03\/1709383959108.jpg 2000w\" sizes=\"auto, (max-width: 300px) 100vw, 300px\" \/><\/p>\n<p><span style=\"color: #339966\">RECICLAPP<br \/>\n<\/span><\/p>\n<p><img loading=\"lazy\" decoding=\"async\" class=\"alignnone size-medium wp-image-340\" src=\"http:\/\/edublog.educastur.es\/miblogdeeie\/files\/2024\/03\/1709383959134-225x300.jpg\" alt=\"\" width=\"225\" height=\"300\" srcset=\"https:\/\/edublog.educastur.es\/miblogdeeie\/files\/2024\/03\/1709383959134-225x300.jpg 225w, https:\/\/edublog.educastur.es\/miblogdeeie\/files\/2024\/03\/1709383959134-768x1024.jpg 768w, https:\/\/edublog.educastur.es\/miblogdeeie\/files\/2024\/03\/1709383959134-1152x1536.jpg 1152w, https:\/\/edublog.educastur.es\/miblogdeeie\/files\/2024\/03\/1709383959134-1536x2048.jpg 1536w, https:\/\/edublog.educastur.es\/miblogdeeie\/files\/2024\/03\/1709383959134-900x1200.jpg 900w, https:\/\/edublog.educastur.es\/miblogdeeie\/files\/2024\/03\/1709383959134-1280x1707.jpg 1280w, https:\/\/edublog.educastur.es\/miblogdeeie\/files\/2024\/03\/1709383959134-scaled.jpg 1920w\" sizes=\"auto, (max-width: 225px) 100vw, 225px\" \/><\/p>\n<p>&nbsp;<\/p>\n<p>&nbsp;<\/p>\n<p class=\"zfr3Q CDt4Ke \" dir=\"ltr\">\n","protected":false},"excerpt":{"rendered":"<p>El pasado viernes 1 de marzo, ha tenido lugar la \u00abI Exposici\u00f3n de Prototipos\u00bb de los proyectos del m\u00f3dulo de Empresa e Iniciativa Emprendedora en el IES Concejo de Tineo. En esta jornada, el alumnado del segundo curso de Gesti\u00f3n Forestal y del Medio Natural present\u00f3 un peque\u00f1o stand con el prototipo de su proyecto [&hellip;]<\/p>\n","protected":false},"author":1261,"featured_media":0,"parent":0,"menu_order":0,"comment_status":"closed","ping_status":"closed","template":"","meta":{"footnotes":""},"class_list":["post-251","page","type-page","status-publish","hentry"],"_links":{"self":[{"href":"https:\/\/edublog.educastur.es\/miblogdeeie\/wp-json\/wp\/v2\/pages\/251","targetHints":{"allow":["GET"]}}],"collection":[{"href":"https:\/\/edublog.educastur.es\/miblogdeeie\/wp-json\/wp\/v2\/pages"}],"about":[{"href":"https:\/\/edublog.educastur.es\/miblogdeeie\/wp-json\/wp\/v2\/types\/page"}],"author":[{"embeddable":true,"href":"https:\/\/edublog.educastur.es\/miblogdeeie\/wp-json\/wp\/v2\/users\/1261"}],"replies":[{"embeddable":true,"href":"https:\/\/edublog.educastur.es\/miblogdeeie\/wp-json\/wp\/v2\/comments?post=251"}],"version-history":[{"count":11,"href":"https:\/\/edublog.educastur.es\/miblogdeeie\/wp-json\/wp\/v2\/pages\/251\/revisions"}],"predecessor-version":[{"id":358,"href":"https:\/\/edublog.educastur.es\/miblogdeeie\/wp-json\/wp\/v2\/pages\/251\/revisions\/358"}],"wp:attachment":[{"href":"https:\/\/edublog.educastur.es\/miblogdeeie\/wp-json\/wp\/v2\/media?parent=251"}],"curies":[{"name":"wp","href":"https:\/\/api.w.org\/{rel}","templated":true}]}}