{"id":54,"date":"2021-01-29T11:50:42","date_gmt":"2021-01-29T11:50:42","guid":{"rendered":"https:\/\/edublog.educastur.es\/miblogeducativo\/?page_id=54"},"modified":"2021-01-29T11:50:42","modified_gmt":"2021-01-29T11:50:42","slug":"sobre-el-blog","status":"publish","type":"page","link":"https:\/\/edublog.educastur.es\/miblogeducativo\/sobre-el-blog\/","title":{"rendered":"Sobre el blog"},"content":{"rendered":"<p><img loading=\"lazy\" decoding=\"async\" class=\"wp-image-55 aligncenter\" src=\"http:\/\/edublog.educastur.es\/miblogeducativo\/files\/2021\/01\/WhatsApp-Image-2021-01-19-at-1.09.17-PM-1-300x225.jpeg\" alt=\"\" width=\"434\" height=\"326\" srcset=\"https:\/\/edublog.educastur.es\/miblogeducativo\/files\/2021\/01\/WhatsApp-Image-2021-01-19-at-1.09.17-PM-1-300x225.jpeg 300w, https:\/\/edublog.educastur.es\/miblogeducativo\/files\/2021\/01\/WhatsApp-Image-2021-01-19-at-1.09.17-PM-1-1024x768.jpeg 1024w, https:\/\/edublog.educastur.es\/miblogeducativo\/files\/2021\/01\/WhatsApp-Image-2021-01-19-at-1.09.17-PM-1-768x576.jpeg 768w, https:\/\/edublog.educastur.es\/miblogeducativo\/files\/2021\/01\/WhatsApp-Image-2021-01-19-at-1.09.17-PM-1-1536x1152.jpeg 1536w, https:\/\/edublog.educastur.es\/miblogeducativo\/files\/2021\/01\/WhatsApp-Image-2021-01-19-at-1.09.17-PM-1-1000x750.jpeg 1000w, https:\/\/edublog.educastur.es\/miblogeducativo\/files\/2021\/01\/WhatsApp-Image-2021-01-19-at-1.09.17-PM-1-400x300.jpeg 400w, https:\/\/edublog.educastur.es\/miblogeducativo\/files\/2021\/01\/WhatsApp-Image-2021-01-19-at-1.09.17-PM-1.jpeg 1600w\" sizes=\"auto, (max-width: 434px) 100vw, 434px\" \/><\/p>\n<p>&nbsp;<\/p>\n<p>Mi nombre es Mar\u00eda del Carmen, soy una profesora de primaria. A mis alumnos les encanta la clase de pl\u00e1stica por lo que he decidido hacer un blog sobre esta misma. En todos estos a\u00f1os he aprendido la importancia para el desarrollo de los m\u00e1s peques que tiene hacer un simple dibujo y lo que les ayuda a desconectar de un duro d\u00eda de trabajo en otras materias.<\/p>\n<p>Espero que disfrut\u00e9is de mi blog \ud83d\ude42<\/p>\n","protected":false},"excerpt":{"rendered":"<p>&nbsp; Mi nombre es Mar\u00eda del Carmen, soy una profesora de primaria. A mis alumnos les encanta la clase de pl\u00e1stica por lo que he decidido hacer un blog sobre esta misma. En todos estos a\u00f1os he aprendido la importancia para el desarrollo de los m\u00e1s peques que tiene hacer un simple dibujo y lo [&hellip;]<\/p>\n","protected":false},"author":758,"featured_media":0,"parent":0,"menu_order":0,"comment_status":"closed","ping_status":"closed","template":"","meta":{"footnotes":""},"class_list":["post-54","page","type-page","status-publish","hentry"],"_links":{"self":[{"href":"https:\/\/edublog.educastur.es\/miblogeducativo\/wp-json\/wp\/v2\/pages\/54","targetHints":{"allow":["GET"]}}],"collection":[{"href":"https:\/\/edublog.educastur.es\/miblogeducativo\/wp-json\/wp\/v2\/pages"}],"about":[{"href":"https:\/\/edublog.educastur.es\/miblogeducativo\/wp-json\/wp\/v2\/types\/page"}],"author":[{"embeddable":true,"href":"https:\/\/edublog.educastur.es\/miblogeducativo\/wp-json\/wp\/v2\/users\/758"}],"replies":[{"embeddable":true,"href":"https:\/\/edublog.educastur.es\/miblogeducativo\/wp-json\/wp\/v2\/comments?post=54"}],"version-history":[{"count":2,"href":"https:\/\/edublog.educastur.es\/miblogeducativo\/wp-json\/wp\/v2\/pages\/54\/revisions"}],"predecessor-version":[{"id":57,"href":"https:\/\/edublog.educastur.es\/miblogeducativo\/wp-json\/wp\/v2\/pages\/54\/revisions\/57"}],"wp:attachment":[{"href":"https:\/\/edublog.educastur.es\/miblogeducativo\/wp-json\/wp\/v2\/media?parent=54"}],"curies":[{"name":"wp","href":"https:\/\/api.w.org\/{rel}","templated":true}]}}