{"id":6,"date":"2018-10-23T19:12:57","date_gmt":"2018-10-23T19:12:57","guid":{"rendered":"https:\/\/edublog.educastur.es\/mrol1\/?page_id=6"},"modified":"2022-04-20T09:08:55","modified_gmt":"2022-04-20T09:08:55","slug":"interaccion","status":"publish","type":"page","link":"https:\/\/edublog.educastur.es\/mrol1\/interaccion\/","title":{"rendered":"Interacci\u00f3n"},"content":{"rendered":"<p><img loading=\"lazy\" decoding=\"async\" class=\"wp-image-196 size-full alignleft\" src=\"http:\/\/edublog.educastur.es\/mrol1\/files\/2020\/11\/el-metodo700.jpg\" alt=\"\" width=\"700\" height=\"426\" srcset=\"https:\/\/edublog.educastur.es\/mrol1\/files\/2020\/11\/el-metodo700.jpg 700w, https:\/\/edublog.educastur.es\/mrol1\/files\/2020\/11\/el-metodo700-300x183.jpg 300w\" sizes=\"auto, (max-width: 700px) 100vw, 700px\" \/><\/p>\n<table style=\"width: 100%;border-collapse: collapse\">\n<tbody>\n<tr style=\"background-color: #e6e3c5\">\n<td style=\"width: 100%;text-align: justify\"><span style=\"font-family: 'comic sans ms', sans-serif;color: #800000\">E<span style=\"color: #000000\">l objetivo de estos cuestionarios es que pongas a prueba tus conocimientos. Las preguntas tienen respuesta y contexto en el tema publicado en \u201cRegistrados\u201d. Tambi\u00e9n puedes ampliar la respuesta en internet. Est\u00e1 habilitada la correcci\u00f3n autom\u00e1tica despu\u00e9s de finalizar y enviar.<\/span><\/span><\/td>\n<\/tr>\n<\/tbody>\n<\/table>\n<table style=\"height: 800px;width: 100%;border-collapse: collapse\">\n<tbody>\n<tr style=\"height: 127px;background-color: #d1e8e3\">\n<td style=\"width: 35.3855%;height: 127px;text-align: center\"><span style=\"font-family: 'comic sans ms', sans-serif\"><img loading=\"lazy\" decoding=\"async\" class=\"alignnone size-medium wp-image-209\" src=\"http:\/\/edublog.educastur.es\/mrol1\/files\/2020\/11\/11.png\" alt=\"\" width=\"45\" height=\"52\" \/><\/span><\/p>\n<p><span style=\"font-family: 'comic sans ms', sans-serif\"><span style=\"color: #000080\"><a style=\"color: #000080\" title=\"Abrir\" href=\"https:\/\/forms.gle\/RhLLrhJjYTWRQQuw8\" target=\"_blank\" rel=\"noopener noreferrer\">Cuestionario sobre Herramientas<\/a> <\/span><\/span><\/td>\n<td style=\"width: 0.764526%;height: 127px;background-color: #f9faf7;text-align: center\" rowspan=\"6\"><\/td>\n<td style=\"width: 35.4669%;height: 127px;text-align: center\"><img loading=\"lazy\" decoding=\"async\" class=\"alignnone size-medium wp-image-208\" src=\"http:\/\/edublog.educastur.es\/mrol1\/files\/2020\/11\/12.png\" alt=\"\" width=\"37\" height=\"47\" \/><\/p>\n<p><span style=\"font-family: 'comic sans ms', sans-serif\"><a style=\"color: #000080\" title=\"Abrir\" href=\"https:\/\/fme202.000webhostapp.com\/herramientas\/index.html\" target=\"_blank\" rel=\"noopener noreferrer\">Identifica las\u00a0 herramientas<\/a><\/span><span style=\"color: #000080;font-family: 'comic sans ms', sans-serif;font-size: inherit\">\u00a0 (Entrenamiento)<\/span><\/td>\n<\/tr>\n<tr style=\"height: 114px;background-color: #a2bfe0\">\n<td style=\"width: 35.3855%;height: 114px;text-align: center\"><img loading=\"lazy\" decoding=\"async\" class=\"alignnone size-medium wp-image-207\" src=\"http:\/\/edublog.educastur.es\/mrol1\/files\/2020\/11\/14.png\" alt=\"\" width=\"35\" height=\"39\" \/><\/p>\n<p><span style=\"color: #000080;font-family: 'comic sans ms', sans-serif\"><a style=\"color: #000080\" title=\"Abrir\" href=\"https:\/\/forms.gle\/8tDB6RUbRA6fkCRx5\" target=\"_blank\" rel=\"noopener noreferrer\">C1 Cuestionario sobre materiales<\/a>\u00a0<\/span><\/td>\n<td style=\"width: 35.4669%;height: 114px;text-align: center\"><span style=\"color: #000080;font-family: 'comic sans ms', sans-serif\"><img loading=\"lazy\" decoding=\"async\" class=\"alignnone size-medium wp-image-207\" src=\"http:\/\/edublog.educastur.es\/mrol1\/files\/2020\/11\/14.png\" alt=\"\" width=\"35\" height=\"39\" \/> \u00a0\u00a0<\/span><\/p>\n<p><span style=\"color: #000080;font-family: 'comic sans ms', sans-serif\"><a style=\"color: #000080\" title=\"Abrir\" href=\"https:\/\/forms.gle\/66wpzqCutZJVdhTV9\" target=\"_blank\" rel=\"noopener noreferrer\">C2 Cuestionario sobre Limado<\/a><\/span><\/td>\n<\/tr>\n<tr style=\"background-color: #d1e8e3\">\n<td style=\"width: 35.3855%;height: 120px;text-align: center\"><img loading=\"lazy\" decoding=\"async\" class=\"alignnone size-medium wp-image-206\" src=\"http:\/\/edublog.educastur.es\/mrol1\/files\/2020\/11\/15.png\" alt=\"\" width=\"48\" height=\"45\" \/><\/p>\n<p><span style=\"color: #000080;font-family: 'comic sans ms', sans-serif\"><a style=\"color: #000080\" title=\"Abrir\" href=\"https:\/\/forms.gle\/rmGPmNhKDhcpSh5i7\" target=\"_blank\" rel=\"noopener noreferrer\">C3 Cuestionario sobre aserrado<\/a>\u00a0<\/span><\/td>\n<td style=\"width: 35.4669%;height: 120px;text-align: center\"><img loading=\"lazy\" decoding=\"async\" class=\"alignnone size-medium wp-image-206\" src=\"http:\/\/edublog.educastur.es\/mrol1\/files\/2020\/11\/15.png\" alt=\"\" width=\"48\" height=\"45\" \/><\/p>\n<p><span style=\"color: #000080;font-family: 'comic sans ms', sans-serif\"><a style=\"color: #000080\" title=\"Abrir\" href=\"https:\/\/forms.gle\/s2siyaEWnSY68vp47\" target=\"_blank\" rel=\"noopener noreferrer\">C4 Cuestionario sobre Taladrado<\/a><\/span><\/td>\n<\/tr>\n<tr style=\"background-color: #a2bfe0\">\n<td style=\"width: 35.3855%;height: 95px\"><span style=\"color: #000080;font-family: 'comic sans ms', sans-serif\"><img loading=\"lazy\" decoding=\"async\" class=\"size-medium wp-image-206 aligncenter\" src=\"http:\/\/edublog.educastur.es\/mrol1\/files\/2020\/11\/15.png\" alt=\"\" width=\"48\" height=\"45\" \/><\/span><\/p>\n<p style=\"text-align: center\"><span style=\"color: #000080;font-family: 'comic sans ms', sans-serif\"><a style=\"color: #000080\" title=\"Abrir\" href=\"https:\/\/forms.gle\/Ceg2sTuXtZnwRoiKA\" target=\"_blank\" rel=\"noopener noreferrer\">C6 Cuestionario sobre Remachado<\/a><\/span><\/p>\n<\/td>\n<td style=\"width: 35.4669%;height: 95px\"><\/td>\n<\/tr>\n<tr style=\"background-color: #d1e8e3\">\n<td style=\"width: 35.3855%;height: 120px;text-align: center\"><span style=\"color: #000080;font-family: 'comic sans ms', sans-serif\"><img loading=\"lazy\" decoding=\"async\" class=\"alignnone size-medium wp-image-205\" src=\"http:\/\/edublog.educastur.es\/mrol1\/files\/2020\/11\/17.png\" alt=\"\" width=\"60\" height=\"45\" \/><br \/>\n<\/span><span style=\"color: #000080;font-family: 'comic sans ms', sans-serif\"><a style=\"color: #000080\" title=\"Abrir\" href=\"https:\/\/forms.gle\/mTkZSFovRngJ3qBj7\" target=\"_blank\" rel=\"noopener noreferrer\">C7.1 Cuestionario Roscado 1\u00a0<\/a>\u00a0 \u00a0<\/span><\/td>\n<td style=\"width: 35.4669%;height: 120px;text-align: center\"><span style=\"color: #000080;font-family: 'comic sans ms', sans-serif\"><img loading=\"lazy\" decoding=\"async\" class=\"alignnone size-medium wp-image-205\" src=\"http:\/\/edublog.educastur.es\/mrol1\/files\/2020\/11\/17.png\" alt=\"\" width=\"60\" height=\"45\" \/><\/span><br \/>\n<span style=\"color: #000080;font-family: 'comic sans ms', sans-serif\"><a style=\"color: #000080\" title=\"Abrir\" href=\"https:\/\/forms.gle\/gCoVqpu9MwQ87ZH78\" target=\"_blank\" rel=\"noopener noreferrer\">\u00a0C7.2 Cuestionario de roscado 2<\/a><span style=\"font-size: inherit\">\u00a0 \u00a0\u00a0<\/span><\/span><\/td>\n<\/tr>\n<tr style=\"background-color: #a2bfe0\">\n<td style=\"width: 35.3855%;height: 125px\"><span style=\"font-family: 'comic sans ms', sans-serif\"><span style=\"color: #000080\"><img loading=\"lazy\" decoding=\"async\" class=\"size-full wp-image-203 aligncenter\" src=\"http:\/\/edublog.educastur.es\/mrol1\/files\/2020\/11\/19.png\" alt=\"\" width=\"69\" height=\"50\" \/><\/span><\/span><\/p>\n<p style=\"text-align: center\"><span style=\"font-family: 'comic sans ms', sans-serif\"><span style=\"color: #000080\"><a style=\"color: #000080\" title=\"Abrir\" href=\"https:\/\/forms.gle\/TPyve93kjsGzC6q16\" target=\"_blank\" rel=\"noopener noreferrer\">C8 Cuestionario sobre esmerilado<\/a><\/span>\u00a0 <\/span><\/p>\n<\/td>\n<td style=\"width: 35.4669%;height: 125px\"><span style=\"font-family: 'comic sans ms', sans-serif\"><img loading=\"lazy\" decoding=\"async\" class=\"size-medium wp-image-204 aligncenter\" src=\"http:\/\/edublog.educastur.es\/mrol1\/files\/2020\/11\/18.png\" alt=\"\" width=\"50\" height=\"48\" \/><\/span><\/p>\n<p style=\"text-align: center\"><span style=\"font-family: 'comic sans ms', sans-serif\"><a style=\"color: #000080\" title=\"Abrir\" href=\"https:\/\/forms.gle\/Uap7k6seGahMF7yV6\" target=\"_blank\" rel=\"noopener noreferrer\">C9 Estructuras<\/a><\/span><\/p>\n<\/td>\n<\/tr>\n<\/tbody>\n<\/table>\n<table style=\"width: 100%;border-collapse: collapse;height: 125px\">\n<tbody>\n<tr style=\"background-color: #e9e6f2\">\n<td style=\"width: 100%;text-align: center;height: 125px\"><span style=\"color: #000080\"><span style=\"font-family: 'comic sans ms', sans-serif\"> <a style=\"color: #000080\" title=\"Abrir\" href=\"https:\/\/drive.google.com\/drive\/folders\/1CILJBgpn2YFEUa0p5SzEjKsSBiR2HcyF?usp=sharing\" target=\"_blank\" rel=\"noopener noreferrer\"><span style=\"color: #800000\"><img loading=\"lazy\" decoding=\"async\" class=\"alignnone wp-image-214\" src=\"http:\/\/edublog.educastur.es\/mrol1\/files\/2020\/11\/Sin-titulo-11.png\" alt=\"\" width=\"50\" height=\"50\" \/><\/span><\/a><\/span><\/span><br \/>\n<strong><span style=\"color: #000080\"><span style=\"font-family: 'comic sans ms', sans-serif\"><a style=\"color: #000080\" title=\"Abrir\" href=\"https:\/\/drive.google.com\/drive\/folders\/1CILJBgpn2YFEUa0p5SzEjKsSBiR2HcyF?usp=sharing\" target=\"_blank\" rel=\"noopener noreferrer\"><span style=\"color: #800000\">V\u00eddeos de apoyo a los temas anteriores<\/span><\/a><\/span><\/span><\/strong><\/td>\n<\/tr>\n<\/tbody>\n<\/table>\n<hr \/>\n<p><span style=\"color: #000080\">\u00a0<\/span><span style=\"color: #000080\">\u00a0\u00a0<img loading=\"lazy\" decoding=\"async\" class=\"alignnone size-full wp-image-159\" src=\"http:\/\/edublog.educastur.es\/mrol1\/files\/2020\/10\/video1.jpg\" alt=\"\" width=\"45\" height=\"44\" \/><span style=\"font-family: 'comic sans ms', sans-serif\"><a style=\"color: #000080\" title=\"Abrir\" href=\"https:\/\/youtu.be\/mbGUVhTCsZ0\" target=\"_blank\" rel=\"noopener noreferrer\">Los Aceros<\/a><\/span><\/span><\/p>\n<hr \/>\n<p><span style=\"font-family: 'comic sans ms', sans-serif\"><a title=\"Abrir\" href=\"https:\/\/youtu.be\/mbGUVhTCsZ0\" target=\"_blank\" rel=\"noopener noreferrer\"><img loading=\"lazy\" decoding=\"async\" class=\"alignnone size-full wp-image-152\" src=\"http:\/\/edublog.educastur.es\/mrol1\/files\/2020\/10\/email.png\" alt=\"\" width=\"25\" height=\"25\" \/> <span style=\"color: #993300\">\u00a0<\/span><\/a><span style=\"color: #993300\"><a style=\"color: #993300\" title=\"Abrir\" href=\"https:\/\/youtu.be\/mbGUVhTCsZ0\" target=\"_blank\" rel=\"noopener noreferrer\">\u00a0\u00a0<\/a><a style=\"color: #993300\" title=\"Correo electr\u00f3nico\" href=\"mailto:fmecanica1@gmail.com\" target=\"_blank\" rel=\"noopener noreferrer\">Emai<\/a><a style=\"color: #993300\" title=\"Abrir\" href=\"https:\/\/youtu.be\/mbGUVhTCsZ0\" target=\"_blank\" rel=\"noopener noreferrer\">l :\u00a0fmecanica1@gmail.com<\/a><\/span><\/span><\/p>\n<hr \/>\n<hr \/>\n<p><span style=\"font-family: 'comic sans ms', sans-serif\"><a title=\"Abrir\" href=\"https:\/\/youtu.be\/mbGUVhTCsZ0\" target=\"_blank\" rel=\"noopener noreferrer\">\u00a0 \u00a0<\/a><span style=\"color: #800080\"><img loading=\"lazy\" decoding=\"async\" class=\"alignnone size-medium wp-image-162\" src=\"http:\/\/edublog.educastur.es\/mrol1\/files\/2020\/10\/chicoazul45.jpg\" alt=\"\" width=\"45\" height=\"50\" \/><a style=\"color: #800080\" title=\"Abrir\" href=\"https:\/\/goo.gl\/forms\/b2dLhpjI0xkoOxpM2\" target=\"_blank\" rel=\"noopener noreferrer\">Diario de clase del alumno<\/a><a style=\"color: #800080\" title=\"Abrir\" href=\"https:\/\/youtu.be\/mbGUVhTCsZ0\" target=\"_blank\" rel=\"noopener noreferrer\"> \u00a0 \u00a0 \u00a0\u00a0\u00a0\u00a0<\/a> \u00a0 \u00a0 \u00a0 \u00a0 \u00a0 \u00a0 <a style=\"color: #800080\" title=\"Abrir\" href=\"https:\/\/youtu.be\/mbGUVhTCsZ0\" target=\"_blank\" rel=\"noopener noreferrer\"><img loading=\"lazy\" decoding=\"async\" class=\"alignnone size-full wp-image-161\" src=\"http:\/\/edublog.educastur.es\/mrol1\/files\/2020\/10\/mrolda4-45.jpg\" alt=\"\" width=\"45\" height=\"46\" \/><\/a><a style=\"color: #800080\" title=\"Abrir\" href=\"https:\/\/docs.google.com\/forms\/d\/e\/1FAIpQLScDBPVEYlFkytYtplnW1UCJFz6mkHx7SxBVSINLYkGohe531w\/viewform\" target=\"_blank\" rel=\"noopener noreferrer\">Diario de clase del profesor<\/a><\/span><\/span><\/p>\n<hr \/>\n<p><span style=\"font-family: 'comic sans ms', sans-serif\"><a title=\"Abrir\" href=\"https:\/\/drive.google.com\/file\/d\/1VIcV6AgYtCPbvWfHS5d57kBETzr0MpQ3\/view?usp=sharing\" target=\"_blank\" rel=\"noopener noreferrer\"><br \/>\n<img loading=\"lazy\" decoding=\"async\" class=\"alignnone size-full wp-image-149\" style=\"color: #333333\" src=\"http:\/\/edublog.educastur.es\/mrol1\/files\/2020\/10\/11.jpg\" alt=\"\" width=\"50\" height=\"35\" \/><span style=\"color: #000080\">Hoja de proceso<\/span><\/a><span style=\"color: #000080\">\u00a0 \u00a0 \u00a0 \u00a0 \u00a0\u00a0 \u00a0<a style=\"color: #000080\" title=\"Abrir\" href=\"https:\/\/drive.google.com\/file\/d\/1VIcV6AgYtCPbvWfHS5d57kBETzr0MpQ3\/view?usp=sharing\" target=\"_blank\" rel=\"noopener noreferrer\"><img loading=\"lazy\" decoding=\"async\" class=\"alignnone size-full wp-image-149\" src=\"http:\/\/edublog.educastur.es\/mrol1\/files\/2020\/10\/11.jpg\" alt=\"\" width=\"50\" height=\"35\" \/><\/a>\u00a0<a style=\"color: #000080\" title=\"Abrir\" href=\"https:\/\/drive.google.com\/file\/d\/1KjTGfsoQxpbI8J8vUXrrNtrvWm4NcHoC\/view?usp=sharing\" target=\"_blank\" rel=\"noopener noreferrer\">Ejemplo de hoja de proceso<\/a><a style=\"color: #000080\" title=\"Abrir\" href=\"https:\/\/youtu.be\/mbGUVhTCsZ0\" target=\"_blank\" rel=\"noopener noreferrer\">\u00a0<\/a><\/span><\/span><\/p>\n<hr \/>\n","protected":false},"excerpt":{"rendered":"<p>El objetivo de estos cuestionarios es que pongas a prueba tus conocimientos. Las preguntas tienen respuesta y contexto en el tema publicado en \u201cRegistrados\u201d. Tambi\u00e9n puedes ampliar la respuesta en internet. Est\u00e1 habilitada la correcci\u00f3n autom\u00e1tica despu\u00e9s de finalizar y enviar. Cuestionario sobre Herramientas Identifica las\u00a0 herramientas\u00a0 (Entrenamiento) C1 Cuestionario sobre materiales\u00a0 \u00a0\u00a0 C2 Cuestionario&hellip; <a href=\"https:\/\/edublog.educastur.es\/mrol1\/interaccion\/\" class=\"more-link\">Seguir leyendo <span class=\"screen-reader-text\">Interacci\u00f3n<\/span><\/a><\/p>\n","protected":false},"author":134,"featured_media":0,"parent":0,"menu_order":0,"comment_status":"closed","ping_status":"closed","template":"","meta":{"footnotes":""},"class_list":["post-6","page","type-page","status-publish","hentry","without-featured-image"],"_links":{"self":[{"href":"https:\/\/edublog.educastur.es\/mrol1\/wp-json\/wp\/v2\/pages\/6","targetHints":{"allow":["GET"]}}],"collection":[{"href":"https:\/\/edublog.educastur.es\/mrol1\/wp-json\/wp\/v2\/pages"}],"about":[{"href":"https:\/\/edublog.educastur.es\/mrol1\/wp-json\/wp\/v2\/types\/page"}],"author":[{"embeddable":true,"href":"https:\/\/edublog.educastur.es\/mrol1\/wp-json\/wp\/v2\/users\/134"}],"replies":[{"embeddable":true,"href":"https:\/\/edublog.educastur.es\/mrol1\/wp-json\/wp\/v2\/comments?post=6"}],"version-history":[{"count":39,"href":"https:\/\/edublog.educastur.es\/mrol1\/wp-json\/wp\/v2\/pages\/6\/revisions"}],"predecessor-version":[{"id":232,"href":"https:\/\/edublog.educastur.es\/mrol1\/wp-json\/wp\/v2\/pages\/6\/revisions\/232"}],"wp:attachment":[{"href":"https:\/\/edublog.educastur.es\/mrol1\/wp-json\/wp\/v2\/media?parent=6"}],"curies":[{"name":"wp","href":"https:\/\/api.w.org\/{rel}","templated":true}]}}