{"id":7,"date":"2020-10-23T19:12:57","date_gmt":"2020-10-23T19:12:57","guid":{"rendered":"https:\/\/edublog.educastur.es\/mrol1\/?page_id=7"},"modified":"2020-11-06T17:33:24","modified_gmt":"2020-11-06T17:33:24","slug":"videos","status":"publish","type":"page","link":"https:\/\/edublog.educastur.es\/mrol1\/videos\/","title":{"rendered":"V\u00eddeos"},"content":{"rendered":"<p><span style=\"font-family: 'comic sans ms', sans-serif\">Muchos de los accidentes de trabajo se podr\u00edan evitar en la mayor\u00eda de los casos con una buena formaci\u00f3n y conocimiento por parte de los trabajadores de las t\u00e9cnicas y equipos necesarios para desarrollar esta labor.<\/span><\/p>\n<p><span style=\"font-family: 'comic sans ms', sans-serif\"><img loading=\"lazy\" decoding=\"async\" class=\"alignnone wp-image-66\" src=\"http:\/\/edublog.educastur.es\/mrol1\/files\/2020\/07\/video1.jpg\" alt=\"\" width=\"45\" height=\"44\" \/>P<a title=\"Prevenci\u00f3n de Riesgos Laborales\" href=\"https:\/\/www.youtube.com\/watch?v=YnvP42aZvmA\" target=\"_blank\" rel=\"noopener noreferrer\">revenci\u00f3n de riesgos laborales<\/a><\/span><\/p>\n<p><span style=\"font-family: 'comic sans ms', sans-serif\"><img loading=\"lazy\" decoding=\"async\" class=\"alignnone size-full wp-image-66\" src=\"http:\/\/edublog.educastur.es\/mrol1\/files\/2020\/07\/video1.jpg\" alt=\"\" width=\"45\" height=\"44\" \/><a title=\"Abrir\" href=\"https:\/\/www.youtube.com\/watch?v=Sk-7XdRpFBQ\" target=\"_blank\" rel=\"noopener noreferrer\">Riesgos en el sector metal. Realizado en Asturias<\/a><\/span><\/p>\n<p><span style=\"font-family: 'comic sans ms', sans-serif\"><img loading=\"lazy\" decoding=\"async\" class=\"alignnone size-full wp-image-66\" src=\"http:\/\/edublog.educastur.es\/mrol1\/files\/2020\/07\/video1.jpg\" alt=\"\" width=\"45\" height=\"44\" \/><a title=\"Abrir\" href=\"https:\/\/www.youtube.com\/watch?v=1Lqls61V0bk\" target=\"_blank\" rel=\"noopener noreferrer\">V\u00eddeo de apoyo &#8211; seguridad con la radial o amoladora-<\/a><\/span><\/p>\n<p><span style=\"font-family: 'comic sans ms', sans-serif\"><img loading=\"lazy\" decoding=\"async\" class=\"alignnone size-full wp-image-66\" src=\"http:\/\/edublog.educastur.es\/mrol1\/files\/2020\/07\/video1.jpg\" alt=\"\" width=\"45\" height=\"44\" \/><a title=\"Abrir\" href=\"https:\/\/www.youtube.com\/watch?v=OFl8KF2impA\" target=\"_blank\" rel=\"noopener noreferrer\">V\u00eddeo de apoyo &#8211; riesgos en el uso de la radial o amoladora-<\/a><\/span><\/p>\n<p><span style=\"font-family: 'comic sans ms', sans-serif\"><img loading=\"lazy\" decoding=\"async\" class=\"alignnone size-full wp-image-66\" src=\"http:\/\/edublog.educastur.es\/mrol1\/files\/2020\/07\/video1.jpg\" alt=\"\" width=\"45\" height=\"44\" \/><a title=\"Abrir\" href=\"https:\/\/www.youtube.com\/watch?v=PI5dOJfSM7Q\" target=\"_blank\" rel=\"noopener noreferrer\">V\u00eddeo de apoyo -afilado de brocas-<\/a><\/span><\/p>\n<p><span style=\"font-family: 'comic sans ms', sans-serif\"><img loading=\"lazy\" decoding=\"async\" class=\"alignnone size-full wp-image-66\" src=\"http:\/\/edublog.educastur.es\/mrol1\/files\/2020\/07\/video1.jpg\" alt=\"\" width=\"45\" height=\"44\" \/><span style=\"color: #ff0000\"><a title=\"Abrir\" href=\"https:\/\/drive.google.com\/drive\/folders\/1CILJBgpn2YFEUa0p5SzEjKsSBiR2HcyF?usp=sharing\" target=\"_blank\" rel=\"noopener noreferrer\">V\u00eddeos de apoyo a los temas tratados en clase<\/a><\/span><\/span><\/p>\n","protected":false},"excerpt":{"rendered":"<p>Muchos de los accidentes de trabajo se podr\u00edan evitar en la mayor\u00eda de los casos con una buena formaci\u00f3n y conocimiento por parte de los trabajadores de las t\u00e9cnicas y equipos necesarios para desarrollar esta labor. Prevenci\u00f3n de riesgos laborales Riesgos en el sector metal. Realizado en Asturias V\u00eddeo de apoyo &#8211; seguridad con la&hellip; <a href=\"https:\/\/edublog.educastur.es\/mrol1\/videos\/\" class=\"more-link\">Seguir leyendo <span class=\"screen-reader-text\">V\u00eddeos<\/span><\/a><\/p>\n","protected":false},"author":134,"featured_media":0,"parent":0,"menu_order":0,"comment_status":"closed","ping_status":"closed","template":"","meta":{"footnotes":""},"class_list":["post-7","page","type-page","status-publish","hentry","without-featured-image"],"_links":{"self":[{"href":"https:\/\/edublog.educastur.es\/mrol1\/wp-json\/wp\/v2\/pages\/7","targetHints":{"allow":["GET"]}}],"collection":[{"href":"https:\/\/edublog.educastur.es\/mrol1\/wp-json\/wp\/v2\/pages"}],"about":[{"href":"https:\/\/edublog.educastur.es\/mrol1\/wp-json\/wp\/v2\/types\/page"}],"author":[{"embeddable":true,"href":"https:\/\/edublog.educastur.es\/mrol1\/wp-json\/wp\/v2\/users\/134"}],"replies":[{"embeddable":true,"href":"https:\/\/edublog.educastur.es\/mrol1\/wp-json\/wp\/v2\/comments?post=7"}],"version-history":[{"count":4,"href":"https:\/\/edublog.educastur.es\/mrol1\/wp-json\/wp\/v2\/pages\/7\/revisions"}],"predecessor-version":[{"id":217,"href":"https:\/\/edublog.educastur.es\/mrol1\/wp-json\/wp\/v2\/pages\/7\/revisions\/217"}],"wp:attachment":[{"href":"https:\/\/edublog.educastur.es\/mrol1\/wp-json\/wp\/v2\/media?parent=7"}],"curies":[{"name":"wp","href":"https:\/\/api.w.org\/{rel}","templated":true}]}}