{"id":8,"date":"2020-10-23T19:12:57","date_gmt":"2020-10-23T19:12:57","guid":{"rendered":"https:\/\/edublog.educastur.es\/mrol1\/?page_id=8"},"modified":"2025-06-14T19:26:13","modified_gmt":"2025-06-14T19:26:13","slug":"otros","status":"publish","type":"page","link":"https:\/\/edublog.educastur.es\/mrol1\/otros\/","title":{"rendered":"Otros"},"content":{"rendered":"<p><img loading=\"lazy\" decoding=\"async\" class=\"size-medium wp-image-273 alignleft\" src=\"http:\/\/edublog.educastur.es\/mrol1\/files\/2025\/06\/1-1.png\" alt=\"\" width=\"64\" height=\"60\" \/><\/p>\n<p><img loading=\"lazy\" decoding=\"async\" class=\"size-medium wp-image-262 alignleft\" src=\"http:\/\/edublog.educastur.es\/mrol1\/files\/2025\/06\/apuntes.jpg\" alt=\"\" width=\"87\" height=\"30\" \/><\/p>\n<p>&nbsp;<\/p>\n<p>&nbsp;<\/p>\n<p><img loading=\"lazy\" decoding=\"async\" class=\"alignnone size-full wp-image-170\" src=\"http:\/\/edublog.educastur.es\/mrol1\/files\/2020\/10\/libro.jpg\" alt=\"\" width=\"50\" height=\"38\" \/><a title=\"Abrir\" href=\"https:\/\/issuu.com\/marcombo\/docs\/practicas\/83\" target=\"_blank\" rel=\"noopener noreferrer\">P<span style=\"font-family: 'comic sans ms', sans-serif\">r\u00e1cticas y procesos de mecanizado -Marcombo<\/span><\/a><\/p>\n<p><span style=\"font-family: 'comic sans ms', sans-serif\"><img loading=\"lazy\" decoding=\"async\" class=\"alignnone size-full wp-image-170\" src=\"http:\/\/edublog.educastur.es\/mrol1\/files\/2020\/10\/libro.jpg\" alt=\"\" width=\"50\" height=\"38\" \/><a title=\"Abrir\" href=\"https:\/\/www.macmillaneducation.es\/wp-content\/uploads\/2018\/09\/mecanizado_basico_libroalumno_unidad5muestra.pdf\" target=\"_blank\" rel=\"noopener noreferrer\">T\u00e9cnicas b\u00e1sicas de mecanizado<\/a><\/span><\/p>\n<p><span style=\"font-family: 'comic sans ms', sans-serif\"><img loading=\"lazy\" decoding=\"async\" class=\"alignnone size-full wp-image-171\" src=\"http:\/\/edublog.educastur.es\/mrol1\/files\/2020\/10\/libro2.jpg\" alt=\"\" width=\"50\" height=\"38\" \/>P<a href=\"https:\/\/www.cifpcerdeno.com\/index.php\/documentacion\/doc-publicos-2\/doc-rerv-4\/doc-publicos-2\/progr-ciclos\/prog-metal\/soldadura\/2415-fme203-1-mecanizado\">rogramacion\u00a0 Mecanizado<\/a><\/span><\/p>\n<p><span style=\"font-family: 'comic sans ms', sans-serif\"><img loading=\"lazy\" decoding=\"async\" class=\"alignnone wp-image-171\" src=\"http:\/\/edublog.educastur.es\/mrol1\/files\/2020\/10\/libro2.jpg\" alt=\"\" width=\"49\" height=\"37\" \/>\u00a0T\u00e9cnico en Soldadura y Calderer\u00eda &#8211; Asturias<\/span><\/p>\n<hr \/>\n<hr \/>\n<p><img loading=\"lazy\" decoding=\"async\" class=\"alignnone wp-image-256 size-full\" src=\"http:\/\/edublog.educastur.es\/mrol1\/files\/2025\/06\/Tecnologia-al-75.jpg\" alt=\"\" width=\"688\" height=\"333\" srcset=\"https:\/\/edublog.educastur.es\/mrol1\/files\/2025\/06\/Tecnologia-al-75.jpg 688w, https:\/\/edublog.educastur.es\/mrol1\/files\/2025\/06\/Tecnologia-al-75-300x145.jpg 300w\" sizes=\"auto, (max-width: 688px) 100vw, 688px\" \/><\/p>\n<hr \/>\n<p>&nbsp;<\/p>\n<p><em><img loading=\"lazy\" decoding=\"async\" class=\"aligncenter wp-image-269 size-full\" src=\"http:\/\/edublog.educastur.es\/mrol1\/files\/2025\/06\/tecnologia-al-75-1.gif\" alt=\"\" width=\"271\" height=\"267\" \/><\/em><img loading=\"lazy\" decoding=\"async\" class=\"aligncenter wp-image-274\" src=\"http:\/\/edublog.educastur.es\/mrol1\/files\/2025\/06\/Involute_wheel-150x150-1.gif\" alt=\"\" width=\"127\" height=\"127\" \/><\/p>\n<h3 style=\"text-align: center\"><span style=\"color: #800000\"><em>Lo importante es no dejar de hacerse preguntas.<\/em><\/span><\/h3>\n<h3 style=\"text-align: center\"><span style=\"color: #800000\"><em>\u00a0<\/em><\/span><sup><sub>(Albert Einstein.)<\/sub><\/sup><\/h3>\n<p style=\"text-align: left\"><img loading=\"lazy\" decoding=\"async\" class=\"alignnone size-medium wp-image-263\" src=\"http:\/\/edublog.educastur.es\/mrol1\/files\/2025\/06\/hablar-2.jpg\" alt=\"\" width=\"48\" height=\"48\" \/> <a title=\"Ver\" href=\"https:\/\/goo.gl\/forms\/q5mA0uPVJeL8XWL03\" target=\"_blank\" rel=\"noopener noreferrer\">Deja constancia de tu visita (alumnado de 2\u00ba de ESO)<\/a><\/p>\n<p><img loading=\"lazy\" decoding=\"async\" class=\"alignnone size-full wp-image-282\" src=\"http:\/\/edublog.educastur.es\/mrol1\/files\/2025\/06\/pdf.jpg\" alt=\"\" width=\"48\" height=\"48\" \/> <a title=\"Hoja de Proceso\" href=\"https:\/\/drive.google.com\/file\/d\/0BwbVob1Bfbz3d3Nib0RpTVVueGs\/view?usp=sharing\" target=\"_blank\" rel=\"noopener noreferrer\">Propuesta y hoja de proceso<\/a><\/p>\n<p><a title=\"Abrir\" href=\"https:\/\/drive.google.com\/file\/d\/0BwbVob1Bfbz3QjZVR3liOWZWSTQ\/view?usp=sharing\" target=\"_blank\" rel=\"noopener noreferrer\"><img loading=\"lazy\" decoding=\"async\" class=\"alignnone size-full wp-image-282\" src=\"http:\/\/edublog.educastur.es\/mrol1\/files\/2025\/06\/pdf.jpg\" alt=\"\" width=\"48\" height=\"48\" \/>Desarrollo de la idea\u00a0<\/a><\/p>\n<p><em><span style=\"color: #0000ff\"><a title=\"Registro\" href=\"https:\/\/goo.gl\/forms\/EoVaqe3VvpX4mFsD2\" target=\"_blank\" rel=\"noopener noreferrer\"><img loading=\"lazy\" decoding=\"async\" class=\"alignnone size-full wp-image-235\" src=\"http:\/\/edublog.educastur.es\/mrol4\/files\/2018\/10\/icono3.jpg\" alt=\"\" width=\"30\" height=\"30\" \/>Precios de materiales\u00a0 que se utilizar\u00e1n en la construcci\u00f3n\u00a0<\/a><\/span><\/em><\/p>\n<p><img loading=\"lazy\" decoding=\"async\" class=\"alignnone size-medium wp-image-266\" src=\"http:\/\/edublog.educastur.es\/mrol1\/files\/2025\/06\/descarga-1.jpg\" alt=\"\" width=\"45\" height=\"45\" \/> <span style=\"color: #800000\"><a title=\"Abrir\" href=\"https:\/\/drive.google.com\/file\/d\/0BwbVob1Bfbz3NHNPclN3bGFWUUE\/view?usp=sharing\" target=\"_blank\" rel=\"noopener noreferrer\">Descarga la plantilla para hacer la memoria<\/a><\/span><\/p>\n<p><img loading=\"lazy\" decoding=\"async\" class=\"alignnone size-medium wp-image-267\" src=\"http:\/\/edublog.educastur.es\/mrol1\/files\/2025\/06\/camara-1.jpg\" alt=\"\" width=\"50\" height=\"42\" \/> <a title=\"Im\u00e1genes\" href=\"https:\/\/drive.google.com\/drive\/folders\/0BwbVob1Bfbz3ZlNNOUZ6X3k3T1E?usp=sharing\" target=\"_blank\" rel=\"noopener noreferrer\">Im\u00e1genes para hacer la memoria\u00a0<\/a><\/p>\n<p><img loading=\"lazy\" decoding=\"async\" class=\"alignnone size-medium wp-image-268\" src=\"http:\/\/edublog.educastur.es\/mrol1\/files\/2025\/06\/dos-alumnos-1.jpg\" alt=\"\" width=\"30\" height=\"32\" \/>Env\u00eda la memoria para que\u00a0 pueda ser revisada: <span style=\"color: #800000\">ap4diver@gmail.com<\/span><\/p>\n<p>&nbsp;<\/p>\n<hr \/>\n<p><img loading=\"lazy\" decoding=\"async\" class=\"alignnone size-full wp-image-151\" src=\"http:\/\/edublog.educastur.es\/mrol4\/files\/2020\/11\/hablar.jpg\" alt=\"\" width=\"48\" height=\"48\" \/><a title=\"Ver\" href=\"https:\/\/goo.gl\/forms\/q5mA0uPVJeL8XWL03\" target=\"_blank\" rel=\"noopener noreferrer\">Deja constancia de tu visita (alumnado de 3\u00ba)<\/a><\/p>\n<p><a title=\"Propuesta de Trabajo\" href=\"https:\/\/drive.google.com\/file\/d\/0BwbVob1Bfbz3NDBIVFFQNVpNSDQ\/view?usp=sharing\" target=\"_blank\" rel=\"noopener noreferrer\"><span style=\"color: #800000\"><img loading=\"lazy\" decoding=\"async\" class=\"alignnone size-medium wp-image-264\" src=\"http:\/\/edublog.educastur.es\/mrol1\/files\/2025\/06\/connector-1.jpg\" alt=\"\" width=\"50\" height=\"50\" \/>Conector Propuesta de trabajo<\/span><\/a><\/p>\n<p><a title=\"Idea desarrollada\" href=\"https:\/\/drive.google.com\/file\/d\/0BwbVob1Bfbz3bFZsWDdiTEp6Ync\/view?usp=sharing\" target=\"_blank\" rel=\"noopener noreferrer\"><img loading=\"lazy\" decoding=\"async\" class=\"alignnone size-medium wp-image-265\" src=\"http:\/\/edublog.educastur.es\/mrol1\/files\/2025\/06\/i-1.jpg\" alt=\"\" width=\"33\" height=\"27\" \/>Conector . Idea desarrollada.<\/a><\/p>\n<p><a title=\"Hoja de Proceso\" href=\"https:\/\/drive.google.com\/file\/d\/0BwbVob1Bfbz3WG9sMkVURHVkakE\/view?usp=sharing\" target=\"_blank\" rel=\"noopener noreferrer\"><span style=\"color: #800000\"><img loading=\"lazy\" decoding=\"async\" class=\"alignnone size-medium wp-image-265\" src=\"http:\/\/edublog.educastur.es\/mrol1\/files\/2025\/06\/i-1.jpg\" alt=\"\" width=\"33\" height=\"27\" \/>Hoja de proceso<\/span>. Conector. Idea 1<\/a><\/p>\n<p><img loading=\"lazy\" decoding=\"async\" class=\"alignnone size-medium wp-image-265\" src=\"http:\/\/edublog.educastur.es\/mrol1\/files\/2025\/06\/i-1.jpg\" alt=\"\" width=\"33\" height=\"27\" \/> <a title=\"Hoja de Proceso\" href=\"https:\/\/drive.google.com\/file\/d\/0BwbVob1Bfbz3NGVuLU9NVF9uMGs\/view?usp=sharing\" target=\"_blank\" rel=\"noopener noreferrer\"><span style=\"color: #800000\">Hoja de proceso.<\/span>\u00a0Conector. Idea 2<\/a><\/p>\n<hr \/>\n<p>&nbsp;<\/p>\n<p><img loading=\"lazy\" decoding=\"async\" class=\"alignnone size-medium wp-image-265\" src=\"http:\/\/edublog.educastur.es\/mrol1\/files\/2025\/06\/i-1.jpg\" alt=\"\" width=\"33\" height=\"27\" \/> <a title=\"Abrir\" href=\"https:\/\/drive.google.com\/file\/d\/0BwbVob1Bfbz3MkNranJwRFJrQU0\/view?usp=sharing\" target=\"_blank\" rel=\"noopener noreferrer\"><span style=\"color: #800000\">Hoja de proceso<\/span>. Comprobador<\/a><\/p>\n<p><img loading=\"lazy\" decoding=\"async\" class=\"alignnone size-medium wp-image-265\" src=\"http:\/\/edublog.educastur.es\/mrol1\/files\/2025\/06\/i-1.jpg\" alt=\"\" width=\"33\" height=\"27\" \/> <a title=\"Abrir\" href=\"https:\/\/drive.google.com\/file\/d\/0BwbVob1Bfbz3VEZET0x2YmtGX3M\/view?usp=sharing\" target=\"_blank\" rel=\"noopener noreferrer\"><span style=\"color: #800000\">R\u00fabrica<\/span>\u00a0de valoraci\u00f3n<\/a>\u00a0(<span style=\"color: #008000\">Aspectos que se valorar\u00e1n al final del proyecto y exposici\u00f3n<\/span>)<\/p>\n<p><em><img loading=\"lazy\" decoding=\"async\" class=\"alignnone size-full wp-image-227\" src=\"http:\/\/edublog.educastur.es\/mrol4\/files\/2018\/10\/bolai.jpg\" alt=\"\" width=\"40\" height=\"40\" \/> <span style=\"color: #0000ff\"><a title=\"Registro\" href=\"https:\/\/goo.gl\/forms\/EoVaqe3VvpX4mFsD2\" target=\"_blank\" rel=\"noopener noreferrer\">Registro\u00a0 con\u00a0<span style=\"color: #800000\">precios de materiales<\/span>\u00a0 que se utilizar\u00e1n en la construcci\u00f3n del CONECTOR<\/a><\/span><\/em><\/p>\n<p><a title=\"Ver\" href=\"https:\/\/drive.google.com\/file\/d\/0BwbVob1Bfbz3YnRYV0ozMmZwZkE\/view?usp=sharing\" target=\"_blank\" rel=\"noopener noreferrer\"><img loading=\"lazy\" decoding=\"async\" class=\"alignnone size-medium wp-image-265\" src=\"http:\/\/edublog.educastur.es\/mrol1\/files\/2025\/06\/i-1.jpg\" alt=\"\" width=\"33\" height=\"27\" \/>C\u00e1lculo del presupuesto. <span style=\"color: #800000\">Ejemplo<\/span><\/a><\/p>\n<p><span style=\"color: #800000\"><img loading=\"lazy\" decoding=\"async\" class=\"alignnone size-medium wp-image-266\" src=\"http:\/\/edublog.educastur.es\/mrol1\/files\/2025\/06\/descarga-1.jpg\" alt=\"\" width=\"45\" height=\"45\" \/> <a title=\"Descargar\" href=\"https:\/\/drive.google.com\/file\/d\/0BwbVob1Bfbz3OFZuZlkzM2FScUE\/view?usp=sharing\" target=\"_blank\" rel=\"noopener noreferrer\">Descarga la Hoja de C\u00e1lculo para realizar el\u00a0presupuesto<\/a>.<\/span><\/p>\n<p><img loading=\"lazy\" decoding=\"async\" class=\"alignnone size-medium wp-image-266\" src=\"http:\/\/edublog.educastur.es\/mrol1\/files\/2025\/06\/descarga-1.jpg\" alt=\"\" width=\"45\" height=\"45\" \/> <span style=\"color: #800000\"><a title=\"Abrir\" href=\"https:\/\/drive.google.com\/file\/d\/0BwbVob1Bfbz3NHNPclN3bGFWUUE\/view?usp=sharing\" target=\"_blank\" rel=\"noopener noreferrer\">Descarga la plantilla para hacer la\u00a0memoria<\/a><\/span><\/p>\n<p><img loading=\"lazy\" decoding=\"async\" class=\"alignnone size-medium wp-image-267\" src=\"http:\/\/edublog.educastur.es\/mrol1\/files\/2025\/06\/camara-1.jpg\" alt=\"\" width=\"50\" height=\"42\" \/> <a title=\"Im\u00e1genes\" href=\"https:\/\/drive.google.com\/drive\/folders\/0BwbVob1Bfbz3ZlNNOUZ6X3k3T1E?usp=sharing\" target=\"_blank\" rel=\"noopener noreferrer\"><span style=\"color: #800000\">Im\u00e1genes<\/span>\u00a0para hacer la memoria<\/a><\/p>\n<p><img loading=\"lazy\" decoding=\"async\" class=\"alignnone size-medium wp-image-268\" src=\"http:\/\/edublog.educastur.es\/mrol1\/files\/2025\/06\/dos-alumnos-1.jpg\" alt=\"\" width=\"30\" height=\"32\" \/>Env\u00eda la memoria para que\u00a0 pueda ser revisada: ap4diver@gmail.com<\/p>\n<hr \/>\n<p><a title=\"Hoja de Proceso\" href=\"https:\/\/drive.google.com\/file\/d\/0BwbVob1Bfbz3dkdsREJyQXMwZmc\/view?usp=sharing\" target=\"_blank\" rel=\"noopener noreferrer\"><img loading=\"lazy\" decoding=\"async\" class=\"alignnone size-medium wp-image-265\" src=\"http:\/\/edublog.educastur.es\/mrol1\/files\/2025\/06\/i-1.jpg\" alt=\"\" width=\"33\" height=\"27\" \/>Hoja de Proceso del Tangram\u00a0<\/a><\/p>\n<p><a title=\"Proyecto\" href=\"https:\/\/drive.google.com\/file\/d\/0BwbVob1Bfbz3UlN3aktUWHV3RWs\/view?usp=sharing\" target=\"_blank\" rel=\"noopener noreferrer\"><img loading=\"lazy\" decoding=\"async\" class=\"alignnone size-medium wp-image-265\" src=\"http:\/\/edublog.educastur.es\/mrol1\/files\/2025\/06\/i-1.jpg\" alt=\"\" width=\"33\" height=\"27\" \/>Proyecto del Tangram<\/a><\/p>\n<p><img loading=\"lazy\" decoding=\"async\" class=\"alignnone size-medium wp-image-265\" src=\"http:\/\/edublog.educastur.es\/mrol1\/files\/2025\/06\/i-1.jpg\" alt=\"\" width=\"33\" height=\"27\" \/> <a title=\"R\u00fabrica\" href=\"https:\/\/drive.google.com\/file\/d\/0BwbVob1Bfbz3VVB0Q2ZsbXdZdU0\/view?usp=sharing\" target=\"_blank\" rel=\"noopener noreferrer\">R\u00fabrica de valoraci\u00f3n del Tangram<\/a><\/p>\n<p><img loading=\"lazy\" decoding=\"async\" class=\"alignnone wp-image-151 size-full\" src=\"http:\/\/edublog.educastur.es\/mrol4\/files\/2020\/11\/hablar.jpg\" alt=\"\" width=\"48\" height=\"48\" \/> <a title=\"Memoria\" href=\"https:\/\/drive.google.com\/open?id=0BwbVob1Bfbz3dzZJa2pfZVJDSU0\" target=\"_blank\" rel=\"noopener noreferrer\">Memoria del Proyecto -Tangram<\/a><\/p>\n<p><a title=\"Ver fotos\" href=\"https:\/\/www.flickr.com\/photos\/stabarla\/albums\/72157675474460912\" target=\"_blank\" rel=\"noopener noreferrer\"><img loading=\"lazy\" decoding=\"async\" class=\"alignnone size-medium wp-image-267\" src=\"http:\/\/edublog.educastur.es\/mrol1\/files\/2025\/06\/camara-1.jpg\" alt=\"\" width=\"50\" height=\"42\" \/>Ver las fotos de los tangramas<\/a><\/p>\n<p><img loading=\"lazy\" decoding=\"async\" class=\"alignnone wp-image-258 size-full\" src=\"http:\/\/edublog.educastur.es\/mrol1\/files\/2025\/06\/tangram1-180x180-1.jpg\" alt=\"\" width=\"180\" height=\"180\" srcset=\"https:\/\/edublog.educastur.es\/mrol1\/files\/2025\/06\/tangram1-180x180-1.jpg 180w, https:\/\/edublog.educastur.es\/mrol1\/files\/2025\/06\/tangram1-180x180-1-150x150.jpg 150w\" sizes=\"auto, (max-width: 180px) 100vw, 180px\" \/> \u00a0 \u00a0 \u00a0 \u00a0 \u00a0 \u00a0 <img loading=\"lazy\" decoding=\"async\" class=\"alignnone wp-image-261\" src=\"http:\/\/edublog.educastur.es\/mrol1\/files\/2025\/06\/tangram2-2.jpg\" alt=\"\" width=\"182\" height=\"182\" \/><\/p>\n<p><strong><a title=\"Ver\" href=\"http:\/\/www.slideshare.net\/profestb\/proyecto-de-tecnologa-tangram-ana-y-nerea-2-eso-curso-1415\" target=\"_blank\" rel=\"noopener noreferrer\"><img loading=\"lazy\" decoding=\"async\" class=\"alignnone size-medium wp-image-268\" src=\"http:\/\/edublog.educastur.es\/mrol1\/files\/2025\/06\/dos-alumnos-1.jpg\" alt=\"\" width=\"30\" height=\"32\" \/>Ver\u00a0 Memoria 1<\/a><\/strong><\/p>\n<p><strong><a title=\"Ver\" href=\"http:\/\/www.slideshare.net\/profestb\/proyecto-de-tecnologa-tangram-rodrigo-piloeta-2-eso-curso-1415\" target=\"_blank\" rel=\"noopener noreferrer\"><img loading=\"lazy\" decoding=\"async\" class=\"alignnone size-medium wp-image-268\" src=\"http:\/\/edublog.educastur.es\/mrol1\/files\/2025\/06\/dos-alumnos-1.jpg\" alt=\"\" width=\"30\" height=\"32\" \/>Ver Memoria 2\u00a0<\/a><\/strong><\/p>\n<p>&nbsp;<\/p>\n<p><strong><span style=\"color: #993300\">Electricidad 2\u00ba de ESO<\/span><\/strong><\/p>\n<p><span style=\"color: #800000\"><img loading=\"lazy\" decoding=\"async\" class=\"alignnone size-full wp-image-151\" src=\"http:\/\/edublog.educastur.es\/mrol4\/files\/2020\/11\/hablar.jpg\" alt=\"\" width=\"48\" height=\"48\" \/><\/span> <span style=\"color: #800000\"><span style=\"font-family: 'comic sans ms', sans-serif\">Cuestionario\u00a0 para enviar al profesor<\/span>\u00a0\u00a0 \u00a0<\/span><\/p>\n<p><span style=\"color: #800000\"><img loading=\"lazy\" decoding=\"async\" class=\"alignnone size-medium wp-image-255\" src=\"http:\/\/edublog.educastur.es\/mrol4\/files\/2018\/10\/icono2.jpg\" alt=\"\" width=\"30\" height=\"30\" \/><\/span><span style=\"color: #0000ff;font-family: 'comic sans ms', sans-serif\"><span style=\"color: #800080\"><a title=\"Test Iniciaci\u00f3n\" href=\"http:\/\/goo.gl\/forms\/Oj7BHIXsY1xnNSvR2\" target=\"_blank\" rel=\"noopener noreferrer\"><em>\u00a0 \u00a0 \u00a0 \u00a0 \u00a0 \u00a0Problemas\u00a0 1 test<\/em>\u00a0<\/a><\/span><\/span><\/p>\n<p><span style=\"font-family: 'comic sans ms', sans-serif\"><span style=\"color: #800000\"><img loading=\"lazy\" decoding=\"async\" class=\"alignnone size-full wp-image-253\" src=\"http:\/\/edublog.educastur.es\/mrol4\/files\/2018\/10\/icono4.jpg\" alt=\"\" width=\"30\" height=\"30\" \/><\/span><a title=\"Click para entrar\" href=\"http:\/\/goo.gl\/forms\/DmE2Ym90syZPXyTg1\" target=\"_blank\" rel=\"noopener noreferrer\">\u00a0 \u00a0 \u00a0 \u00a0 \u00a0 \u00a0Problemas 3\u00a0<\/a><\/span><\/p>\n<p><span style=\"font-family: 'comic sans ms', sans-serif\"><span style=\"color: #800000\"><img loading=\"lazy\" decoding=\"async\" class=\"alignnone size-medium wp-image-255\" src=\"http:\/\/edublog.educastur.es\/mrol4\/files\/2018\/10\/icono2.jpg\" alt=\"\" width=\"30\" height=\"30\" \/><\/span><a title=\"Abrir\" href=\"http:\/\/goo.gl\/forms\/X1BOpZBEpSg8EWVJ3\" target=\"_blank\" rel=\"noopener noreferrer\">\u00a0 \u00a0 \u00a0 \u00a0 \u00a0 \u00a0Problemas 4<\/a><\/span><\/p>\n<p><span style=\"font-family: 'comic sans ms', sans-serif\"><a title=\"Abrir\" href=\"http:\/\/goo.gl\/forms\/gv3iuPTN7aUlx4Ie2\" target=\"_blank\" rel=\"noopener noreferrer\"><img loading=\"lazy\" decoding=\"async\" class=\"alignnone size-medium wp-image-271\" src=\"http:\/\/edublog.educastur.es\/mrol1\/files\/2025\/06\/icono-1.jpg\" alt=\"\" width=\"48\" height=\"48\" \/> \u00a0 \u00a0 Electricidad F<\/a><\/span><\/p>\n<p><span style=\"font-family: 'comic sans ms', sans-serif\"><a title=\"Click\" href=\"https:\/\/docs.google.com\/forms\/d\/e\/1FAIpQLSdxogZVEUGaqa5WQLoT1qWoQqJUG1dmlDLC0n62shJ16osAUA\/viewform?c=0&amp;w=1\" target=\"_blank\" rel=\"noopener noreferrer\"><img loading=\"lazy\" decoding=\"async\" class=\"alignnone size-medium wp-image-268\" src=\"http:\/\/edublog.educastur.es\/mrol1\/files\/2025\/06\/dos-alumnos-1.jpg\" alt=\"\" width=\"30\" height=\"32\" \/>Despu\u00e9s de realizar un test debes comunicarlo en este enlace<\/a><\/span><\/p>\n<hr \/>\n<h3><a href=\"https:\/\/drive.google.com\/drive\/folders\/0BwbVob1Bfbz3enl5b1hGS21pcVU?resourcekey=0-FhhTNXeuivjPI62mocn3Tw\" target=\"_blank\" rel=\"noopener noreferrer\"><span style=\"color: #800000\"><img loading=\"lazy\" decoding=\"async\" class=\"alignnone wp-image-257 size-full\" src=\"http:\/\/edublog.educastur.es\/mrol1\/files\/2025\/06\/practicas-300x69-1.jpg\" alt=\"\" width=\"300\" height=\"69\" \/><\/span><\/a><\/h3>\n<hr \/>\n<h3><\/h3>\n<p><span style=\"color: #000080\">Autor: Antonio Bueno<\/span><\/p>\n<p><span style=\"color: #000080\"><a href=\"http:\/\/www.portaleso.com\/cuartoeso.html\" target=\"_blank\" rel=\"noopener noreferrer\"><img loading=\"lazy\" decoding=\"async\" class=\"alignnone wp-image-278\" src=\"http:\/\/edublog.educastur.es\/mrol1\/files\/2025\/06\/cajas.jpg\" alt=\"\" width=\"400\" height=\"223\" srcset=\"https:\/\/edublog.educastur.es\/mrol1\/files\/2025\/06\/cajas.jpg 577w, https:\/\/edublog.educastur.es\/mrol1\/files\/2025\/06\/cajas-300x167.jpg 300w\" sizes=\"auto, (max-width: 400px) 100vw, 400px\" \/><\/a><\/span><\/p>\n<hr \/>\n<p><img loading=\"lazy\" decoding=\"async\" class=\"alignnone size-medium wp-image-260\" src=\"http:\/\/edublog.educastur.es\/mrol1\/files\/2025\/06\/EL-PROCESO-TECNOLOGICO-1-724x1024-1-212x300.png\" alt=\"\" width=\"212\" height=\"300\" srcset=\"https:\/\/edublog.educastur.es\/mrol1\/files\/2025\/06\/EL-PROCESO-TECNOLOGICO-1-724x1024-1-212x300.png 212w, https:\/\/edublog.educastur.es\/mrol1\/files\/2025\/06\/EL-PROCESO-TECNOLOGICO-1-724x1024-1.png 724w\" sizes=\"auto, (max-width: 212px) 100vw, 212px\" \/> <img loading=\"lazy\" decoding=\"async\" class=\"alignnone size-medium wp-image-259\" src=\"http:\/\/edublog.educastur.es\/mrol1\/files\/2025\/06\/El-METODO-CIENTIFICO-724x1024-1-212x300.png\" alt=\"\" width=\"212\" height=\"300\" srcset=\"https:\/\/edublog.educastur.es\/mrol1\/files\/2025\/06\/El-METODO-CIENTIFICO-724x1024-1-212x300.png 212w, https:\/\/edublog.educastur.es\/mrol1\/files\/2025\/06\/El-METODO-CIENTIFICO-724x1024-1.png 724w\" sizes=\"auto, (max-width: 212px) 100vw, 212px\" \/><\/p>\n\n<!-- iframe plugin v.6.0 wordpress.org\/plugins\/iframe\/ -->\n<iframe loading=\"lazy\" width=\"90%\" height=\"315\" src=\"https:\/\/www.youtube.com\/embed\/po9GpSQX-ZM\" scrolling=\"yes\" class=\"iframe-class\" frameborder=\"0\"><\/iframe>\n\n<p>&nbsp;<\/p>\n<p>&nbsp;<\/p>\n<p>&nbsp;<\/p>\n","protected":false},"excerpt":{"rendered":"<p>&nbsp; &nbsp; Pr\u00e1cticas y procesos de mecanizado -Marcombo T\u00e9cnicas b\u00e1sicas de mecanizado Programacion\u00a0 Mecanizado \u00a0T\u00e9cnico en Soldadura y Calderer\u00eda &#8211; Asturias &nbsp; Lo importante es no dejar de hacerse preguntas. \u00a0(Albert Einstein.) Deja constancia de tu visita (alumnado de 2\u00ba de ESO) Propuesta y hoja de proceso Desarrollo de la idea\u00a0 Precios de materiales\u00a0 que&hellip; <a href=\"https:\/\/edublog.educastur.es\/mrol1\/otros\/\" class=\"more-link\">Seguir leyendo <span class=\"screen-reader-text\">Otros<\/span><\/a><\/p>\n","protected":false},"author":134,"featured_media":0,"parent":0,"menu_order":0,"comment_status":"closed","ping_status":"closed","template":"","meta":{"footnotes":""},"class_list":["post-8","page","type-page","status-publish","hentry","without-featured-image"],"_links":{"self":[{"href":"https:\/\/edublog.educastur.es\/mrol1\/wp-json\/wp\/v2\/pages\/8","targetHints":{"allow":["GET"]}}],"collection":[{"href":"https:\/\/edublog.educastur.es\/mrol1\/wp-json\/wp\/v2\/pages"}],"about":[{"href":"https:\/\/edublog.educastur.es\/mrol1\/wp-json\/wp\/v2\/types\/page"}],"author":[{"embeddable":true,"href":"https:\/\/edublog.educastur.es\/mrol1\/wp-json\/wp\/v2\/users\/134"}],"replies":[{"embeddable":true,"href":"https:\/\/edublog.educastur.es\/mrol1\/wp-json\/wp\/v2\/comments?post=8"}],"version-history":[{"count":21,"href":"https:\/\/edublog.educastur.es\/mrol1\/wp-json\/wp\/v2\/pages\/8\/revisions"}],"predecessor-version":[{"id":285,"href":"https:\/\/edublog.educastur.es\/mrol1\/wp-json\/wp\/v2\/pages\/8\/revisions\/285"}],"wp:attachment":[{"href":"https:\/\/edublog.educastur.es\/mrol1\/wp-json\/wp\/v2\/media?parent=8"}],"curies":[{"name":"wp","href":"https:\/\/api.w.org\/{rel}","templated":true}]}}