{"id":2,"date":"2018-04-07T09:08:30","date_gmt":"2018-04-07T09:08:30","guid":{"rendered":"https:\/\/edublog.educastur.es\/mrol2\/?page_id=2"},"modified":"2020-11-07T10:57:26","modified_gmt":"2020-11-07T10:57:26","slug":"social","status":"publish","type":"page","link":"https:\/\/edublog.educastur.es\/mrol2\/social\/","title":{"rendered":"Social"},"content":{"rendered":"<a href=\"https:\/\/www.facebook.com\/Fabricaci%C3%B3n-Mec%C3%A1nica-360266121052123\/\" target=\"_blank\" rel=\"noopener noreferrer\"><img loading=\"lazy\" decoding=\"async\" class=\"alignnone wp-image-327\" src=\"http:\/\/edublog.educastur.es\/mrol\/files\/2020\/10\/facebook.png\" alt=\"\" width=\"40\" height=\"40\" \/><\/a>\u00a0 \u00a0 \u00a0\u00a0\u00a0<a href=\"https:\/\/www.facebook.com\/cifp.fmecanica.7\" target=\"_blank\" rel=\"noopener noreferrer\"><img loading=\"lazy\" decoding=\"async\" class=\"alignnone wp-image-328\" src=\"http:\/\/edublog.educastur.es\/mrol\/files\/2020\/10\/facebook1.jpg\" alt=\"\" width=\"40\" height=\"40\" \/><\/a>\u00a0 \u00a0 \u00a0\u00a0<a href=\"https:\/\/www.flickr.com\/photos\/fme203\" target=\"_blank\" rel=\"noopener noreferrer\"><img loading=\"lazy\" decoding=\"async\" class=\"alignnone wp-image-329 size-full\" src=\"http:\/\/edublog.educastur.es\/mrol\/files\/2020\/10\/flilck-1.png\" alt=\"\" width=\"40\" height=\"40\" \/><\/a>\u00a0 \u00a0 \u00a0\u00a0<a href=\"https:\/\/twitter.com\/fmecanica1\" target=\"_blank\" rel=\"noopener noreferrer\"><img loading=\"lazy\" decoding=\"async\" class=\"alignnone wp-image-330\" src=\"http:\/\/edublog.educastur.es\/mrol\/files\/2020\/10\/twuitter.png\" alt=\"\" width=\"40\" height=\"40\" \/><\/a>\u00a0 \u00a0 \u00a0 \u00a0 \u00a0<img loading=\"lazy\" decoding=\"async\" class=\"alignnone wp-image-331\" src=\"http:\/\/edublog.educastur.es\/mrol\/files\/2020\/10\/youtube.png\" alt=\"\" width=\"40\" height=\"40\" \/>\u00a0 \u00a0 \u00a0 \u00a0 \u00a0\u00a0<img loading=\"lazy\" decoding=\"async\" class=\"alignnone size-full wp-image-338\" src=\"http:\/\/edublog.educastur.es\/mrol\/files\/2020\/10\/correo.png\" alt=\"\" width=\"30\" height=\"32\" \/>\u00a0\u00a0<strong>fmecanica1@gmail.com<\/strong>\r\n\r\n<hr \/>\r\n\r\n<a href=\"https:\/\/login.microsoftonline.com\/common\/oauth2\/authorize?client_id=4345a7b9-9a63-4910-a426-35363201d503&amp;response_mode=form_post&amp;response_type=code+id_token&amp;scope=openid+profile&amp;state=OpenIdConnect.AuthenticationProperties%3d8qMLDCoRODlyfoZVIN1n9Ojqs-6ToJEpMrX-JbTKJAz8hOVRFV-ZEETjyNYW54CxaALLsr5G1j-vmSIQA-OTpPfpgxmT3Kdism91D9ToZrXzmdSueWEVqcsAKlR5S_QB&amp;nonce=636581181657209764.MWExNjMwYjQtNzhlYi00ZGJhLTkyZmItNjQxY2I1YjU0ZTUxNTQ3ZTU4NTEtMDRiOS00NjBhLTliY2QtYWQ3NDgyZjZlYWRj&amp;redirect_uri=https%3a%2f%2fwww.office.com%2f&amp;ui_locales=es-ES&amp;mkt=es-ES\" target=\"_blank\" rel=\"noopener noreferrer\"><img loading=\"lazy\" decoding=\"async\" class=\"alignnone size-full wp-image-68\" src=\"http:\/\/edublog.educastur.es\/mrol\/files\/2020\/07\/365-1.jpg\" alt=\"\" width=\"50\" height=\"50\" \/><\/a>\u00a0 \u00a0\u00a0<a href=\"https:\/\/aulasvirtuales.educastur.es\/login\/index.php\" target=\"_blank\" rel=\"noopener noreferrer\"><img loading=\"lazy\" decoding=\"async\" class=\"alignnone wp-image-65 size-full\" src=\"http:\/\/edublog.educastur.es\/mrol\/files\/2020\/07\/campus-1.jpg\" alt=\"\" width=\"45\" height=\"45\" \/><\/a>\u00a0 \u00a0\u00a0<a href=\"http:\/\/www.educastur.es\/\" target=\"_blank\" rel=\"noopener noreferrer\"><img loading=\"lazy\" decoding=\"async\" class=\"alignnone wp-image-67 size-full\" src=\"http:\/\/edublog.educastur.es\/mrol\/files\/2020\/07\/educastur-1.jpg\" alt=\"\" width=\"110\" height=\"29\" \/><\/a>\u00a0 \u00a0 \u00a0\u00a0<a href=\"https:\/\/www.educastur.es\/sauce\" target=\"_blank\" rel=\"noopener noreferrer\">SAU<\/a>\u00a0 \u00a0 \u00a0 \u00a0 \u00a0<a href=\"https:\/\/www62.asturias.es\/gepep\" target=\"_blank\" rel=\"noopener noreferrer\">\u00a0<img loading=\"lazy\" decoding=\"async\" class=\"alignnone size-full wp-image-340\" src=\"http:\/\/edublog.educastur.es\/mrol\/files\/2020\/10\/gepep.jpg\" alt=\"\" width=\"129\" height=\"60\" \/><\/a>\r\n\r\n<hr \/>\r\n\r\n<a href=\"http:\/\/www.cifpcerdeno.com\/\" target=\"_blank\" rel=\"noopener noreferrer\"><img loading=\"lazy\" decoding=\"async\" class=\"alignnone size-medium wp-image-64\" src=\"http:\/\/edublog.educastur.es\/mrol\/files\/2020\/07\/cifp-cerdeno-1.jpg\" alt=\"\" width=\"148\" height=\"50\" \/><\/a>\u00a0 \u00a0 \u00a0 \u00a0\u00a0<img loading=\"lazy\" decoding=\"async\" class=\"alignnone size-medium wp-image-60\" src=\"http:\/\/edublog.educastur.es\/mrol\/files\/2020\/07\/cerdeno-1.jpg\" alt=\"\" width=\"100\" height=\"67\" \/>\u00a0<a title=\"Abrir\" href=\"http:\/\/www.cifpcerdeno.com\/index.php\/estudios-principal\/cartera-de-servicios\/fpedu\/22-fp-ciclos\/fp-ciclos-metal\" target=\"_blank\" rel=\"noopener noreferrer\">Oferta de Fabricaci\u00f3n Mec\u00e1nica en el CIFP\u00a0<\/a>\r\n\r\n<hr \/>\r\n\r\n<img loading=\"lazy\" decoding=\"async\" class=\"alignnone wp-image-212\" src=\"http:\/\/edublog.educastur.es\/mrol2\/files\/2020\/07\/MAS-ALLA.jpg\" alt=\"\" width=\"439\" height=\"300\" srcset=\"https:\/\/edublog.educastur.es\/mrol2\/files\/2020\/07\/MAS-ALLA.jpg 677w, https:\/\/edublog.educastur.es\/mrol2\/files\/2020\/07\/MAS-ALLA-300x205.jpg 300w\" sizes=\"auto, (max-width: 439px) 100vw, 439px\" \/>\r\n\r\n<hr \/>\r\n\r\n<img loading=\"lazy\" decoding=\"async\" class=\"alignnone wp-image-361\" src=\"http:\/\/edublog.educastur.es\/mrol2\/files\/2020\/10\/fp-asturias.jpg\" alt=\"\" width=\"50\" height=\"50\" \/><a href=\"https:\/\/www.todofp.es\/dam\/jcr:2beb9602-8987-46ac-8d7b-88e007506771\/astsoldadura-y-caldereria-pdf.pdf\" target=\"_blank\" rel=\"noopener noreferrer\">T\u00e9cnico en Soldadura y Calderer\u00eda<\/a>\u00a0&#8211; Asturias\r\n\r\n<img loading=\"lazy\" decoding=\"async\" class=\"alignnone wp-image-359\" src=\"http:\/\/edublog.educastur.es\/mrol2\/files\/2020\/10\/todofp-es.jpg\" alt=\"\" width=\"78\" height=\"50\" \/>Todo sobre <a title=\"Ver\" href=\"http:\/\/todofp.es\/que-como-y-donde-estudiar\/que-estudiar\/familia\/loe\/fabricacion-mecanica\/soldadura-caldereria.html\" target=\"_blank\" rel=\"noopener noreferrer\">T\u00e9cnico en Soldadura y Calderer\u00eda<\/a>\r\n\r\n<hr \/>\r\n\r\n<img loading=\"lazy\" decoding=\"async\" class=\"alignnone size-full wp-image-358\" src=\"http:\/\/edublog.educastur.es\/mrol2\/files\/2020\/10\/montaje.jpg\" alt=\"\" width=\"200\" height=\"116\" \/>\u00a0<span style=\"color: #993300\">\u00a0 M\u00d3DULO DE MONTAJE<\/span>\r\n\r\n<hr \/>\r\n\r\n<img loading=\"lazy\" decoding=\"async\" class=\"alignnone size-full wp-image-344\" src=\"http:\/\/edublog.educastur.es\/mrol2\/files\/2020\/10\/llupa2.jpg\" alt=\"\" width=\"49\" height=\"48\" \/><a title=\"Abrir\" href=\"https:\/\/drive.google.com\/file\/d\/1U5qp_2AplJb4kBN8-HtSLen-E2Yj95jE\/view?usp=sharing\" target=\"_blank\" rel=\"noopener noreferrer\">T<\/a><a title=\"Abrir\" href=\"https:\/\/drive.google.com\/file\/d\/1U5qp_2AplJb4kBN8-HtSLen-E2Yj95jE\/view?usp=sharing\" target=\"_blank\" rel=\"noopener noreferrer\">r\u00edpticos informativos\u00a0curso 2019-2020<\/a>\r\n\r\n<a href=\"https:\/\/drive.google.com\/file\/d\/1U5qp_2AplJb4kBN8-HtSLen-E2Yj95jE\/view\" target=\"_blank\" rel=\"noopener noreferrer\"><img loading=\"lazy\" decoding=\"async\" class=\"alignnone wp-image-360 size-full\" src=\"http:\/\/edublog.educastur.es\/mrol2\/files\/2020\/10\/cartel-2019-4.jpg\" alt=\"\" width=\"400\" height=\"578\" srcset=\"https:\/\/edublog.educastur.es\/mrol2\/files\/2020\/10\/cartel-2019-4.jpg 400w, https:\/\/edublog.educastur.es\/mrol2\/files\/2020\/10\/cartel-2019-4-208x300.jpg 208w\" sizes=\"auto, (max-width: 400px) 100vw, 400px\" \/><\/a>\r\n\r\n<a title=\"Abrir\" href=\"https:\/\/drive.google.com\/file\/d\/1JiA6DVs85YqO_gMm1u-BVaerqet49zi6\/view?usp=sharing\" target=\"_blank\" rel=\"noopener noreferrer\"><img loading=\"lazy\" decoding=\"async\" class=\"alignnone size-full wp-image-345\" src=\"http:\/\/edublog.educastur.es\/mrol2\/files\/2020\/10\/llupa.jpg\" alt=\"\" width=\"51\" height=\"50\" \/>Tr\u00edpticos informativos<\/a>\u00a0curso 2018-2019\r\n\r\n<a href=\"https:\/\/drive.google.com\/file\/d\/1JiA6DVs85YqO_gMm1u-BVaerqet49zi6\/view\" target=\"_blank\" rel=\"noopener noreferrer\"><img loading=\"lazy\" decoding=\"async\" class=\"alignnone wp-image-362\" src=\"http:\/\/edublog.educastur.es\/mrol2\/files\/2020\/10\/oferta-educativa-cerdeno-2018.jpg\" alt=\"\" width=\"400\" height=\"561\" srcset=\"https:\/\/edublog.educastur.es\/mrol2\/files\/2020\/10\/oferta-educativa-cerdeno-2018.jpg 492w, https:\/\/edublog.educastur.es\/mrol2\/files\/2020\/10\/oferta-educativa-cerdeno-2018-214x300.jpg 214w\" sizes=\"auto, (max-width: 400px) 100vw, 400px\" \/><\/a>\r\n\r\n<hr \/>\r\n\r\n<h1>Extraescolares<\/h1>\r\n<img loading=\"lazy\" decoding=\"async\" class=\"wp-image-379 alignleft\" src=\"http:\/\/edublog.educastur.es\/mrol2\/files\/2020\/10\/foto-300x200.jpg\" alt=\"\" width=\"400\" height=\"267\" srcset=\"https:\/\/edublog.educastur.es\/mrol2\/files\/2020\/10\/foto-300x200.jpg 300w, https:\/\/edublog.educastur.es\/mrol2\/files\/2020\/10\/foto.jpg 500w\" sizes=\"auto, (max-width: 400px) 100vw, 400px\" \/>\r\n<p align=\"justify\"><span style=\"color: #000080\">Ha venido a charlar con los alumnos del CFGM <\/span>de soldadura y calderer\u00eda una antigua alumna que curs\u00f3 este ciclo.\u00a0<span style=\"color: #800000\">Visi Zafra<\/span>\u00a0es una de las pocas mujeres que se ha titulado en esta especialidad y 8 a\u00f1os despu\u00e9s sigue trabajando en ella.\u00a0 Aprovech\u00f3 todos los recursos que el sistema puso a su alcance, entre otros la FP dual, para formarse cada d\u00eda\u00a0 y enseguida comenzar a destacar en el ejercicio\u00a0 profesional. Con responsabilidades a\u00f1adidas, desempe\u00f1a su trabajo en un entorno laboral netamente masculino.<\/p>\r\n<p align=\"justify\">Durante la charla con los alumnos \u00a0se apoy\u00f3 en hechos de su trayectoria laboral para ilustrar las valoraciones y recomendaciones que realiz\u00f3. En cada momento les trasmiti\u00f3 la importancia de aprovechar bien los recursos\u00a0 que el CIFP pone a su disposici\u00f3n. Lo imprescindible que es adquirir buenos h\u00e1bitos y m\u00e9todos de trabajo para poder permanecer en este sector profesional y la necesidad de formarse y cualificarse permanentemente.<\/p>\r\n<p align=\"justify\"><img loading=\"lazy\" decoding=\"async\" class=\"alignleft wp-image-378\" style=\"text-align: justify\" src=\"http:\/\/edublog.educastur.es\/mrol2\/files\/2020\/10\/visi-300x267.jpg\" alt=\"\" width=\"250\" height=\"223\" srcset=\"https:\/\/edublog.educastur.es\/mrol2\/files\/2020\/10\/visi-300x267.jpg 300w, https:\/\/edublog.educastur.es\/mrol2\/files\/2020\/10\/visi.jpg 450w\" sizes=\"auto, (max-width: 250px) 100vw, 250px\" \/>Visi mostr\u00f3 algunos planos que de proyectos que se ejecutan en las empresas y \u201cpuso a prueba\u201d los conocimientos de los estudiantes.<\/p>\r\n<p align=\"justify\"><span style=\"color: #800000\">Muchas gracias Visi<\/span>. Eres un singular ejemplo de mujer en un sector laboral netamente masculino.<\/p>\r\n<p align=\"justify\">Es muy reconfortante e ilustrativo recibir visitas de antiguos alumnos y alumnas, como fue el caso de esta semana.<\/p>\r\n\r\n<div class=\"entrytext\">\r\n\r\n&nbsp;\r\n\r\n<\/div>\r\n&nbsp;\r\n\r\n<hr \/>\r\n\r\n\n<!-- iframe plugin v.6.0 wordpress.org\/plugins\/iframe\/ -->\n<iframe loading=\"lazy\" width=\"90%\" height=\"350\" src=\"https:\/\/www.youtube.com\/embed\/4cLh4kn6-bM\" scrolling=\"yes\" class=\"iframe-class\" frameborder=\"0\"><\/iframe>\n\r\n\n<!-- iframe plugin v.6.0 wordpress.org\/plugins\/iframe\/ -->\n<iframe loading=\"lazy\" width=\"90%\" height=\"350\" src=\"https:\/\/www.youtube.com\/embed\/8pjXIMbM-qM\" scrolling=\"yes\" class=\"iframe-class\" frameborder=\"0\"><\/iframe>\n\r\n\n<!-- iframe plugin v.6.0 wordpress.org\/plugins\/iframe\/ -->\n<iframe loading=\"lazy\" width=\"90%\" height=\"350\" src=\"https:\/\/www.youtube.com\/embed\/KcxdYZi2cO4\" scrolling=\"yes\" class=\"iframe-class\" frameborder=\"0\"><\/iframe>\n\r\n\r\n<hr \/>\r\n\r\n&nbsp;<!-- \/wp:post-content -->","protected":false},"excerpt":{"rendered":"<p>\u00a0 \u00a0 \u00a0\u00a0\u00a0\u00a0 \u00a0 \u00a0\u00a0\u00a0 \u00a0 \u00a0\u00a0\u00a0 \u00a0 \u00a0 \u00a0 \u00a0\u00a0 \u00a0 \u00a0 \u00a0 \u00a0\u00a0\u00a0\u00a0fmecanica1@gmail.com \u00a0 \u00a0\u00a0\u00a0 \u00a0\u00a0\u00a0 \u00a0 \u00a0\u00a0SAU\u00a0 \u00a0 \u00a0 \u00a0 \u00a0\u00a0 \u00a0 \u00a0 \u00a0 \u00a0\u00a0\u00a0Oferta de Fabricaci\u00f3n Mec\u00e1nica en el CIFP\u00a0 T\u00e9cnico en Soldadura y Calderer\u00eda\u00a0&#8211; Asturias Todo sobre T\u00e9cnico en Soldadura y Calderer\u00eda \u00a0\u00a0 M\u00d3DULO DE MONTAJE Tr\u00edpticos informativos\u00a0curso 2019-2020 Tr\u00edpticos [&hellip;]<\/p>\n","protected":false},"author":134,"featured_media":0,"parent":0,"menu_order":0,"comment_status":"closed","ping_status":"open","template":"","meta":{"footnotes":""},"class_list":["post-2","page","type-page","status-publish","hentry","post-preview"],"_links":{"self":[{"href":"https:\/\/edublog.educastur.es\/mrol2\/wp-json\/wp\/v2\/pages\/2","targetHints":{"allow":["GET"]}}],"collection":[{"href":"https:\/\/edublog.educastur.es\/mrol2\/wp-json\/wp\/v2\/pages"}],"about":[{"href":"https:\/\/edublog.educastur.es\/mrol2\/wp-json\/wp\/v2\/types\/page"}],"author":[{"embeddable":true,"href":"https:\/\/edublog.educastur.es\/mrol2\/wp-json\/wp\/v2\/users\/134"}],"replies":[{"embeddable":true,"href":"https:\/\/edublog.educastur.es\/mrol2\/wp-json\/wp\/v2\/comments?post=2"}],"version-history":[{"count":10,"href":"https:\/\/edublog.educastur.es\/mrol2\/wp-json\/wp\/v2\/pages\/2\/revisions"}],"predecessor-version":[{"id":436,"href":"https:\/\/edublog.educastur.es\/mrol2\/wp-json\/wp\/v2\/pages\/2\/revisions\/436"}],"wp:attachment":[{"href":"https:\/\/edublog.educastur.es\/mrol2\/wp-json\/wp\/v2\/media?parent=2"}],"curies":[{"name":"wp","href":"https:\/\/api.w.org\/{rel}","templated":true}]}}