{"id":10,"date":"2016-05-23T19:12:57","date_gmt":"2016-05-23T19:12:57","guid":{"rendered":"https:\/\/edublog.educastur.es\/mrol1\/?page_id=8"},"modified":"2020-11-01T10:32:07","modified_gmt":"2020-11-01T10:32:07","slug":"utilidades","status":"publish","type":"page","link":"https:\/\/edublog.educastur.es\/mrol4\/utilidades\/","title":{"rendered":"Utilidades"},"content":{"rendered":"<p><img loading=\"lazy\" decoding=\"async\" class=\"alignnone wp-image-142\" src=\"http:\/\/edublog.educastur.es\/mrol4\/files\/2020\/11\/1493.jpg\" alt=\"\" width=\"150\" height=\"150\" \/> <a title=\"Abrir\" href=\"http:\/\/www.asifunciona.com\/\" target=\"_blank\" rel=\"noopener noreferrer\">As\u00ed funcionan las cosas<\/a><\/p>\n<p><img loading=\"lazy\" decoding=\"async\" class=\"alignnone wp-image-144 size-thumbnail\" src=\"http:\/\/edublog.educastur.es\/mrol4\/files\/2020\/11\/fluisim2-150x150.jpg\" alt=\"\" width=\"150\" height=\"150\" \/> <a title=\"Abrir\" href=\"https:\/\/www.portalprogramas.com\/logisim\/\" target=\"_blank\" rel=\"noopener noreferrer\">Descargar <\/a><a href=\"https:\/\/www.portalprogramas.com\/logisim\/\">simulador Logisim electr\u00f3nico<\/a><\/p>\n<p><img loading=\"lazy\" decoding=\"async\" class=\"alignnone wp-image-145 size-thumbnail\" src=\"http:\/\/edublog.educastur.es\/mrol4\/files\/2020\/11\/rcsim-150x150.jpg\" alt=\"\" width=\"150\" height=\"150\" srcset=\"https:\/\/edublog.educastur.es\/mrol4\/files\/2020\/11\/rcsim-150x150.jpg 150w, https:\/\/edublog.educastur.es\/mrol4\/files\/2020\/11\/rcsim-180x180.jpg 180w\" sizes=\"auto, (max-width: 150px) 100vw, 150px\" \/> <a title=\"Abrir\" href=\"https:\/\/www.portalprogramas.com\/rcsim\/\" target=\"_blank\" rel=\"noopener noreferrer\">Simulador de circuitos electr\u00f3nicos y el\u00e9ctricos RCSim<\/a><\/p>\n<p><img loading=\"lazy\" decoding=\"async\" class=\"alignnone wp-image-146 size-thumbnail\" src=\"http:\/\/edublog.educastur.es\/mrol4\/files\/2020\/11\/relatran1-150x120.jpg\" alt=\"\" width=\"150\" height=\"120\" \/> <a title=\"Abrir\" href=\"https:\/\/relatran.programas-gratis.net\/descargar\" target=\"_blank\" rel=\"noopener noreferrer\">Simulador de mecanismos\u00a0 Relatran<\/a><\/p>\n<p><img loading=\"lazy\" decoding=\"async\" class=\"alignnone wp-image-143 size-thumbnail\" src=\"http:\/\/edublog.educastur.es\/mrol4\/files\/2020\/11\/dibujo-150x150.jpg\" alt=\"\" width=\"150\" height=\"150\" srcset=\"https:\/\/edublog.educastur.es\/mrol4\/files\/2020\/11\/dibujo-150x150.jpg 150w, https:\/\/edublog.educastur.es\/mrol4\/files\/2020\/11\/dibujo-180x180.jpg 180w\" sizes=\"auto, (max-width: 150px) 100vw, 150px\" \/>\u00a0 <a title=\"Abrir\" href=\"https:\/\/piezas-dibujo-tecnico.programas-gratis.net\/\" target=\"_blank\" rel=\"noopener noreferrer\">Sistema Di\u00e9drico\u00a0<\/a><\/p>\n","protected":false},"excerpt":{"rendered":"<p>As\u00ed funcionan las cosas Descargar simulador Logisim electr\u00f3nico Simulador de circuitos electr\u00f3nicos y el\u00e9ctricos RCSim Simulador de mecanismos\u00a0 Relatran \u00a0 Sistema Di\u00e9drico\u00a0<\/p>\n","protected":false},"author":134,"featured_media":0,"parent":0,"menu_order":0,"comment_status":"closed","ping_status":"closed","template":"","meta":{"footnotes":""},"class_list":["post-10","page","type-page","status-publish","hentry","without-featured-image"],"_links":{"self":[{"href":"https:\/\/edublog.educastur.es\/mrol4\/wp-json\/wp\/v2\/pages\/10","targetHints":{"allow":["GET"]}}],"collection":[{"href":"https:\/\/edublog.educastur.es\/mrol4\/wp-json\/wp\/v2\/pages"}],"about":[{"href":"https:\/\/edublog.educastur.es\/mrol4\/wp-json\/wp\/v2\/types\/page"}],"author":[{"embeddable":true,"href":"https:\/\/edublog.educastur.es\/mrol4\/wp-json\/wp\/v2\/users\/134"}],"replies":[{"embeddable":true,"href":"https:\/\/edublog.educastur.es\/mrol4\/wp-json\/wp\/v2\/comments?post=10"}],"version-history":[{"count":3,"href":"https:\/\/edublog.educastur.es\/mrol4\/wp-json\/wp\/v2\/pages\/10\/revisions"}],"predecessor-version":[{"id":149,"href":"https:\/\/edublog.educastur.es\/mrol4\/wp-json\/wp\/v2\/pages\/10\/revisions\/149"}],"wp:attachment":[{"href":"https:\/\/edublog.educastur.es\/mrol4\/wp-json\/wp\/v2\/media?parent=10"}],"curies":[{"name":"wp","href":"https:\/\/api.w.org\/{rel}","templated":true}]}}