{"id":8,"date":"2018-10-23T19:12:57","date_gmt":"2018-10-23T19:12:57","guid":{"rendered":"https:\/\/edublog.educastur.es\/mrol1\/?page_id=6"},"modified":"2020-11-01T10:55:29","modified_gmt":"2020-11-01T10:55:29","slug":"interaccion","status":"publish","type":"page","link":"https:\/\/edublog.educastur.es\/mrol4\/interaccion\/","title":{"rendered":"Interacci\u00f3n"},"content":{"rendered":"<p class=\"entry-title\" style=\"text-align: left\"><span style=\"color: #800000;font-size: 14pt\">\u00a0<img loading=\"lazy\" decoding=\"async\" class=\"alignnone size-medium wp-image-157\" src=\"http:\/\/edublog.educastur.es\/mrol4\/files\/2020\/11\/chicap2.jpg\" alt=\"\" width=\"25\" height=\"40\" \/><\/span><span style=\"color: #800000;font-size: 14pt\"><img loading=\"lazy\" decoding=\"async\" class=\"alignnone size-medium wp-image-160\" src=\"http:\/\/edublog.educastur.es\/mrol4\/files\/2020\/11\/chico-verd.jpg\" alt=\"\" width=\"35\" height=\"35\" \/> <a title=\"Diario de clase\" href=\"http:\/\/goo.gl\/forms\/lJHccrjtJa\">Diario de clase del alumnado<\/a><\/span><\/p>\n<p class=\"entry-title\" style=\"text-align: left\"><span style=\"color: #800000;font-size: 14pt\"><img loading=\"lazy\" decoding=\"async\" class=\"alignnone size-medium wp-image-158\" src=\"http:\/\/edublog.educastur.es\/mrol4\/files\/2020\/11\/chicap22.jpg\" alt=\"\" width=\"29\" height=\"40\" \/><\/span><span style=\"color: #800000;font-size: 14pt\"><img loading=\"lazy\" decoding=\"async\" class=\"alignnone size-medium wp-image-159\" src=\"http:\/\/edublog.educastur.es\/mrol4\/files\/2020\/11\/chicopp.jpg\" alt=\"\" width=\"30\" height=\"40\" \/> <a title=\"Click para enlazar\" href=\"http:\/\/goo.gl\/forms\/IOySc1g3h1\" target=\"_blank\" rel=\"noopener noreferrer\">Registro de actividades de Tecnolog\u00eda\u00a0\u00a0<\/a>\u00a0<\/span><\/p>\n<hr \/>\n<p class=\"entry-title\" style=\"text-align: left\"><span style=\"color: #800000;font-size: 14pt\"><img loading=\"lazy\" decoding=\"async\" class=\"alignnone size-medium wp-image-161\" src=\"http:\/\/edublog.educastur.es\/mrol4\/files\/2020\/11\/flecha1.jpg\" alt=\"\" width=\"17\" height=\"24\" \/><\/span><span style=\"color: #0000ff\"><a title=\"Click para enlazar\" href=\"http:\/\/goo.gl\/forms\/2LmSjfL2KO\" target=\"_blank\" rel=\"noopener noreferrer\">Valoraci\u00f3n de la presentaci\u00f3n\u00a0<\/a><\/span><\/p>\n<p class=\"entry-title\" style=\"text-align: left\"><span style=\"color: #800000;font-size: 14pt\"><img loading=\"lazy\" decoding=\"async\" class=\"alignnone size-medium wp-image-161\" src=\"http:\/\/edublog.educastur.es\/mrol4\/files\/2020\/11\/flecha1.jpg\" alt=\"\" width=\"17\" height=\"24\" \/><\/span><a title=\"Abrir\" href=\"http:\/\/goo.gl\/forms\/S6AyDmkzHM\" target=\"_blank\" rel=\"noopener noreferrer\">Valoraci\u00f3n de proyectos<\/a><\/p>\n<p class=\"entry-title\" style=\"text-align: left\"><span style=\"color: #800000;font-size: 14pt\"><img loading=\"lazy\" decoding=\"async\" class=\"alignnone size-medium wp-image-161\" src=\"http:\/\/edublog.educastur.es\/mrol4\/files\/2020\/11\/flecha1.jpg\" alt=\"\" width=\"17\" height=\"24\" \/><\/span><a title=\"Abrir\" href=\"http:\/\/goo.gl\/forms\/iUsViqylsL\" target=\"_blank\" rel=\"noopener noreferrer\">\u00a0Autoevaluaci\u00f3n de proyectos<\/a><\/p>\n<hr \/>\n<p class=\"entry-title\" style=\"text-align: left\"><span style=\"color: #800000;font-size: 14pt\"><img loading=\"lazy\" decoding=\"async\" class=\"alignnone size-medium wp-image-163\" src=\"http:\/\/edublog.educastur.es\/mrol4\/files\/2020\/11\/icono3.jpg\" alt=\"\" width=\"30\" height=\"30\" \/><\/span><span style=\"color: #800000;font-size: 14pt\"><a href=\"http:\/\/goo.gl\/forms\/muTNVi4i5t\">Ficha del alumnado (Comienzo de curso)<\/a><\/span><\/p>\n<hr \/>\n<p class=\"entry-title\" style=\"text-align: left\"><span style=\"color: #800000;font-size: 14pt\"><img loading=\"lazy\" decoding=\"async\" class=\"alignnone size-medium wp-image-164\" src=\"http:\/\/edublog.educastur.es\/mrol4\/files\/2020\/11\/mrol4p.jpg\" alt=\"\" width=\"39\" height=\"40\" \/><\/span><span style=\"color: #800000;font-size: 14pt\"><a href=\"http:\/\/goo.gl\/forms\/dXNNj5Gg1Q\">Diario de clase<\/a><\/span><\/p>\n<p class=\"entry-title\" style=\"text-align: left\"><span style=\"color: #800000;font-size: 14pt\"><img loading=\"lazy\" decoding=\"async\" class=\"alignnone size-medium wp-image-165\" src=\"http:\/\/edublog.educastur.es\/mrol4\/files\/2020\/11\/mrol4p13.jpg\" alt=\"\" width=\"39\" height=\"40\" \/><\/span><span style=\"color: #800000;font-size: 14pt\"> <a href=\"http:\/\/goo.gl\/forms\/AoPMgIBseG\">Diario TIC <\/a><\/span><\/p>\n<p class=\"entry-title\" style=\"text-align: left\"><span style=\"color: #800000;font-size: 14pt\"><img loading=\"lazy\" decoding=\"async\" class=\"alignnone size-medium wp-image-162\" src=\"http:\/\/edublog.educastur.es\/mrol4\/files\/2020\/11\/i31.jpg\" alt=\"\" width=\"31\" height=\"29\" \/><\/span><span style=\"color: #800000;font-size: 14pt\"> <a href=\"https:\/\/goo.gl\/forms\/tcbKEK6M4mRGZzVx1\" target=\"_blank\" rel=\"noopener noreferrer\">Garant\u00edas<\/a><\/span><\/p>\n<hr \/>\n<h2 class=\"entry-title\" style=\"text-align: left\"><\/h2>\n<h2 class=\"entry-title\" style=\"text-align: left\"><a href=\"https:\/\/drive.google.com\/folderview?id=0BwbVob1Bfbz3WDNNeWtqQ2ZUR3M&amp;usp=sharing\" target=\"_blank\" rel=\"noopener noreferrer\"><span style=\"color: #800000;font-size: 14pt\"><img loading=\"lazy\" decoding=\"async\" class=\"alignnone wp-image-166 size-full\" src=\"http:\/\/edublog.educastur.es\/mrol4\/files\/2020\/11\/practicas.jpg\" alt=\"\" width=\"349\" height=\"80\" srcset=\"https:\/\/edublog.educastur.es\/mrol4\/files\/2020\/11\/practicas.jpg 349w, https:\/\/edublog.educastur.es\/mrol4\/files\/2020\/11\/practicas-300x69.jpg 300w\" sizes=\"auto, (max-width: 349px) 100vw, 349px\" \/><\/span><\/a><\/h2>\n<hr \/>\n<h2 class=\"entry-title\" style=\"text-align: left\"><a href=\"https:\/\/tecno75.000webhostapp.com\/\" target=\"_blank\" rel=\"noopener noreferrer\"><span style=\"color: #800000;font-size: 14pt\"><img loading=\"lazy\" decoding=\"async\" class=\"alignnone size-full wp-image-156\" src=\"http:\/\/edublog.educastur.es\/mrol4\/files\/2020\/11\/tecno25.jpg\" alt=\"\" width=\"260\" height=\"139\" \/><\/span><\/a><\/h2>\n<hr \/>\n<h2 class=\"entry-title\" style=\"text-align: center\"><span style=\"color: #800000;font-size: 14pt\">M\u00e9todo<\/span><\/h2>\n<p style=\"text-align: left\"><img loading=\"lazy\" decoding=\"async\" class=\"wp-image-52 aligncenter\" src=\"http:\/\/edublog.educastur.es\/mrol1\/files\/2020\/07\/metodo2p-297x300.jpg\" alt=\"Retos\" width=\"350\" height=\"354\" \/><\/p>\n<hr \/>\n<p style=\"text-align: left\">\n","protected":false},"excerpt":{"rendered":"<p>\u00a0 Diario de clase del alumnado Registro de actividades de Tecnolog\u00eda\u00a0\u00a0\u00a0 Valoraci\u00f3n de la presentaci\u00f3n\u00a0 Valoraci\u00f3n de proyectos \u00a0Autoevaluaci\u00f3n de proyectos Ficha del alumnado (Comienzo de curso) Diario de clase Diario TIC Garant\u00edas M\u00e9todo<\/p>\n","protected":false},"author":134,"featured_media":0,"parent":0,"menu_order":0,"comment_status":"closed","ping_status":"closed","template":"","meta":{"footnotes":""},"class_list":["post-8","page","type-page","status-publish","hentry","without-featured-image"],"_links":{"self":[{"href":"https:\/\/edublog.educastur.es\/mrol4\/wp-json\/wp\/v2\/pages\/8","targetHints":{"allow":["GET"]}}],"collection":[{"href":"https:\/\/edublog.educastur.es\/mrol4\/wp-json\/wp\/v2\/pages"}],"about":[{"href":"https:\/\/edublog.educastur.es\/mrol4\/wp-json\/wp\/v2\/types\/page"}],"author":[{"embeddable":true,"href":"https:\/\/edublog.educastur.es\/mrol4\/wp-json\/wp\/v2\/users\/134"}],"replies":[{"embeddable":true,"href":"https:\/\/edublog.educastur.es\/mrol4\/wp-json\/wp\/v2\/comments?post=8"}],"version-history":[{"count":3,"href":"https:\/\/edublog.educastur.es\/mrol4\/wp-json\/wp\/v2\/pages\/8\/revisions"}],"predecessor-version":[{"id":169,"href":"https:\/\/edublog.educastur.es\/mrol4\/wp-json\/wp\/v2\/pages\/8\/revisions\/169"}],"wp:attachment":[{"href":"https:\/\/edublog.educastur.es\/mrol4\/wp-json\/wp\/v2\/media?parent=8"}],"curies":[{"name":"wp","href":"https:\/\/api.w.org\/{rel}","templated":true}]}}