{"id":2179,"date":"2022-07-05T18:07:07","date_gmt":"2022-07-05T18:07:07","guid":{"rendered":"https:\/\/edublog.educastur.es\/musicabaudilio\/?page_id=2179"},"modified":"2022-09-04T11:38:07","modified_gmt":"2022-09-04T11:38:07","slug":"canal-youtube-del-cole","status":"publish","type":"page","link":"https:\/\/edublog.educastur.es\/musicabaudilio\/canal-youtube-del-cole\/","title":{"rendered":"Canal youtube del cole"},"content":{"rendered":"<p><strong>ALGUNAS ACTUACIONES MUSICALES<\/strong> recogidas en el canal que el colegio abri\u00f3 hace ya varios a\u00f1os en Youtube. Actualmente, todos los v\u00eddeos del alumnado se suben a stream, la aplicaci\u00f3n de v\u00eddeo de la cuenta de Office 365 proporcionada por la Consejer\u00eda a todas las familias. Se pueden ver en la p\u00e1gina \u00abV\u00eddeos del alumnado\u00bb.<\/p>\n<p><span style=\"color: #ff0000\"><strong>CURSO 2010\/2011. D\u00eda de la Paz.<\/strong><\/span><\/p>\n\n<!-- iframe plugin v.6.0 wordpress.org\/plugins\/iframe\/ -->\n<iframe loading=\"lazy\" width=\"100%\" height=\"315\" src=\"https:\/\/www.youtube.com\/embed\/dZWmZK2awAU?start=230\" title=\"YouTube video player\" 0=\"frameborder\" scrolling=\"yes\" class=\"iframe-class\" frameborder=\"0\"><\/iframe>\n\n<p><span style=\"color: #ff0000\"><strong>CURSO 2013\/2014. D\u00eda de la Paz.<\/strong><\/span><\/p>\n\n<!-- iframe plugin v.6.0 wordpress.org\/plugins\/iframe\/ -->\n<iframe loading=\"lazy\" width=\"100%\" height=\"315\" src=\"https:\/\/www.youtube.com\/embed\/2IpK8eVovO4?start=164\" title=\"YouTube video player\" 0=\"frameborder\" scrolling=\"yes\" class=\"iframe-class\" frameborder=\"0\"><\/iframe>\n\n<p><span style=\"color: #ff0000\"><strong>CURSO 2014-2015. D\u00eda de la Paz.<\/strong><\/span><\/p>\n\n<!-- iframe plugin v.6.0 wordpress.org\/plugins\/iframe\/ -->\n<iframe loading=\"lazy\" width=\"100%\" height=\"315\" src=\"https:\/\/www.youtube.com\/embed\/bbWcNbX-0Tw?start=164\" title=\"YouTube video player\" 0=\"frameborder\" scrolling=\"yes\" class=\"iframe-class\" frameborder=\"0\"><\/iframe>\n\n<p style=\"text-align: justify\"><span style=\"color: #ff0000\"><strong>CURSO 2014\/2015. PROYECTO COMENIUS<\/strong><\/span>. RECEPCI\u00d3N A LOS REPRESENTANTES DE LOS PA\u00cdSES PARTICIPANTES.<\/p>\n\n<!-- iframe plugin v.6.0 wordpress.org\/plugins\/iframe\/ -->\n<iframe loading=\"lazy\" width=\"100%\" height=\"315\" src=\"https:\/\/www.youtube.com\/embed\/_WLElUlJUQM\" title=\"YouTube video player\" 0=\"frameborder\" scrolling=\"yes\" class=\"iframe-class\" frameborder=\"0\"><\/iframe>\n\n<p><span style=\"color: #ff0000\"><strong>CURSO 2017\/2018<\/strong><\/span><\/p>\n\n<!-- iframe plugin v.6.0 wordpress.org\/plugins\/iframe\/ -->\n<iframe loading=\"lazy\" width=\"1OO%\" height=\"315\" src=\"https:\/\/www.youtube.com\/embed\/APXniEK8iQY\" title=\"YouTube video player\" 0=\"frameborder\" scrolling=\"yes\" class=\"iframe-class\" frameborder=\"0\"><\/iframe>\n\n","protected":false},"excerpt":{"rendered":"<p>ALGUNAS ACTUACIONES MUSICALES recogidas en el canal que el colegio abri\u00f3 hace ya varios a\u00f1os en Youtube. Actualmente, todos los v\u00eddeos del alumnado se suben a stream, la aplicaci\u00f3n de v\u00eddeo de la cuenta de Office 365 proporcionada por la&#8230; <a class=\"more-link\" href=\"https:\/\/edublog.educastur.es\/musicabaudilio\/canal-youtube-del-cole\/\">Seguir leyendo &rarr;<\/a><\/p>\n","protected":false},"author":590,"featured_media":0,"parent":0,"menu_order":0,"comment_status":"closed","ping_status":"closed","template":"","meta":{"footnotes":""},"class_list":["post-2179","page","type-page","status-publish","hentry"],"_links":{"self":[{"href":"https:\/\/edublog.educastur.es\/musicabaudilio\/wp-json\/wp\/v2\/pages\/2179","targetHints":{"allow":["GET"]}}],"collection":[{"href":"https:\/\/edublog.educastur.es\/musicabaudilio\/wp-json\/wp\/v2\/pages"}],"about":[{"href":"https:\/\/edublog.educastur.es\/musicabaudilio\/wp-json\/wp\/v2\/types\/page"}],"author":[{"embeddable":true,"href":"https:\/\/edublog.educastur.es\/musicabaudilio\/wp-json\/wp\/v2\/users\/590"}],"replies":[{"embeddable":true,"href":"https:\/\/edublog.educastur.es\/musicabaudilio\/wp-json\/wp\/v2\/comments?post=2179"}],"version-history":[{"count":16,"href":"https:\/\/edublog.educastur.es\/musicabaudilio\/wp-json\/wp\/v2\/pages\/2179\/revisions"}],"predecessor-version":[{"id":2883,"href":"https:\/\/edublog.educastur.es\/musicabaudilio\/wp-json\/wp\/v2\/pages\/2179\/revisions\/2883"}],"wp:attachment":[{"href":"https:\/\/edublog.educastur.es\/musicabaudilio\/wp-json\/wp\/v2\/media?parent=2179"}],"curies":[{"name":"wp","href":"https:\/\/api.w.org\/{rel}","templated":true}]}}