{"id":252,"date":"2020-12-05T18:21:05","date_gmt":"2020-12-05T18:21:05","guid":{"rendered":"https:\/\/edublog.educastur.es\/online\/?page_id=252"},"modified":"2020-12-10T17:34:47","modified_gmt":"2020-12-10T17:34:47","slug":"trabajo-remoto","status":"publish","type":"page","link":"https:\/\/edublog.educastur.es\/online\/herramientas-web\/trabajo-remoto\/","title":{"rendered":"Trabajo remoto"},"content":{"rendered":"<p><img loading=\"lazy\" decoding=\"async\" class=\"aligncenter\" src=\"https:\/\/magnetycs.com\/wp-content\/uploads\/2020\/03\/Trabajo-remoto-blog-930x620.png\" width=\"357\" height=\"238\" \/><\/p>\n<hr \/>\n<ul>\n<li>19 herramientas para trabajar en remoto<\/li>\n<\/ul>\n<p><a href=\"https:\/\/www.prevencionintegral.com\/actualidad\/noticias\/2020\/03\/16\/19-herramientas-para-trabajar-en-remoto\"><img loading=\"lazy\" decoding=\"async\" class=\"alignnone size-full\" src=\"https:\/\/netriskprevencion.com\/IMG\/png\/aplicaciones_colaboraborativas.png?9406\/eb296ea315e6622eb336990df28392283b76a515\" width=\"650\" height=\"421\" \/><\/a><\/p>\n<blockquote>\n<ul>\n<li><strong><a href=\"https:\/\/slack.com\/intl\/es-es\/\" target=\"_blank\" rel=\"noopener noreferrer\">Slack<\/a>.<\/strong>\u00a0En\u00a0<strong><a href=\"https:\/\/thinkingwithyou.com\/\" target=\"_blank\" rel=\"noopener noreferrer\">Thinking<\/a><\/strong> es nuestra principal herramienta de comunicaci\u00f3n interna. Tambi\u00e9n nos permite el uso de grupos privados y el uso de emojis que, por ejemplo, nosotros utilizamos para tomar decisiones r\u00e1pidamente. Aqu\u00ed nuestra recomendaci\u00f3n es no subir im\u00e1genes ni Gifs, para evitar que sature el alcance de los historiales.<\/li>\n<li><strong><a href=\"https:\/\/zoom.us\/\" target=\"_blank\" rel=\"noopener noreferrer\">Zoom<\/a><\/strong>.\u00a0 Con Zoom podemos trabajar de forma distribuida hasta 100 personas a la vez, gratuitamente, e incluso llegar a las 1000, seg\u00fan el <a href=\"https:\/\/zoom.us\/pricing\" target=\"_blank\" rel=\"noopener noreferrer\"><strong>plan<\/strong>\u00a0<strong>contratado<\/strong><\/a><strong>.<\/strong>\u00a0Tenemos tambi\u00e9n la posibilidad de crear diferentes salas y subsalas virtuales para trabajar en equipo o en plenario. Es muy \u00fatil para reuniones grandes o incluso formaciones en remoto.<\/li>\n<li><strong><a href=\"https:\/\/meet.google.com\/\" target=\"_blank\" rel=\"noopener noreferrer\">Meet<\/a>.<\/strong>\u00a0Por la facilidad de uso, esta es la aplicaci\u00f3n de Google con la que hacemos videoconferencias en\u00a0<strong><a href=\"https:\/\/thinkingwithyou.com\/\" target=\"_blank\" rel=\"noopener noreferrer\">Thinking<\/a><\/strong>. Hangouts Meet est\u00e1 integrado con Google Calendar, y puedes conectarte a las reuniones directamente desde all\u00ed o desde una invitaci\u00f3n al email. Recomendamos esta herramienta para sesiones m\u00e1s informales o de pocas personas (hasta 10 personas aproximadamente).<\/li>\n<\/ul>\n<\/blockquote>\n<hr \/>\n<p><a href=\"https:\/\/i.pinimg.com\/564x\/30\/e4\/ca\/30e4ca38e0c0b63839ab32f21292332c.jpg\"><img loading=\"lazy\" decoding=\"async\" class=\"alignnone size-full\" src=\"https:\/\/i.pinimg.com\/564x\/30\/e4\/ca\/30e4ca38e0c0b63839ab32f21292332c.jpg\" width=\"564\" height=\"1194\" \/><\/a><\/p>\n<p>Fuente:<a href=\"http:\/\/ticsyformacion.com\"> Ticsyformaci\u00f3n.com<\/a><\/p>\n<hr \/>\n<p><a href=\"https:\/\/edteam-media.s3.amazonaws.com\/community\/original\/38b393b6-5ae8-41f7-b0e6-8871450604e7.jpg\"><img loading=\"lazy\" decoding=\"async\" class=\"alignnone size-full\" src=\"https:\/\/edteam-media.s3.amazonaws.com\/community\/original\/38b393b6-5ae8-41f7-b0e6-8871450604e7.jpg\" width=\"1400\" height=\"1400\" \/><\/a><\/p>\n<p>Fuente: <a href=\"https:\/\/ed.team\/comunidad\/5-herramientas-de-trabajo-remoto-que-usamos-en-edteam\">Edteam<\/a><\/p>\n<hr \/>\n<p><a href=\"https:\/\/elcomercio.pe\/resizer\/FmGVKlX4M_BCIuN7PQ_f_CgcMHA=\/640x0\/smart\/filters:format(jpeg):quality(75)\/arc-anglerfish-arc2-prod-elcomercio.s3.amazonaws.com\/public\/CLUYK5N2GVDIPMSBODIBT63GWU.PNG\"><img loading=\"lazy\" decoding=\"async\" class=\"alignnone size-full\" src=\"https:\/\/elcomercio.pe\/resizer\/FmGVKlX4M_BCIuN7PQ_f_CgcMHA=\/640x0\/smart\/filters:format(jpeg):quality(75)\/arc-anglerfish-arc2-prod-elcomercio.s3.amazonaws.com\/public\/CLUYK5N2GVDIPMSBODIBT63GWU.PNG\" width=\"640\" height=\"558\" \/><\/a><\/p>\n<p>Fuente: <a href=\"https:\/\/elcomercio.pe\/economia\/personal\/coronavirus-teletrabajo-que-herramientas-facilitan-el-trabajo-en-equipo-en-tiempos-de-covid-19-estado-de-emergencia-google-drive-skype-zoom-noticia\/\">El Comercio Per\u00fa<\/a><\/p>\n<hr \/>\n<p><a href=\"https:\/\/blog.trello.com\/hs-fs\/hubfs\/Trello%20Infographic%20about%20Remote%20Work%20Tools.png?width=800&amp;name=Trello%20Infographic%20about%20Remote%20Work%20Tools.png\"><img loading=\"lazy\" decoding=\"async\" class=\"alignnone size-full\" src=\"https:\/\/blog.trello.com\/hs-fs\/hubfs\/Trello%20Infographic%20about%20Remote%20Work%20Tools.png?width=800&amp;name=Trello%20Infographic%20about%20Remote%20Work%20Tools.png\" width=\"800\" height=\"2200\" \/><\/a><\/p>\n","protected":false},"excerpt":{"rendered":"<p>19 herramientas para trabajar en remoto Slack.\u00a0En\u00a0Thinking es nuestra principal herramienta de comunicaci\u00f3n interna. Tambi\u00e9n nos permite el uso de grupos privados y el uso de emojis que, por ejemplo, nosotros utilizamos para tomar decisiones r\u00e1pidamente. Aqu\u00ed nuestra recomendaci\u00f3n es no subir im\u00e1genes ni Gifs, para evitar que sature el alcance de los historiales. Zoom.\u00a0 [&hellip;]<\/p>\n","protected":false},"author":117,"featured_media":0,"parent":28,"menu_order":0,"comment_status":"closed","ping_status":"closed","template":"","meta":{"footnotes":""},"class_list":["post-252","page","type-page","status-publish","hentry"],"_links":{"self":[{"href":"https:\/\/edublog.educastur.es\/online\/wp-json\/wp\/v2\/pages\/252","targetHints":{"allow":["GET"]}}],"collection":[{"href":"https:\/\/edublog.educastur.es\/online\/wp-json\/wp\/v2\/pages"}],"about":[{"href":"https:\/\/edublog.educastur.es\/online\/wp-json\/wp\/v2\/types\/page"}],"author":[{"embeddable":true,"href":"https:\/\/edublog.educastur.es\/online\/wp-json\/wp\/v2\/users\/117"}],"replies":[{"embeddable":true,"href":"https:\/\/edublog.educastur.es\/online\/wp-json\/wp\/v2\/comments?post=252"}],"version-history":[{"count":7,"href":"https:\/\/edublog.educastur.es\/online\/wp-json\/wp\/v2\/pages\/252\/revisions"}],"predecessor-version":[{"id":487,"href":"https:\/\/edublog.educastur.es\/online\/wp-json\/wp\/v2\/pages\/252\/revisions\/487"}],"up":[{"embeddable":true,"href":"https:\/\/edublog.educastur.es\/online\/wp-json\/wp\/v2\/pages\/28"}],"wp:attachment":[{"href":"https:\/\/edublog.educastur.es\/online\/wp-json\/wp\/v2\/media?parent=252"}],"curies":[{"name":"wp","href":"https:\/\/api.w.org\/{rel}","templated":true}]}}