{"id":288,"date":"2020-12-05T19:43:15","date_gmt":"2020-12-05T19:43:15","guid":{"rendered":"https:\/\/edublog.educastur.es\/online\/?page_id=288"},"modified":"2020-12-05T19:43:21","modified_gmt":"2020-12-05T19:43:21","slug":"organizar-trabajo","status":"publish","type":"page","link":"https:\/\/edublog.educastur.es\/online\/herramientas-web\/organizar-trabajo\/","title":{"rendered":"&#8230; Organizar trabajo"},"content":{"rendered":"<ul>\n<li><strong><a href=\"http:\/\/trello.com\/\" target=\"_blank\" rel=\"noopener noreferrer\">Trello<\/a>.<\/strong>\u00a0Junto con Slack, es otro de nuestro pilares para la gesti\u00f3n de Thinking como organizaci\u00f3n. Basado en el\u00a0<a href=\"https:\/\/amzn.to\/3354JGV\" target=\"_blank\" rel=\"noopener noreferrer\"><strong>M\u00e9todo Kanban<\/strong><\/a><strong>,<\/strong>\u00a0se compone de diferentes grupos y tableros virtuales que se pueden administrar y utilizar de forma colaborativa para crear flujos de servicios, listados de tareas, checklist\u2026 Adem\u00e1s, tiene integraci\u00f3n con Drive, Slack, Jira y much\u00edsimas otras herramientas de gesti\u00f3n del trabajo.<\/li>\n<li><strong><a href=\"http:\/\/kanbanize.com\/\" target=\"_blank\" rel=\"noopener noreferrer\">Kanbanize<\/a>.<\/strong>\u00a0Muy similar en uso a Trello. Creada por una empresa lean y con la intenci\u00f3n de gestionar el trabajo de manera eficiente. Una de sus caracter\u00edsticas m\u00e1s interesantes es la gran cantidad de automatizaciones que permite crear para gestionar los flujos de forma bastante intuitiva, aunque como desventaja no nos permite trabajar sin conexi\u00f3n.<\/li>\n<li><strong><a href=\"https:\/\/asana.com\/es\" target=\"_blank\" rel=\"noopener noreferrer\">Asana<\/a>.<\/strong>\u00a0Una completa herramienta que integra comunicaci\u00f3n, tableros, calendario, planificador, repositorio, etc. con un mont\u00f3n de posibilidades para equipos y para la gesti\u00f3n de diferentes proyectos en un mismo espacio virtual.<\/li>\n<li><strong><a href=\"https:\/\/teams.microsoft.com\/\" target=\"_blank\" rel=\"noopener noreferrer\">Teams<\/a>.<\/strong>\u00a0Al igual que Asana, Teams es la versi\u00f3n corporativa de Microsoft que tambi\u00e9n integra gran parte de las herramientas en una, permiti\u00e9ndonos tener todo en un mismo lugar.<\/li>\n<\/ul>\n","protected":false},"excerpt":{"rendered":"<p>Trello.\u00a0Junto con Slack, es otro de nuestro pilares para la gesti\u00f3n de Thinking como organizaci\u00f3n. Basado en el\u00a0M\u00e9todo Kanban,\u00a0se compone de diferentes grupos y tableros virtuales que se pueden administrar y utilizar de forma colaborativa para crear flujos de servicios, listados de tareas, checklist\u2026 Adem\u00e1s, tiene integraci\u00f3n con Drive, Slack, Jira y much\u00edsimas otras herramientas [&hellip;]<\/p>\n","protected":false},"author":117,"featured_media":0,"parent":28,"menu_order":0,"comment_status":"closed","ping_status":"closed","template":"","meta":{"footnotes":""},"class_list":["post-288","page","type-page","status-publish","hentry"],"_links":{"self":[{"href":"https:\/\/edublog.educastur.es\/online\/wp-json\/wp\/v2\/pages\/288","targetHints":{"allow":["GET"]}}],"collection":[{"href":"https:\/\/edublog.educastur.es\/online\/wp-json\/wp\/v2\/pages"}],"about":[{"href":"https:\/\/edublog.educastur.es\/online\/wp-json\/wp\/v2\/types\/page"}],"author":[{"embeddable":true,"href":"https:\/\/edublog.educastur.es\/online\/wp-json\/wp\/v2\/users\/117"}],"replies":[{"embeddable":true,"href":"https:\/\/edublog.educastur.es\/online\/wp-json\/wp\/v2\/comments?post=288"}],"version-history":[{"count":1,"href":"https:\/\/edublog.educastur.es\/online\/wp-json\/wp\/v2\/pages\/288\/revisions"}],"predecessor-version":[{"id":289,"href":"https:\/\/edublog.educastur.es\/online\/wp-json\/wp\/v2\/pages\/288\/revisions\/289"}],"up":[{"embeddable":true,"href":"https:\/\/edublog.educastur.es\/online\/wp-json\/wp\/v2\/pages\/28"}],"wp:attachment":[{"href":"https:\/\/edublog.educastur.es\/online\/wp-json\/wp\/v2\/media?parent=288"}],"curies":[{"name":"wp","href":"https:\/\/api.w.org\/{rel}","templated":true}]}}