{"id":476,"date":"2020-12-10T17:25:19","date_gmt":"2020-12-10T17:25:19","guid":{"rendered":"https:\/\/edublog.educastur.es\/online\/?page_id=476"},"modified":"2020-12-10T17:39:47","modified_gmt":"2020-12-10T17:39:47","slug":"canva","status":"publish","type":"page","link":"https:\/\/edublog.educastur.es\/online\/herramientas-web\/organizar-trabajo\/canva\/","title":{"rendered":"Canva"},"content":{"rendered":"<p><img loading=\"lazy\" decoding=\"async\" class=\"aligncenter \" src=\"https:\/\/upload.wikimedia.org\/wikipedia\/commons\/thumb\/3\/3b\/Canva_Logo.png\/225px-Canva_Logo.png\" width=\"135\" height=\"135\" \/><\/p>\n<p><a href=\"https:\/\/www.canva.com\/es_es\/\"><strong>Canva<\/strong><\/a> es un software y sitio web de herramientas de dise\u00f1o gr\u00e1fico simplificado, fundado en 2012. Utiliza un formato de arrastrar y soltar y proporciona acceso a m\u00e1s de 60 millones de fotograf\u00edas y 5 millones de vectores, gr\u00e1ficos y fuentes. <a href=\"https:\/\/www.canva.com\/es_es\/\">https:\/\/www.canva.com\/es_es\/<\/a><\/p>\n\n<!-- iframe plugin v.6.0 wordpress.org\/plugins\/iframe\/ -->\n<iframe loading=\"lazy\" width=\"588\" height=\"331\" src=\"https:\/\/www.youtube.com\/embed\/kdE6ZmT_5MI\" scrolling=\"yes\" class=\"iframe-class\" frameborder=\"0\"><\/iframe>\n\n\n<!-- iframe plugin v.6.0 wordpress.org\/plugins\/iframe\/ -->\n<iframe loading=\"lazy\" width=\"588\" height=\"331\" src=\"https:\/\/www.youtube.com\/embed\/WTCPrO1UNtQ\" scrolling=\"yes\" class=\"iframe-class\" frameborder=\"0\"><\/iframe>\n\n<p>&nbsp;<\/p>\n<p>&nbsp;<\/p>\n","protected":false},"excerpt":{"rendered":"<p>Canva es un software y sitio web de herramientas de dise\u00f1o gr\u00e1fico simplificado, fundado en 2012. Utiliza un formato de arrastrar y soltar y proporciona acceso a m\u00e1s de 60 millones de fotograf\u00edas y 5 millones de vectores, gr\u00e1ficos y fuentes. https:\/\/www.canva.com\/es_es\/ &nbsp; &nbsp;<\/p>\n","protected":false},"author":117,"featured_media":0,"parent":288,"menu_order":0,"comment_status":"closed","ping_status":"closed","template":"","meta":{"footnotes":""},"class_list":["post-476","page","type-page","status-publish","hentry"],"_links":{"self":[{"href":"https:\/\/edublog.educastur.es\/online\/wp-json\/wp\/v2\/pages\/476","targetHints":{"allow":["GET"]}}],"collection":[{"href":"https:\/\/edublog.educastur.es\/online\/wp-json\/wp\/v2\/pages"}],"about":[{"href":"https:\/\/edublog.educastur.es\/online\/wp-json\/wp\/v2\/types\/page"}],"author":[{"embeddable":true,"href":"https:\/\/edublog.educastur.es\/online\/wp-json\/wp\/v2\/users\/117"}],"replies":[{"embeddable":true,"href":"https:\/\/edublog.educastur.es\/online\/wp-json\/wp\/v2\/comments?post=476"}],"version-history":[{"count":3,"href":"https:\/\/edublog.educastur.es\/online\/wp-json\/wp\/v2\/pages\/476\/revisions"}],"predecessor-version":[{"id":479,"href":"https:\/\/edublog.educastur.es\/online\/wp-json\/wp\/v2\/pages\/476\/revisions\/479"}],"up":[{"embeddable":true,"href":"https:\/\/edublog.educastur.es\/online\/wp-json\/wp\/v2\/pages\/288"}],"wp:attachment":[{"href":"https:\/\/edublog.educastur.es\/online\/wp-json\/wp\/v2\/media?parent=476"}],"curies":[{"name":"wp","href":"https:\/\/api.w.org\/{rel}","templated":true}]}}