{"id":482,"date":"2020-12-10T17:31:15","date_gmt":"2020-12-10T17:31:15","guid":{"rendered":"https:\/\/edublog.educastur.es\/online\/?page_id=482"},"modified":"2020-12-10T17:35:51","modified_gmt":"2020-12-10T17:35:51","slug":"trello","status":"publish","type":"page","link":"https:\/\/edublog.educastur.es\/online\/herramientas-web\/organizar-trabajo\/trello\/","title":{"rendered":"Trello"},"content":{"rendered":"<p style=\"text-align: center\"><img loading=\"lazy\" decoding=\"async\" class=\"alignnone \" src=\"https:\/\/upload.wikimedia.org\/wikipedia\/commons\/thumb\/7\/7a\/Trello-logo-blue.svg\/1280px-Trello-logo-blue.svg.png\" width=\"329\" height=\"101\" \/><\/p>\n<p><strong><a href=\"http:\/\/trello.com\/\" target=\"_blank\" rel=\"noopener noreferrer\">Trello<\/a>.<\/strong>\u00a0Junto con Slack, es otro de nuestro pilares para la gesti\u00f3n de Thinking como organizaci\u00f3n. Basado en el\u00a0<a href=\"https:\/\/amzn.to\/3354JGV\" target=\"_blank\" rel=\"noopener noreferrer\"><strong>M\u00e9todo Kanban<\/strong><\/a><strong>,<\/strong>\u00a0se compone de diferentes grupos y tableros virtuales que se pueden administrar y utilizar de forma colaborativa para crear flujos de servicios, listados de tareas, checklist\u2026 Adem\u00e1s, tiene integraci\u00f3n con Drive, Slack, Jira y much\u00edsimas otras herramientas de gesti\u00f3n del trabajo.<\/p>\n<ul>\n<li><a href=\"https:\/\/trello.com\/es\/guide\/trello-101.html\">Introducci\u00f3n<\/a><\/li>\n<\/ul>\n\n<!-- iframe plugin v.6.0 wordpress.org\/plugins\/iframe\/ -->\n<iframe loading=\"lazy\" width=\"588\" height=\"331\" src=\"https:\/\/www.youtube.com\/embed\/bd8uneJQ2zc\" scrolling=\"yes\" class=\"iframe-class\" frameborder=\"0\"><\/iframe>\n\n<ul>\n<li><a href=\"https:\/\/gestiontercersector.org\/tips-para-usar-trello-webinar\/\">Tips para usar Trello<\/a><\/li>\n<\/ul>\n<p><a href=\"https:\/\/fundacionesplai.org\/gestiontercersector\/wp-content\/uploads\/sites\/10\/2020\/05\/vanesatejada_trello_roadmap1-1080x675.png\"><img loading=\"lazy\" decoding=\"async\" class=\"alignnone size-full\" src=\"https:\/\/fundacionesplai.org\/gestiontercersector\/wp-content\/uploads\/sites\/10\/2020\/05\/vanesatejada_trello_roadmap1-1080x675.png\" width=\"1080\" height=\"675\" \/><\/a><\/p>\n<p>&nbsp;<\/p>\n","protected":false},"excerpt":{"rendered":"<p>Trello.\u00a0Junto con Slack, es otro de nuestro pilares para la gesti\u00f3n de Thinking como organizaci\u00f3n. Basado en el\u00a0M\u00e9todo Kanban,\u00a0se compone de diferentes grupos y tableros virtuales que se pueden administrar y utilizar de forma colaborativa para crear flujos de servicios, listados de tareas, checklist\u2026 Adem\u00e1s, tiene integraci\u00f3n con Drive, Slack, Jira y much\u00edsimas otras herramientas [&hellip;]<\/p>\n","protected":false},"author":117,"featured_media":0,"parent":288,"menu_order":0,"comment_status":"closed","ping_status":"closed","template":"","meta":{"footnotes":""},"class_list":["post-482","page","type-page","status-publish","hentry"],"_links":{"self":[{"href":"https:\/\/edublog.educastur.es\/online\/wp-json\/wp\/v2\/pages\/482","targetHints":{"allow":["GET"]}}],"collection":[{"href":"https:\/\/edublog.educastur.es\/online\/wp-json\/wp\/v2\/pages"}],"about":[{"href":"https:\/\/edublog.educastur.es\/online\/wp-json\/wp\/v2\/types\/page"}],"author":[{"embeddable":true,"href":"https:\/\/edublog.educastur.es\/online\/wp-json\/wp\/v2\/users\/117"}],"replies":[{"embeddable":true,"href":"https:\/\/edublog.educastur.es\/online\/wp-json\/wp\/v2\/comments?post=482"}],"version-history":[{"count":5,"href":"https:\/\/edublog.educastur.es\/online\/wp-json\/wp\/v2\/pages\/482\/revisions"}],"predecessor-version":[{"id":488,"href":"https:\/\/edublog.educastur.es\/online\/wp-json\/wp\/v2\/pages\/482\/revisions\/488"}],"up":[{"embeddable":true,"href":"https:\/\/edublog.educastur.es\/online\/wp-json\/wp\/v2\/pages\/288"}],"wp:attachment":[{"href":"https:\/\/edublog.educastur.es\/online\/wp-json\/wp\/v2\/media?parent=482"}],"curies":[{"name":"wp","href":"https:\/\/api.w.org\/{rel}","templated":true}]}}