{"id":161,"date":"2021-05-14T05:09:27","date_gmt":"2021-05-14T07:09:27","guid":{"rendered":"https:\/\/edublog.educastur.es\/palpandolibros\/?page_id=161"},"modified":"2021-05-14T05:09:27","modified_gmt":"2021-05-14T07:09:27","slug":"efemerides-celebracion-de-nacimientos-y-muertes-de-autores-literarios","status":"publish","type":"page","link":"https:\/\/edublog.educastur.es\/palpandolibros\/efemerides-celebracion-de-nacimientos-y-muertes-de-autores-literarios\/","title":{"rendered":"Efem\u00e9rides, celebraci\u00f3n de nacimientos y muertes de autores literarios"},"content":{"rendered":"<p>En esta p\u00e1gina iremos a\u00f1adiendo aquellas celebraciones relacionadas con el nacimiento y muerte de diferentes autores literarios de la literatura espa\u00f1ola, hispanoamericana y universal.<\/p>\n","protected":false},"excerpt":{"rendered":"<p>En esta p\u00e1gina iremos a\u00f1adiendo aquellas celebraciones relacionadas con el nacimiento y muerte de diferentes autores literarios de la literatura espa\u00f1ola, hispanoamericana y universal.<\/p>\n","protected":false},"author":515,"featured_media":0,"parent":0,"menu_order":0,"comment_status":"closed","ping_status":"closed","template":"","meta":{"footnotes":""},"class_list":["post-161","page","type-page","status-publish","hentry","post-preview"],"_links":{"self":[{"href":"https:\/\/edublog.educastur.es\/palpandolibros\/wp-json\/wp\/v2\/pages\/161","targetHints":{"allow":["GET"]}}],"collection":[{"href":"https:\/\/edublog.educastur.es\/palpandolibros\/wp-json\/wp\/v2\/pages"}],"about":[{"href":"https:\/\/edublog.educastur.es\/palpandolibros\/wp-json\/wp\/v2\/types\/page"}],"author":[{"embeddable":true,"href":"https:\/\/edublog.educastur.es\/palpandolibros\/wp-json\/wp\/v2\/users\/515"}],"replies":[{"embeddable":true,"href":"https:\/\/edublog.educastur.es\/palpandolibros\/wp-json\/wp\/v2\/comments?post=161"}],"version-history":[{"count":1,"href":"https:\/\/edublog.educastur.es\/palpandolibros\/wp-json\/wp\/v2\/pages\/161\/revisions"}],"predecessor-version":[{"id":162,"href":"https:\/\/edublog.educastur.es\/palpandolibros\/wp-json\/wp\/v2\/pages\/161\/revisions\/162"}],"wp:attachment":[{"href":"https:\/\/edublog.educastur.es\/palpandolibros\/wp-json\/wp\/v2\/media?parent=161"}],"curies":[{"name":"wp","href":"https:\/\/api.w.org\/{rel}","templated":true}]}}