{"id":249,"date":"2024-02-17T07:57:46","date_gmt":"2024-02-17T09:57:46","guid":{"rendered":"https:\/\/edublog.educastur.es\/palpandolibros\/?page_id=249"},"modified":"2024-02-17T07:57:46","modified_gmt":"2024-02-17T09:57:46","slug":"sobre-el-blog","status":"publish","type":"page","link":"https:\/\/edublog.educastur.es\/palpandolibros\/sobre-el-blog\/","title":{"rendered":"Sobre el blog"},"content":{"rendered":"<p style=\"text-align: justify\"><img loading=\"lazy\" decoding=\"async\" class=\"aligncenter size-medium wp-image-265\" src=\"http:\/\/edublog.educastur.es\/palpandolibros\/files\/2024\/02\/Biblioteca-225x300.jpg\" alt=\"Foto de Olena Bochovyk\" width=\"500\" height=\"500\" \/><br \/>\nMe llamo Cristian Longo Viejo, soy doctor en Filolog\u00eda Hisp\u00e1nica por la Universidad de Oviedo. Trabajo como profesor de Lengua Castellana y Literatura en el IES Pando, en Oviedo. Desde hace dos cursos trabajo como asesor del programa PROA+ para la Consejer\u00eda de Educaci\u00f3n de Asturias.<\/p>\n<p style=\"text-align: justify\">Este blog tiene como objetivo dar a conocer las diferentes actividades que se llevan a cabo en el grupo de bibloteca del IES Pando: concursos literarios, entrega de premios, recomendaciones literarias, celebraci\u00f3n de diferentes d\u00edas: d\u00eda de la mujer, d\u00eda del libro, etc, actividades complementarias y extraescolares relacionadas con la lectura y escritura: ponencias y entrevistas a autores literarios que acuden al centro, representaci\u00f3n de obras teatrales, cinematogr\u00e1ficas. Con ello queremos mostrar que la bibloteca no es solo un lugar de pr\u00e9stamos de libros, sino que es un lugar muy vivo donde tiene cabida toda la imaginaci\u00f3n de la lectura y la escritura a trav\u00e9s de la literatura.<\/p>\n","protected":false},"excerpt":{"rendered":"<p>Me llamo Cristian Longo Viejo, soy doctor en Filolog\u00eda Hisp\u00e1nica por la Universidad de Oviedo. Trabajo como profesor de Lengua Castellana y Literatura en el IES Pando, en Oviedo. Desde hace dos cursos trabajo como asesor del programa PROA+ para la Consejer\u00eda de Educaci\u00f3n de Asturias. Este blog tiene como objetivo dar a conocer las [&hellip;]<\/p>\n","protected":false},"author":515,"featured_media":0,"parent":0,"menu_order":0,"comment_status":"closed","ping_status":"closed","template":"","meta":{"footnotes":""},"class_list":["post-249","page","type-page","status-publish","hentry","post-preview"],"_links":{"self":[{"href":"https:\/\/edublog.educastur.es\/palpandolibros\/wp-json\/wp\/v2\/pages\/249","targetHints":{"allow":["GET"]}}],"collection":[{"href":"https:\/\/edublog.educastur.es\/palpandolibros\/wp-json\/wp\/v2\/pages"}],"about":[{"href":"https:\/\/edublog.educastur.es\/palpandolibros\/wp-json\/wp\/v2\/types\/page"}],"author":[{"embeddable":true,"href":"https:\/\/edublog.educastur.es\/palpandolibros\/wp-json\/wp\/v2\/users\/515"}],"replies":[{"embeddable":true,"href":"https:\/\/edublog.educastur.es\/palpandolibros\/wp-json\/wp\/v2\/comments?post=249"}],"version-history":[{"count":23,"href":"https:\/\/edublog.educastur.es\/palpandolibros\/wp-json\/wp\/v2\/pages\/249\/revisions"}],"predecessor-version":[{"id":289,"href":"https:\/\/edublog.educastur.es\/palpandolibros\/wp-json\/wp\/v2\/pages\/249\/revisions\/289"}],"wp:attachment":[{"href":"https:\/\/edublog.educastur.es\/palpandolibros\/wp-json\/wp\/v2\/media?parent=249"}],"curies":[{"name":"wp","href":"https:\/\/api.w.org\/{rel}","templated":true}]}}