{"id":2,"date":"2021-01-16T19:27:10","date_gmt":"2021-01-16T19:27:10","guid":{"rendered":"https:\/\/edublog.educastur.es\/pasconef\/?page_id=2"},"modified":"2021-09-09T05:59:03","modified_gmt":"2021-09-09T05:59:03","slug":"pagina-ejemplo","status":"publish","type":"page","link":"https:\/\/edublog.educastur.es\/pasconef\/","title":{"rendered":"SOBRE EL BLOG"},"content":{"rendered":"<p style=\"text-align: justify\">\u00a1\u00a1Bienvenid@s al<span style=\"color: #008000;font-size: 14pt\"><strong>\u00a0\u00abBlog de Educaci\u00f3n F\u00edsica\u00bb<\/strong><\/span> del Colegio P\u00fablico El Pasc\u00f3n de Tineo!!<\/p>\n<p style=\"text-align: justify\">Este Blog es una ventana a toda la Comunidad Educativa, sobre el trabajo, proyectos y unidades did\u00e1cticas del \u00e1rea de Educaci\u00f3n F\u00edsica. En \u00e9l se publican noticias, actividades, enlaces&#8230;. que refuerzan el trabajo diario en el aula.<\/p>\n<p style=\"text-align: center\"><a href=\"https:\/\/alojaweb.educastur.es\/web\/cpelpascon\/centro\"><img loading=\"lazy\" decoding=\"async\" class=\"aligncenter size-medium wp-image-16\" src=\"http:\/\/edublog.educastur.es\/pasconef\/files\/2021\/01\/cole-300x101.jpg\" alt=\"\" width=\"300\" height=\"101\" srcset=\"https:\/\/edublog.educastur.es\/pasconef\/files\/2021\/01\/cole-300x101.jpg 300w, https:\/\/edublog.educastur.es\/pasconef\/files\/2021\/01\/cole-768x258.jpg 768w, https:\/\/edublog.educastur.es\/pasconef\/files\/2021\/01\/cole-600x201.jpg 600w, https:\/\/edublog.educastur.es\/pasconef\/files\/2021\/01\/cole.jpg 820w\" sizes=\"auto, (max-width: 300px) 100vw, 300px\" \/><\/a><\/p>\n<p style=\"text-align: justify\">\n","protected":false},"excerpt":{"rendered":"<p>\u00a1\u00a1Bienvenid@s al\u00a0\u00abBlog de Educaci\u00f3n F\u00edsica\u00bb del Colegio P\u00fablico El Pasc\u00f3n de Tineo!! Este Blog es una ventana a toda la Comunidad Educativa, sobre el trabajo, proyectos y unidades did\u00e1cticas del \u00e1rea de Educaci\u00f3n F\u00edsica. En \u00e9l se publican noticias, actividades,&#8230; <a class=\"more-link\" href=\"https:\/\/edublog.educastur.es\/pasconef\/\">Seguir leyendo &rarr;<\/a><\/p>\n","protected":false},"author":105,"featured_media":0,"parent":0,"menu_order":0,"comment_status":"closed","ping_status":"open","template":"","meta":{"footnotes":""},"class_list":["post-2","page","type-page","status-publish","hentry"],"_links":{"self":[{"href":"https:\/\/edublog.educastur.es\/pasconef\/wp-json\/wp\/v2\/pages\/2","targetHints":{"allow":["GET"]}}],"collection":[{"href":"https:\/\/edublog.educastur.es\/pasconef\/wp-json\/wp\/v2\/pages"}],"about":[{"href":"https:\/\/edublog.educastur.es\/pasconef\/wp-json\/wp\/v2\/types\/page"}],"author":[{"embeddable":true,"href":"https:\/\/edublog.educastur.es\/pasconef\/wp-json\/wp\/v2\/users\/105"}],"replies":[{"embeddable":true,"href":"https:\/\/edublog.educastur.es\/pasconef\/wp-json\/wp\/v2\/comments?post=2"}],"version-history":[{"count":11,"href":"https:\/\/edublog.educastur.es\/pasconef\/wp-json\/wp\/v2\/pages\/2\/revisions"}],"predecessor-version":[{"id":126,"href":"https:\/\/edublog.educastur.es\/pasconef\/wp-json\/wp\/v2\/pages\/2\/revisions\/126"}],"wp:attachment":[{"href":"https:\/\/edublog.educastur.es\/pasconef\/wp-json\/wp\/v2\/media?parent=2"}],"curies":[{"name":"wp","href":"https:\/\/api.w.org\/{rel}","templated":true}]}}