{"id":8,"date":"2021-01-16T20:01:04","date_gmt":"2021-01-16T20:01:04","guid":{"rendered":"https:\/\/edublog.educastur.es\/pasconef\/?page_id=8"},"modified":"2021-01-21T19:21:36","modified_gmt":"2021-01-21T19:21:36","slug":"nos-movemos","status":"publish","type":"page","link":"https:\/\/edublog.educastur.es\/pasconef\/nos-movemos\/","title":{"rendered":"\u00bfNOS MOVEMOS?"},"content":{"rendered":"<p style=\"text-align: center\"><span style=\"font-size: 18pt;color: #ff00ff\"><strong>JUMANGYM<\/strong><\/span><\/p>\n<p>Ha llegado el juego de mesa\u00a0<span style=\"color: #000000\"><strong>M\u00c1S SALVAJE<\/strong> <\/span>para realizar ejercicio f\u00edsico en familia. De la mano de Alejandro Beller\u00edn, profesor de educaci\u00f3n f\u00edsica.<\/p>\n<p><a href=\"https:\/\/view.genial.ly\/5e7f5a3150a0310d8c26e13e\/game-juego-de-educacion-fisica-en-casa\">Enlace al juego<\/a><\/p>\n\n<!-- iframe plugin v.6.0 wordpress.org\/plugins\/iframe\/ -->\n<iframe loading=\"lazy\" frameborder=\"0\" width=\"100%\" height=\"400px\" src=\"https:\/\/view.genial.ly\/5e7f5a3150a0310d8c26e13e\" scrolling=\"yes\" class=\"iframe-class\"><\/iframe>\n\n<p>&nbsp;<\/p>\n<p style=\"text-align: center\"><span style=\"color: #ff00ff;font-size: 18pt\"><strong>\u00a1SUPERH\u00c9ROES !<\/strong><\/span><\/p>\n<p>Juego de mesa motriz con tem\u00e1tica de Superh\u00e9roes.<\/p>\n<p>Elige entre Capit\u00e1n Am\u00e9rica, Spiderman, Superman, Batman\u2026\u2026.. y disfruta con las pruebas m\u00e1s divertidas.<\/p>\n<p><a href=\"https:\/\/view.genial.ly\/5e9d6482fdfd740d9d7a142c\/game-juego-motriz-superheroes\">Enlace al juego<\/a><\/p>\n\n<!-- iframe plugin v.6.0 wordpress.org\/plugins\/iframe\/ -->\n<iframe loading=\"lazy\" frameborder=\"0\" width=\"100%\" height=\"450px\" src=\"https:\/\/view.genial.ly\/5e9d6482fdfd740d9d7a142c\" scrolling=\"yes\" class=\"iframe-class\"><\/iframe>\n\n<p>&nbsp;<\/p>\n<p style=\"text-align: center\"><span style=\"font-size: 18pt;color: #ff00ff\"><strong>MU\u00c9VETE EF PERO EN CASA<\/strong><\/span><span style=\"font-size: 18pt;color: #ff00ff\"><strong>\u00a0<\/strong><\/span><\/p>\n<p>Oca interactiva S\u00faper divertida de la mano de Miguel \u00c1ngel Azor\u00edn.<\/p>\n<p><a href=\"https:\/\/view.genial.ly\/5e73b3c24aba9c1b7b82bc6c\/game-muevetef\">Enlace al juego<\/a><\/p>\n\n<!-- iframe plugin v.6.0 wordpress.org\/plugins\/iframe\/ -->\n<iframe loading=\"lazy\" width=\"100%\" height=\"450px\" src=\"https:\/\/view.genial.ly\/5e73b3c24aba9c1b7b82bc6c\" scrolling=\"yes\" class=\"iframe-class\" frameborder=\"0\"><\/iframe>\n\n","protected":false},"excerpt":{"rendered":"<p>JUMANGYM Ha llegado el juego de mesa\u00a0M\u00c1S SALVAJE para realizar ejercicio f\u00edsico en familia. De la mano de Alejandro Beller\u00edn, profesor de educaci\u00f3n f\u00edsica. Enlace al juego &nbsp; \u00a1SUPERH\u00c9ROES ! Juego de mesa motriz con tem\u00e1tica de Superh\u00e9roes. Elige entre&#8230; <a class=\"more-link\" href=\"https:\/\/edublog.educastur.es\/pasconef\/nos-movemos\/\">Seguir leyendo &rarr;<\/a><\/p>\n","protected":false},"author":105,"featured_media":0,"parent":0,"menu_order":0,"comment_status":"closed","ping_status":"closed","template":"","meta":{"footnotes":""},"class_list":["post-8","page","type-page","status-publish","hentry"],"_links":{"self":[{"href":"https:\/\/edublog.educastur.es\/pasconef\/wp-json\/wp\/v2\/pages\/8","targetHints":{"allow":["GET"]}}],"collection":[{"href":"https:\/\/edublog.educastur.es\/pasconef\/wp-json\/wp\/v2\/pages"}],"about":[{"href":"https:\/\/edublog.educastur.es\/pasconef\/wp-json\/wp\/v2\/types\/page"}],"author":[{"embeddable":true,"href":"https:\/\/edublog.educastur.es\/pasconef\/wp-json\/wp\/v2\/users\/105"}],"replies":[{"embeddable":true,"href":"https:\/\/edublog.educastur.es\/pasconef\/wp-json\/wp\/v2\/comments?post=8"}],"version-history":[{"count":15,"href":"https:\/\/edublog.educastur.es\/pasconef\/wp-json\/wp\/v2\/pages\/8\/revisions"}],"predecessor-version":[{"id":80,"href":"https:\/\/edublog.educastur.es\/pasconef\/wp-json\/wp\/v2\/pages\/8\/revisions\/80"}],"wp:attachment":[{"href":"https:\/\/edublog.educastur.es\/pasconef\/wp-json\/wp\/v2\/media?parent=8"}],"curies":[{"name":"wp","href":"https:\/\/api.w.org\/{rel}","templated":true}]}}