{"id":82,"date":"2021-01-21T19:23:53","date_gmt":"2021-01-21T19:23:53","guid":{"rendered":"https:\/\/edublog.educastur.es\/pasconef\/?page_id=82"},"modified":"2021-09-09T07:59:22","modified_gmt":"2021-09-09T07:59:22","slug":"nuestro-trabajo","status":"publish","type":"page","link":"https:\/\/edublog.educastur.es\/pasconef\/nuestro-trabajo\/","title":{"rendered":"NUESTRO TRABAJO"},"content":{"rendered":"<p><img loading=\"lazy\" decoding=\"async\" class=\"aligncenter size-large wp-image-135\" src=\"http:\/\/edublog.educastur.es\/pasconef\/files\/2021\/09\/Programacion_page-0001-e1631174053778-1024x1004.jpg\" alt=\"\" width=\"676\" height=\"663\" srcset=\"https:\/\/edublog.educastur.es\/pasconef\/files\/2021\/09\/Programacion_page-0001-e1631174053778-1024x1004.jpg 1024w, https:\/\/edublog.educastur.es\/pasconef\/files\/2021\/09\/Programacion_page-0001-e1631174053778-300x294.jpg 300w, https:\/\/edublog.educastur.es\/pasconef\/files\/2021\/09\/Programacion_page-0001-e1631174053778-768x753.jpg 768w, https:\/\/edublog.educastur.es\/pasconef\/files\/2021\/09\/Programacion_page-0001-e1631174053778-600x588.jpg 600w, https:\/\/edublog.educastur.es\/pasconef\/files\/2021\/09\/Programacion_page-0001-e1631174053778-945x927.jpg 945w, https:\/\/edublog.educastur.es\/pasconef\/files\/2021\/09\/Programacion_page-0001-e1631174053778.jpg 1136w\" sizes=\"auto, (max-width: 676px) 100vw, 676px\" \/><\/p>\n<p>&nbsp;<\/p>\n<ul>\n<li style=\"text-align: left\"><span style=\"color: #808000\"><a style=\"color: #808000\" href=\"https:\/\/educastur-my.sharepoint.com\/:b:\/g\/personal\/concepciln_educastur_org\/EeRi8GE9YvdAqzeIxK3UBnQB9_ld_BV_pUYksYPANV_P2A?e=qYNmp2\"><span style=\"font-size: 14pt\"><strong>Programaci\u00f3n Primero\u00a0<\/strong><\/span><\/a><\/span><\/li>\n<li style=\"text-align: left\"><span style=\"color: #808000\"><a style=\"color: #808000\" href=\"https:\/\/educastur-my.sharepoint.com\/:b:\/g\/personal\/concepciln_educastur_org\/EaR03F_gw6VDmxjDWTUzOiEBsAJ6fVol3JW-twYCA6qd2Q?e=2pMqNh\"><span style=\"font-size: 14pt\"><strong>Programaci\u00f3n Segundo<\/strong><\/span><\/a><\/span><\/li>\n<li style=\"text-align: left\"><span style=\"color: #808000\"><a style=\"color: #808000\" href=\"https:\/\/educastur-my.sharepoint.com\/:b:\/g\/personal\/concepciln_educastur_org\/EUUSauXNap1Hi_SOqQ-D_s4Bd6NNmVau9vzaxhZGHjXPew?e=wtmOhv\"><span style=\"font-size: 14pt\"><strong>Programaci\u00f3n Tercero<\/strong><\/span><\/a><\/span><\/li>\n<li style=\"text-align: left\"><span style=\"color: #808000\"><a style=\"color: #808000\" href=\"https:\/\/educastur-my.sharepoint.com\/:b:\/g\/personal\/concepciln_educastur_org\/Eae06umdKpdNo_KR1FnQrj0BHwvAZp6d7w_sTKtvYwMN3g?e=cHJMj2\"><span style=\"font-size: 14pt\"><strong>Programaci\u00f3n Cuarto<\/strong><\/span><\/a><\/span><\/li>\n<li style=\"text-align: left\"><span style=\"color: #808000\"><a style=\"color: #808000\" href=\"https:\/\/educastur-my.sharepoint.com\/:b:\/g\/personal\/concepciln_educastur_org\/ETkTz6DjauZNphXfrs24_PYBFCx_wa7i3P_Lje_WLV0sYw?e=pSy5ik\"><span style=\"font-size: 14pt\"><strong>Programaci\u00f3n Quinto<\/strong><\/span><\/a><\/span><\/li>\n<li style=\"text-align: left\"><span style=\"color: #808000\"><a style=\"color: #808000\" href=\"https:\/\/educastur-my.sharepoint.com\/:b:\/g\/personal\/concepciln_educastur_org\/EUnhQKuNHGNBtKedohPYYbEBqInx_48XgoKV5dKLglhmPQ?e=QCzfrb\"><span style=\"font-size: 14pt\"><strong>Programaci\u00f3n Sexto<\/strong><\/span><\/a><\/span><\/li>\n<\/ul>\n<p style=\"text-align: left\">Pinchar sobre la programaci\u00f3n para visualizar<\/p>\n<p>&nbsp;<\/p>\n","protected":false},"excerpt":{"rendered":"<p>&nbsp; Programaci\u00f3n Primero\u00a0 Programaci\u00f3n Segundo Programaci\u00f3n Tercero Programaci\u00f3n Cuarto Programaci\u00f3n Quinto Programaci\u00f3n Sexto Pinchar sobre la programaci\u00f3n para visualizar &nbsp;<\/p>\n","protected":false},"author":105,"featured_media":0,"parent":0,"menu_order":0,"comment_status":"closed","ping_status":"closed","template":"","meta":{"footnotes":""},"class_list":["post-82","page","type-page","status-publish","hentry"],"_links":{"self":[{"href":"https:\/\/edublog.educastur.es\/pasconef\/wp-json\/wp\/v2\/pages\/82","targetHints":{"allow":["GET"]}}],"collection":[{"href":"https:\/\/edublog.educastur.es\/pasconef\/wp-json\/wp\/v2\/pages"}],"about":[{"href":"https:\/\/edublog.educastur.es\/pasconef\/wp-json\/wp\/v2\/types\/page"}],"author":[{"embeddable":true,"href":"https:\/\/edublog.educastur.es\/pasconef\/wp-json\/wp\/v2\/users\/105"}],"replies":[{"embeddable":true,"href":"https:\/\/edublog.educastur.es\/pasconef\/wp-json\/wp\/v2\/comments?post=82"}],"version-history":[{"count":12,"href":"https:\/\/edublog.educastur.es\/pasconef\/wp-json\/wp\/v2\/pages\/82\/revisions"}],"predecessor-version":[{"id":138,"href":"https:\/\/edublog.educastur.es\/pasconef\/wp-json\/wp\/v2\/pages\/82\/revisions\/138"}],"wp:attachment":[{"href":"https:\/\/edublog.educastur.es\/pasconef\/wp-json\/wp\/v2\/media?parent=82"}],"curies":[{"name":"wp","href":"https:\/\/api.w.org\/{rel}","templated":true}]}}