{"id":13,"date":"2023-02-27T21:41:56","date_gmt":"2023-02-27T21:41:56","guid":{"rendered":"https:\/\/edublog.educastur.es\/paulaberdascodiaz\/?page_id=13"},"modified":"2023-02-28T11:07:42","modified_gmt":"2023-02-28T11:07:42","slug":"sobre-este-blog","status":"publish","type":"page","link":"https:\/\/edublog.educastur.es\/paulaberdascodiaz\/sobre-este-blog\/","title":{"rendered":"EN ESTE BLOG&#8230;"},"content":{"rendered":"<p><span style=\"font-family: georgia, palatino, serif;font-size: 14pt\"><img loading=\"lazy\" decoding=\"async\" class=\"size-medium wp-image-35 aligncenter\" src=\"http:\/\/edublog.educastur.es\/paulaberdascodiaz\/files\/2023\/02\/Creative-Commons-300x105.png\" alt=\"Licencia uso Creative Commons\" width=\"300\" height=\"105\" srcset=\"https:\/\/edublog.educastur.es\/paulaberdascodiaz\/files\/2023\/02\/Creative-Commons-300x105.png 300w, https:\/\/edublog.educastur.es\/paulaberdascodiaz\/files\/2023\/02\/Creative-Commons.png 380w\" sizes=\"auto, (max-width: 300px) 100vw, 300px\" \/><\/span><\/p>\n<p><span style=\"font-family: georgia, palatino, serif;font-size: 14pt\">\u00a1Hola a tod@s, bienvenid@s a mi blog <em><strong>El aprendizaje de la Compentecia Digital<\/strong>!<\/em><\/span><\/p>\n<p><span style=\"font-family: georgia, palatino, serif\">En este diario de aprendizaje publicar\u00e9 informaci\u00f3n y diferentes estrategias sobre la Competencia Digital Docente que nos permitir\u00e1n desarrollar un nuevo marco de visi\u00f3n sobre dicha competencia as\u00ed como desarrollar destrezas para compartir, crear y difundir diferentes contenidos digitales.<\/span><\/p>\n<p><span style=\"font-family: georgia, palatino, serif\">Preparad@s, list@s&#8230; \u00a1All\u00e1 vamos!<\/span><\/p>\n","protected":false},"excerpt":{"rendered":"<p>\u00a1Hola a tod@s, bienvenid@s a mi blog El aprendizaje de la Compentecia Digital! En este diario de aprendizaje publicar\u00e9 informaci\u00f3n y diferentes estrategias sobre la Competencia Digital Docente que nos permitir\u00e1n desarrollar un nuevo marco de visi\u00f3n sobre dicha competencia as\u00ed como desarrollar destrezas para compartir, crear y difundir diferentes contenidos digitales. Preparad@s, list@s&#8230; \u00a1All\u00e1&hellip; <a href=\"https:\/\/edublog.educastur.es\/paulaberdascodiaz\/sobre-este-blog\/\" class=\"more-link\">Seguir leyendo <span class=\"screen-reader-text\">EN ESTE BLOG&#8230;<\/span><\/a><\/p>\n","protected":false},"author":2865,"featured_media":0,"parent":0,"menu_order":0,"comment_status":"closed","ping_status":"closed","template":"","meta":{"footnotes":""},"class_list":["post-13","page","type-page","status-publish","hentry","without-featured-image"],"_links":{"self":[{"href":"https:\/\/edublog.educastur.es\/paulaberdascodiaz\/wp-json\/wp\/v2\/pages\/13","targetHints":{"allow":["GET"]}}],"collection":[{"href":"https:\/\/edublog.educastur.es\/paulaberdascodiaz\/wp-json\/wp\/v2\/pages"}],"about":[{"href":"https:\/\/edublog.educastur.es\/paulaberdascodiaz\/wp-json\/wp\/v2\/types\/page"}],"author":[{"embeddable":true,"href":"https:\/\/edublog.educastur.es\/paulaberdascodiaz\/wp-json\/wp\/v2\/users\/2865"}],"replies":[{"embeddable":true,"href":"https:\/\/edublog.educastur.es\/paulaberdascodiaz\/wp-json\/wp\/v2\/comments?post=13"}],"version-history":[{"count":5,"href":"https:\/\/edublog.educastur.es\/paulaberdascodiaz\/wp-json\/wp\/v2\/pages\/13\/revisions"}],"predecessor-version":[{"id":42,"href":"https:\/\/edublog.educastur.es\/paulaberdascodiaz\/wp-json\/wp\/v2\/pages\/13\/revisions\/42"}],"wp:attachment":[{"href":"https:\/\/edublog.educastur.es\/paulaberdascodiaz\/wp-json\/wp\/v2\/media?parent=13"}],"curies":[{"name":"wp","href":"https:\/\/api.w.org\/{rel}","templated":true}]}}