{"id":42,"date":"2024-01-16T14:08:54","date_gmt":"2024-01-16T13:08:54","guid":{"rendered":"https:\/\/edublog.educastur.es\/peacfolcislan\/?page_id=42"},"modified":"2026-02-02T11:34:04","modified_gmt":"2026-02-02T10:34:04","slug":"enlaces-de-interes","status":"publish","type":"page","link":"https:\/\/edublog.educastur.es\/peacfolcislan\/enlaces-de-interes\/","title":{"rendered":"Enlaces de inter\u00e9s"},"content":{"rendered":"<p><a href=\"https:\/\/incual.educacion.gob.es\/titulos\/sonido\" target=\"_blank\" rel=\"noopener\">Oferta formativa t\u00edtulos Familia Profesional Imagen y Sonido<\/a><\/p>\n<p><a href=\"https:\/\/incual.educacion.gob.es\/certificados\/sonido\" target=\"_blank\" rel=\"noopener\">Certificados de profesionalidad de la Familia Profesional de Imagen y Sonido<\/a><\/p>\n<p><a href=\"https:\/\/incual.educacion.gob.es\/acreditacion\" target=\"_blank\" rel=\"noopener\">Informaci\u00f3n sobre acreditaci\u00f3n, manuales del procedimiento<\/a><\/p>\n<p><a href=\"https:\/\/incual.educacion.gob.es\/instrumentos\/nivel2\/sonido\" target=\"_blank\" rel=\"noopener\">Gu\u00edas de evidencia y cuestionarios de autoevaluaci\u00f3n<\/a><\/p>\n<p><a href=\"https:\/\/educastur-my.sharepoint.com\/:w:\/g\/personal\/doritt_educastur_org\/IQDCUAiA3Qx8TahaWEhCL-axAbz1J_8ZyvVgof2GO1Xp8xM?e=AAkjcG\">Historial profesional<\/a><\/p>\n","protected":false},"excerpt":{"rendered":"<p>Oferta formativa t\u00edtulos Familia Profesional Imagen y Sonido Certificados de profesionalidad de la Familia Profesional de Imagen y Sonido Informaci\u00f3n sobre acreditaci\u00f3n, manuales del procedimiento Gu\u00edas de evidencia y cuestionarios de autoevaluaci\u00f3n Historial profesional<\/p>\n","protected":false},"author":1350,"featured_media":0,"parent":0,"menu_order":0,"comment_status":"closed","ping_status":"closed","template":"","meta":{"footnotes":""},"class_list":["post-42","page","type-page","status-publish","hentry"],"_links":{"self":[{"href":"https:\/\/edublog.educastur.es\/peacfolcislan\/wp-json\/wp\/v2\/pages\/42","targetHints":{"allow":["GET"]}}],"collection":[{"href":"https:\/\/edublog.educastur.es\/peacfolcislan\/wp-json\/wp\/v2\/pages"}],"about":[{"href":"https:\/\/edublog.educastur.es\/peacfolcislan\/wp-json\/wp\/v2\/types\/page"}],"author":[{"embeddable":true,"href":"https:\/\/edublog.educastur.es\/peacfolcislan\/wp-json\/wp\/v2\/users\/1350"}],"replies":[{"embeddable":true,"href":"https:\/\/edublog.educastur.es\/peacfolcislan\/wp-json\/wp\/v2\/comments?post=42"}],"version-history":[{"count":5,"href":"https:\/\/edublog.educastur.es\/peacfolcislan\/wp-json\/wp\/v2\/pages\/42\/revisions"}],"predecessor-version":[{"id":128,"href":"https:\/\/edublog.educastur.es\/peacfolcislan\/wp-json\/wp\/v2\/pages\/42\/revisions\/128"}],"wp:attachment":[{"href":"https:\/\/edublog.educastur.es\/peacfolcislan\/wp-json\/wp\/v2\/media?parent=42"}],"curies":[{"name":"wp","href":"https:\/\/api.w.org\/{rel}","templated":true}]}}