{"id":2,"date":"2021-01-14T19:11:36","date_gmt":"2021-01-14T19:11:36","guid":{"rendered":"https:\/\/edublog.educastur.es\/pilitic\/?page_id=2"},"modified":"2021-01-14T22:45:30","modified_gmt":"2021-01-14T22:45:30","slug":"sobreelblog","status":"publish","type":"page","link":"https:\/\/edublog.educastur.es\/pilitic\/sobreelblog\/","title":{"rendered":"Sobre el blog"},"content":{"rendered":"\r\n<p>Blog creado por PiliTic, maestra de Educaci\u00f3n Primaria y coordinadora TIC durante m\u00e1s de 10 a\u00f1os.<br \/>En la actualidad soy tutora de 4\u00ba de Primaria. En este blog recoger\u00e9 enlaces y propuestas para mi alumnado.<\/p>\r\n\r\n\r\n","protected":false},"excerpt":{"rendered":"<p>Blog creado por PiliTic, maestra de Educaci\u00f3n Primaria y coordinadora TIC durante m\u00e1s de 10 a\u00f1os.En la actualidad soy tutora de 4\u00ba de Primaria. En este blog recoger\u00e9 enlaces y propuestas para mi alumnado.<\/p>\n","protected":false},"author":20,"featured_media":0,"parent":0,"menu_order":0,"comment_status":"closed","ping_status":"open","template":"","meta":{"footnotes":""},"class_list":["post-2","page","type-page","status-publish","hentry"],"_links":{"self":[{"href":"https:\/\/edublog.educastur.es\/pilitic\/wp-json\/wp\/v2\/pages\/2","targetHints":{"allow":["GET"]}}],"collection":[{"href":"https:\/\/edublog.educastur.es\/pilitic\/wp-json\/wp\/v2\/pages"}],"about":[{"href":"https:\/\/edublog.educastur.es\/pilitic\/wp-json\/wp\/v2\/types\/page"}],"author":[{"embeddable":true,"href":"https:\/\/edublog.educastur.es\/pilitic\/wp-json\/wp\/v2\/users\/20"}],"replies":[{"embeddable":true,"href":"https:\/\/edublog.educastur.es\/pilitic\/wp-json\/wp\/v2\/comments?post=2"}],"version-history":[{"count":2,"href":"https:\/\/edublog.educastur.es\/pilitic\/wp-json\/wp\/v2\/pages\/2\/revisions"}],"predecessor-version":[{"id":29,"href":"https:\/\/edublog.educastur.es\/pilitic\/wp-json\/wp\/v2\/pages\/2\/revisions\/29"}],"wp:attachment":[{"href":"https:\/\/edublog.educastur.es\/pilitic\/wp-json\/wp\/v2\/media?parent=2"}],"curies":[{"name":"wp","href":"https:\/\/api.w.org\/{rel}","templated":true}]}}