{"id":2,"date":"2022-05-24T09:07:11","date_gmt":"2022-05-24T09:07:11","guid":{"rendered":"https:\/\/edublog.educastur.es\/proyecto\/?page_id=2"},"modified":"2022-05-26T09:24:15","modified_gmt":"2022-05-26T09:24:15","slug":"este-proyecto","status":"publish","type":"page","link":"https:\/\/edublog.educastur.es\/proyecto\/este-proyecto\/","title":{"rendered":"Este proyecto"},"content":{"rendered":"<p><span style=\"color: #000080\"><span class=\"css-901oao css-16my406 r-poiln3 r-bcqeeo r-qvutc0\">Proyecto Innovaci\u00f3n e investigaci\u00f3n aplicadas y transferencia del conocimiento en la FP <\/span><span class=\"r-18u37iz\"><a class=\"css-4rbku5 css-18t94o4 css-901oao css-16my406 r-1cvl2hr r-1loqt21 r-poiln3 r-b88u0q r-bcqeeo r-qvutc0\" style=\"color: #000080\" role=\"link\" href=\"https:\/\/twitter.com\/hashtag\/PRINT3DInox?src=hashtag_click\">#PRINT3DInox<\/a><\/span><span class=\"css-901oao css-16my406 r-poiln3 r-bcqeeo r-qvutc0\"> Impresora 3D de piezas met\u00e1licas. <\/span><\/span><\/p>\n<div class=\"css-1dbjc4n r-xoduu5\"><span class=\"r-18u37iz\"><a class=\"css-4rbku5 css-18t94o4 css-901oao css-16my406 r-1cvl2hr r-1loqt21 r-poiln3 r-bcqeeo r-qvutc0\" role=\"link\" href=\"https:\/\/twitter.com\/cifpjuanherrera\">@cifpjuanherrera<\/a><\/span><\/div>\n<div class=\"css-1dbjc4n r-xoduu5\"><span class=\"r-18u37iz\"><a class=\"css-4rbku5 css-18t94o4 css-901oao css-16my406 r-1cvl2hr r-1loqt21 r-poiln3 r-bcqeeo r-qvutc0\" role=\"link\" href=\"https:\/\/twitter.com\/CifpFpcerdeno\">@CifpFpcerdeno<\/a><\/span><\/div>\n<div class=\"css-1dbjc4n r-xoduu5\"><span class=\"r-18u37iz\"><a class=\"css-4rbku5 css-18t94o4 css-901oao css-16my406 r-1cvl2hr r-1loqt21 r-poiln3 r-bcqeeo r-qvutc0\" role=\"link\" href=\"https:\/\/twitter.com\/cifp_aviles\">@cifp_aviles <\/a><\/span><span class=\"css-901oao css-16my406 r-poiln3 r-bcqeeo r-qvutc0\">\u00a0 \u00a0 \u00a0 \u00a0 \u00a0@iessanchezlastra \u00a0\u00a0 \u00a0\u00a0 \u00a0\u00a0 \u00a0<\/span><a class=\"css-4rbku5 css-18t94o4 css-901oao css-16my406 r-1cvl2hr r-1loqt21 r-poiln3 r-bcqeeo r-qvutc0\" role=\"link\" href=\"https:\/\/twitter.com\/TRIDITIVE\">@TRIDITIVE<\/a><\/div>\n<p>&nbsp;<\/p>\n<p><span style=\"color: #000080\"><strong>CONVOCATORIA<\/strong><\/span><\/p>\n<p><span style=\"color: #000080\"><strong><img loading=\"lazy\" decoding=\"async\" class=\"alignnone size-full wp-image-21\" src=\"http:\/\/edublog.educastur.es\/proyecto\/files\/2022\/05\/lapiz.jpg\" alt=\"\" width=\"40\" height=\"39\" \/><\/strong><\/span> <a href=\"https:\/\/drive.google.com\/file\/d\/1Z9GEe3_7gNq3YKjg5XnvH-FPwGVsjXoz\/view?usp=sharing\" target=\"_blank\" rel=\"noopener\">BOE-B-2021-28765<\/a><\/p>\n<p><span style=\"color: #000080\"><strong><img loading=\"lazy\" decoding=\"async\" class=\"alignnone size-full wp-image-21\" src=\"http:\/\/edublog.educastur.es\/proyecto\/files\/2022\/05\/lapiz.jpg\" alt=\"\" width=\"40\" height=\"39\" \/><\/strong><\/span> <a href=\"https:\/\/drive.google.com\/file\/d\/1ZrKTNG980YvTYFFnuvt4_9v4A00sgQlM\/view?usp=sharing\" target=\"_blank\" rel=\"noopener\">Convocatoria proyectos 2021<\/a><\/p>\n<p><span style=\"color: #000080\"><strong><img loading=\"lazy\" decoding=\"async\" class=\"alignnone size-full wp-image-21\" src=\"http:\/\/edublog.educastur.es\/proyecto\/files\/2022\/05\/lapiz.jpg\" alt=\"\" width=\"40\" height=\"39\" \/><\/strong><\/span> <a href=\"https:\/\/drive.google.com\/file\/d\/1didfcOJYpM3c6d_QGBaP50CSdgNI-626\/view?usp=sharing\" target=\"_blank\" rel=\"noopener\">Instrucciones y justificaci\u00f3n innovacion2021<\/a><\/p>\n<p><span style=\"color: #000080\"><strong><img loading=\"lazy\" decoding=\"async\" class=\"alignnone size-full wp-image-21\" src=\"http:\/\/edublog.educastur.es\/proyecto\/files\/2022\/05\/lapiz.jpg\" alt=\"\" width=\"40\" height=\"39\" \/><\/strong><\/span> <a href=\"https:\/\/drive.google.com\/file\/d\/1d31Q4nkhghE9Wh7210kZiWTqedjepjFo\/view?usp=sharing\" target=\"_blank\" rel=\"noopener\">Resoluci\u00f3n de la convocatoria.\u00a0 Proyectos 2021<\/a><\/p>\n<p>&nbsp;<\/p>\n<p><img loading=\"lazy\" decoding=\"async\" class=\"alignnone wp-image-18 size-full\" src=\"http:\/\/edublog.educastur.es\/proyecto\/files\/2022\/05\/Cartel1.jpg\" alt=\"\" width=\"800\" height=\"536\" srcset=\"https:\/\/edublog.educastur.es\/proyecto\/files\/2022\/05\/Cartel1.jpg 800w, https:\/\/edublog.educastur.es\/proyecto\/files\/2022\/05\/Cartel1-300x201.jpg 300w, https:\/\/edublog.educastur.es\/proyecto\/files\/2022\/05\/Cartel1-768x515.jpg 768w, https:\/\/edublog.educastur.es\/proyecto\/files\/2022\/05\/Cartel1-676x453.jpg 676w\" sizes=\"auto, (max-width: 800px) 100vw, 800px\" \/><\/p>\n","protected":false},"excerpt":{"rendered":"<p>Proyecto Innovaci\u00f3n e investigaci\u00f3n aplicadas y transferencia del conocimiento en la FP #PRINT3DInox Impresora 3D de piezas met\u00e1licas. @cifpjuanherrera @CifpFpcerdeno @cifp_aviles \u00a0 \u00a0 \u00a0 \u00a0 \u00a0@iessanchezlastra \u00a0\u00a0 \u00a0\u00a0 \u00a0\u00a0 \u00a0@TRIDITIVE &nbsp; CONVOCATORIA BOE-B-2021-28765 Convocatoria proyectos 2021 Instrucciones y justificaci\u00f3n innovacion2021 Resoluci\u00f3n de la convocatoria.\u00a0 Proyectos 2021 &nbsp;<\/p>\n","protected":false},"author":134,"featured_media":0,"parent":0,"menu_order":0,"comment_status":"closed","ping_status":"open","template":"","meta":{"footnotes":""},"class_list":["post-2","page","type-page","status-publish","hentry","post-preview"],"_links":{"self":[{"href":"https:\/\/edublog.educastur.es\/proyecto\/wp-json\/wp\/v2\/pages\/2","targetHints":{"allow":["GET"]}}],"collection":[{"href":"https:\/\/edublog.educastur.es\/proyecto\/wp-json\/wp\/v2\/pages"}],"about":[{"href":"https:\/\/edublog.educastur.es\/proyecto\/wp-json\/wp\/v2\/types\/page"}],"author":[{"embeddable":true,"href":"https:\/\/edublog.educastur.es\/proyecto\/wp-json\/wp\/v2\/users\/134"}],"replies":[{"embeddable":true,"href":"https:\/\/edublog.educastur.es\/proyecto\/wp-json\/wp\/v2\/comments?post=2"}],"version-history":[{"count":8,"href":"https:\/\/edublog.educastur.es\/proyecto\/wp-json\/wp\/v2\/pages\/2\/revisions"}],"predecessor-version":[{"id":97,"href":"https:\/\/edublog.educastur.es\/proyecto\/wp-json\/wp\/v2\/pages\/2\/revisions\/97"}],"wp:attachment":[{"href":"https:\/\/edublog.educastur.es\/proyecto\/wp-json\/wp\/v2\/media?parent=2"}],"curies":[{"name":"wp","href":"https:\/\/api.w.org\/{rel}","templated":true}]}}