{"id":26,"date":"2024-01-21T23:57:30","date_gmt":"2024-01-21T22:57:30","guid":{"rendered":"https:\/\/edublog.educastur.es\/radiomartinez\/?page_id=26"},"modified":"2025-03-13T03:44:15","modified_gmt":"2025-03-13T02:44:15","slug":"programas","status":"publish","type":"page","link":"https:\/\/edublog.educastur.es\/radiomartinez\/programas\/","title":{"rendered":"Programas"},"content":{"rendered":"<div style=\"text-align: justify\">\n<h1><span style=\"font-family: arial, helvetica, sans-serif;color: #808080\">Mesa redonda 8M 2025 &#8211; \u00abEl papel de la mujer en la evoluci\u00f3n hist\u00f3rica de el barrio de El Llano\u00bb.<\/span><\/h1>\n<p>Con motivo de las actividades vinculadas al D\u00eda internacional de la mujer, celebraremos en nuestro centro educativo, el CP. Manuel Mart\u00ednez Blanco una mesa redonda que llevar\u00e1 por t\u00edtulo: \u201cEl papel de la mujer en la evoluci\u00f3n hist\u00f3rica del barrio de El Llano\u201d.<\/p>\n<p>Nuestro objetivo no es otro que el de reivindicar el importante papel de las mujeres en la transformaci\u00f3n de nuestro barrio, El Llano. Contaremos con la participaci\u00f3n de siete invitadas que acompa\u00f1aran a doce alumnas, representantes de cada uno de los niveles educativos de nuestro centro.<\/p>\n<p>Entre todas dan voz a las mujeres del barrio y de la ciudad. La gesti\u00f3n de la participaci\u00f3n y la moderaci\u00f3n del di\u00e1logo igualitario corre a cargo de una docente del centro, Paula Urraca Alba. Ella lleva en su coraz\u00f3n el barrio de El Llano, lugar donde creci\u00f3 siendo antigua alumna del centro donde ahora es tutora de un grupo de 4\u00ba de E. Primaria.<\/p>\n<p>Participan: Maribel Sarmiento (Calzados Mabel), Mar\u00eda Ana Rodr\u00edguez Hevia, Ainhoa de Pedro Caldue\u00f1o (Confiter\u00eda San Antonio), Mar\u00eda Jes\u00fas Garc\u00eda Garc\u00eda, Ana Legaspi Garc\u00eda, Mar\u00eda Flor Fern\u00e1ndez Rodr\u00edguez y Carmen Moriy\u00f3n Entrialgo.<\/p>\n<p><em><strong>Escucha aqu\u00ed el audio de la mesa redonda.<\/strong><\/em><\/p>\n<\/div>\n\n<!-- iframe plugin v.6.0 wordpress.org\/plugins\/iframe\/ -->\n<iframe loading=\"lazy\" src=\"https:\/\/www.ivoox.com\/player_ej_141569840_6_1.html?c1=caa0c5\" width=\"100%\" height=\"200\" frameborder=\"0\" allowfullscreen scrolling=\"no\" 0=\"loading=&quot;lazy&quot;&gt;&lt;\/iframe\" class=\"iframe-class\"><\/iframe>\n\n<div style=\"text-align: justify\">\n<h1><\/h1>\n<h1><span style=\"font-family: arial, helvetica, sans-serif;color: #808080\">Programa I 2024\/25 &#8211; \u00abEl Llano, un barrio de personas ilustres\u00bb.<\/span><\/h1>\n<p>Iniciamos la segunda temporada de nuestra radio escolar y lo hacemos con un programa muy especial, dedicado, como no pod\u00eda ser de otra forma a nuestro barrio, El Llano y a sus personas m\u00e1s ilustres.<\/p>\n<p>En esta ocasi\u00f3n hemos querido dar voz a personas, hombres y mujeres que de una forma u otra son importantes para nuestro centro educativo. Personas que ayudan a otras, personas que hacen una labor encomiable en el barrio, logros deportivos o acad\u00e9micos&#8230; un total de 6 entrevistas a cargo del alumnado de la Etapa Primaria.<\/p>\n<p>A continuaci\u00f3n os detallamos cada entrevista por orden de aparici\u00f3n:<\/p>\n<ul>\n<li><em><strong>3\u00ba de E. Primaria:<\/strong><\/em> Enrique L\u00f3pez Propietario fundador de la librer\u00eda ROY en el Llano. <span style=\"color: #ff6600\"><em>Minuto 2,56 al 15.<\/em><\/span><\/li>\n<li><em><strong>6\u00ba de E. Primaria:<\/strong><\/em> Angeles Mill\u00e1n Dur\u00e1n, profesora de Geogr\u00e1f\u00eda e historia y residente en el barrio, abuela de alumnos\/as del centro. <span style=\"color: #ff6600\"><em>Minuto 15,30 al 26,00.<\/em><\/span><\/li>\n<li><em><strong>1\u00ba de E. Primaria: <\/strong><\/em>Jose Lu\u00eds Torres Bombero rescatador del servicio de emergencia del P. de Asturias y vecino del barrio\u00a0<em><span style=\"color: #ff6600\"> Minuto 26 al 43,30.<\/span><\/em><\/li>\n<li><strong>5\u00ba de E. Primaria:<\/strong> Ruth y Luc\u00eda de la organizaci\u00f3n Identidad para ellos y ellas. <em><span style=\"color: #ff6600\">Minuto 44,00 al 59,45<\/span><\/em><\/li>\n<li><em><strong>2\u00ba E. Primaria:<\/strong><\/em>\u00a0 Aitana Campillo Barreiro, antigua alumna del cole becada por la Beca Amancio Ortega. <span style=\"color: #ff6600\"><em>Minuto 60 al 67,30.<\/em><\/span><\/li>\n<li><em><strong>4\u00ba E. Primaria: Pablo Gonz\u00e1lez Fuertes, arbitro profesional de la primera divisi\u00f3n de futbol. <\/strong><span style=\"color: #ff6600\">Minuto 67,42 al 77.<\/span><\/em><\/li>\n<li><\/li>\n<li>Esperamos que os guste.<\/li>\n<\/ul>\n<\/div>\n\n<!-- iframe plugin v.6.0 wordpress.org\/plugins\/iframe\/ -->\n<iframe loading=\"lazy\" src=\"https:\/\/www.ivoox.com\/player_ej_137003067_6_1.html?c1=cd929a\" width=\"100%\" height=\"200\" frameborder=\"0\" allowfullscreen scrolling=\"no\" 0=\"loading=&quot;lazy&quot;&gt;&lt;\/iframe\" class=\"iframe-class\"><\/iframe>\n\n<div style=\"text-align: justify\">\n<h1><\/h1>\n<h1><span style=\"font-family: arial, helvetica, sans-serif;color: #808080\">Programa Especial &#8211; \u00abD\u00eda de les Lletres Asturianes\u00bb.<\/span><\/h1>\n<p>Hoy d\u00eda 3 de mayo, se celebra en nuestra Comunidad Aut\u00f3noma, el D\u00eda de les Lletres Asturianes. En esta edici\u00f3n, la n\u00famero XLV se rinde homenaje a Conceyu Bable, la asociaci\u00f3n que di\u00f3 origen al actual proceso de recuperaci\u00f3n de la Llingua Asturiana.<\/p>\n<p>En esta ocasi\u00f3n en nuestra radio escolar \u00abRadio Mart\u00ednez\u00bb el alumnado de Llingua Asturiana de 3\u00ba y 4\u00ba de Educaci\u00f3n Primaria, dedica un programa especial sobre el D\u00eda de les Lletres Asturianes y su homenaje a Conceyu Bable, por ello recitar\u00e1n poemas y relatos cortos creados por ellos mismos.<\/p>\n\n<!-- iframe plugin v.6.0 wordpress.org\/plugins\/iframe\/ -->\n<iframe loading=\"lazy\" src=\"https:\/\/www.ivoox.com\/player_ej_128395021_6_1.html?c1=cd929a\" width=\"100%\" height=\"200\" frameborder=\"0\" scrolling=\"no\" 0=\"allowfullscreen=&quot;allowfullscreen&quot;&gt;&lt;\/iframe\" class=\"iframe-class\"><\/iframe>\n\n<p>&nbsp;<\/p>\n<h1><\/h1>\n<h1><\/h1>\n<h1><span style=\"font-family: arial, helvetica, sans-serif;color: #808080\">Segundo Programa &#8211; \u00abPersonas que conceden billete dorado\u00bb.<\/span><\/h1>\n\n<!-- iframe plugin v.6.0 wordpress.org\/plugins\/iframe\/ -->\n<iframe loading=\"lazy\" src=\"https:\/\/www.ivoox.com\/player_ej_126283215_6_1.html?c1=cd929a\" width=\"100%\" height=\"200\" frameborder=\"0\" allowfullscreen scrolling=\"no\" 0=\"loading=&quot;lazy&quot;&gt;&lt;\/iframe\" class=\"iframe-class\"><\/iframe>\n\n<p>En esta ocasi\u00f3n dedicamos el segundo de los programas de nuestra radio escolar a las entidades externas. Asociaciones, organizaci\u00f3n y fundaciones que ayudan a otras personas o cuidan el medio ambiente, la fauna y la flora Asturiana o los mares u oceanos.<\/p>\n<p>Un programa elaborado por el alumnado de E. Primaria, llevando a cabo un total de 7 entrevistas a diferentes entidades: Mar de niebla (1\u00ba de E. Primaria), Asociaci\u00f3n Cuantay\u00e1 (2\u00ba de E. Primaria), ASPACE (3\u00ba de E. Primaria), Oceavida (4\u00ba de E. Primaria), COCEMFE (5\u00ba de E. Primaria) y la Fundaci\u00f3n Silo\u00e9 y la Fundaci\u00f3n Un bosque pa Mar\u00eda (6\u00ba de E. Primaria).<\/p>\n<p>Un programa que intenta dar a conocer la importante labor de ayuda desinteresada a otras personas que realizan estas entidades.<\/p>\n<p>Entrevistas minuto a minuto:<\/p>\n<p>&#8211; <em><strong>Asociaci\u00f3n Oceavida:<\/strong><\/em> Minuto 00:46.<\/p>\n<p><em><strong>&#8211; Asociaci\u00f3n Cuantay\u00e1:<\/strong><\/em> Minuto 10:25.<\/p>\n<p>&#8211; <em><strong>Fundaci\u00f3n Silo\u00e9:<\/strong><\/em> Minuto 26:00.<\/p>\n<p>&#8211; <em><strong>Asociaci\u00f3n<\/strong><\/em> <em><strong>Aspace Gij\u00f3n:<\/strong><\/em> Minuto 34:50.<\/p>\n<p><em><strong>&#8211; Asociaci\u00f3n Mar de niebla:<\/strong><\/em> Minuto 55:30.<\/p>\n<p><em><strong>&#8211; Fundaci\u00f3n \u00abUn bosque pa Mar\u00eda\u00bb:<\/strong><\/em> Minuto 73:30.<\/p>\n<p>&nbsp;<\/p>\n<h1><span style=\"font-family: arial, helvetica, sans-serif;color: #808080\">Mesa Redonda (Especial D\u00eda de la mujer 8M)- \u00abLa mujer en la escuela, ayer y hoy\u00bb.<\/span><\/h1>\n<p><img loading=\"lazy\" decoding=\"async\" class=\"wp-image-105 alignleft\" src=\"http:\/\/edublog.educastur.es\/radiomartinez\/files\/2024\/03\/IMG_0462-1.jpg\" alt=\"\" width=\"425\" height=\"319\" srcset=\"https:\/\/edublog.educastur.es\/radiomartinez\/files\/2024\/03\/IMG_0462-1.jpg 714w, https:\/\/edublog.educastur.es\/radiomartinez\/files\/2024\/03\/IMG_0462-1-300x225.jpg 300w\" sizes=\"auto, (max-width: 425px) 100vw, 425px\" \/>Mesa redonda sobre la figura de la mujer en la escuela a lo largo del tiempo. En ella han participado alumnas de entre 1\u00ba y 6\u00ba de E. Primaria y otras mujeres vinculadas a nuestro centro.<\/p>\n<p>Un aut\u00e9ntico placer compartir esta experiencia y llevarla a las aulas.<\/p>\n<\/div>\n<p>&nbsp;<\/p>\n<p>&nbsp;<\/p>\n<p>&nbsp;<\/p>\n\n<!-- iframe plugin v.6.0 wordpress.org\/plugins\/iframe\/ -->\n<iframe loading=\"lazy\" frameborder=\"0\" allowfullscreen scrolling=\"no\" height=\"200\" style=\"width:100%;\" src=\"https:\/\/www.ivoox.com\/player_ej_125468034_6_1.html?c1=c77487\" 0=\"loading=&#039;lazy&#039;&gt;&lt;\/iframe\" width=\"100%\" class=\"iframe-class\"><\/iframe>\n\n<div style=\"text-align: justify\">\n<h1><\/h1>\n<h1><span style=\"font-family: arial, helvetica, sans-serif;color: #808080\">Primer Programa &#8211; \u00abAsturias, nuestra cultura, tradici\u00f3n y costumbres\u00bb.<\/span><\/h1>\n<p><span style=\"font-family: arial, helvetica, sans-serif\"><img loading=\"lazy\" decoding=\"async\" class=\"wp-image-44 alignleft\" src=\"http:\/\/edublog.educastur.es\/radiomartinez\/files\/2024\/01\/Alumnado-3o-Relato-Anguleru.jpg\" alt=\"\" width=\"433\" height=\"325\" srcset=\"https:\/\/edublog.educastur.es\/radiomartinez\/files\/2024\/01\/Alumnado-3o-Relato-Anguleru.jpg 1428w, https:\/\/edublog.educastur.es\/radiomartinez\/files\/2024\/01\/Alumnado-3o-Relato-Anguleru-300x225.jpg 300w, https:\/\/edublog.educastur.es\/radiomartinez\/files\/2024\/01\/Alumnado-3o-Relato-Anguleru-1024x768.jpg 1024w, https:\/\/edublog.educastur.es\/radiomartinez\/files\/2024\/01\/Alumnado-3o-Relato-Anguleru-768x576.jpg 768w\" sizes=\"auto, (max-width: 433px) 100vw, 433px\" \/>Programa elaborado por el alumnado de 1\u00ba a 6\u00ba de E. Primaria. Dedicado a las costumbres, tradiciones y cultura de Asturias.<\/span><\/p>\n<p><strong><em><span style=\"font-family: arial, helvetica, sans-serif\">Emitido en Diciembre de 2023.<\/span><\/em><\/strong><\/p>\n<p>&nbsp;<\/p>\n<p>&nbsp;<\/p>\n<p>&nbsp;<\/p>\n<p>&nbsp;<\/p>\n<p><span style=\"font-family: arial, helvetica, sans-serif\"><strong>Podcast 1:<\/strong><em>Entrevista a Nacho Fonseca (Xentiquina) &#8211; Alumnado de Llingua Asturiana de 5\u00ba de E. Primaria.<\/em><\/span><\/p>\n\n<!-- iframe plugin v.6.0 wordpress.org\/plugins\/iframe\/ -->\n<iframe loading=\"lazy\" frameborder=\"0\" allowfullscreen scrolling=\"no\" height=\"250\" style=\"width:100%;\" src=\"https:\/\/www.ivoox.com\/player_ej_121461912_6_1.html?c1=c77487\" 0=\"loading=&#039;lazy&#039;&gt;&lt;\/iframe\" width=\"100%\" class=\"iframe-class\"><\/iframe>\n\n<p><span style=\"font-family: arial, helvetica, sans-serif\"><strong>Podcast 2:<\/strong> Entrevista a Herminia Nuevo de Casa Nuevo (Club de las Guisanderas) &#8211; Alumnado de 6\u00ba de E. Primaria<\/span><\/p>\n\n<!-- iframe plugin v.6.0 wordpress.org\/plugins\/iframe\/ -->\n<iframe loading=\"lazy\" frameborder=\"0\" allowfullscreen scrolling=\"no\" height=\"250\" style=\"width:100%;\" src=\"https:\/\/www.ivoox.com\/player_ej_121461943_6_1.html?c1=c77487\" 0=\"loading=&#039;lazy&#039;&gt;&lt;\/iframe\" width=\"100%\" class=\"iframe-class\"><\/iframe>\n\n<p><span style=\"font-family: arial, helvetica, sans-serif\"><strong>Podcast 3:<\/strong> Entrevista a Hugo Peinado, Gaitero y maestro de Ingl\u00e9s &#8211; Alumnado de 1\u00ba de E. Primaria<\/span><\/p>\n\n<!-- iframe plugin v.6.0 wordpress.org\/plugins\/iframe\/ -->\n<iframe loading=\"lazy\" frameborder=\"0\" allowfullscreen scrolling=\"no\" height=\"250\" style=\"width:100%;\" src=\"https:\/\/www.ivoox.com\/player_ej_121503250_6_1.html?c1=c77487\" 0=\"loading=&#039;lazy&#039;&gt;&lt;\/iframe\" width=\"100%\" class=\"iframe-class\"><\/iframe>\n\n<p><span style=\"font-family: arial, helvetica, sans-serif\"><strong>Podcast 4:<\/strong> Relato, \u00abLa historia del Anguleru\u00bb &#8211; Alumnado de 3\u00ba de E. Primaria<\/span><\/p>\n\n<!-- iframe plugin v.6.0 wordpress.org\/plugins\/iframe\/ -->\n<iframe loading=\"lazy\" frameborder=\"0\" allowfullscreen scrolling=\"no\" height=\"250\" style=\"width:100%;\" src=\"https:\/\/www.ivoox.com\/player_ej_121503269_6_1.html?c1=c77487\" 0=\"loading=&#039;lazy&#039;&gt;&lt;\/iframe\" width=\"100%\" class=\"iframe-class\"><\/iframe>\n\n<p><span style=\"font-family: arial, helvetica, sans-serif\"><strong>Podcast 5:<\/strong> Entrevista a Emily mediadora comunicativa &#8211; Alumnado de 5\u00ba y 6\u00ba de E. Primaria (Bilingue)<\/span><\/p>\n\n<!-- iframe plugin v.6.0 wordpress.org\/plugins\/iframe\/ -->\n<iframe loading=\"lazy\" frameborder=\"0\" allowfullscreen scrolling=\"no\" height=\"250\" style=\"width:100%;\" src=\"https:\/\/www.ivoox.com\/player_ej_121503282_6_1.html?c1=c77487\" 0=\"loading=&#039;lazy&#039;&gt;&lt;\/iframe\" width=\"100%\" class=\"iframe-class\"><\/iframe>\n\n<p>&nbsp;<\/p>\n<\/div>\n","protected":false},"excerpt":{"rendered":"<p>Mesa redonda 8M 2025 &#8211; \u00abEl papel de la mujer en la evoluci\u00f3n hist\u00f3rica de el barrio de El Llano\u00bb. Con motivo de las actividades vinculadas al D\u00eda internacional de la mujer, celebraremos en nuestro centro educativo, el CP. Manuel [&hellip;]<\/p>\n","protected":false},"author":431,"featured_media":0,"parent":0,"menu_order":0,"comment_status":"closed","ping_status":"closed","template":"","meta":{"footnotes":""},"class_list":["post-26","page","type-page","status-publish","hentry"],"_links":{"self":[{"href":"https:\/\/edublog.educastur.es\/radiomartinez\/wp-json\/wp\/v2\/pages\/26","targetHints":{"allow":["GET"]}}],"collection":[{"href":"https:\/\/edublog.educastur.es\/radiomartinez\/wp-json\/wp\/v2\/pages"}],"about":[{"href":"https:\/\/edublog.educastur.es\/radiomartinez\/wp-json\/wp\/v2\/types\/page"}],"author":[{"embeddable":true,"href":"https:\/\/edublog.educastur.es\/radiomartinez\/wp-json\/wp\/v2\/users\/431"}],"replies":[{"embeddable":true,"href":"https:\/\/edublog.educastur.es\/radiomartinez\/wp-json\/wp\/v2\/comments?post=26"}],"version-history":[{"count":19,"href":"https:\/\/edublog.educastur.es\/radiomartinez\/wp-json\/wp\/v2\/pages\/26\/revisions"}],"predecessor-version":[{"id":155,"href":"https:\/\/edublog.educastur.es\/radiomartinez\/wp-json\/wp\/v2\/pages\/26\/revisions\/155"}],"wp:attachment":[{"href":"https:\/\/edublog.educastur.es\/radiomartinez\/wp-json\/wp\/v2\/media?parent=26"}],"curies":[{"name":"wp","href":"https:\/\/api.w.org\/{rel}","templated":true}]}}