{"id":33,"date":"2024-01-22T00:40:03","date_gmt":"2024-01-21T23:40:03","guid":{"rendered":"https:\/\/edublog.educastur.es\/radiomartinez\/?page_id=33"},"modified":"2025-03-08T10:16:58","modified_gmt":"2025-03-08T09:16:58","slug":"nuestros-as-invitados-as","status":"publish","type":"page","link":"https:\/\/edublog.educastur.es\/radiomartinez\/nuestros-as-invitados-as\/","title":{"rendered":"Nuestros\/as Invitados\/as"},"content":{"rendered":"<div><img loading=\"lazy\" decoding=\"async\" class=\"wp-image-36 alignleft\" src=\"http:\/\/edublog.educastur.es\/radiomartinez\/files\/2024\/01\/IMG_0038.jpg\" alt=\"\" width=\"352\" height=\"264\" srcset=\"https:\/\/edublog.educastur.es\/radiomartinez\/files\/2024\/01\/IMG_0038.jpg 640w, https:\/\/edublog.educastur.es\/radiomartinez\/files\/2024\/01\/IMG_0038-300x225.jpg 300w\" sizes=\"auto, (max-width: 352px) 100vw, 352px\" \/><\/div>\n<div><\/div>\n<div style=\"text-align: justify\"><span style=\"font-family: arial, helvetica, sans-serif\">En <strong>Radio Mart\u00ednez<\/strong>, tenemos claro que la clave de nuestro proyecto es nuestro nuestra Comunidad Educativa y con ella nuestro entorno pr\u00f3ximo. Por ello, en nuestra radio nos han visitando personas muy especiales que nos han contado sus interesant\u00edsimas historias, desde aqu\u00ed queremos darles las GRACIAS por asomarse a nuestra humilde radio escolar, pero sobre todo, por las experiencias y aprendizajes que han generado en nuestro alumnado.\u00a0<\/span><\/div>\n<div><\/div>\n<div>A continuaci\u00f3n, os dejamos una presentaci\u00f3n con nuestro peque\u00f1o \u00abmuro de la fama\u00bb.<\/div>\n<p>&nbsp;<\/p>\n<div><\/div>\n<div><\/div>\n<div><\/div>\n<div><\/div>\n<div>\n<!-- iframe plugin v.6.0 wordpress.org\/plugins\/iframe\/ -->\n<iframe loading=\"lazy\" title=\"Los invitados\/as de Radio Mart\u00ednez\" frameborder=\"0\" width=\"790\" height=\"600\" 0=\"style=&quot;width=&quot;900&quot;\" 1=\"allowfullscreen=&quot;allowfullscreen&quot;&quot;\" src=\"https:\/\/view.genially.com\/673f80ceac3fe902813ab324\" type=\"text\/html\" allowscriptaccess=\"always\" allowfullscreen=\"true\" scrolling=\"yes\" 2=\"allownetworking=&quot;all&quot;&gt;&lt;\/iframe\" class=\"iframe-class\"><\/iframe>\n<\/div>\n<div><\/div>\n","protected":false},"excerpt":{"rendered":"<p>En Radio Mart\u00ednez, tenemos claro que la clave de nuestro proyecto es nuestro nuestra Comunidad Educativa y con ella nuestro entorno pr\u00f3ximo. Por ello, en nuestra radio nos han visitando personas muy especiales que nos han contado sus interesant\u00edsimas historias, [&hellip;]<\/p>\n","protected":false},"author":431,"featured_media":0,"parent":0,"menu_order":0,"comment_status":"closed","ping_status":"closed","template":"","meta":{"footnotes":""},"class_list":["post-33","page","type-page","status-publish","hentry"],"_links":{"self":[{"href":"https:\/\/edublog.educastur.es\/radiomartinez\/wp-json\/wp\/v2\/pages\/33","targetHints":{"allow":["GET"]}}],"collection":[{"href":"https:\/\/edublog.educastur.es\/radiomartinez\/wp-json\/wp\/v2\/pages"}],"about":[{"href":"https:\/\/edublog.educastur.es\/radiomartinez\/wp-json\/wp\/v2\/types\/page"}],"author":[{"embeddable":true,"href":"https:\/\/edublog.educastur.es\/radiomartinez\/wp-json\/wp\/v2\/users\/431"}],"replies":[{"embeddable":true,"href":"https:\/\/edublog.educastur.es\/radiomartinez\/wp-json\/wp\/v2\/comments?post=33"}],"version-history":[{"count":26,"href":"https:\/\/edublog.educastur.es\/radiomartinez\/wp-json\/wp\/v2\/pages\/33\/revisions"}],"predecessor-version":[{"id":147,"href":"https:\/\/edublog.educastur.es\/radiomartinez\/wp-json\/wp\/v2\/pages\/33\/revisions\/147"}],"wp:attachment":[{"href":"https:\/\/edublog.educastur.es\/radiomartinez\/wp-json\/wp\/v2\/media?parent=33"}],"curies":[{"name":"wp","href":"https:\/\/api.w.org\/{rel}","templated":true}]}}