{"id":103,"date":"2020-11-20T11:35:04","date_gmt":"2020-11-20T11:35:04","guid":{"rendered":"https:\/\/edublog.educastur.es\/ricardo\/?page_id=103"},"modified":"2025-10-01T10:37:46","modified_gmt":"2025-10-01T10:37:46","slug":"calculadora-calculator","status":"publish","type":"page","link":"https:\/\/edublog.educastur.es\/ricardo\/calculadora-calculator\/","title":{"rendered":"Calculadora-Calculator"},"content":{"rendered":"<p>Tutorials, tips and tricks about using scientific calculators.<\/p>\n<p>Tutorial 1:<\/p>\n<p><a href=\"http:\/\/edublog.educastur.es\/ricardo\/files\/2025\/10\/representar-graficas-usando-el-modo-table-de-la-fx82ES.pdf\">representar gra\u0301ficas usando el modo table de la fx82ES<\/a><\/p>\n<p>Tutorial 2:\u00a0 (que no tiene modo solve).<\/p>\n<p><a href=\"http:\/\/edublog.educastur.es\/ricardo\/files\/2025\/10\/RESOLVER-ECUACIONES-USANDO-EL-MODO-TABLE-DE-LA-FX82ES.pdf\">RESOLVER ECUACIONES USANDO EL MODO TABLE DE LA FX82ESa<\/a><\/p>\n<p>Una curiosidad:\u00a0<a href=\"http:\/\/www.taringa.net\/post\/hazlo-tu-mismo\/15195062\/No-cambies-tu-calculadora-Casio-fx-82MS-fx-82ES-mejorala.html\" target=\"_blank\" rel=\"noopener noreferrer\">C\u00f3mo hackear algunas calculadoras CASIO<\/a>\u00a0(poco recomendable).<\/p>\n<p><a href=\"https:\/\/www.gaussianos.com\/interesantes-y-ocultas-funciones-de-la-casio-fx-82ms\/\" target=\"_blank\" rel=\"noopener\">Otra versi\u00f3n<\/a> de esto mismo.<\/p>\n<p><a href=\"https:\/\/www.calculator.net\/big-number-calculator.html\" target=\"_blank\" rel=\"noopener\">Calculadora para n\u00fameros enormes<\/a><\/p>\n<p><a href=\"https:\/\/www.wolframalpha.com\/input?i=raiz+c%C3%BAbica+de+2+con+1000+d%C3%ADgitos&amp;lang=es\" target=\"_blank\" rel=\"noopener\">Calculadora con precis\u00f3n arbitraria<\/a><\/p>\n<p>&nbsp;<\/p>\n\n<!-- iframe plugin v.6.0 wordpress.org\/plugins\/iframe\/ -->\n<iframe loading=\"lazy\" width=\"560\" height=\"315\" src=\"https:\/\/www.youtube.com\/embed\/2a2hEwXd4Xw\" scrolling=\"yes\" class=\"iframe-class\" frameborder=\"0\"><\/iframe>\n\n<p>&nbsp;<\/p>\n\n<!-- iframe plugin v.6.0 wordpress.org\/plugins\/iframe\/ -->\n<iframe loading=\"lazy\" width=\"560\" height=\"315\" src=\"https:\/\/www.youtube.com\/embed\/7WeSmDNImeI\" scrolling=\"yes\" class=\"iframe-class\" frameborder=\"0\"><\/iframe>\n\n<p>&nbsp;<\/p>\n<p><img loading=\"lazy\" decoding=\"async\" class=\"\" src=\"https:\/\/s3.amazonaws.com\/lowres.cartoonstock.com\/education-teaching-classroom-classes-schools-education-educators-lfin95_low.jpg\" width=\"525\" height=\"586\" \/><\/p>\n","protected":false},"excerpt":{"rendered":"<p>Tutorials, tips and tricks about using scientific calculators. Tutorial 1: representar gra\u0301ficas usando el modo table de la fx82ES Tutorial 2:\u00a0 (que no tiene modo solve). RESOLVER ECUACIONES USANDO EL MODO TABLE DE LA FX82ESa Una curiosidad:\u00a0C\u00f3mo hackear algunas calculadoras CASIO\u00a0(poco recomendable). Otra versi\u00f3n de esto mismo. Calculadora para n\u00fameros enormes Calculadora con precis\u00f3n arbitraria&hellip; <a href=\"https:\/\/edublog.educastur.es\/ricardo\/calculadora-calculator\/\" class=\"more-link\">Seguir leyendo <span class=\"screen-reader-text\">Calculadora-Calculator<\/span><\/a><\/p>\n","protected":false},"author":49,"featured_media":0,"parent":0,"menu_order":0,"comment_status":"closed","ping_status":"closed","template":"","meta":{"footnotes":""},"class_list":["post-103","page","type-page","status-publish","hentry","without-featured-image"],"_links":{"self":[{"href":"https:\/\/edublog.educastur.es\/ricardo\/wp-json\/wp\/v2\/pages\/103","targetHints":{"allow":["GET"]}}],"collection":[{"href":"https:\/\/edublog.educastur.es\/ricardo\/wp-json\/wp\/v2\/pages"}],"about":[{"href":"https:\/\/edublog.educastur.es\/ricardo\/wp-json\/wp\/v2\/types\/page"}],"author":[{"embeddable":true,"href":"https:\/\/edublog.educastur.es\/ricardo\/wp-json\/wp\/v2\/users\/49"}],"replies":[{"embeddable":true,"href":"https:\/\/edublog.educastur.es\/ricardo\/wp-json\/wp\/v2\/comments?post=103"}],"version-history":[{"count":13,"href":"https:\/\/edublog.educastur.es\/ricardo\/wp-json\/wp\/v2\/pages\/103\/revisions"}],"predecessor-version":[{"id":1029,"href":"https:\/\/edublog.educastur.es\/ricardo\/wp-json\/wp\/v2\/pages\/103\/revisions\/1029"}],"wp:attachment":[{"href":"https:\/\/edublog.educastur.es\/ricardo\/wp-json\/wp\/v2\/media?parent=103"}],"curies":[{"name":"wp","href":"https:\/\/api.w.org\/{rel}","templated":true}]}}