{"id":109,"date":"2020-11-24T07:20:14","date_gmt":"2020-11-24T07:20:14","guid":{"rendered":"https:\/\/edublog.educastur.es\/ricardo\/?page_id=109"},"modified":"2025-05-12T18:34:57","modified_gmt":"2025-05-12T18:34:57","slug":"pau-ebau-etc","status":"publish","type":"page","link":"https:\/\/edublog.educastur.es\/ricardo\/pau-ebau-etc\/","title":{"rendered":"PAU-EBAU-ETC"},"content":{"rendered":"<p>&nbsp;<\/p>\n<p><img decoding=\"async\" src=\"https:\/\/1.bp.blogspot.com\/-SjZqJeObYdI\/Tqc2_IBUGtI\/AAAAAAAABI4\/imRT2dH_P6c\/s1600\/selectividad1.gif\" alt=\"La Selectividad y Forges siempre de actualidad!! | Matemolivares\" \/><\/p>\n<p>Aqu\u00ed enlazar\u00e9 recursos relacionados con las pruebas:<\/p>\n<p>NOVEDAD: Modelos definitivos para 2025:<\/p>\n<p><a href=\"https:\/\/www.uniovi.es\/estudia\/grados\/sobrelosgrados\/ebau\/modelosdefinitivos\" target=\"_blank\" rel=\"noopener\">Modelos (todsd las materias) para 2025<\/a><\/p>\n<p><a href=\"https:\/\/www.uniovi.es\/estudia\/grados\/sobrelosgrados\/ebau\/asignaturas-pau-2024-2025?p_p_id=com_liferay_document_library_web_portlet_IGDisplayPortlet_INSTANCE_va03gYkUUJ4B&amp;p_p_lifecycle=0&amp;p_p_state=normal&amp;p_p_mode=view&amp;folderId=9890927&amp;redirect=9890640&amp;breadcrumb=null\" target=\"_blank\" rel=\"noopener\">Actas y dem\u00e1s de Matem\u00e1ticas II 2025<\/a><\/p>\n<p><a href=\"https:\/\/www.uniovi.es\/estudia\/grados\/sobrelosgrados\/ebau\" target=\"_blank\" rel=\"noopener\">Informaci\u00f3n EBAU en UNIOVI<\/a><\/p>\n<p><a href=\"https:\/\/www.uniovi.es\/estudia\/grados\/sobrelosgrados\/ebau\/examenes\" target=\"_blank\" rel=\"noopener\">Ex\u00e1menes PAU\/EBAU en Uniovi<\/a><\/p>\n<p><a href=\"https:\/\/www.uniovi.es\/documents\/39158\/44815\/Informaci%C3%B3n+sobre+el+uso+de+calculadoras+en+la+EBAU.pdf\/0c106035-06e1-02a1-cf8e-8dc6f9653d01?t=1669977655745\" target=\"_blank\" rel=\"noopener\">Calculadoras en la EBAU<\/a><\/p>\n<p><a href=\"https:\/\/www.ebaumatematicas.com\/matematicas-ii\/#ii22b\" target=\"_blank\" rel=\"noopener\">Ex\u00e1menes de toda Espa\u00f1a<\/a><\/p>\n<p><a href=\"https:\/\/www.iesayala.com\/selectividadmatematicas\/ficheros\/asturias.html\">Ex\u00e1menes resueltos de Asturias<\/a><\/p>\n<p><a href=\"https:\/\/www.youtube.com\/@guymaupassant6211\/videos\" target=\"_blank\" rel=\"noopener\">Ex\u00e1menes resueltos en video<\/a><\/p>\n<p><a href=\"http:\/\/selectividad.intergranada.com\/mate2.html\">Solucionarios Matem\u00e1ticas II<\/a><\/p>\n<p><a href=\"https:\/\/www.bdmat.com\/\" target=\"_blank\" rel=\"noopener\">BDMAT<\/a><\/p>\n<p>&nbsp;<\/p>\n<p><a href=\"http:\/\/www.iesjovellanos.com\/departamentos\/mate\/pau\/COU.php\">Selectividad COU (Instituto Jovellanos)<\/a><\/p>\n<p><img loading=\"lazy\" decoding=\"async\" class=\"\" src=\"https:\/\/imagenes.heraldo.es\/files\/gallery_desktop_default_content\/uploads\/imagenes\/2019\/06\/04\/memes-sobre-selectividad-1.png\" alt=\"Memes sobre selectividad.\" width=\"418\" height=\"274\" \/><\/p>\n","protected":false},"excerpt":{"rendered":"<p>&nbsp; Aqu\u00ed enlazar\u00e9 recursos relacionados con las pruebas: NOVEDAD: Modelos definitivos para 2025: Modelos (todsd las materias) para 2025 Actas y dem\u00e1s de Matem\u00e1ticas II 2025 Informaci\u00f3n EBAU en UNIOVI Ex\u00e1menes PAU\/EBAU en Uniovi Calculadoras en la EBAU Ex\u00e1menes de toda Espa\u00f1a Ex\u00e1menes resueltos de Asturias Ex\u00e1menes resueltos en video Solucionarios Matem\u00e1ticas II BDMAT &nbsp;&hellip; <a href=\"https:\/\/edublog.educastur.es\/ricardo\/pau-ebau-etc\/\" class=\"more-link\">Seguir leyendo <span class=\"screen-reader-text\">PAU-EBAU-ETC<\/span><\/a><\/p>\n","protected":false},"author":49,"featured_media":0,"parent":0,"menu_order":0,"comment_status":"closed","ping_status":"closed","template":"","meta":{"footnotes":""},"class_list":["post-109","page","type-page","status-publish","hentry","without-featured-image"],"_links":{"self":[{"href":"https:\/\/edublog.educastur.es\/ricardo\/wp-json\/wp\/v2\/pages\/109","targetHints":{"allow":["GET"]}}],"collection":[{"href":"https:\/\/edublog.educastur.es\/ricardo\/wp-json\/wp\/v2\/pages"}],"about":[{"href":"https:\/\/edublog.educastur.es\/ricardo\/wp-json\/wp\/v2\/types\/page"}],"author":[{"embeddable":true,"href":"https:\/\/edublog.educastur.es\/ricardo\/wp-json\/wp\/v2\/users\/49"}],"replies":[{"embeddable":true,"href":"https:\/\/edublog.educastur.es\/ricardo\/wp-json\/wp\/v2\/comments?post=109"}],"version-history":[{"count":11,"href":"https:\/\/edublog.educastur.es\/ricardo\/wp-json\/wp\/v2\/pages\/109\/revisions"}],"predecessor-version":[{"id":968,"href":"https:\/\/edublog.educastur.es\/ricardo\/wp-json\/wp\/v2\/pages\/109\/revisions\/968"}],"wp:attachment":[{"href":"https:\/\/edublog.educastur.es\/ricardo\/wp-json\/wp\/v2\/media?parent=109"}],"curies":[{"name":"wp","href":"https:\/\/api.w.org\/{rel}","templated":true}]}}