{"id":111,"date":"2022-02-24T11:36:56","date_gmt":"2022-02-24T11:36:56","guid":{"rendered":"https:\/\/edublog.educastur.es\/ricardo\/?page_id=111"},"modified":"2022-04-27T17:34:10","modified_gmt":"2022-04-27T17:34:10","slug":"geogebra","status":"publish","type":"page","link":"https:\/\/edublog.educastur.es\/ricardo\/geogebra\/","title":{"rendered":"Geogebra"},"content":{"rendered":"<p>Aqu\u00ed colgar\u00e9 tutoriales de uso de esta herramienta.<\/p>\n<p>Mis construcciones est\u00e1n aqu\u00ed:<\/p>\n<p><a href=\"https:\/\/www.geogebra.org\/u\/ricardogame\" target=\"_blank\" rel=\"noopener\">https:\/\/www.geogebra.org\/u\/ricardogame<\/a><\/p>\n<p>Y los v\u00eddeos a partir de aqu\u00ed:<\/p>\n<p><iframe loading=\"lazy\" title=\"Geogebra\" width=\"825\" height=\"464\" src=\"https:\/\/www.youtube.com\/embed\/videoseries?list=PLkX7wYvjDy4KJj7XpLnGB3vCBEo_N0iem\" frameborder=\"0\" allow=\"accelerometer; autoplay; clipboard-write; encrypted-media; gyroscope; picture-in-picture\" allowfullscreen><\/iframe><\/p>\n<p>&nbsp;<\/p>\n<p>Y el <a href=\"http:\/\/geogebra.es\/gauss\/materiales_didacticos\/materiales_didacticos.htm\" target=\"_blank\" rel=\"noopener\">proyecto Gauss.<\/a><\/p>\n<p>&nbsp;<\/p>\n","protected":false},"excerpt":{"rendered":"<p>Aqu\u00ed colgar\u00e9 tutoriales de uso de esta herramienta. Mis construcciones est\u00e1n aqu\u00ed: https:\/\/www.geogebra.org\/u\/ricardogame Y los v\u00eddeos a partir de aqu\u00ed: &nbsp; Y el proyecto Gauss. &nbsp;<\/p>\n","protected":false},"author":49,"featured_media":0,"parent":0,"menu_order":0,"comment_status":"closed","ping_status":"closed","template":"","meta":{"footnotes":""},"class_list":["post-111","page","type-page","status-publish","hentry","without-featured-image"],"_links":{"self":[{"href":"https:\/\/edublog.educastur.es\/ricardo\/wp-json\/wp\/v2\/pages\/111","targetHints":{"allow":["GET"]}}],"collection":[{"href":"https:\/\/edublog.educastur.es\/ricardo\/wp-json\/wp\/v2\/pages"}],"about":[{"href":"https:\/\/edublog.educastur.es\/ricardo\/wp-json\/wp\/v2\/types\/page"}],"author":[{"embeddable":true,"href":"https:\/\/edublog.educastur.es\/ricardo\/wp-json\/wp\/v2\/users\/49"}],"replies":[{"embeddable":true,"href":"https:\/\/edublog.educastur.es\/ricardo\/wp-json\/wp\/v2\/comments?post=111"}],"version-history":[{"count":6,"href":"https:\/\/edublog.educastur.es\/ricardo\/wp-json\/wp\/v2\/pages\/111\/revisions"}],"predecessor-version":[{"id":384,"href":"https:\/\/edublog.educastur.es\/ricardo\/wp-json\/wp\/v2\/pages\/111\/revisions\/384"}],"wp:attachment":[{"href":"https:\/\/edublog.educastur.es\/ricardo\/wp-json\/wp\/v2\/media?parent=111"}],"curies":[{"name":"wp","href":"https:\/\/api.w.org\/{rel}","templated":true}]}}