{"id":87,"date":"2020-11-17T09:12:10","date_gmt":"2020-11-17T09:12:10","guid":{"rendered":"https:\/\/edublog.educastur.es\/ricardo\/?page_id=87"},"modified":"2024-03-05T07:52:35","modified_gmt":"2024-03-05T07:52:35","slug":"acerca-de","status":"publish","type":"page","link":"https:\/\/edublog.educastur.es\/ricardo\/acerca-de\/","title":{"rendered":"Acerca de"},"content":{"rendered":"<p><a href=\"https:\/\/edublog.educastur.es\/ricardo\/\">Mates y TIC, Maths and ITC<\/a><\/p>\n<p>Nueva etapa del blog, antes alojado en<\/p>\n<p>http:\/\/blog.educastur.es\/ricardo\/<\/p>\n<p>Soy Ricardo Garc\u00eda Mesa, profesor de matem\u00e1ticas en el IES Virgen de la Luz, Avil\u00e9s, Espa\u00f1a.<\/p>\n<p>En este blog comparto tareas e ideas sobre matem\u00e1ticas con el mundo mundial, incluido mi alumnado. Puedes utilizar lo que aqu\u00ed se encuentra, dentro de las condiciones de Creative Commons.<\/p>\n<p><a href=\"https:\/\/creativecommons.org\/share-your-work\/cclicenses\/\" target=\"_blank\" rel=\"noopener\"><img loading=\"lazy\" decoding=\"async\" class=\"alignnone size-medium wp-image-745\" src=\"http:\/\/edublog.educastur.es\/ricardo\/files\/2024\/02\/CC-300x105.png\" alt=\"\" width=\"300\" height=\"105\" \/><\/a><\/p>\n<p>&nbsp;<\/p>\n<p>&nbsp;<\/p>\n","protected":false},"excerpt":{"rendered":"<p>Mates y TIC, Maths and ITC Nueva etapa del blog, antes alojado en http:\/\/blog.educastur.es\/ricardo\/ Soy Ricardo Garc\u00eda Mesa, profesor de matem\u00e1ticas en el IES Virgen de la Luz, Avil\u00e9s, Espa\u00f1a. En este blog comparto tareas e ideas sobre matem\u00e1ticas con el mundo mundial, incluido mi alumnado. Puedes utilizar lo que aqu\u00ed se encuentra, dentro de&hellip; <a href=\"https:\/\/edublog.educastur.es\/ricardo\/acerca-de\/\" class=\"more-link\">Seguir leyendo <span class=\"screen-reader-text\">Acerca de<\/span><\/a><\/p>\n","protected":false},"author":49,"featured_media":0,"parent":0,"menu_order":0,"comment_status":"closed","ping_status":"closed","template":"","meta":{"footnotes":""},"class_list":["post-87","page","type-page","status-publish","hentry","without-featured-image"],"_links":{"self":[{"href":"https:\/\/edublog.educastur.es\/ricardo\/wp-json\/wp\/v2\/pages\/87","targetHints":{"allow":["GET"]}}],"collection":[{"href":"https:\/\/edublog.educastur.es\/ricardo\/wp-json\/wp\/v2\/pages"}],"about":[{"href":"https:\/\/edublog.educastur.es\/ricardo\/wp-json\/wp\/v2\/types\/page"}],"author":[{"embeddable":true,"href":"https:\/\/edublog.educastur.es\/ricardo\/wp-json\/wp\/v2\/users\/49"}],"replies":[{"embeddable":true,"href":"https:\/\/edublog.educastur.es\/ricardo\/wp-json\/wp\/v2\/comments?post=87"}],"version-history":[{"count":5,"href":"https:\/\/edublog.educastur.es\/ricardo\/wp-json\/wp\/v2\/pages\/87\/revisions"}],"predecessor-version":[{"id":779,"href":"https:\/\/edublog.educastur.es\/ricardo\/wp-json\/wp\/v2\/pages\/87\/revisions\/779"}],"wp:attachment":[{"href":"https:\/\/edublog.educastur.es\/ricardo\/wp-json\/wp\/v2\/media?parent=87"}],"curies":[{"name":"wp","href":"https:\/\/api.w.org\/{rel}","templated":true}]}}