{"id":114,"date":"2025-05-31T20:36:08","date_gmt":"2025-05-31T18:36:08","guid":{"rendered":"https:\/\/edublog.educastur.es\/rioseco\/?page_id=114"},"modified":"2025-06-15T12:14:45","modified_gmt":"2025-06-15T10:14:45","slug":"los-cuentos","status":"publish","type":"page","link":"https:\/\/edublog.educastur.es\/rioseco\/los-cuentos\/","title":{"rendered":"LOS CUENTOS DE 5\u00ba Y 6\u00ba"},"content":{"rendered":"<p style=\"text-align: center\"><span style=\"color: #000080\"><strong><span style=\"font-size: 24pt\"><a style=\"color: #000080\" href=\"https:\/\/educastur-my.sharepoint.com\/:b:\/g\/personal\/cristinadf_educastur_org\/EbFmP5gANMJBnaifxDAZSpEBNGJvMSUdiGaHprKV_ow7pw?e=6e8aTi\"><img loading=\"lazy\" decoding=\"async\" class=\"size-medium wp-image-196 aligncenter\" src=\"http:\/\/edublog.educastur.es\/rioseco\/files\/2025\/06\/EL-RITUAL-300x211.png\" alt=\"\" width=\"300\" height=\"211\" \/> <\/a><\/span><\/strong><\/span><\/p>\n<p style=\"text-align: center\"><span style=\"color: #000080\"><strong><span style=\"font-size: 24pt\"><a style=\"color: #000080\" href=\"https:\/\/educastur-my.sharepoint.com\/:b:\/g\/personal\/cristinadf_educastur_org\/EbFmP5gANMJBnaifxDAZSpEBNGJvMSUdiGaHprKV_ow7pw?e=6e8aTi\">DIEGO, IN\u00c9S Y PALMIRA_EL RITUAL<\/a><\/span><\/strong><\/span><\/p>\n<p><span style=\"color: #000080\"><strong><span style=\"font-size: 24pt\"><a style=\"color: #000080\" href=\"https:\/\/educastur-my.sharepoint.com\/:b:\/g\/personal\/cristinadf_educastur_org\/EQOXILviwjdAr7XKsxWberQBct4dD6H5uZaFOAENXGITvA?e=5aXfPU\"><img loading=\"lazy\" decoding=\"async\" class=\"size-medium wp-image-195 aligncenter\" src=\"http:\/\/edublog.educastur.es\/rioseco\/files\/2025\/06\/EL-COCODRILO-PANCHO-300x164.png\" alt=\"\" width=\"300\" height=\"164\" \/><\/a><\/span><\/strong><\/span><\/p>\n<p style=\"text-align: center\"><a href=\"https:\/\/educastur-my.sharepoint.com\/:b:\/g\/personal\/cristinadf_educastur_org\/EQOXILviwjdAr7XKsxWberQBct4dD6H5uZaFOAENXGITvA?e=5aXfPU\"><span style=\"color: #000080\"><strong><span style=\"font-size: 24pt\">PELAYO Y NAR\u00c1N_EL COCODRILO PANCHO<\/span><\/strong><\/span><\/a><\/p>\n<p><span style=\"color: #000080\"><strong><span style=\"font-size: 24pt\"><a style=\"color: #000080\" href=\"https:\/\/educastur-my.sharepoint.com\/:b:\/g\/personal\/cristinadf_educastur_org\/EZ_5XFlmr7hDjVbIt2tC1RMB3yCUKSOtt3Sop0HLzCtNpg?e=0tDiTq\"><img loading=\"lazy\" decoding=\"async\" class=\"size-medium wp-image-197 aligncenter\" src=\"http:\/\/edublog.educastur.es\/rioseco\/files\/2025\/06\/JEREMIAS-SALVA-AL-MUNDO-275x300.png\" alt=\"\" width=\"275\" height=\"300\" \/><\/a><\/span><\/strong><\/span><\/p>\n<p style=\"text-align: center\"><span style=\"font-size: 24pt\"><strong><span style=\"color: #000080\"><a style=\"color: #000080\" href=\"https:\/\/educastur-my.sharepoint.com\/:b:\/g\/personal\/cristinadf_educastur_org\/EZ_5XFlmr7hDjVbIt2tC1RMB3yCUKSOtt3Sop0HLzCtNpg?e=0tDiTq\">CRISTIAN Y ELISA_JEREM\u00cdAS SALVA EL MUNDO<\/a><\/span><\/strong><\/span><\/p>\n","protected":false},"excerpt":{"rendered":"<p>DIEGO, IN\u00c9S Y PALMIRA_EL RITUAL PELAYO Y NAR\u00c1N_EL COCODRILO PANCHO CRISTIAN Y ELISA_JEREM\u00cdAS SALVA EL MUNDO<\/p>\n","protected":false},"author":420,"featured_media":0,"parent":0,"menu_order":0,"comment_status":"closed","ping_status":"closed","template":"","meta":{"footnotes":""},"class_list":["post-114","page","type-page","status-publish","hentry"],"_links":{"self":[{"href":"https:\/\/edublog.educastur.es\/rioseco\/wp-json\/wp\/v2\/pages\/114","targetHints":{"allow":["GET"]}}],"collection":[{"href":"https:\/\/edublog.educastur.es\/rioseco\/wp-json\/wp\/v2\/pages"}],"about":[{"href":"https:\/\/edublog.educastur.es\/rioseco\/wp-json\/wp\/v2\/types\/page"}],"author":[{"embeddable":true,"href":"https:\/\/edublog.educastur.es\/rioseco\/wp-json\/wp\/v2\/users\/420"}],"replies":[{"embeddable":true,"href":"https:\/\/edublog.educastur.es\/rioseco\/wp-json\/wp\/v2\/comments?post=114"}],"version-history":[{"count":7,"href":"https:\/\/edublog.educastur.es\/rioseco\/wp-json\/wp\/v2\/pages\/114\/revisions"}],"predecessor-version":[{"id":200,"href":"https:\/\/edublog.educastur.es\/rioseco\/wp-json\/wp\/v2\/pages\/114\/revisions\/200"}],"wp:attachment":[{"href":"https:\/\/edublog.educastur.es\/rioseco\/wp-json\/wp\/v2\/media?parent=114"}],"curies":[{"name":"wp","href":"https:\/\/api.w.org\/{rel}","templated":true}]}}