{"id":215,"date":"2025-06-22T18:10:13","date_gmt":"2025-06-22T16:10:13","guid":{"rendered":"https:\/\/edublog.educastur.es\/rioseco\/?page_id=215"},"modified":"2025-06-23T22:27:23","modified_gmt":"2025-06-23T20:27:23","slug":"fotos","status":"publish","type":"page","link":"https:\/\/edublog.educastur.es\/rioseco\/bienvenidos-y-bienvenidadas-al-curso-2024-2025\/fotos\/","title":{"rendered":"FOTOS"},"content":{"rendered":"<p style=\"text-align: center\"><span style=\"font-size: 36pt\"><strong><span style=\"font-family: impact, sans-serif\">OS DEJO AQU\u00cd ALGUNA FOTO DEL CURSO<\/span><\/strong><\/span><\/p>\n<p style=\"text-align: center\"><span style=\"font-family: impact, sans-serif\">(Pod\u00e9is descargar las fotos, pero agradecer\u00eda que las fotos que se publican en este espacio no se compartan en otros sitios )<\/span><\/p>\n<p style=\"text-align: center\"><a href=\"https:\/\/educastur-my.sharepoint.com\/:f:\/g\/personal\/cristinadf_educastur_org\/El5H4mNpzbxPudwgpTfaLBQB4e8AW1Z5tgdL6Mudsj1THA?e=VWmrlu\"><span style=\"font-size: 36pt\"><strong><span style=\"font-family: impact, sans-serif;color: #333399\">PINCHA EN LA FOTO<\/span><\/strong><\/span><span style=\"font-size: 36pt\"><strong><span style=\"font-family: impact, sans-serif\"><img loading=\"lazy\" decoding=\"async\" class=\" wp-image-419 aligncenter\" src=\"http:\/\/edublog.educastur.es\/rioseco\/files\/2025\/06\/2-300x224.png\" alt=\"\" width=\"696\" height=\"520\" srcset=\"https:\/\/edublog.educastur.es\/rioseco\/files\/2025\/06\/2-300x224.png 300w, https:\/\/edublog.educastur.es\/rioseco\/files\/2025\/06\/2-768x573.png 768w, https:\/\/edublog.educastur.es\/rioseco\/files\/2025\/06\/2.png 805w\" sizes=\"auto, (max-width: 696px) 100vw, 696px\" \/><\/span><\/strong><\/span><\/a><\/p>\n<p>&nbsp;<\/p>\n<p style=\"text-align: center\"><strong><span style=\"font-family: impact, sans-serif;font-size: 36pt;color: #333399\"><a style=\"color: #333399\" href=\"https:\/\/www.canva.com\/design\/DAGrGaeRWFc\/trdeKrZlOuNIaSYnSaruTQ\/edit?utm_content=DAGrGaeRWFc&amp;utm_campaign=designshare&amp;utm_medium=link2&amp;utm_source=sharebutton\">COSITAS<\/a><\/span><\/strong><\/p>\n<p>&nbsp;<\/p>\n","protected":false},"excerpt":{"rendered":"<p>OS DEJO AQU\u00cd ALGUNA FOTO DEL CURSO (Pod\u00e9is descargar las fotos, pero agradecer\u00eda que las fotos que se publican en este espacio no se compartan en otros sitios ) PINCHA EN LA FOTO &nbsp; COSITAS &nbsp;<\/p>\n","protected":false},"author":420,"featured_media":0,"parent":14,"menu_order":0,"comment_status":"closed","ping_status":"closed","template":"","meta":{"footnotes":""},"class_list":["post-215","page","type-page","status-publish","hentry"],"_links":{"self":[{"href":"https:\/\/edublog.educastur.es\/rioseco\/wp-json\/wp\/v2\/pages\/215","targetHints":{"allow":["GET"]}}],"collection":[{"href":"https:\/\/edublog.educastur.es\/rioseco\/wp-json\/wp\/v2\/pages"}],"about":[{"href":"https:\/\/edublog.educastur.es\/rioseco\/wp-json\/wp\/v2\/types\/page"}],"author":[{"embeddable":true,"href":"https:\/\/edublog.educastur.es\/rioseco\/wp-json\/wp\/v2\/users\/420"}],"replies":[{"embeddable":true,"href":"https:\/\/edublog.educastur.es\/rioseco\/wp-json\/wp\/v2\/comments?post=215"}],"version-history":[{"count":26,"href":"https:\/\/edublog.educastur.es\/rioseco\/wp-json\/wp\/v2\/pages\/215\/revisions"}],"predecessor-version":[{"id":422,"href":"https:\/\/edublog.educastur.es\/rioseco\/wp-json\/wp\/v2\/pages\/215\/revisions\/422"}],"up":[{"embeddable":true,"href":"https:\/\/edublog.educastur.es\/rioseco\/wp-json\/wp\/v2\/pages\/14"}],"wp:attachment":[{"href":"https:\/\/edublog.educastur.es\/rioseco\/wp-json\/wp\/v2\/media?parent=215"}],"curies":[{"name":"wp","href":"https:\/\/api.w.org\/{rel}","templated":true}]}}