{"id":55,"date":"2025-05-16T13:26:06","date_gmt":"2025-05-16T11:26:06","guid":{"rendered":"https:\/\/edublog.educastur.es\/rioseco\/?page_id=55"},"modified":"2025-06-15T18:02:47","modified_gmt":"2025-06-15T16:02:47","slug":"bombiman","status":"publish","type":"page","link":"https:\/\/edublog.educastur.es\/rioseco\/bombiman\/","title":{"rendered":"BOMBIMAN ALUMNADO DE 5\u00ba Y 6\u00ba"},"content":{"rendered":"<p><span style=\"color: #000080\"><strong><span style=\"font-size: 24pt\"><a style=\"color: #000080\" href=\"https:\/\/educastur-my.sharepoint.com\/:b:\/g\/personal\/cristinadf_educastur_org\/EXCWUNEd_gNMr0Ro73AvB1cBoOuf0CHbQWNA5IVX3gIaeA?e=60JIe1\"><img loading=\"lazy\" decoding=\"async\" class=\"alignnone wp-image-210\" src=\"http:\/\/edublog.educastur.es\/rioseco\/files\/2025\/06\/bombillita.png\" alt=\"\" width=\"9\" height=\"9\" \/><\/a><\/span><\/strong><\/span><\/p>\n<p style=\"text-align: center\"><span style=\"color: #000080\"><strong><span style=\"font-size: 24pt\"><a style=\"color: #000080\" href=\"https:\/\/educastur-my.sharepoint.com\/:b:\/g\/personal\/cristinadf_educastur_org\/EXCWUNEd_gNMr0Ro73AvB1cBoOuf0CHbQWNA5IVX3gIaeA?e=60JIe1\">PALMIRA<\/a><\/span><\/strong><\/span><\/p>\n<p>&nbsp;<\/p>\n<p style=\"text-align: center\"><strong><a style=\"color: #000080\" href=\"https:\/\/educastur-my.sharepoint.com\/:b:\/g\/personal\/cristinadf_educastur_org\/EdDCAe5nt-1BpQbDvhqT5iYBtV91q6tzwp4exQIZPlhTRA?e=igcfmz\"><img loading=\"lazy\" decoding=\"async\" class=\"alignnone wp-image-210\" src=\"http:\/\/edublog.educastur.es\/rioseco\/files\/2025\/06\/bombillita.png\" alt=\"\" width=\"10\" height=\"10\" \/><\/a><span style=\"color: #000080;font-size: 24pt\"><a style=\"color: #000080\" href=\"https:\/\/educastur-my.sharepoint.com\/:b:\/g\/personal\/cristinadf_educastur_org\/EdDCAe5nt-1BpQbDvhqT5iYBtV91q6tzwp4exQIZPlhTRA?e=igcfmz\">IN\u00c9S<\/a><\/span><\/strong><\/p>\n<p>&nbsp;<\/p>\n<p style=\"text-align: center\"><span style=\"font-size: 24pt\"><strong><a style=\"color: #000080\" href=\"https:\/\/educastur-my.sharepoint.com\/:b:\/g\/personal\/cristinadf_educastur_org\/ETkC33oCZ1RKvYWzdHQm6n0Bmt-CTh_NSbUG2B9y6jQjDg?e=QdFi03\"><img loading=\"lazy\" decoding=\"async\" class=\"alignnone wp-image-210\" src=\"http:\/\/edublog.educastur.es\/rioseco\/files\/2025\/06\/bombillita.png\" alt=\"\" width=\"6\" height=\"6\" \/><\/a><\/strong><span style=\"color: #000080\"><a style=\"color: #000080\" href=\"https:\/\/educastur-my.sharepoint.com\/:b:\/g\/personal\/cristinadf_educastur_org\/ETkC33oCZ1RKvYWzdHQm6n0Bmt-CTh_NSbUG2B9y6jQjDg?e=QdFi03\"><strong>PELAYO<\/strong><\/a><\/span><\/span><\/p>\n<p>&nbsp;<\/p>\n<p style=\"text-align: center\"><span style=\"color: #000080;font-size: 24pt\"><strong><a style=\"color: #000080\" href=\"https:\/\/educastur-my.sharepoint.com\/:b:\/g\/personal\/cristinadf_educastur_org\/EX2vGNBtQS5FvoJyZluWr3IBcvlTUc0eZCJ9vRzCHFAZQg?e=mpysKa\"><img loading=\"lazy\" decoding=\"async\" class=\"alignnone wp-image-210\" src=\"http:\/\/edublog.educastur.es\/rioseco\/files\/2025\/06\/bombillita.png\" alt=\"\" width=\"5\" height=\"5\" \/><\/a><\/strong><a style=\"color: #000080\" href=\"https:\/\/educastur-my.sharepoint.com\/:b:\/g\/personal\/cristinadf_educastur_org\/EX2vGNBtQS5FvoJyZluWr3IBcvlTUc0eZCJ9vRzCHFAZQg?e=mpysKa\"><strong>CRISTIAN<\/strong><\/a><\/span><\/p>\n<p>&nbsp;<\/p>\n<p style=\"text-align: center\"><span style=\"color: #000080;font-size: 24pt\"><strong><a style=\"color: #000080\" href=\"https:\/\/educastur-my.sharepoint.com\/:b:\/g\/personal\/cristinadf_educastur_org\/Ee1nQTprf4BGmkJuWJf2u4gBnu6ZsoZPl4gC2Wk_bNc7PA?e=Wa6q3k\"><img loading=\"lazy\" decoding=\"async\" class=\"alignnone wp-image-210\" src=\"http:\/\/edublog.educastur.es\/rioseco\/files\/2025\/06\/bombillita.png\" alt=\"\" width=\"8\" height=\"8\" \/><\/a><\/strong><a style=\"color: #000080\" href=\"https:\/\/educastur-my.sharepoint.com\/:b:\/g\/personal\/cristinadf_educastur_org\/Ee1nQTprf4BGmkJuWJf2u4gBnu6ZsoZPl4gC2Wk_bNc7PA?e=Wa6q3k\"><strong>NAR\u00c1N<\/strong><\/a><\/span><\/p>\n<p>&nbsp;<\/p>\n<p style=\"text-align: center\"><span style=\"color: #000080;font-size: 24pt\"><strong><a style=\"color: #000080\" href=\"https:\/\/educastur-my.sharepoint.com\/:b:\/g\/personal\/cristinadf_educastur_org\/EcJw9ehXrLdFuip8-jqOfbABJo0PPiVBLgSiQbTtts0L-Q?e=QFKIT3\"><img loading=\"lazy\" decoding=\"async\" class=\"alignnone wp-image-210\" src=\"http:\/\/edublog.educastur.es\/rioseco\/files\/2025\/06\/bombillita.png\" alt=\"\" width=\"9\" height=\"9\" \/><\/a><\/strong><a style=\"color: #000080\" href=\"https:\/\/educastur-my.sharepoint.com\/:b:\/g\/personal\/cristinadf_educastur_org\/EcJw9ehXrLdFuip8-jqOfbABJo0PPiVBLgSiQbTtts0L-Q?e=QFKIT3\"><strong>DIEGO<\/strong><\/a><\/span><\/p>\n<p>&nbsp;<\/p>\n<p style=\"text-align: center\"><span style=\"color: #000080;font-size: 24pt\"><strong><a style=\"color: #000080\" href=\"https:\/\/educastur-my.sharepoint.com\/:b:\/g\/personal\/cristinadf_educastur_org\/ETkh6h1VH7NLsV542iE2J0EBmdC4boge7Y_np_JL8BD4bQ?e=0Uw62z\"><img loading=\"lazy\" decoding=\"async\" class=\"alignnone wp-image-210\" src=\"http:\/\/edublog.educastur.es\/rioseco\/files\/2025\/06\/bombillita.png\" alt=\"\" width=\"5\" height=\"5\" \/><\/a><\/strong><a style=\"color: #000080\" href=\"https:\/\/educastur-my.sharepoint.com\/:b:\/g\/personal\/cristinadf_educastur_org\/ETkh6h1VH7NLsV542iE2J0EBmdC4boge7Y_np_JL8BD4bQ?e=0Uw62z\"><strong>ELISA<\/strong><\/a><\/span><\/p>\n<p>&nbsp;<\/p>\n<p style=\"text-align: center\"><span style=\"color: #000080\"><strong><span style=\"font-size: 18pt;font-family: 'comic sans ms', sans-serif\">RESPUESTAS DEL BOMBIMAN PARA CONTRASTAR CON VUESTRAS B\u00daSQUEDAS<\/span><\/strong><\/span><\/p>\n<p><strong><span style=\"font-size: 24pt;color: #000080\"><a style=\"color: #000080\" href=\"https:\/\/educastur-my.sharepoint.com\/:b:\/g\/personal\/cristinadf_educastur_org\/EXyprL6aslBMjTC5V32GaQsBkMAAyic-RaFNUUxWmHqNEQ?e=5K6JLk\"><img loading=\"lazy\" decoding=\"async\" class=\"size-medium wp-image-121 aligncenter\" src=\"http:\/\/edublog.educastur.es\/rioseco\/files\/2025\/06\/BOMBIMAN_FOTO-295x300.png\" alt=\"\" width=\"295\" height=\"300\" \/><\/a><\/span><\/strong><\/p>\n<p>&nbsp;<\/p>\n<p>&nbsp;<\/p>\n","protected":false},"excerpt":{"rendered":"<p>PALMIRA &nbsp; IN\u00c9S &nbsp; PELAYO &nbsp; CRISTIAN &nbsp; NAR\u00c1N &nbsp; DIEGO &nbsp; ELISA &nbsp; RESPUESTAS DEL BOMBIMAN PARA CONTRASTAR CON VUESTRAS B\u00daSQUEDAS &nbsp; &nbsp;<\/p>\n","protected":false},"author":420,"featured_media":0,"parent":0,"menu_order":0,"comment_status":"closed","ping_status":"closed","template":"","meta":{"footnotes":""},"class_list":["post-55","page","type-page","status-publish","hentry"],"_links":{"self":[{"href":"https:\/\/edublog.educastur.es\/rioseco\/wp-json\/wp\/v2\/pages\/55","targetHints":{"allow":["GET"]}}],"collection":[{"href":"https:\/\/edublog.educastur.es\/rioseco\/wp-json\/wp\/v2\/pages"}],"about":[{"href":"https:\/\/edublog.educastur.es\/rioseco\/wp-json\/wp\/v2\/types\/page"}],"author":[{"embeddable":true,"href":"https:\/\/edublog.educastur.es\/rioseco\/wp-json\/wp\/v2\/users\/420"}],"replies":[{"embeddable":true,"href":"https:\/\/edublog.educastur.es\/rioseco\/wp-json\/wp\/v2\/comments?post=55"}],"version-history":[{"count":29,"href":"https:\/\/edublog.educastur.es\/rioseco\/wp-json\/wp\/v2\/pages\/55\/revisions"}],"predecessor-version":[{"id":214,"href":"https:\/\/edublog.educastur.es\/rioseco\/wp-json\/wp\/v2\/pages\/55\/revisions\/214"}],"wp:attachment":[{"href":"https:\/\/edublog.educastur.es\/rioseco\/wp-json\/wp\/v2\/media?parent=55"}],"curies":[{"name":"wp","href":"https:\/\/api.w.org\/{rel}","templated":true}]}}