{"id":2,"date":"2020-11-20T14:00:37","date_gmt":"2020-11-20T14:00:37","guid":{"rendered":"https:\/\/edublog.educastur.es\/rrrcifphosteleriayturismogijon\/?page_id=2"},"modified":"2021-03-16T08:55:32","modified_gmt":"2021-03-16T08:55:32","slug":"pagina-ejemplo","status":"publish","type":"page","link":"https:\/\/edublog.educastur.es\/rrrcifphosteleriayturismogijon\/pagina-ejemplo\/","title":{"rendered":"INICIO"},"content":{"rendered":"<p>El Centro Integrado de<strong> Formaci\u00f3n Profesional de Hosteler\u00eda y Turismo<\/strong> quiere dar la bienvenida a todos los miembros de la comunidad educativa: alumnado, profesorado, personal y familias; y a todas las personas que nos visitan desde aqu\u00ed.<\/p>\n<p>El Centro Integrado de Hosteler\u00eda y Turismo de Gij\u00f3n es un Centro P\u00fablico y forma parte de la Red de Centros Integrados de la Consejer\u00eda de Educaci\u00f3n y Cultura\u00a0 del Principado de Asturias, por lo que las ense\u00f1anzas que imparte dentro de la Formaci\u00f3n Profesional Inicial y Formaci\u00f3n Profesional para el Empleo\u00a0son\u00a0gratuitas<strong>.<\/strong><\/p>\n<p>Os animamos a visitarnos en:<\/p>\n<p><strong>https:\/\/www.cifphosteleriayturismo.es\/<\/strong><\/p>\n<p>Desde hace muchos a\u00f1os estamos dentro de la RER, muy motivados y con unos objetivos muy claros que os detallamos a continuaci\u00f3n:<\/p>\n<p>C1: Fomentar y estimular el desarrollo de actividades de educaci\u00f3n ambiental y h\u00e1bitos sostenibles relacionados con la gesti\u00f3n adecuada de los residuos.<\/p>\n<p>RESULTADO ESPERADO:<\/p>\n<ul>\n<li>Implicar a toda la comunidad educativa en las pr\u00e1cticas relacionadas con la protecci\u00f3n del medio ambiente.<\/li>\n<li>Desarrollar actitudes y valores de respeto hacia el medio ambiente.<\/li>\n<li>Aprender que los residuos a\u00fan pueden ser \u00fatiles, mediante su reciclaje.<\/li>\n<li>Optimizar los procesos de separaci\u00f3n y gesti\u00f3n de los residuos generados en el centro educativo.<\/li>\n<\/ul>\n<p>&nbsp;<\/p>\n<p>HERRAMIENTAS:<\/p>\n<ul>\n<li>Planificaci\u00f3n conjunta entre las U.C., el equipo directivo, con la implicaci\u00f3n m\u00e1xima del alumnado.<\/li>\n<li>Participaci\u00f3n activa en las actividades planteadas por organismos como COGERSA, en el marco de la Red de Escuelas por el Reciclaje.<\/li>\n<\/ul>\n<p>&nbsp;<\/p>\n<p>C2: Ofrecer una campa\u00f1a de sensibilizaci\u00f3n con el reciclaje, reutilizaci\u00f3n, reducci\u00f3n y recogida de residuos en el centro educativo.<\/p>\n<p>RESULTADO ESPERADO:<\/p>\n<ul>\n<li>Coordinaci\u00f3n con el profesorado que imparte el m\u00f3dulo de Seguridad e Higiene Alimentaria u otros m\u00f3dulos en los que se aborde la tem\u00e1tica medioambiental y el reciclaje, en la puesta en marcha de determinadas actividades, incluidas las visitas con alumnos a las instalaciones de COGERSA.<\/li>\n<li>Promoci\u00f3n a trav\u00e9s de la web del centro de todas las acciones que se pongan en marcha durante el presente curso en relaci\u00f3n al cuidado medioambiental y el reciclaje.<\/li>\n<li>Informaci\u00f3n al claustro de profesores de las acciones que se van a llevar a cabo para el presente curso en materia de reducci\u00f3n, reutilizaci\u00f3n y reciclaje.<\/li>\n<li>Puesta en valor de las acciones 3R que ya se desarrollan en el centro, buscando su mejora y ampliando opciones de reciclaje en la medida de las posibilidades del centro.<\/li>\n<\/ul>\n<p>&nbsp;<\/p>\n<p>HERRAMIENTAS:<\/p>\n<ul>\n<li>Planificaci\u00f3n conjunta entre las U.C., el equipo directivo, con la implicaci\u00f3n m\u00e1xima del alumnado.<\/li>\n<li>Participaci\u00f3n activa en las actividades planteadas por organismos como COGERSA, en el marco de la Red de Escuelas por el Reciclaje.<\/li>\n<\/ul>\n<p>&nbsp;<\/p>\n<p>C3: Mejorar la recogida separada de residuos en todas las estancias del centro, incluyendo la organizaci\u00f3n del traslado de los mismos hasta los contenedores p\u00fablicos m\u00e1s cercanos.<\/p>\n<p>RESULTADO ESPERADO:<\/p>\n<ul>\n<li>Mejora de las cifras de residuos reciclados de forma separada por el centro.<\/li>\n<li>Educaci\u00f3n en valores del alumnado implicado.<\/li>\n<li>Implantar la recogida separada en todas las estancias del centro educativo y evaluar los resultados de la recogida separada de residuos.<\/li>\n<\/ul>\n<p>&nbsp;<\/p>\n<p>HERRAMIENTAS:<\/p>\n<ul>\n<li>Planificaci\u00f3n conjunta entre las U.C., el equipo directivo, con la implicaci\u00f3n m\u00e1xima del alumnado.<\/li>\n<li>Participaci\u00f3n activa en las actividades planteadas por organismos como COGERSA, en el marco de la Red de Escuelas por el Reciclaje.<\/li>\n<\/ul>\n<p>&nbsp;<\/p>\n<p>&nbsp;<\/p>\n","protected":false},"excerpt":{"rendered":"<p>El Centro Integrado de Formaci\u00f3n Profesional de Hosteler\u00eda y Turismo quiere dar la bienvenida a todos los miembros de la comunidad educativa: alumnado, profesorado, personal y familias; y a todas las personas que nos visitan desde aqu\u00ed. El Centro Integrado&#8230; <a class=\"more-link\" href=\"https:\/\/edublog.educastur.es\/rrrcifphosteleriayturismogijon\/pagina-ejemplo\/\">Seguir leyendo &rarr;<\/a><\/p>\n","protected":false},"author":634,"featured_media":0,"parent":0,"menu_order":0,"comment_status":"closed","ping_status":"open","template":"","meta":{"footnotes":""},"class_list":["post-2","page","type-page","status-publish","hentry"],"_links":{"self":[{"href":"https:\/\/edublog.educastur.es\/rrrcifphosteleriayturismogijon\/wp-json\/wp\/v2\/pages\/2","targetHints":{"allow":["GET"]}}],"collection":[{"href":"https:\/\/edublog.educastur.es\/rrrcifphosteleriayturismogijon\/wp-json\/wp\/v2\/pages"}],"about":[{"href":"https:\/\/edublog.educastur.es\/rrrcifphosteleriayturismogijon\/wp-json\/wp\/v2\/types\/page"}],"author":[{"embeddable":true,"href":"https:\/\/edublog.educastur.es\/rrrcifphosteleriayturismogijon\/wp-json\/wp\/v2\/users\/634"}],"replies":[{"embeddable":true,"href":"https:\/\/edublog.educastur.es\/rrrcifphosteleriayturismogijon\/wp-json\/wp\/v2\/comments?post=2"}],"version-history":[{"count":5,"href":"https:\/\/edublog.educastur.es\/rrrcifphosteleriayturismogijon\/wp-json\/wp\/v2\/pages\/2\/revisions"}],"predecessor-version":[{"id":70,"href":"https:\/\/edublog.educastur.es\/rrrcifphosteleriayturismogijon\/wp-json\/wp\/v2\/pages\/2\/revisions\/70"}],"wp:attachment":[{"href":"https:\/\/edublog.educastur.es\/rrrcifphosteleriayturismogijon\/wp-json\/wp\/v2\/media?parent=2"}],"curies":[{"name":"wp","href":"https:\/\/api.w.org\/{rel}","templated":true}]}}