{"id":51,"date":"2021-03-16T08:45:27","date_gmt":"2021-03-16T08:45:27","guid":{"rendered":"https:\/\/edublog.educastur.es\/rrrcifphosteleriayturismogijon\/?page_id=51"},"modified":"2021-04-28T14:43:57","modified_gmt":"2021-04-28T14:43:57","slug":"inicio","status":"publish","type":"page","link":"https:\/\/edublog.educastur.es\/rrrcifphosteleriayturismogijon\/inicio\/","title":{"rendered":"EXPERIENCIA RER"},"content":{"rendered":"<p>Buenos d\u00edas,<\/p>\n<p>Os adjuntamos una memoria de actividades en la que hemos resumido las actividades m\u00e1s importantes que hemos ido desarrollando \u00a0lo largo de los a\u00f1os:<\/p>\n<p><a href=\"http:\/\/edublog.educastur.es\/rrrcifphosteleriayturismogijon\/files\/2021\/03\/MEMORIA-ACTIVIDADES-CENTRO-RRRR_compressed-1.pdf\">MEMORIA ACTIVIDADES CENTRO RRRR<\/a><\/p>\n<p>&nbsp;<\/p>\n<p>Una vez le\u00edda os dar\u00e9is cuenta de que hay un sin fin de acciones: Revistas, webs, calendarios, concursos, cu\u00f1as de radio, carteles, campa\u00f1as solidarias&#8230;&#8230;\u00a0 Todas con un fin claro<strong>. LA CONCIENCIACI\u00d3N<\/strong><\/p>\n<div data-url=\"https:\/\/issuu.com\/treserreshytgijon\/docs\/revista_recicla_rrr_cifp_hyt_gij_n_\" style=\"width: 676px; height: 478px;\" class=\"issuuembed\"><\/div>\n<p><script type=\"text\/javascript\" src=\"\/\/e.issuu.com\/embed.js\" async=\"true\"><\/script><\/p>\n<p>Estuvimos tantas veces a punto de lograr el premio que creemos que esta vez puede ser la nuestra!! Nuestro centro aspira a ser centro 4 RRR, por tantas actividades, tantas luchas, tanto compromiso que han puesto en valor nuestro alumnado, nuestro profesorado. <strong>Nos lo merecemos!!<\/strong><\/p>\n<p>&nbsp;<\/p>\n<p>Adem\u00e1s de la revista, Os dejamos un recopilatorio de acciones, que no destacan tanto pero, que han gustado en nuestro CIFP, en los que hemos puesto el coraz\u00f3n y sobre todo en las que han luchado para lograr algo clave: <strong>LA PARTICIPACI\u00d3N<\/strong> de la comunidad educativa.<\/p>\n<p>&nbsp;<\/p>\n<p><img loading=\"lazy\" decoding=\"async\" class=\"alignnone size-medium wp-image-73\" src=\"http:\/\/edublog.educastur.es\/rrrcifphosteleriayturismogijon\/files\/2021\/03\/CALENDARIO-SOLIDARIO-300x218.png\" alt=\"\" width=\"300\" height=\"218\" srcset=\"https:\/\/edublog.educastur.es\/rrrcifphosteleriayturismogijon\/files\/2021\/03\/CALENDARIO-SOLIDARIO-300x218.png 300w, https:\/\/edublog.educastur.es\/rrrcifphosteleriayturismogijon\/files\/2021\/03\/CALENDARIO-SOLIDARIO-1024x746.png 1024w, https:\/\/edublog.educastur.es\/rrrcifphosteleriayturismogijon\/files\/2021\/03\/CALENDARIO-SOLIDARIO-768x559.png 768w, https:\/\/edublog.educastur.es\/rrrcifphosteleriayturismogijon\/files\/2021\/03\/CALENDARIO-SOLIDARIO-600x437.png 600w, https:\/\/edublog.educastur.es\/rrrcifphosteleriayturismogijon\/files\/2021\/03\/CALENDARIO-SOLIDARIO-945x688.png 945w, https:\/\/edublog.educastur.es\/rrrcifphosteleriayturismogijon\/files\/2021\/03\/CALENDARIO-SOLIDARIO.png 1152w\" sizes=\"auto, (max-width: 300px) 100vw, 300px\" \/><\/p>\n<p><img loading=\"lazy\" decoding=\"async\" class=\"alignnone size-medium wp-image-74\" src=\"http:\/\/edublog.educastur.es\/rrrcifphosteleriayturismogijon\/files\/2021\/03\/arbol-de-la-vida-5-300x225.jpg\" alt=\"\" width=\"300\" height=\"225\" srcset=\"https:\/\/edublog.educastur.es\/rrrcifphosteleriayturismogijon\/files\/2021\/03\/arbol-de-la-vida-5-300x225.jpg 300w, https:\/\/edublog.educastur.es\/rrrcifphosteleriayturismogijon\/files\/2021\/03\/arbol-de-la-vida-5-600x451.jpg 600w, https:\/\/edublog.educastur.es\/rrrcifphosteleriayturismogijon\/files\/2021\/03\/arbol-de-la-vida-5.jpg 640w\" sizes=\"auto, (max-width: 300px) 100vw, 300px\" \/><\/p>\n<p><img loading=\"lazy\" decoding=\"async\" class=\"alignnone size-medium wp-image-78\" src=\"http:\/\/edublog.educastur.es\/rrrcifphosteleriayturismogijon\/files\/2021\/03\/arbol-de-la-vida-6-225x300.jpg\" alt=\"\" width=\"225\" height=\"300\" srcset=\"https:\/\/edublog.educastur.es\/rrrcifphosteleriayturismogijon\/files\/2021\/03\/arbol-de-la-vida-6-225x300.jpg 225w, https:\/\/edublog.educastur.es\/rrrcifphosteleriayturismogijon\/files\/2021\/03\/arbol-de-la-vida-6-rotated.jpg 480w\" sizes=\"auto, (max-width: 225px) 100vw, 225px\" \/><\/p>\n<p><img loading=\"lazy\" decoding=\"async\" class=\"alignnone size-medium wp-image-75\" src=\"http:\/\/edublog.educastur.es\/rrrcifphosteleriayturismogijon\/files\/2021\/03\/IMG_3810-300x225.jpg\" alt=\"\" width=\"300\" height=\"225\" srcset=\"https:\/\/edublog.educastur.es\/rrrcifphosteleriayturismogijon\/files\/2021\/03\/IMG_3810-300x225.jpg 300w, https:\/\/edublog.educastur.es\/rrrcifphosteleriayturismogijon\/files\/2021\/03\/IMG_3810-600x450.jpg 600w, https:\/\/edublog.educastur.es\/rrrcifphosteleriayturismogijon\/files\/2021\/03\/IMG_3810.jpg 640w\" sizes=\"auto, (max-width: 300px) 100vw, 300px\" \/><img loading=\"lazy\" decoding=\"async\" class=\"alignnone size-medium wp-image-76\" src=\"http:\/\/edublog.educastur.es\/rrrcifphosteleriayturismogijon\/files\/2021\/03\/IMG_3806-300x225.jpg\" alt=\"\" width=\"300\" height=\"225\" srcset=\"https:\/\/edublog.educastur.es\/rrrcifphosteleriayturismogijon\/files\/2021\/03\/IMG_3806-300x225.jpg 300w, https:\/\/edublog.educastur.es\/rrrcifphosteleriayturismogijon\/files\/2021\/03\/IMG_3806-600x450.jpg 600w, https:\/\/edublog.educastur.es\/rrrcifphosteleriayturismogijon\/files\/2021\/03\/IMG_3806.jpg 640w\" sizes=\"auto, (max-width: 300px) 100vw, 300px\" \/><img loading=\"lazy\" decoding=\"async\" class=\"alignnone size-medium wp-image-77\" src=\"http:\/\/edublog.educastur.es\/rrrcifphosteleriayturismogijon\/files\/2021\/03\/menu-resaborea-232x300.jpg\" alt=\"\" width=\"232\" height=\"300\" srcset=\"https:\/\/edublog.educastur.es\/rrrcifphosteleriayturismogijon\/files\/2021\/03\/menu-resaborea-232x300.jpg 232w, https:\/\/edublog.educastur.es\/rrrcifphosteleriayturismogijon\/files\/2021\/03\/menu-resaborea-791x1024.jpg 791w, https:\/\/edublog.educastur.es\/rrrcifphosteleriayturismogijon\/files\/2021\/03\/menu-resaborea-768x994.jpg 768w, https:\/\/edublog.educastur.es\/rrrcifphosteleriayturismogijon\/files\/2021\/03\/menu-resaborea-1187x1536.jpg 1187w, https:\/\/edublog.educastur.es\/rrrcifphosteleriayturismogijon\/files\/2021\/03\/menu-resaborea-600x776.jpg 600w, https:\/\/edublog.educastur.es\/rrrcifphosteleriayturismogijon\/files\/2021\/03\/menu-resaborea-945x1223.jpg 945w, https:\/\/edublog.educastur.es\/rrrcifphosteleriayturismogijon\/files\/2021\/03\/menu-resaborea.jpg 1275w\" sizes=\"auto, (max-width: 232px) 100vw, 232px\" \/><\/p>\n<p>&nbsp;<\/p>\n<p>Cada a\u00f1o hemos creado un <strong>blog<\/strong> resumiendo las acciones. Este es un buen ejemplo de una de ellos: Ese a\u00f1o creamos un concurso de cu\u00f1as de radio concienciadoras!! Un \u00e9xito total, un recetario con sobras, y un logotipo con tapones!!<\/p>\n<p><a href=\"http:\/\/alojeventos1.blogspot.com\/\">WEB<\/a><\/p>\n<p><a href=\"http:\/\/edublog.educastur.es\/rrrcifphosteleriayturismogijon\/files\/2021\/03\/Folleto-R.pdf\">Folleto R<\/a><\/p>\n<p>Aqu\u00ed ten\u00e9is un ejemplo de una de nuestras cu\u00f1as:<\/p>\n<p><strong>https:\/\/soundcloud.com\/user-78569748\/cuna-radio-bea-mp3<\/strong><\/p>\n<p>&nbsp;<\/p>\n<p>Hemos quedado finalistas un mont\u00f3n de veces, este a\u00f1o sin ir m\u00e1s lejos en la SEPR.<\/p>\n<p>Las acciones de este a\u00f1o han sido subidas a lo largo del blog. Os animo a leerlas!!!<\/p>\n<p><img loading=\"lazy\" decoding=\"async\" class=\"alignnone size-medium wp-image-172\" src=\"http:\/\/edublog.educastur.es\/rrrcifphosteleriayturismogijon\/files\/2021\/04\/diploma-2020-300x225.png\" alt=\"\" width=\"300\" height=\"225\" srcset=\"https:\/\/edublog.educastur.es\/rrrcifphosteleriayturismogijon\/files\/2021\/04\/diploma-2020-300x225.png 300w, https:\/\/edublog.educastur.es\/rrrcifphosteleriayturismogijon\/files\/2021\/04\/diploma-2020-1024x768.png 1024w, https:\/\/edublog.educastur.es\/rrrcifphosteleriayturismogijon\/files\/2021\/04\/diploma-2020-768x576.png 768w, https:\/\/edublog.educastur.es\/rrrcifphosteleriayturismogijon\/files\/2021\/04\/diploma-2020-600x450.png 600w, https:\/\/edublog.educastur.es\/rrrcifphosteleriayturismogijon\/files\/2021\/04\/diploma-2020-945x709.png 945w, https:\/\/edublog.educastur.es\/rrrcifphosteleriayturismogijon\/files\/2021\/04\/diploma-2020.png 1280w\" sizes=\"auto, (max-width: 300px) 100vw, 300px\" \/><\/p>\n<p>Para finalizar os dejamos un resumen de todos nuestros premios<\/p>\n<p><img loading=\"lazy\" decoding=\"async\" class=\"alignnone size-medium wp-image-183\" src=\"http:\/\/edublog.educastur.es\/rrrcifphosteleriayturismogijon\/files\/2021\/04\/BD026229-63EB-43BB-ACA2-00202D2FC680-300x225.jpeg\" alt=\"\" width=\"300\" height=\"225\" srcset=\"https:\/\/edublog.educastur.es\/rrrcifphosteleriayturismogijon\/files\/2021\/04\/BD026229-63EB-43BB-ACA2-00202D2FC680-300x225.jpeg 300w, https:\/\/edublog.educastur.es\/rrrcifphosteleriayturismogijon\/files\/2021\/04\/BD026229-63EB-43BB-ACA2-00202D2FC680-1024x768.jpeg 1024w, https:\/\/edublog.educastur.es\/rrrcifphosteleriayturismogijon\/files\/2021\/04\/BD026229-63EB-43BB-ACA2-00202D2FC680-768x576.jpeg 768w, https:\/\/edublog.educastur.es\/rrrcifphosteleriayturismogijon\/files\/2021\/04\/BD026229-63EB-43BB-ACA2-00202D2FC680-1536x1152.jpeg 1536w, https:\/\/edublog.educastur.es\/rrrcifphosteleriayturismogijon\/files\/2021\/04\/BD026229-63EB-43BB-ACA2-00202D2FC680-600x450.jpeg 600w, https:\/\/edublog.educastur.es\/rrrcifphosteleriayturismogijon\/files\/2021\/04\/BD026229-63EB-43BB-ACA2-00202D2FC680-945x709.jpeg 945w, https:\/\/edublog.educastur.es\/rrrcifphosteleriayturismogijon\/files\/2021\/04\/BD026229-63EB-43BB-ACA2-00202D2FC680.jpeg 2016w\" sizes=\"auto, (max-width: 300px) 100vw, 300px\" \/> <img loading=\"lazy\" decoding=\"async\" class=\"alignnone size-medium wp-image-184\" src=\"http:\/\/edublog.educastur.es\/rrrcifphosteleriayturismogijon\/files\/2021\/04\/803881DB-5835-4F03-8A16-DF0A2ECE01DB-300x225.jpeg\" alt=\"\" width=\"300\" height=\"225\" srcset=\"https:\/\/edublog.educastur.es\/rrrcifphosteleriayturismogijon\/files\/2021\/04\/803881DB-5835-4F03-8A16-DF0A2ECE01DB-300x225.jpeg 300w, https:\/\/edublog.educastur.es\/rrrcifphosteleriayturismogijon\/files\/2021\/04\/803881DB-5835-4F03-8A16-DF0A2ECE01DB-1024x768.jpeg 1024w, https:\/\/edublog.educastur.es\/rrrcifphosteleriayturismogijon\/files\/2021\/04\/803881DB-5835-4F03-8A16-DF0A2ECE01DB-768x576.jpeg 768w, https:\/\/edublog.educastur.es\/rrrcifphosteleriayturismogijon\/files\/2021\/04\/803881DB-5835-4F03-8A16-DF0A2ECE01DB-1536x1152.jpeg 1536w, https:\/\/edublog.educastur.es\/rrrcifphosteleriayturismogijon\/files\/2021\/04\/803881DB-5835-4F03-8A16-DF0A2ECE01DB-600x450.jpeg 600w, https:\/\/edublog.educastur.es\/rrrcifphosteleriayturismogijon\/files\/2021\/04\/803881DB-5835-4F03-8A16-DF0A2ECE01DB-945x709.jpeg 945w, https:\/\/edublog.educastur.es\/rrrcifphosteleriayturismogijon\/files\/2021\/04\/803881DB-5835-4F03-8A16-DF0A2ECE01DB.jpeg 2016w\" sizes=\"auto, (max-width: 300px) 100vw, 300px\" \/><\/p>\n<p>Sabemos que los ni\u00f1os destacan m\u00e1s pero no cre\u00e9is que los adultos tambi\u00e9n lo trabajan con el mismo cari\u00f1o y respeto? En el fondo todos somos ni\u00f1os \ud83d\ude42<\/p>\n<p>&nbsp;<\/p>\n","protected":false},"excerpt":{"rendered":"<p>Buenos d\u00edas, Os adjuntamos una memoria de actividades en la que hemos resumido las actividades m\u00e1s importantes que hemos ido desarrollando \u00a0lo largo de los a\u00f1os: MEMORIA ACTIVIDADES CENTRO RRRR &nbsp; Una vez le\u00edda os dar\u00e9is cuenta de que hay&#8230; <a class=\"more-link\" href=\"https:\/\/edublog.educastur.es\/rrrcifphosteleriayturismogijon\/inicio\/\">Seguir leyendo &rarr;<\/a><\/p>\n","protected":false},"author":634,"featured_media":0,"parent":0,"menu_order":0,"comment_status":"closed","ping_status":"closed","template":"","meta":{"footnotes":""},"class_list":["post-51","page","type-page","status-publish","hentry"],"_links":{"self":[{"href":"https:\/\/edublog.educastur.es\/rrrcifphosteleriayturismogijon\/wp-json\/wp\/v2\/pages\/51","targetHints":{"allow":["GET"]}}],"collection":[{"href":"https:\/\/edublog.educastur.es\/rrrcifphosteleriayturismogijon\/wp-json\/wp\/v2\/pages"}],"about":[{"href":"https:\/\/edublog.educastur.es\/rrrcifphosteleriayturismogijon\/wp-json\/wp\/v2\/types\/page"}],"author":[{"embeddable":true,"href":"https:\/\/edublog.educastur.es\/rrrcifphosteleriayturismogijon\/wp-json\/wp\/v2\/users\/634"}],"replies":[{"embeddable":true,"href":"https:\/\/edublog.educastur.es\/rrrcifphosteleriayturismogijon\/wp-json\/wp\/v2\/comments?post=51"}],"version-history":[{"count":19,"href":"https:\/\/edublog.educastur.es\/rrrcifphosteleriayturismogijon\/wp-json\/wp\/v2\/pages\/51\/revisions"}],"predecessor-version":[{"id":185,"href":"https:\/\/edublog.educastur.es\/rrrcifphosteleriayturismogijon\/wp-json\/wp\/v2\/pages\/51\/revisions\/185"}],"wp:attachment":[{"href":"https:\/\/edublog.educastur.es\/rrrcifphosteleriayturismogijon\/wp-json\/wp\/v2\/media?parent=51"}],"curies":[{"name":"wp","href":"https:\/\/api.w.org\/{rel}","templated":true}]}}