{"id":56,"date":"2021-03-16T08:46:52","date_gmt":"2021-03-16T08:46:52","guid":{"rendered":"https:\/\/edublog.educastur.es\/rrrcifphosteleriayturismogijon\/?page_id=56"},"modified":"2021-04-30T12:42:53","modified_gmt":"2021-04-30T12:42:53","slug":"participacion","status":"publish","type":"page","link":"https:\/\/edublog.educastur.es\/rrrcifphosteleriayturismogijon\/participacion\/","title":{"rendered":"PARTICIPACI\u00d3N"},"content":{"rendered":"<p>A lo largo de este blog hab\u00e9is visto todas las acciones que hemos ido realizando todos estos a\u00f1os.<\/p>\n<p>Hemos logrado que participara desde el principio toda la comunidad educativa, principalmente alumnado y profesorado de primeros cursos.<\/p>\n<p><span style=\"font-size: 14pt\"><strong>c\u00f3mo?<\/strong><\/span><\/p>\n<p><span style=\"font-size: 14pt\"><strong><br \/>\n<\/strong><\/span><strong>1. Participando en todas las acciones que hab\u00e9is visto e informando a toda la comunidad educativa a trav\u00e9s de Instagram.<\/strong><\/p>\n<p><img loading=\"lazy\" decoding=\"async\" class=\"alignnone size-medium wp-image-176\" src=\"http:\/\/edublog.educastur.es\/rrrcifphosteleriayturismogijon\/files\/2021\/04\/IMG_7702-min-169x300.png\" alt=\"\" width=\"169\" height=\"300\" srcset=\"https:\/\/edublog.educastur.es\/rrrcifphosteleriayturismogijon\/files\/2021\/04\/IMG_7702-min-169x300.png 169w, https:\/\/edublog.educastur.es\/rrrcifphosteleriayturismogijon\/files\/2021\/04\/IMG_7702-min-576x1024.png 576w, https:\/\/edublog.educastur.es\/rrrcifphosteleriayturismogijon\/files\/2021\/04\/IMG_7702-min-600x1067.png 600w, https:\/\/edublog.educastur.es\/rrrcifphosteleriayturismogijon\/files\/2021\/04\/IMG_7702-min.png 750w\" sizes=\"auto, (max-width: 169px) 100vw, 169px\" \/><\/p>\n<p>&nbsp;<\/p>\n<p><strong>2. Reciclando todo lo que podemos.<\/strong> Un ejemplo : los tapones<\/p>\n<p><img loading=\"lazy\" decoding=\"async\" class=\"alignnone size-medium wp-image-103\" src=\"http:\/\/edublog.educastur.es\/rrrcifphosteleriayturismogijon\/files\/2021\/04\/12D6F98B-F7A4-47C4-9B00-74B7C448109E-225x300.jpeg\" alt=\"\" width=\"225\" height=\"300\" srcset=\"https:\/\/edublog.educastur.es\/rrrcifphosteleriayturismogijon\/files\/2021\/04\/12D6F98B-F7A4-47C4-9B00-74B7C448109E-225x300.jpeg 225w, https:\/\/edublog.educastur.es\/rrrcifphosteleriayturismogijon\/files\/2021\/04\/12D6F98B-F7A4-47C4-9B00-74B7C448109E-768x1024.jpeg 768w, https:\/\/edublog.educastur.es\/rrrcifphosteleriayturismogijon\/files\/2021\/04\/12D6F98B-F7A4-47C4-9B00-74B7C448109E-600x800.jpeg 600w, https:\/\/edublog.educastur.es\/rrrcifphosteleriayturismogijon\/files\/2021\/04\/12D6F98B-F7A4-47C4-9B00-74B7C448109E-945x1260.jpeg 945w, https:\/\/edublog.educastur.es\/rrrcifphosteleriayturismogijon\/files\/2021\/04\/12D6F98B-F7A4-47C4-9B00-74B7C448109E.jpeg 1092w\" sizes=\"auto, (max-width: 225px) 100vw, 225px\" \/><\/p>\n<p><strong>3. Promoviendo la alimentaci\u00f3n saludable<\/strong>: En nuestras m\u00e1quinas del centro se puede encontrar productos m\u00e1s sanos, evitando as\u00ed los productos industriales.<\/p>\n<p><img loading=\"lazy\" decoding=\"async\" class=\"alignnone size-medium wp-image-104\" src=\"http:\/\/edublog.educastur.es\/rrrcifphosteleriayturismogijon\/files\/2021\/04\/CC6E3A5F-6C09-433F-B201-D7605CDF99D0-300x225.jpeg\" alt=\"\" width=\"300\" height=\"225\" srcset=\"https:\/\/edublog.educastur.es\/rrrcifphosteleriayturismogijon\/files\/2021\/04\/CC6E3A5F-6C09-433F-B201-D7605CDF99D0-300x225.jpeg 300w, https:\/\/edublog.educastur.es\/rrrcifphosteleriayturismogijon\/files\/2021\/04\/CC6E3A5F-6C09-433F-B201-D7605CDF99D0-1024x768.jpeg 1024w, https:\/\/edublog.educastur.es\/rrrcifphosteleriayturismogijon\/files\/2021\/04\/CC6E3A5F-6C09-433F-B201-D7605CDF99D0-768x576.jpeg 768w, https:\/\/edublog.educastur.es\/rrrcifphosteleriayturismogijon\/files\/2021\/04\/CC6E3A5F-6C09-433F-B201-D7605CDF99D0-1536x1152.jpeg 1536w, https:\/\/edublog.educastur.es\/rrrcifphosteleriayturismogijon\/files\/2021\/04\/CC6E3A5F-6C09-433F-B201-D7605CDF99D0-600x450.jpeg 600w, https:\/\/edublog.educastur.es\/rrrcifphosteleriayturismogijon\/files\/2021\/04\/CC6E3A5F-6C09-433F-B201-D7605CDF99D0-945x709.jpeg 945w, https:\/\/edublog.educastur.es\/rrrcifphosteleriayturismogijon\/files\/2021\/04\/CC6E3A5F-6C09-433F-B201-D7605CDF99D0.jpeg 1941w\" sizes=\"auto, (max-width: 300px) 100vw, 300px\" \/><\/p>\n<p>&nbsp;<\/p>\n<p><strong>4. Eliminando envases<\/strong>: animando a traer su propio vaso para evitar los desechables.<\/p>\n<p><img loading=\"lazy\" decoding=\"async\" class=\"alignnone size-medium wp-image-97\" src=\"http:\/\/edublog.educastur.es\/rrrcifphosteleriayturismogijon\/files\/2021\/04\/ABB5D86A-42C2-42B6-971E-888B2FEC0B8C-225x300.jpeg\" alt=\"\" width=\"225\" height=\"300\" srcset=\"https:\/\/edublog.educastur.es\/rrrcifphosteleriayturismogijon\/files\/2021\/04\/ABB5D86A-42C2-42B6-971E-888B2FEC0B8C-225x300.jpeg 225w, https:\/\/edublog.educastur.es\/rrrcifphosteleriayturismogijon\/files\/2021\/04\/ABB5D86A-42C2-42B6-971E-888B2FEC0B8C-768x1024.jpeg 768w, https:\/\/edublog.educastur.es\/rrrcifphosteleriayturismogijon\/files\/2021\/04\/ABB5D86A-42C2-42B6-971E-888B2FEC0B8C-600x800.jpeg 600w, https:\/\/edublog.educastur.es\/rrrcifphosteleriayturismogijon\/files\/2021\/04\/ABB5D86A-42C2-42B6-971E-888B2FEC0B8C-945x1260.jpeg 945w, https:\/\/edublog.educastur.es\/rrrcifphosteleriayturismogijon\/files\/2021\/04\/ABB5D86A-42C2-42B6-971E-888B2FEC0B8C.jpeg 1092w\" sizes=\"auto, (max-width: 225px) 100vw, 225px\" \/><\/p>\n<p><strong>5.<\/strong> <strong>Usando botellas reutilizables<\/strong> con agua del grifo en nuestro comedor<\/p>\n<p><img loading=\"lazy\" decoding=\"async\" class=\"alignnone size-medium wp-image-98\" src=\"http:\/\/edublog.educastur.es\/rrrcifphosteleriayturismogijon\/files\/2021\/04\/652DF1AB-45C0-4638-9C9E-E87F389F65C6-300x225.jpeg\" alt=\"\" width=\"300\" height=\"225\" srcset=\"https:\/\/edublog.educastur.es\/rrrcifphosteleriayturismogijon\/files\/2021\/04\/652DF1AB-45C0-4638-9C9E-E87F389F65C6-300x225.jpeg 300w, https:\/\/edublog.educastur.es\/rrrcifphosteleriayturismogijon\/files\/2021\/04\/652DF1AB-45C0-4638-9C9E-E87F389F65C6-1024x768.jpeg 1024w, https:\/\/edublog.educastur.es\/rrrcifphosteleriayturismogijon\/files\/2021\/04\/652DF1AB-45C0-4638-9C9E-E87F389F65C6-768x576.jpeg 768w, https:\/\/edublog.educastur.es\/rrrcifphosteleriayturismogijon\/files\/2021\/04\/652DF1AB-45C0-4638-9C9E-E87F389F65C6-1536x1152.jpeg 1536w, https:\/\/edublog.educastur.es\/rrrcifphosteleriayturismogijon\/files\/2021\/04\/652DF1AB-45C0-4638-9C9E-E87F389F65C6-600x450.jpeg 600w, https:\/\/edublog.educastur.es\/rrrcifphosteleriayturismogijon\/files\/2021\/04\/652DF1AB-45C0-4638-9C9E-E87F389F65C6-945x709.jpeg 945w, https:\/\/edublog.educastur.es\/rrrcifphosteleriayturismogijon\/files\/2021\/04\/652DF1AB-45C0-4638-9C9E-E87F389F65C6.jpeg 1600w\" sizes=\"auto, (max-width: 300px) 100vw, 300px\" \/><\/p>\n<p><strong>6.Participando en acciones solidarias:\u00a0<\/strong>Ejemplos de ellos los encontr\u00e1is en nuestro instagram.<\/p>\n<p><img loading=\"lazy\" decoding=\"async\" class=\"alignnone size-medium wp-image-99\" src=\"http:\/\/edublog.educastur.es\/rrrcifphosteleriayturismogijon\/files\/2021\/04\/E8A4AD66-B20A-45B6-A22B-1D8F12CA620B-169x300.png\" alt=\"\" width=\"169\" height=\"300\" srcset=\"https:\/\/edublog.educastur.es\/rrrcifphosteleriayturismogijon\/files\/2021\/04\/E8A4AD66-B20A-45B6-A22B-1D8F12CA620B-169x300.png 169w, https:\/\/edublog.educastur.es\/rrrcifphosteleriayturismogijon\/files\/2021\/04\/E8A4AD66-B20A-45B6-A22B-1D8F12CA620B-576x1024.png 576w, https:\/\/edublog.educastur.es\/rrrcifphosteleriayturismogijon\/files\/2021\/04\/E8A4AD66-B20A-45B6-A22B-1D8F12CA620B-600x1067.png 600w, https:\/\/edublog.educastur.es\/rrrcifphosteleriayturismogijon\/files\/2021\/04\/E8A4AD66-B20A-45B6-A22B-1D8F12CA620B.png 750w\" sizes=\"auto, (max-width: 169px) 100vw, 169px\" \/> <img loading=\"lazy\" decoding=\"async\" class=\"alignnone size-medium wp-image-100\" src=\"http:\/\/edublog.educastur.es\/rrrcifphosteleriayturismogijon\/files\/2021\/04\/793DC5E9-CF22-43AC-8116-58DC22BFD981-169x300.png\" alt=\"\" width=\"169\" height=\"300\" srcset=\"https:\/\/edublog.educastur.es\/rrrcifphosteleriayturismogijon\/files\/2021\/04\/793DC5E9-CF22-43AC-8116-58DC22BFD981-169x300.png 169w, https:\/\/edublog.educastur.es\/rrrcifphosteleriayturismogijon\/files\/2021\/04\/793DC5E9-CF22-43AC-8116-58DC22BFD981-576x1024.png 576w, https:\/\/edublog.educastur.es\/rrrcifphosteleriayturismogijon\/files\/2021\/04\/793DC5E9-CF22-43AC-8116-58DC22BFD981-600x1067.png 600w, https:\/\/edublog.educastur.es\/rrrcifphosteleriayturismogijon\/files\/2021\/04\/793DC5E9-CF22-43AC-8116-58DC22BFD981.png 750w\" sizes=\"auto, (max-width: 169px) 100vw, 169px\" \/> <img loading=\"lazy\" decoding=\"async\" class=\"alignnone size-medium wp-image-101\" src=\"http:\/\/edublog.educastur.es\/rrrcifphosteleriayturismogijon\/files\/2021\/04\/C99F5D71-EAE5-42C2-A7BE-593734096DF8-169x300.png\" alt=\"\" width=\"169\" height=\"300\" srcset=\"https:\/\/edublog.educastur.es\/rrrcifphosteleriayturismogijon\/files\/2021\/04\/C99F5D71-EAE5-42C2-A7BE-593734096DF8-169x300.png 169w, https:\/\/edublog.educastur.es\/rrrcifphosteleriayturismogijon\/files\/2021\/04\/C99F5D71-EAE5-42C2-A7BE-593734096DF8-576x1024.png 576w, https:\/\/edublog.educastur.es\/rrrcifphosteleriayturismogijon\/files\/2021\/04\/C99F5D71-EAE5-42C2-A7BE-593734096DF8-600x1067.png 600w, https:\/\/edublog.educastur.es\/rrrcifphosteleriayturismogijon\/files\/2021\/04\/C99F5D71-EAE5-42C2-A7BE-593734096DF8.png 750w\" sizes=\"auto, (max-width: 169px) 100vw, 169px\" \/><\/p>\n<p><strong>7. Carteles informativos<\/strong>: Como por ejemplo c\u00f3mo lavarse bien las manos o informaci\u00f3n de c\u00f3mo tirar las pilas.<\/p>\n<p><img loading=\"lazy\" decoding=\"async\" class=\"alignnone size-medium wp-image-106\" src=\"http:\/\/edublog.educastur.es\/rrrcifphosteleriayturismogijon\/files\/2021\/04\/A0E5BC9C-EE32-4CF3-82BC-D0D3BD63637B-225x300.jpeg\" alt=\"\" width=\"225\" height=\"300\" srcset=\"https:\/\/edublog.educastur.es\/rrrcifphosteleriayturismogijon\/files\/2021\/04\/A0E5BC9C-EE32-4CF3-82BC-D0D3BD63637B-225x300.jpeg 225w, https:\/\/edublog.educastur.es\/rrrcifphosteleriayturismogijon\/files\/2021\/04\/A0E5BC9C-EE32-4CF3-82BC-D0D3BD63637B-768x1024.jpeg 768w, https:\/\/edublog.educastur.es\/rrrcifphosteleriayturismogijon\/files\/2021\/04\/A0E5BC9C-EE32-4CF3-82BC-D0D3BD63637B-600x800.jpeg 600w, https:\/\/edublog.educastur.es\/rrrcifphosteleriayturismogijon\/files\/2021\/04\/A0E5BC9C-EE32-4CF3-82BC-D0D3BD63637B-945x1260.jpeg 945w, https:\/\/edublog.educastur.es\/rrrcifphosteleriayturismogijon\/files\/2021\/04\/A0E5BC9C-EE32-4CF3-82BC-D0D3BD63637B.jpeg 1092w\" sizes=\"auto, (max-width: 225px) 100vw, 225px\" \/> <img loading=\"lazy\" decoding=\"async\" class=\"alignnone size-medium wp-image-107\" src=\"http:\/\/edublog.educastur.es\/rrrcifphosteleriayturismogijon\/files\/2021\/04\/9C75AF5B-2BC5-43D0-B893-11665E7216F8-225x300.jpeg\" alt=\"\" width=\"225\" height=\"300\" srcset=\"https:\/\/edublog.educastur.es\/rrrcifphosteleriayturismogijon\/files\/2021\/04\/9C75AF5B-2BC5-43D0-B893-11665E7216F8-225x300.jpeg 225w, https:\/\/edublog.educastur.es\/rrrcifphosteleriayturismogijon\/files\/2021\/04\/9C75AF5B-2BC5-43D0-B893-11665E7216F8-768x1024.jpeg 768w, https:\/\/edublog.educastur.es\/rrrcifphosteleriayturismogijon\/files\/2021\/04\/9C75AF5B-2BC5-43D0-B893-11665E7216F8-600x800.jpeg 600w, https:\/\/edublog.educastur.es\/rrrcifphosteleriayturismogijon\/files\/2021\/04\/9C75AF5B-2BC5-43D0-B893-11665E7216F8-945x1260.jpeg 945w, https:\/\/edublog.educastur.es\/rrrcifphosteleriayturismogijon\/files\/2021\/04\/9C75AF5B-2BC5-43D0-B893-11665E7216F8.jpeg 1092w\" sizes=\"auto, (max-width: 225px) 100vw, 225px\" \/><\/p>\n<p><strong>8. Aprovechando el papel e imprimiendo lo m\u00ednimo imprescindible con un c\u00f3digo propio<\/strong><\/p>\n<p><img loading=\"lazy\" decoding=\"async\" class=\"alignnone size-medium wp-image-108\" src=\"http:\/\/edublog.educastur.es\/rrrcifphosteleriayturismogijon\/files\/2021\/04\/E4216267-8A97-43AA-869C-68805E5862A7-225x300.jpeg\" alt=\"\" width=\"225\" height=\"300\" srcset=\"https:\/\/edublog.educastur.es\/rrrcifphosteleriayturismogijon\/files\/2021\/04\/E4216267-8A97-43AA-869C-68805E5862A7-225x300.jpeg 225w, https:\/\/edublog.educastur.es\/rrrcifphosteleriayturismogijon\/files\/2021\/04\/E4216267-8A97-43AA-869C-68805E5862A7-768x1024.jpeg 768w, https:\/\/edublog.educastur.es\/rrrcifphosteleriayturismogijon\/files\/2021\/04\/E4216267-8A97-43AA-869C-68805E5862A7-600x800.jpeg 600w, https:\/\/edublog.educastur.es\/rrrcifphosteleriayturismogijon\/files\/2021\/04\/E4216267-8A97-43AA-869C-68805E5862A7-945x1260.jpeg 945w, https:\/\/edublog.educastur.es\/rrrcifphosteleriayturismogijon\/files\/2021\/04\/E4216267-8A97-43AA-869C-68805E5862A7.jpeg 1092w\" sizes=\"auto, (max-width: 225px) 100vw, 225px\" \/><\/p>\n<p><strong>9. Donando las sobras a las personas m\u00e1s desfavorecidas:\u00a0<\/strong>Tratamos de evitar que en nuestro comedor se tire la comida y le damos un segundo uso. Bien reutilizando y cocinando con sobras o bien donando los alimentos a las personas sin recursos.<\/p>\n<p><img loading=\"lazy\" decoding=\"async\" class=\"alignnone size-medium wp-image-110\" src=\"http:\/\/edublog.educastur.es\/rrrcifphosteleriayturismogijon\/files\/2021\/04\/FB88CBF2-9869-450E-915D-65A78079AC3C-169x300.png\" alt=\"\" width=\"169\" height=\"300\" srcset=\"https:\/\/edublog.educastur.es\/rrrcifphosteleriayturismogijon\/files\/2021\/04\/FB88CBF2-9869-450E-915D-65A78079AC3C-169x300.png 169w, https:\/\/edublog.educastur.es\/rrrcifphosteleriayturismogijon\/files\/2021\/04\/FB88CBF2-9869-450E-915D-65A78079AC3C-576x1024.png 576w, https:\/\/edublog.educastur.es\/rrrcifphosteleriayturismogijon\/files\/2021\/04\/FB88CBF2-9869-450E-915D-65A78079AC3C-600x1067.png 600w, https:\/\/edublog.educastur.es\/rrrcifphosteleriayturismogijon\/files\/2021\/04\/FB88CBF2-9869-450E-915D-65A78079AC3C.png 750w\" sizes=\"auto, (max-width: 169px) 100vw, 169px\" \/> <img loading=\"lazy\" decoding=\"async\" class=\"alignnone size-medium wp-image-111\" src=\"http:\/\/edublog.educastur.es\/rrrcifphosteleriayturismogijon\/files\/2021\/04\/D368879D-C6AE-415E-8DC6-E67D3E1ED7FB-169x300.png\" alt=\"\" width=\"169\" height=\"300\" srcset=\"https:\/\/edublog.educastur.es\/rrrcifphosteleriayturismogijon\/files\/2021\/04\/D368879D-C6AE-415E-8DC6-E67D3E1ED7FB-169x300.png 169w, https:\/\/edublog.educastur.es\/rrrcifphosteleriayturismogijon\/files\/2021\/04\/D368879D-C6AE-415E-8DC6-E67D3E1ED7FB-576x1024.png 576w, https:\/\/edublog.educastur.es\/rrrcifphosteleriayturismogijon\/files\/2021\/04\/D368879D-C6AE-415E-8DC6-E67D3E1ED7FB-600x1067.png 600w, https:\/\/edublog.educastur.es\/rrrcifphosteleriayturismogijon\/files\/2021\/04\/D368879D-C6AE-415E-8DC6-E67D3E1ED7FB.png 750w\" sizes=\"auto, (max-width: 169px) 100vw, 169px\" \/> <img loading=\"lazy\" decoding=\"async\" class=\"alignnone size-medium wp-image-112\" src=\"http:\/\/edublog.educastur.es\/rrrcifphosteleriayturismogijon\/files\/2021\/04\/6B15C739-F5C7-468A-9FE6-7FA922084E22-169x300.png\" alt=\"\" width=\"169\" height=\"300\" srcset=\"https:\/\/edublog.educastur.es\/rrrcifphosteleriayturismogijon\/files\/2021\/04\/6B15C739-F5C7-468A-9FE6-7FA922084E22-169x300.png 169w, https:\/\/edublog.educastur.es\/rrrcifphosteleriayturismogijon\/files\/2021\/04\/6B15C739-F5C7-468A-9FE6-7FA922084E22-576x1024.png 576w, https:\/\/edublog.educastur.es\/rrrcifphosteleriayturismogijon\/files\/2021\/04\/6B15C739-F5C7-468A-9FE6-7FA922084E22-600x1067.png 600w, https:\/\/edublog.educastur.es\/rrrcifphosteleriayturismogijon\/files\/2021\/04\/6B15C739-F5C7-468A-9FE6-7FA922084E22.png 750w\" sizes=\"auto, (max-width: 169px) 100vw, 169px\" \/><\/p>\n<p>&nbsp;<\/p>\n<p><strong>10. Colaboraciones a nivel internacional a trav\u00e9s de FPE empresa\u00a0<\/strong><\/p>\n<p><img loading=\"lazy\" decoding=\"async\" class=\"alignnone size-medium wp-image-181\" src=\"http:\/\/edublog.educastur.es\/rrrcifphosteleriayturismogijon\/files\/2021\/04\/57AAED64-9FD4-479C-AF70-7D3F0DBD0DD0-225x300.jpeg\" alt=\"\" width=\"225\" height=\"300\" srcset=\"https:\/\/edublog.educastur.es\/rrrcifphosteleriayturismogijon\/files\/2021\/04\/57AAED64-9FD4-479C-AF70-7D3F0DBD0DD0-225x300.jpeg 225w, https:\/\/edublog.educastur.es\/rrrcifphosteleriayturismogijon\/files\/2021\/04\/57AAED64-9FD4-479C-AF70-7D3F0DBD0DD0-768x1024.jpeg 768w, https:\/\/edublog.educastur.es\/rrrcifphosteleriayturismogijon\/files\/2021\/04\/57AAED64-9FD4-479C-AF70-7D3F0DBD0DD0-1152x1536.jpeg 1152w, https:\/\/edublog.educastur.es\/rrrcifphosteleriayturismogijon\/files\/2021\/04\/57AAED64-9FD4-479C-AF70-7D3F0DBD0DD0-600x800.jpeg 600w, https:\/\/edublog.educastur.es\/rrrcifphosteleriayturismogijon\/files\/2021\/04\/57AAED64-9FD4-479C-AF70-7D3F0DBD0DD0-945x1260.jpeg 945w, https:\/\/edublog.educastur.es\/rrrcifphosteleriayturismogijon\/files\/2021\/04\/57AAED64-9FD4-479C-AF70-7D3F0DBD0DD0-rotated.jpeg 1512w\" sizes=\"auto, (max-width: 225px) 100vw, 225px\" \/><\/p>\n<p><strong>11. Participando en todas las acciones formativas organizadas por Cogersa<\/strong> que ver\u00e9is a lo largo del blog (SEPR y concurso tem\u00e1tico)<\/p>\n","protected":false},"excerpt":{"rendered":"<p>A lo largo de este blog hab\u00e9is visto todas las acciones que hemos ido realizando todos estos a\u00f1os. Hemos logrado que participara desde el principio toda la comunidad educativa, principalmente alumnado y profesorado de primeros cursos. c\u00f3mo? 1. Participando en&#8230; <a class=\"more-link\" href=\"https:\/\/edublog.educastur.es\/rrrcifphosteleriayturismogijon\/participacion\/\">Seguir leyendo &rarr;<\/a><\/p>\n","protected":false},"author":634,"featured_media":0,"parent":0,"menu_order":0,"comment_status":"closed","ping_status":"closed","template":"","meta":{"footnotes":""},"class_list":["post-56","page","type-page","status-publish","hentry"],"_links":{"self":[{"href":"https:\/\/edublog.educastur.es\/rrrcifphosteleriayturismogijon\/wp-json\/wp\/v2\/pages\/56","targetHints":{"allow":["GET"]}}],"collection":[{"href":"https:\/\/edublog.educastur.es\/rrrcifphosteleriayturismogijon\/wp-json\/wp\/v2\/pages"}],"about":[{"href":"https:\/\/edublog.educastur.es\/rrrcifphosteleriayturismogijon\/wp-json\/wp\/v2\/types\/page"}],"author":[{"embeddable":true,"href":"https:\/\/edublog.educastur.es\/rrrcifphosteleriayturismogijon\/wp-json\/wp\/v2\/users\/634"}],"replies":[{"embeddable":true,"href":"https:\/\/edublog.educastur.es\/rrrcifphosteleriayturismogijon\/wp-json\/wp\/v2\/comments?post=56"}],"version-history":[{"count":13,"href":"https:\/\/edublog.educastur.es\/rrrcifphosteleriayturismogijon\/wp-json\/wp\/v2\/pages\/56\/revisions"}],"predecessor-version":[{"id":199,"href":"https:\/\/edublog.educastur.es\/rrrcifphosteleriayturismogijon\/wp-json\/wp\/v2\/pages\/56\/revisions\/199"}],"wp:attachment":[{"href":"https:\/\/edublog.educastur.es\/rrrcifphosteleriayturismogijon\/wp-json\/wp\/v2\/media?parent=56"}],"curies":[{"name":"wp","href":"https:\/\/api.w.org\/{rel}","templated":true}]}}