{"id":58,"date":"2021-03-16T08:47:10","date_gmt":"2021-03-16T08:47:10","guid":{"rendered":"https:\/\/edublog.educastur.es\/rrrcifphosteleriayturismogijon\/?page_id=58"},"modified":"2021-04-27T10:34:32","modified_gmt":"2021-04-27T10:34:32","slug":"reducir","status":"publish","type":"page","link":"https:\/\/edublog.educastur.es\/rrrcifphosteleriayturismogijon\/reducir\/","title":{"rendered":"REDUCIR"},"content":{"rendered":"<p>R de Reducir: \u00bfCompramos basura? Seguro que tu primera respuesta es \u00a1NO!,<br \/>\npero piensa un poco, los productos cada vez vienen m\u00e1s empaquetados, perdidos\u00a0en un exceso de envases y embalajes&#8230; Por eso, Reducir es la R m\u00e1s<br \/>\nimportante.<br \/>\nDesde COGERSA, creemos que comprar mejor es posible, por eso, os damos<br \/>\nalgunas ideas. Peque\u00f1os gestos como llevar la bolsa a la compra, elegir<br \/>\nproductos en envases familiares o comprar a granel&#8230; Son ideas que nos<br \/>\nayudar\u00e1n a que nuestra bolsa de la basura sea cada vez menor.<\/p>\n<p><strong>Y c\u00f3mo actuamos desde nuestro centro para tratar de reducir?<\/strong><\/p>\n<p><strong>1.Usamos papel reciclado<\/strong><img loading=\"lazy\" decoding=\"async\" class=\"alignnone size-medium wp-image-118\" src=\"http:\/\/edublog.educastur.es\/rrrcifphosteleriayturismogijon\/files\/2021\/04\/folios-papel-reciclado-300x300.jpg\" alt=\"\" width=\"300\" height=\"300\" srcset=\"https:\/\/edublog.educastur.es\/rrrcifphosteleriayturismogijon\/files\/2021\/04\/folios-papel-reciclado-300x300.jpg 300w, https:\/\/edublog.educastur.es\/rrrcifphosteleriayturismogijon\/files\/2021\/04\/folios-papel-reciclado-150x150.jpg 150w, https:\/\/edublog.educastur.es\/rrrcifphosteleriayturismogijon\/files\/2021\/04\/folios-papel-reciclado.jpg 500w\" sizes=\"auto, (max-width: 300px) 100vw, 300px\" \/><\/p>\n<p>&nbsp;<\/p>\n<p><strong>2. Usamos papel sucio para notas<\/strong><\/p>\n<p><img loading=\"lazy\" decoding=\"async\" class=\"alignnone size-medium wp-image-160\" src=\"http:\/\/edublog.educastur.es\/rrrcifphosteleriayturismogijon\/files\/2021\/04\/6CD462E2-EC86-4A20-A509-391C4F8B8D09-225x300.jpeg\" alt=\"\" width=\"225\" height=\"300\" srcset=\"https:\/\/edublog.educastur.es\/rrrcifphosteleriayturismogijon\/files\/2021\/04\/6CD462E2-EC86-4A20-A509-391C4F8B8D09-225x300.jpeg 225w, https:\/\/edublog.educastur.es\/rrrcifphosteleriayturismogijon\/files\/2021\/04\/6CD462E2-EC86-4A20-A509-391C4F8B8D09-768x1024.jpeg 768w, https:\/\/edublog.educastur.es\/rrrcifphosteleriayturismogijon\/files\/2021\/04\/6CD462E2-EC86-4A20-A509-391C4F8B8D09-600x800.jpeg 600w, https:\/\/edublog.educastur.es\/rrrcifphosteleriayturismogijon\/files\/2021\/04\/6CD462E2-EC86-4A20-A509-391C4F8B8D09.jpeg 900w\" sizes=\"auto, (max-width: 225px) 100vw, 225px\" \/><\/p>\n<p><strong>3. Llevamos bolsas de pl\u00e1stico para\u00a0 nuestras compras en la tienda de pasteler\u00eda (no damos bolsa)<\/strong><\/p>\n<p>&nbsp;<\/p>\n<p><img loading=\"lazy\" decoding=\"async\" class=\"alignnone size-medium wp-image-137\" src=\"http:\/\/edublog.educastur.es\/rrrcifphosteleriayturismogijon\/files\/2021\/04\/d11de3e4944774c48ece45a87a7b58ee-300x190.jpg\" alt=\"\" width=\"300\" height=\"190\" srcset=\"https:\/\/edublog.educastur.es\/rrrcifphosteleriayturismogijon\/files\/2021\/04\/d11de3e4944774c48ece45a87a7b58ee-300x190.jpg 300w, https:\/\/edublog.educastur.es\/rrrcifphosteleriayturismogijon\/files\/2021\/04\/d11de3e4944774c48ece45a87a7b58ee.jpg 591w\" sizes=\"auto, (max-width: 300px) 100vw, 300px\" \/><\/p>\n<p><strong>4. En nuestro CIFP cada profesor trabaja con su pedido, (stock m\u00ednimo) no pudi\u00e9ndose pasar de ah\u00ed.<\/strong><\/p>\n<p>&nbsp;<\/p>\n<p><img loading=\"lazy\" decoding=\"async\" class=\"alignnone size-medium wp-image-138\" src=\"http:\/\/edublog.educastur.es\/rrrcifphosteleriayturismogijon\/files\/2021\/04\/thumbnail_IMG_7468-300x225.jpg\" alt=\"\" width=\"300\" height=\"225\" srcset=\"https:\/\/edublog.educastur.es\/rrrcifphosteleriayturismogijon\/files\/2021\/04\/thumbnail_IMG_7468-300x225.jpg 300w, https:\/\/edublog.educastur.es\/rrrcifphosteleriayturismogijon\/files\/2021\/04\/thumbnail_IMG_7468-1024x768.jpg 1024w, https:\/\/edublog.educastur.es\/rrrcifphosteleriayturismogijon\/files\/2021\/04\/thumbnail_IMG_7468-768x576.jpg 768w, https:\/\/edublog.educastur.es\/rrrcifphosteleriayturismogijon\/files\/2021\/04\/thumbnail_IMG_7468-600x450.jpg 600w, https:\/\/edublog.educastur.es\/rrrcifphosteleriayturismogijon\/files\/2021\/04\/thumbnail_IMG_7468-945x709.jpg 945w, https:\/\/edublog.educastur.es\/rrrcifphosteleriayturismogijon\/files\/2021\/04\/thumbnail_IMG_7468.jpg 1280w\" sizes=\"auto, (max-width: 300px) 100vw, 300px\" \/><\/p>\n<p><strong>5. Imprimimos lo estrictamente necesario en nuestras impresoras, ya que tienen PIN, y est\u00e1n contadas las fotocopias.<\/strong><\/p>\n<p><img loading=\"lazy\" decoding=\"async\" class=\"alignnone size-medium wp-image-108\" src=\"http:\/\/edublog.educastur.es\/rrrcifphosteleriayturismogijon\/files\/2021\/04\/E4216267-8A97-43AA-869C-68805E5862A7-225x300.jpeg\" alt=\"\" width=\"225\" height=\"300\" srcset=\"https:\/\/edublog.educastur.es\/rrrcifphosteleriayturismogijon\/files\/2021\/04\/E4216267-8A97-43AA-869C-68805E5862A7-225x300.jpeg 225w, https:\/\/edublog.educastur.es\/rrrcifphosteleriayturismogijon\/files\/2021\/04\/E4216267-8A97-43AA-869C-68805E5862A7-768x1024.jpeg 768w, https:\/\/edublog.educastur.es\/rrrcifphosteleriayturismogijon\/files\/2021\/04\/E4216267-8A97-43AA-869C-68805E5862A7-600x800.jpeg 600w, https:\/\/edublog.educastur.es\/rrrcifphosteleriayturismogijon\/files\/2021\/04\/E4216267-8A97-43AA-869C-68805E5862A7-945x1260.jpeg 945w, https:\/\/edublog.educastur.es\/rrrcifphosteleriayturismogijon\/files\/2021\/04\/E4216267-8A97-43AA-869C-68805E5862A7.jpeg 1092w\" sizes=\"auto, (max-width: 225px) 100vw, 225px\" \/><\/p>\n<p>&nbsp;<\/p>\n<p><strong>6. Todos nuestros documentos est\u00e1n en el share point del centro, evitando el papel en la medida de lo posible.<\/strong><\/p>\n<p><img loading=\"lazy\" decoding=\"async\" class=\"alignnone size-medium wp-image-140\" src=\"http:\/\/edublog.educastur.es\/rrrcifphosteleriayturismogijon\/files\/2021\/04\/thumbnail_IMG_7469-300x225.jpg\" alt=\"\" width=\"300\" height=\"225\" srcset=\"https:\/\/edublog.educastur.es\/rrrcifphosteleriayturismogijon\/files\/2021\/04\/thumbnail_IMG_7469-300x225.jpg 300w, https:\/\/edublog.educastur.es\/rrrcifphosteleriayturismogijon\/files\/2021\/04\/thumbnail_IMG_7469-1024x768.jpg 1024w, https:\/\/edublog.educastur.es\/rrrcifphosteleriayturismogijon\/files\/2021\/04\/thumbnail_IMG_7469-768x576.jpg 768w, https:\/\/edublog.educastur.es\/rrrcifphosteleriayturismogijon\/files\/2021\/04\/thumbnail_IMG_7469-600x450.jpg 600w, https:\/\/edublog.educastur.es\/rrrcifphosteleriayturismogijon\/files\/2021\/04\/thumbnail_IMG_7469-945x709.jpg 945w, https:\/\/edublog.educastur.es\/rrrcifphosteleriayturismogijon\/files\/2021\/04\/thumbnail_IMG_7469.jpg 1280w\" sizes=\"auto, (max-width: 300px) 100vw, 300px\" \/><\/p>\n<p>&nbsp;<\/p>\n<p><strong>7. Campa\u00f1as concienciadoras:\u00a0<\/strong>Sabemos qu\u00e9 este es uno de los puntos m\u00e1s importantes a tener en cuenta, por eso tratamos de hacerlo ver a nuestros alumnos. Integrando siempre el centro con el reciclaje.<\/p>\n<p><img loading=\"lazy\" decoding=\"async\" class=\"alignnone size-medium wp-image-125\" src=\"http:\/\/edublog.educastur.es\/rrrcifphosteleriayturismogijon\/files\/2021\/04\/LOGOTIPO-RECICLAJE-300x175.jpg\" alt=\"\" width=\"300\" height=\"175\" srcset=\"https:\/\/edublog.educastur.es\/rrrcifphosteleriayturismogijon\/files\/2021\/04\/LOGOTIPO-RECICLAJE-300x175.jpg 300w, https:\/\/edublog.educastur.es\/rrrcifphosteleriayturismogijon\/files\/2021\/04\/LOGOTIPO-RECICLAJE-1024x597.jpg 1024w, https:\/\/edublog.educastur.es\/rrrcifphosteleriayturismogijon\/files\/2021\/04\/LOGOTIPO-RECICLAJE-768x448.jpg 768w, https:\/\/edublog.educastur.es\/rrrcifphosteleriayturismogijon\/files\/2021\/04\/LOGOTIPO-RECICLAJE-600x350.jpg 600w, https:\/\/edublog.educastur.es\/rrrcifphosteleriayturismogijon\/files\/2021\/04\/LOGOTIPO-RECICLAJE-945x551.jpg 945w, https:\/\/edublog.educastur.es\/rrrcifphosteleriayturismogijon\/files\/2021\/04\/LOGOTIPO-RECICLAJE.jpg 1189w\" sizes=\"auto, (max-width: 300px) 100vw, 300px\" \/><\/p>\n<p>&nbsp;<\/p>\n<p><strong>8. Compromiso con diferentes asociaciones<\/strong><\/p>\n<p><img loading=\"lazy\" decoding=\"async\" class=\"alignnone size-medium wp-image-148\" src=\"http:\/\/edublog.educastur.es\/rrrcifphosteleriayturismogijon\/files\/2021\/04\/cambio-climatico-169x300.png\" alt=\"\" width=\"169\" height=\"300\" srcset=\"https:\/\/edublog.educastur.es\/rrrcifphosteleriayturismogijon\/files\/2021\/04\/cambio-climatico-169x300.png 169w, https:\/\/edublog.educastur.es\/rrrcifphosteleriayturismogijon\/files\/2021\/04\/cambio-climatico-576x1024.png 576w, https:\/\/edublog.educastur.es\/rrrcifphosteleriayturismogijon\/files\/2021\/04\/cambio-climatico-600x1067.png 600w, https:\/\/edublog.educastur.es\/rrrcifphosteleriayturismogijon\/files\/2021\/04\/cambio-climatico.png 750w\" sizes=\"auto, (max-width: 169px) 100vw, 169px\" \/><\/p>\n<p>&nbsp;<\/p>\n<p>&nbsp;<\/p>\n","protected":false},"excerpt":{"rendered":"<p>R de Reducir: \u00bfCompramos basura? Seguro que tu primera respuesta es \u00a1NO!, pero piensa un poco, los productos cada vez vienen m\u00e1s empaquetados, perdidos\u00a0en un exceso de envases y embalajes&#8230; Por eso, Reducir es la R m\u00e1s importante. Desde COGERSA,&#8230; <a class=\"more-link\" href=\"https:\/\/edublog.educastur.es\/rrrcifphosteleriayturismogijon\/reducir\/\">Seguir leyendo &rarr;<\/a><\/p>\n","protected":false},"author":634,"featured_media":0,"parent":0,"menu_order":0,"comment_status":"closed","ping_status":"closed","template":"","meta":{"footnotes":""},"class_list":["post-58","page","type-page","status-publish","hentry"],"_links":{"self":[{"href":"https:\/\/edublog.educastur.es\/rrrcifphosteleriayturismogijon\/wp-json\/wp\/v2\/pages\/58","targetHints":{"allow":["GET"]}}],"collection":[{"href":"https:\/\/edublog.educastur.es\/rrrcifphosteleriayturismogijon\/wp-json\/wp\/v2\/pages"}],"about":[{"href":"https:\/\/edublog.educastur.es\/rrrcifphosteleriayturismogijon\/wp-json\/wp\/v2\/types\/page"}],"author":[{"embeddable":true,"href":"https:\/\/edublog.educastur.es\/rrrcifphosteleriayturismogijon\/wp-json\/wp\/v2\/users\/634"}],"replies":[{"embeddable":true,"href":"https:\/\/edublog.educastur.es\/rrrcifphosteleriayturismogijon\/wp-json\/wp\/v2\/comments?post=58"}],"version-history":[{"count":14,"href":"https:\/\/edublog.educastur.es\/rrrcifphosteleriayturismogijon\/wp-json\/wp\/v2\/pages\/58\/revisions"}],"predecessor-version":[{"id":178,"href":"https:\/\/edublog.educastur.es\/rrrcifphosteleriayturismogijon\/wp-json\/wp\/v2\/pages\/58\/revisions\/178"}],"wp:attachment":[{"href":"https:\/\/edublog.educastur.es\/rrrcifphosteleriayturismogijon\/wp-json\/wp\/v2\/media?parent=58"}],"curies":[{"name":"wp","href":"https:\/\/api.w.org\/{rel}","templated":true}]}}